{"id":6463,"date":"2021-09-07T09:24:39","date_gmt":"2021-09-07T08:24:39","guid":{"rendered":"https:\/\/yaouank.bzh\/?page_id=6463"},"modified":"2025-07-03T00:30:09","modified_gmt":"2025-07-02T23:30:09","slug":"politique-de-confidentialite","status":"publish","type":"page","link":"https:\/\/yaouank.bzh\/br\/politik-ar-brevezded\/","title":{"rendered":"Politik ar brevezded"},"content":{"rendered":"\t\t<div data-elementor-type=\"wp-page\" data-elementor-id=\"6463\" class=\"elementor elementor-6463\">\n\t\t\t\t<div class=\"elementor-element elementor-element-3a845ed e-flex e-con-boxed e-con e-parent\" data-id=\"3a845ed\" data-element_type=\"container\">\n\t\t\t\t\t<div class=\"e-con-inner\">\n\t\t\t\t<div class=\"elementor-element elementor-element-13f4109 elementor-widget__width-inherit elementor-widget elementor-widget-heading\" data-id=\"13f4109\" data-element_type=\"widget\" data-widget_type=\"heading.default\">\n\t\t\t\t<div class=\"elementor-widget-container\">\n\t\t\t\t\t<h1 class=\"elementor-heading-title elementor-size-default\">Politik ar brevezded<\/h1>\t\t\t\t<\/div>\n\t\t\t\t<\/div>\n\t\t\t\t\t<\/div>\n\t\t\t\t<\/div>\n\t\t<div class=\"elementor-element elementor-element-9fe76ca e-flex e-con-boxed e-con e-parent\" data-id=\"9fe76ca\" data-element_type=\"container\">\n\t\t\t\t\t<div class=\"e-con-inner\">\n\t\t\t\t<div class=\"elementor-element elementor-element-620b888 elementor-widget elementor-widget-heading\" data-id=\"620b888\" data-element_type=\"widget\" data-widget_type=\"heading.default\">\n\t\t\t\t<div class=\"elementor-widget-container\">\n\t\t\t\t\t<h2 class=\"elementor-heading-title elementor-size-default\">Piv omp-ni ?<\/h2>\t\t\t\t<\/div>\n\t\t\t\t<\/div>\n\t\t\t\t<div class=\"elementor-element elementor-element-4991cf1 elementor-widget elementor-widget-text-editor\" data-id=\"4991cf1\" data-element_type=\"widget\" data-widget_type=\"text-editor.default\">\n\t\t\t\t<div class=\"elementor-widget-container\">\n\t\t\t\t\t\t\t\t\t<p>Chomlec\u2019h hor lec\u2019hienn a zo : <a href=\"https:\/\/yaouank.bzh\">https:\/\/yaouank.bzh<\/a>.<\/p>\t\t\t\t\t\t\t\t<\/div>\n\t\t\t\t<\/div>\n\t\t\t\t<div class=\"elementor-element elementor-element-cff8d09 elementor-widget elementor-widget-heading\" data-id=\"cff8d09\" data-element_type=\"widget\" data-widget_type=\"heading.default\">\n\t\t\t\t<div class=\"elementor-widget-container\">\n\t\t\t\t\t<h2 class=\"elementor-heading-title elementor-size-default\">Kemennadenno\u00f9<\/h2>\t\t\t\t<\/div>\n\t\t\t\t<\/div>\n\t\t\t\t<div class=\"elementor-element elementor-element-5efdc8e elementor-widget elementor-widget-text-editor\" data-id=\"5efdc8e\" data-element_type=\"widget\" data-widget_type=\"text-editor.default\">\n\t\t\t\t<div class=\"elementor-widget-container\">\n\t\t\t\t\t\t\t\t\t<p>Pa laoskit ur gemennadenn war hor lec\u2019hienn, e vez dastumet ganeomp an titouro\u00f9 a lakit er feurmskrid met ivez ho chomlec\u2019h IP hag ho aozer-implijer, evit diwall d\u2019ar c\u2019hemmenadenno\u00f9 strobus.<\/p><p>Ur chadenn dianvet a zo krouet gant ho chomlec\u2019h mail (anvet hash), a c\u2019hell beza\u00f1 kaset d\u2019ar servij Gravatar evit gwiriekaat ma vez implijet anezha\u00f1 ganeoc\u2019h. Diferadenno\u00f9 brevezded ar servij Gravatar a zo war al lec\u2019hienn-ma\u00f1 : <a href=\"https:\/\/automattic.com\/privacy\/\">https:\/\/automattic.com\/privacy\/<\/a>. Goude \u2018vefe bet kadarnaet ho kemennadenn e vo tu gwelet ho skeudenn gant an holl.<\/p>\t\t\t\t\t\t\t\t<\/div>\n\t\t\t\t<\/div>\n\t\t\t\t<div class=\"elementor-element elementor-element-02b9604 elementor-widget elementor-widget-heading\" data-id=\"02b9604\" data-element_type=\"widget\" data-widget_type=\"heading.default\">\n\t\t\t\t<div class=\"elementor-widget-container\">\n\t\t\t\t\t<h2 class=\"elementor-heading-title elementor-size-default\">Mediao\u00f9<\/h2>\t\t\t\t<\/div>\n\t\t\t\t<\/div>\n\t\t\t\t<div class=\"elementor-element elementor-element-ecac592 elementor-widget elementor-widget-text-editor\" data-id=\"ecac592\" data-element_type=\"widget\" data-widget_type=\"text-editor.default\">\n\t\t\t\t<div class=\"elementor-widget-container\">\n\t\t\t\t\t\t\t\t\t<p>Ma uskargit skeudenno\u00f9 war ar lec\u2019hienn, e aliomp deoc\u2019h chom hep uskarga\u00f1 skeudenno\u00f9 gant roadenno\u00f9 EFIX a zaveenno\u00f9 GPS. An dud az a war ho lec\u2019hienn a c\u2019hell pellgarga\u00f1 roadenno\u00f9 lec\u2019hiadur gant ar skeudenno\u00f9.<\/p>\t\t\t\t\t\t\t\t<\/div>\n\t\t\t\t<\/div>\n\t\t\t\t<div class=\"elementor-element elementor-element-e877014 elementor-widget elementor-widget-heading\" data-id=\"e877014\" data-element_type=\"widget\" data-widget_type=\"heading.default\">\n\t\t\t\t<div class=\"elementor-widget-container\">\n\t\t\t\t\t<h2 class=\"elementor-heading-title elementor-size-default\">Cookies<\/h2>\t\t\t\t<\/div>\n\t\t\t\t<\/div>\n\t\t\t\t<div class=\"elementor-element elementor-element-dbe85a0 elementor-widget elementor-widget-text-editor\" data-id=\"dbe85a0\" data-element_type=\"widget\" data-widget_type=\"text-editor.default\">\n\t\t\t\t<div class=\"elementor-widget-container\">\n\t\t\t\t\t\t\t\t\t<p>Ma lakit ur gemennadenn war hor lec\u2019hienn e vo kinniget deoc\u2019h enrolla\u00f1 ho anv, chomlec\u2019h mail ha lec\u2019hienn er cookie. N\u2019ho po ket da leunia\u00f1 pep tra en-dro ma lakit ur gemennadenn all diwezatoc\u2019h. Pep tra \u2018vo skarzhet goude ur bloaz.<\/p><p>Ma \u2018z it war ar bajenn kevrea\u00f1 e vo kaset ur cookie berrbad evit gwelet ma \u2018vez asantet ar cookies gant ho merdeer. Ne \u2018z eus roadenn hiniennel ebet ha skarzhet e vo pa vo klozet ho merdeer ganeoc\u2019h.<\/p><p>Pa vo kevreet ganeoc\u2019h, e lakimp e plas un niver a cookies evit enrolla\u00f1 ho titouro\u00f9 luga\u00f1 hag ho penndibab skramm. Ur cookie luga\u00f1 a bad daou devezh, hini an opsiono\u00f9 skramm ur bloaz. Ma merkit \u201cderc\u2019hel so\u00f1j\u201d, ho cookie luga\u00f1 a vo diverket. <br \/>Pa che\u00f1chit pe embannit un embannadenn, ur cookie ouzhpenn a vo enrollet en ho merdeer. Ar cookie-se \u2018n eus roadenn hiniennel ebet, diskouezh a ra ID an embannadenn bet kemmet ganeoc\u2019h, skarzhet eo goude un devezh.<\/p>\t\t\t\t\t\t\t\t<\/div>\n\t\t\t\t<\/div>\n\t\t\t\t<div class=\"elementor-element elementor-element-ad1d0c3 elementor-widget elementor-widget-heading\" data-id=\"ad1d0c3\" data-element_type=\"widget\" data-widget_type=\"heading.default\">\n\t\t\t\t<div class=\"elementor-widget-container\">\n\t\t\t\t\t<h2 class=\"elementor-heading-title elementor-size-default\">Danvez kaset diwar lec\u2019hienno\u00f9 all<\/h2>\t\t\t\t<\/div>\n\t\t\t\t<\/div>\n\t\t\t\t<div class=\"elementor-element elementor-element-f49fce7 elementor-widget elementor-widget-text-editor\" data-id=\"f49fce7\" data-element_type=\"widget\" data-widget_type=\"text-editor.default\">\n\t\t\t\t<div class=\"elementor-widget-container\">\n\t\t\t\t\t\t\t\t\t<p>Pennado\u00f9 al lec\u2019hienn-se a c\u2019hell kaout danvez (da skouer videoio\u00f9, skeudenno\u00f9, pennado\u00f9, \u2026). An danvez kaset diwar al lec\u2019hienno\u00f9 all a zo evel ma \u2018z afe an implijer war ul lec\u2019hienn all.<\/p><p>Al lec\u2019hienno\u00f9-se a c\u2019hellfe dastum roadeno\u00f9 warnoc\u2019h, implijout cookies, tapout binviji heulia\u00f1 all, heulia\u00f1 ho darempredo\u00f9 gant danvez m\u2019ho peus ur c\u2019hont war o lec\u2019hienn.<\/p>\t\t\t\t\t\t\t\t<\/div>\n\t\t\t\t<\/div>\n\t\t\t\t<div class=\"elementor-element elementor-element-3aa51d8 elementor-widget elementor-widget-heading\" data-id=\"3aa51d8\" data-element_type=\"widget\" data-widget_type=\"heading.default\">\n\t\t\t\t<div class=\"elementor-widget-container\">\n\t\t\t\t\t<h2 class=\"elementor-heading-title elementor-size-default\">Implij ha teuzkasadenn ho roadenno\u00f9 hiniennel<\/h2>\t\t\t\t<\/div>\n\t\t\t\t<\/div>\n\t\t\t\t<div class=\"elementor-element elementor-element-2b3a670 elementor-widget elementor-widget-text-editor\" data-id=\"2b3a670\" data-element_type=\"widget\" data-widget_type=\"text-editor.default\">\n\t\t\t\t<div class=\"elementor-widget-container\">\n\t\t\t\t\t\t\t\t\t<p>Ma c\u2019houlennit un adkori\u00f1 ho ger-kuzh, ho chomlec\u2019h ID a vo lakaet er postel adkori\u00f1.<\/p>\t\t\t\t\t\t\t\t<\/div>\n\t\t\t\t<\/div>\n\t\t\t\t<div class=\"elementor-element elementor-element-c72d644 elementor-widget elementor-widget-heading\" data-id=\"c72d644\" data-element_type=\"widget\" data-widget_type=\"heading.default\">\n\t\t\t\t<div class=\"elementor-widget-container\">\n\t\t\t\t\t<h2 class=\"elementor-heading-title elementor-size-default\">Padelezh stoki\u00f1 ho roadenno\u00f9<\/h2>\t\t\t\t<\/div>\n\t\t\t\t<\/div>\n\t\t\t\t<div class=\"elementor-element elementor-element-e7d8c83 elementor-widget elementor-widget-text-editor\" data-id=\"e7d8c83\" data-element_type=\"widget\" data-widget_type=\"text-editor.default\">\n\t\t\t\t<div class=\"elementor-widget-container\">\n\t\t\t\t\t\t\t\t\t<p>Ma laoskit ur gemennadenn, ar gemennadenn hag he metaroadenno\u00f9 a zo miret atav. Servijout a ra da anavezhout ha kadarnaat ent ar c\u2019hemennadenno\u00f9 war-lec\u2019h e plas gortoz e vefe kadarnaet.<br \/>Evit ar c\u2019honto\u00f9 a lak o anvio\u00f9 war hol lec\u2019hienn (er c\u2019hontrol), e viromp ar roadenno\u00f9 hiniennel merket en o frofil. An holl konto\u00f9 a c\u2019hell gwelet, kemma\u00f1 pe tenna\u00f1 o zitouro\u00f9 hiniennel. Mererien al lec\u2019hienn a c\u2019hell gwelet ha kemma\u00f1 an titouro\u00f9-se ivez.<\/p>\t\t\t\t\t\t\t\t<\/div>\n\t\t\t\t<\/div>\n\t\t\t\t<div class=\"elementor-element elementor-element-25127d6 elementor-widget elementor-widget-heading\" data-id=\"25127d6\" data-element_type=\"widget\" data-widget_type=\"heading.default\">\n\t\t\t\t<div class=\"elementor-widget-container\">\n\t\t\t\t\t<h2 class=\"elementor-heading-title elementor-size-default\">Ho gwirio\u00f9 war ho titouro\u00f9<\/h2>\t\t\t\t<\/div>\n\t\t\t\t<\/div>\n\t\t\t\t<div class=\"elementor-element elementor-element-bea5434 elementor-widget elementor-widget-text-editor\" data-id=\"bea5434\" data-element_type=\"widget\" data-widget_type=\"text-editor.default\">\n\t\t\t\t<div class=\"elementor-widget-container\">\n\t\t\t\t\t\t\t\t\t<p>M\u2019ho peus ur c\u2019hont pe m\u2019ho peus laosket ur gemennadenn war al lec\u2019hienn e c\u2019hellit goulenn kaout un teuliad gant ho roadenno\u00f9 hiniennel hon eus warnoc\u2019h. Tu \u2018zo deoc\u2019h goulenn tenna\u00f1 anezhe, estreget ar re implijet evit ar melestradur, lezennel pe evit abego\u00f9 surentez.<\/p>\t\t\t\t\t\t\t\t<\/div>\n\t\t\t\t<\/div>\n\t\t\t\t<div class=\"elementor-element elementor-element-b55ed8d elementor-widget elementor-widget-heading\" data-id=\"b55ed8d\" data-element_type=\"widget\" data-widget_type=\"heading.default\">\n\t\t\t\t<div class=\"elementor-widget-container\">\n\t\t\t\t\t<h2 class=\"elementor-heading-title elementor-size-default\">Treuzkas ho roadenno\u00f9 hiniennel<\/h2>\t\t\t\t<\/div>\n\t\t\t\t<\/div>\n\t\t\t\t<div class=\"elementor-element elementor-element-61c84f3 elementor-widget elementor-widget-text-editor\" data-id=\"61c84f3\" data-element_type=\"widget\" data-widget_type=\"text-editor.default\">\n\t\t\t\t<div class=\"elementor-widget-container\">\n\t\t\t\t\t\t\t\t\t<p>Kemennadenno\u00f9 ar gweladennerien a c\u2019hell beza\u00f1 gwiriekaet gant sikour ur servij ent enep ar c\u2019hemennadenno\u00f9 strobus.<\/p>\t\t\t\t\t\t\t\t<\/div>\n\t\t\t\t<\/div>\n\t\t\t\t\t<\/div>\n\t\t\t\t<\/div>\n\t\t\t\t<\/div>\n\t\t","protected":false},"excerpt":{"rendered":"<p>Politique de confidentialit\u00e9 Qui sommes-nous ? L\u2019adresse de notre site est\u00a0: https:\/\/yaouank.bzh. Commentaires Quand vous laissez un commentaire sur notre site, les donn\u00e9es inscrites dans le formulaire de commentaire, mais [&hellip;]<\/p>\n","protected":false},"author":1,"featured_media":0,"parent":0,"menu_order":0,"comment_status":"closed","ping_status":"closed","template":"","meta":{"site-sidebar-layout":"default","site-content-layout":"","ast-site-content-layout":"","site-content-style":"default","site-sidebar-style":"default","ast-global-header-display":"","ast-banner-title-visibility":"","ast-main-header-display":"","ast-hfb-above-header-display":"","ast-hfb-below-header-display":"","ast-hfb-mobile-header-display":"","site-post-title":"","ast-breadcrumbs-content":"","ast-featured-img":"","footer-sml-layout":"","theme-transparent-header-meta":"","adv-header-id-meta":"","stick-header-meta":"","header-above-stick-meta":"","header-main-stick-meta":"","header-below-stick-meta":"","astra-migrate-meta-layouts":"default","ast-page-background-enabled":"default","ast-page-background-meta":{"desktop":{"background-color":"var(--ast-global-color-5)","background-image":"","background-repeat":"repeat","background-position":"center center","background-size":"auto","background-attachment":"scroll","background-type":"","background-media":"","overlay-type":"","overlay-color":"","overlay-opacity":"","overlay-gradient":""},"tablet":{"background-color":"","background-image":"","background-repeat":"repeat","background-position":"center center","background-size":"auto","background-attachment":"scroll","background-type":"","background-media":"","overlay-type":"","overlay-color":"","overlay-opacity":"","overlay-gradient":""},"mobile":{"background-color":"","background-image":"","background-repeat":"repeat","background-position":"center center","background-size":"auto","background-attachment":"scroll","background-type":"","background-media":"","overlay-type":"","overlay-color":"","overlay-opacity":"","overlay-gradient":""}},"ast-content-background-meta":{"desktop":{"background-color":"var(--ast-global-color-4)","background-image":"","background-repeat":"repeat","background-position":"center center","background-size":"auto","background-attachment":"scroll","background-type":"","background-media":"","overlay-type":"","overlay-color":"","overlay-opacity":"","overlay-gradient":""},"tablet":{"background-color":"var(--ast-global-color-4)","background-image":"","background-repeat":"repeat","background-position":"center center","background-size":"auto","background-attachment":"scroll","background-type":"","background-media":"","overlay-type":"","overlay-color":"","overlay-opacity":"","overlay-gradient":""},"mobile":{"background-color":"var(--ast-global-color-4)","background-image":"","background-repeat":"repeat","background-position":"center center","background-size":"auto","background-attachment":"scroll","background-type":"","background-media":"","overlay-type":"","overlay-color":"","overlay-opacity":"","overlay-gradient":""}},"footnotes":""},"class_list":["post-6463","page","type-page","status-publish","hentry"],"yoast_head":"<!-- This site is optimized with the Yoast SEO plugin v25.3 - https:\/\/yoast.com\/wordpress\/plugins\/seo\/ -->\n<title>Politik ar brevezded - YAOUANK<\/title>\n<meta name=\"robots\" content=\"index, follow, max-snippet:-1, max-image-preview:large, max-video-preview:-1\" \/>\n<meta property=\"og:locale\" content=\"en_US\" \/>\n<meta property=\"og:type\" content=\"article\" \/>\n<meta property=\"og:title\" content=\"Politik ar brevezded - YAOUANK\" \/>\n<meta property=\"og:url\" content=\"https:\/\/yaouank.bzh\/br\/politik-ar-brevezded\/\" \/>\n<meta property=\"og:site_name\" content=\"YAOUANK\" \/>\n<meta property=\"article:publisher\" content=\"https:\/\/www.facebook.com\/YA0UANK\/?fref=ts\" \/>\n<meta property=\"article:modified_time\" content=\"2025-07-02T23:30:09+00:00\" \/>\n<meta name=\"twitter:card\" content=\"summary_large_image\" \/>\n<meta name=\"twitter:site\" content=\"@yaouank\" \/>\n<meta name=\"twitter:label1\" content=\"Est. reading time\" \/>\n\t<meta name=\"twitter:data1\" content=\"4 minutes\" \/>\n<script type=\"application\/ld+json\" class=\"yoast-schema-graph\">{\"@context\":\"https:\/\/schema.org\",\"@graph\":[{\"@type\":\"WebPage\",\"@id\":\"https:\/\/yaouank.bzh\/br\/br\/politik-ar-brevezded\/\",\"url\":\"https:\/\/yaouank.bzh\/br\/br\/politik-ar-brevezded\/\",\"name\":\"Politique de confidentialit\u00e9 - YAOUANK\",\"isPartOf\":{\"@id\":\"https:\/\/yaouank.bzh\/#website\"},\"datePublished\":\"2021-09-07T08:24:39+00:00\",\"dateModified\":\"2025-07-02T23:30:09+00:00\",\"breadcrumb\":{\"@id\":\"https:\/\/yaouank.bzh\/br\/politik-ar-brevezded\/#breadcrumb\"},\"inLanguage\":\"br\",\"potentialAction\":[{\"@type\":\"ReadAction\",\"target\":[\"https:\/\/yaouank.bzh\/br\/politik-ar-brevezded\/\"]}]},{\"@type\":\"BreadcrumbList\",\"@id\":\"https:\/\/yaouank.bzh\/br\/politik-ar-brevezded\/#breadcrumb\",\"itemListElement\":[{\"@type\":\"ListItem\",\"position\":1,\"name\":\"Degemer\",\"item\":\"https:\/\/yaouank.bzh\/\"},{\"@type\":\"ListItem\",\"position\":2,\"name\":\"Politik ar brevezded\"}]},{\"@type\":\"WebSite\",\"@id\":\"https:\/\/yaouank.bzh\/br\/#website\",\"url\":\"https:\/\/yaouank.bzh\/br\/\",\"name\":\"YAOUANK\",\"description\":\"2025\",\"publisher\":{\"@id\":\"https:\/\/yaouank.bzh\/br\/#organization\"},\"potentialAction\":[{\"@type\":\"SearchAction\",\"target\":{\"@type\":\"EntryPoint\",\"urlTemplate\":\"https:\/\/yaouank.bzh\/br\/?s={search_term_string}\"},\"query-input\":{\"@type\":\"PropertyValueSpecification\",\"valueRequired\":true,\"valueName\":\"search_term_string\"}}],\"inLanguage\":\"br\"},{\"@type\":\"Organization\",\"@id\":\"https:\/\/yaouank.bzh\/br\/#organization\",\"name\":\"YAOUANK\",\"url\":\"https:\/\/yaouank.bzh\/br\/\",\"logo\":{\"@type\":\"ImageObject\",\"inLanguage\":\"br\",\"@id\":\"https:\/\/yaouank.bzh\/br\/#\/schema\/logo\/image\/\",\"url\":\"https:\/\/yaouank.bzh\/wp-content\/uploads\/2024\/09\/Yaouank-TITRE-25.png\",\"contentUrl\":\"https:\/\/yaouank.bzh\/wp-content\/uploads\/2024\/09\/Yaouank-TITRE-25.png\",\"width\":2362,\"height\":1181,\"caption\":\"YAOUANK\"},\"image\":{\"@id\":\"https:\/\/yaouank.bzh\/br\/#\/schema\/logo\/image\/\"},\"sameAs\":[\"https:\/\/www.facebook.com\/YA0UANK\/?fref=ts\",\"https:\/\/x.com\/yaouank\",\"https:\/\/www.instagram.com\/yaouank_\/\"]}]}<\/script>\n<!-- \/ Yoast SEO plugin. -->","yoast_head_json":{"title":"Politik ar brevezded - YAOUANK","robots":{"index":"index","follow":"follow","max-snippet":"max-snippet:-1","max-image-preview":"max-image-preview:large","max-video-preview":"max-video-preview:-1"},"og_locale":"en_US","og_type":"article","og_title":"Politik ar brevezded - YAOUANK","og_url":"https:\/\/yaouank.bzh\/br\/politik-ar-brevezded\/","og_site_name":"YAOUANK","article_publisher":"https:\/\/www.facebook.com\/YA0UANK\/?fref=ts","article_modified_time":"2025-07-02T23:30:09+00:00","twitter_card":"summary_large_image","twitter_site":"@yaouank","twitter_misc":{"Est. reading time":"4 minutes"},"schema":{"@context":"https:\/\/schema.org","@graph":[{"@type":"WebPage","@id":"https:\/\/yaouank.bzh\/br\/br\/politik-ar-brevezded\/","url":"https:\/\/yaouank.bzh\/br\/br\/politik-ar-brevezded\/","name":"Politique de confidentialit\u00e9 - YAOUANK","isPartOf":{"@id":"https:\/\/yaouank.bzh\/#website"},"datePublished":"2021-09-07T08:24:39+00:00","dateModified":"2025-07-02T23:30:09+00:00","breadcrumb":{"@id":"https:\/\/yaouank.bzh\/br\/politik-ar-brevezded\/#breadcrumb"},"inLanguage":"br","potentialAction":[{"@type":"ReadAction","target":["https:\/\/yaouank.bzh\/br\/politik-ar-brevezded\/"]}]},{"@type":"BreadcrumbList","@id":"https:\/\/yaouank.bzh\/br\/politik-ar-brevezded\/#breadcrumb","itemListElement":[{"@type":"ListItem","position":1,"name":"Degemer","item":"https:\/\/yaouank.bzh\/"},{"@type":"ListItem","position":2,"name":"Politik ar brevezded"}]},{"@type":"WebSite","@id":"https:\/\/yaouank.bzh\/br\/#website","url":"https:\/\/yaouank.bzh\/br\/","name":"YAOUANK","description":"2025","publisher":{"@id":"https:\/\/yaouank.bzh\/br\/#organization"},"potentialAction":[{"@type":"SearchAction","target":{"@type":"EntryPoint","urlTemplate":"https:\/\/yaouank.bzh\/br\/?s={search_term_string}"},"query-input":{"@type":"PropertyValueSpecification","valueRequired":true,"valueName":"search_term_string"}}],"inLanguage":"br"},{"@type":"Organization","@id":"https:\/\/yaouank.bzh\/br\/#organization","name":"YAOUANK","url":"https:\/\/yaouank.bzh\/br\/","logo":{"@type":"ImageObject","inLanguage":"br","@id":"https:\/\/yaouank.bzh\/br\/#\/schema\/logo\/image\/","url":"https:\/\/yaouank.bzh\/wp-content\/uploads\/2024\/09\/Yaouank-TITRE-25.png","contentUrl":"https:\/\/yaouank.bzh\/wp-content\/uploads\/2024\/09\/Yaouank-TITRE-25.png","width":2362,"height":1181,"caption":"YAOUANK"},"image":{"@id":"https:\/\/yaouank.bzh\/br\/#\/schema\/logo\/image\/"},"sameAs":["https:\/\/www.facebook.com\/YA0UANK\/?fref=ts","https:\/\/x.com\/yaouank","https:\/\/www.instagram.com\/yaouank_\/"]}]}},"_links":{"self":[{"href":"https:\/\/yaouank.bzh\/br\/wp-json\/wp\/v2\/pages\/6463","targetHints":{"allow":["GET"]}}],"collection":[{"href":"https:\/\/yaouank.bzh\/br\/wp-json\/wp\/v2\/pages"}],"about":[{"href":"https:\/\/yaouank.bzh\/br\/wp-json\/wp\/v2\/types\/page"}],"author":[{"embeddable":true,"href":"https:\/\/yaouank.bzh\/br\/wp-json\/wp\/v2\/users\/1"}],"replies":[{"embeddable":true,"href":"https:\/\/yaouank.bzh\/br\/wp-json\/wp\/v2\/comments?post=6463"}],"version-history":[{"count":43,"href":"https:\/\/yaouank.bzh\/br\/wp-json\/wp\/v2\/pages\/6463\/revisions"}],"predecessor-version":[{"id":9220,"href":"https:\/\/yaouank.bzh\/br\/wp-json\/wp\/v2\/pages\/6463\/revisions\/9220"}],"wp:attachment":[{"href":"https:\/\/yaouank.bzh\/br\/wp-json\/wp\/v2\/media?parent=6463"}],"curies":[{"name":"wp","href":"https:\/\/api.w.org\/{rel}","templated":true}]}}