{"id":7969,"date":"2025-06-20T19:23:31","date_gmt":"2025-06-20T18:23:31","guid":{"rendered":"https:\/\/yaouank.bzh\/?page_id=7969"},"modified":"2025-07-02T08:46:04","modified_gmt":"2025-07-02T07:46:04","slug":"a-propos","status":"publish","type":"page","link":"https:\/\/yaouank.bzh\/br\/diwar-benn\/","title":{"rendered":"Diwar-benn"},"content":{"rendered":"\t\t<div data-elementor-type=\"wp-page\" data-elementor-id=\"7969\" class=\"elementor elementor-7969\">\n\t\t\t\t<div class=\"elementor-element elementor-element-a6d1b47 e-flex e-con-boxed e-con e-parent\" data-id=\"a6d1b47\" data-element_type=\"container\">\n\t\t\t\t\t<div class=\"e-con-inner\">\n\t\t\t\t<div class=\"elementor-element elementor-element-19ece1b elementor-widget elementor-widget-heading\" data-id=\"19ece1b\" data-element_type=\"widget\" data-widget_type=\"heading.default\">\n\t\t\t\t<div class=\"elementor-widget-container\">\n\t\t\t\t\t<h1 class=\"elementor-heading-title elementor-size-default\">Diwar-benn<\/h1>\t\t\t\t<\/div>\n\t\t\t\t<\/div>\n\t\t\t\t<div class=\"elementor-element elementor-element-d2460f9 elementor-widget elementor-widget-heading\" data-id=\"d2460f9\" data-element_type=\"widget\" data-widget_type=\"heading.default\">\n\t\t\t\t<div class=\"elementor-widget-container\">\n\t\t\t\t\t<h2 class=\"elementor-heading-title elementor-size-default\">Skeudenn Bro Roazhon<\/h2>\t\t\t\t<\/div>\n\t\t\t\t<\/div>\n\t\t\t\t\t<\/div>\n\t\t\t\t<\/div>\n\t\t<div class=\"elementor-element elementor-element-16d6041 e-flex e-con-boxed e-con e-parent\" data-id=\"16d6041\" data-element_type=\"container\">\n\t\t\t\t\t<div class=\"e-con-inner\">\n\t\t\t\t<div class=\"elementor-element elementor-element-4c002c2 elementor-widget elementor-widget-spacer\" data-id=\"4c002c2\" data-element_type=\"widget\" data-widget_type=\"spacer.default\">\n\t\t\t\t<div class=\"elementor-widget-container\">\n\t\t\t\t\t\t\t<div class=\"elementor-spacer\">\n\t\t\t<div class=\"elementor-spacer-inner\"><\/div>\n\t\t<\/div>\n\t\t\t\t\t\t<\/div>\n\t\t\t\t<\/div>\n\t\t\t\t\t<\/div>\n\t\t\t\t<\/div>\n\t\t<div class=\"elementor-element elementor-element-b6554a4 e-flex e-con-boxed e-con e-parent\" data-id=\"b6554a4\" data-element_type=\"container\">\n\t\t\t\t\t<div class=\"e-con-inner\">\n\t\t\t\t<div class=\"elementor-element elementor-element-17ed2ab elementor-widget elementor-widget-heading\" data-id=\"17ed2ab\" data-element_type=\"widget\" data-widget_type=\"heading.default\">\n\t\t\t\t<div class=\"elementor-widget-container\">\n\t\t\t\t\t<h3 class=\"elementor-heading-title elementor-size-default\">Emglev sevenadurel Breizh e Bro Roazhon<\/h3>\t\t\t\t<\/div>\n\t\t\t\t<\/div>\n\t\t\t\t\t<\/div>\n\t\t\t\t<\/div>\n\t\t<div class=\"elementor-element elementor-element-aa9a6a7 e-flex e-con-boxed e-con e-parent\" data-id=\"aa9a6a7\" data-element_type=\"container\">\n\t\t\t\t\t<div class=\"e-con-inner\">\n\t\t\t\t<div class=\"elementor-element elementor-element-0e43d5c elementor-widget elementor-widget-text-editor\" data-id=\"0e43d5c\" data-element_type=\"widget\" data-widget_type=\"text-editor.default\">\n\t\t\t\t<div class=\"elementor-widget-container\">\n\t\t\t\t\t\t\t\t\t<p><strong>Kevredigezh Skeudenn Bro Roazhon<\/strong> a zo bet savet evit liamma\u00f1, buhezi\u00f1, skoazella\u00f1 ha kroui\u00f1 holl bommo\u00f9 pinvidigezh hag energiezh sevenadur Breizh e Bro Roazhon. He fal a zo kenurzhia\u00f1, bruda\u00f1, talvoudekaat ha treuzkas ur sevenadur Breizh dibar ha pinvidik.<\/p><p>Gant he <strong>52 kevredigezh<\/strong> &#8211; a vod ouzhpenn <strong>4000 ezel<\/strong>, e tizh bep bloaz meur a miliado\u00f9 a dud dre he obererezhio\u00f9 ha re he c\u2019hevredigezhio\u00f9 ezel.<\/p><p>Ar c\u2019hengevredigezh a aoz a-hed ar bloaz darvoudo\u00f9 n\u2019haller ket ober hepto er vuhez sevenadurel e Roazhon : Yaouank, Merc\u2019hervezhio\u00f9 an Tabor, Mizvezh ar Brezhoneg hag ar Gallaoueg, Gouel Breizh, sonadego\u00f9 kevelet gant ar Maezio\u00f9 Frank, festo\u00f9-noz ar studierien : Kejadenn, Supelec, an Agro, Rock\u2019n Solex, \u2026<\/p>\t\t\t\t\t\t\t\t<\/div>\n\t\t\t\t<\/div>\n\t\t\t\t\t<\/div>\n\t\t\t\t<\/div>\n\t\t<div class=\"elementor-element elementor-element-d8d89ad e-flex e-con-boxed e-con e-parent\" data-id=\"d8d89ad\" data-element_type=\"container\">\n\t\t\t\t\t<div class=\"e-con-inner\">\n\t\t\t\t<div class=\"elementor-element elementor-element-c15a1b8 elementor-widget elementor-widget-spacer\" data-id=\"c15a1b8\" data-element_type=\"widget\" data-widget_type=\"spacer.default\">\n\t\t\t\t<div class=\"elementor-widget-container\">\n\t\t\t\t\t\t\t<div class=\"elementor-spacer\">\n\t\t\t<div class=\"elementor-spacer-inner\"><\/div>\n\t\t<\/div>\n\t\t\t\t\t\t<\/div>\n\t\t\t\t<\/div>\n\t\t\t\t<div class=\"elementor-element elementor-element-4c09c52 elementor-widget elementor-widget-text-editor\" data-id=\"4c09c52\" data-element_type=\"widget\" data-widget_type=\"text-editor.default\">\n\t\t\t\t<div class=\"elementor-widget-container\">\n\t\t\t\t\t\t\t\t\t<p><span style=\"font-size: 18pt;\">&#8220;Ar glad a zo un h\u00earezh deus an amzer dremenet a vez tennet mat deusouti hiziv hag a vo treuzkaset d\u2019ar rummado\u00f9 o tont. Hor glad sevenadurel ha naturel a zo mammenn talvoudus a vuhez hag a awen.&#8221;<\/span><\/p><p>Pennad 1 eus ar c\u2019henemglev emezela\u00f1 d\u2019an UNESCO, peurwiriekaet gant Bro C\u2019hall e 1975.<\/p>\t\t\t\t\t\t\t\t<\/div>\n\t\t\t\t<\/div>\n\t\t\t\t\t<\/div>\n\t\t\t\t<\/div>\n\t\t<div class=\"elementor-element elementor-element-a82dc14 e-flex e-con-boxed e-con e-parent\" data-id=\"a82dc14\" data-element_type=\"container\">\n\t\t\t\t\t<div class=\"e-con-inner\">\n\t\t\t\t<div class=\"elementor-element elementor-element-2a034e5 elementor-widget elementor-widget-spacer\" data-id=\"2a034e5\" data-element_type=\"widget\" data-widget_type=\"spacer.default\">\n\t\t\t\t<div class=\"elementor-widget-container\">\n\t\t\t\t\t\t\t<div class=\"elementor-spacer\">\n\t\t\t<div class=\"elementor-spacer-inner\"><\/div>\n\t\t<\/div>\n\t\t\t\t\t\t<\/div>\n\t\t\t\t<\/div>\n\t\t\t\t\t<\/div>\n\t\t\t\t<\/div>\n\t\t<div class=\"elementor-element elementor-element-f183e33 e-flex e-con-boxed e-con e-parent\" data-id=\"f183e33\" data-element_type=\"container\">\n\t\t\t\t\t<div class=\"e-con-inner\">\n\t\t\t\t<div class=\"elementor-element elementor-element-8689f94 elementor-widget elementor-widget-spacer\" data-id=\"8689f94\" data-element_type=\"widget\" data-widget_type=\"spacer.default\">\n\t\t\t\t<div class=\"elementor-widget-container\">\n\t\t\t\t\t\t\t<div class=\"elementor-spacer\">\n\t\t\t<div class=\"elementor-spacer-inner\"><\/div>\n\t\t<\/div>\n\t\t\t\t\t\t<\/div>\n\t\t\t\t<\/div>\n\t\t\t\t\t<\/div>\n\t\t\t\t<\/div>\n\t\t<div class=\"elementor-element elementor-element-f73634b e-flex e-con-boxed e-con e-parent\" data-id=\"f73634b\" data-element_type=\"container\">\n\t\t\t\t\t<div class=\"e-con-inner\">\n\t\t<div class=\"elementor-element elementor-element-5a6adeb e-con-full e-flex e-con e-child\" data-id=\"5a6adeb\" data-element_type=\"container\">\n\t\t\t\t<div class=\"elementor-element elementor-element-52dc8bf elementor-widget elementor-widget-image\" data-id=\"52dc8bf\" data-element_type=\"widget\" data-widget_type=\"image.default\">\n\t\t\t\t<div class=\"elementor-widget-container\">\n\t\t\t\t\t\t\t\t\t\t\t\t\t\t\t\t<a href=\"https:\/\/skeudenn.bzh\/\" target=\"_blank\">\n\t\t\t\t\t\t\t<img fetchpriority=\"high\" decoding=\"async\" width=\"927\" height=\"880\" src=\"https:\/\/yaouank.bzh\/wp-content\/uploads\/2021\/11\/LOGO-SKEUDENN_Plan-de-travail-1.png\" class=\"attachment-large size-large wp-image-6738\" alt=\"\" srcset=\"https:\/\/yaouank.bzh\/wp-content\/uploads\/2021\/11\/LOGO-SKEUDENN_Plan-de-travail-1.png 927w, https:\/\/yaouank.bzh\/wp-content\/uploads\/2021\/11\/LOGO-SKEUDENN_Plan-de-travail-1-300x285.png 300w, https:\/\/yaouank.bzh\/wp-content\/uploads\/2021\/11\/LOGO-SKEUDENN_Plan-de-travail-1-768x729.png 768w\" sizes=\"(max-width: 927px) 100vw, 927px\" \/>\t\t\t\t\t\t\t\t<\/a>\n\t\t\t\t\t\t\t\t\t\t\t\t\t\t\t<\/div>\n\t\t\t\t<\/div>\n\t\t\t\t<\/div>\n\t\t<div class=\"elementor-element elementor-element-b9e6ede e-con-full e-flex e-con e-child\" data-id=\"b9e6ede\" data-element_type=\"container\">\n\t\t\t\t<div class=\"elementor-element elementor-element-bb895b5 elementor-widget elementor-widget-text-editor\" data-id=\"bb895b5\" data-element_type=\"widget\" data-widget_type=\"text-editor.default\">\n\t\t\t\t<div class=\"elementor-widget-container\">\n\t\t\t\t\t\t\t\t\t<p><strong>Skeudenn Bro Roazhon<\/strong><br \/><strong> 29 bis <\/strong><strong>straed an Doneli\u00e8re<\/strong><br \/><strong> 35000 Roazhon<\/strong><\/p><p><strong>02 99 30 06 87<\/strong><\/p><p><a href=\"https:\/\/skeudenn.bzh\/\" target=\"_blank\" rel=\"noopener\">Lec&#8217;hienn internet Skeudenn Bro Roazhon<\/a><\/p>\t\t\t\t\t\t\t\t<\/div>\n\t\t\t\t<\/div>\n\t\t\t\t<div class=\"elementor-element elementor-element-48235b6 elementor-widget elementor-widget-text-editor\" data-id=\"48235b6\" data-element_type=\"widget\" data-widget_type=\"text-editor.default\">\n\t\t\t\t<div class=\"elementor-widget-container\">\n\t\t\t\t\t\t\t\t\t<p>eus al Lun betek ar Gwener &#8211;\u00a0 9h30 \/ 13h00 \u2013 14h00 \/ 17h30<\/p>\t\t\t\t\t\t\t\t<\/div>\n\t\t\t\t<\/div>\n\t\t\t\t<\/div>\n\t\t\t\t\t<\/div>\n\t\t\t\t<\/div>\n\t\t<div class=\"elementor-element elementor-element-f724016 e-flex e-con-boxed e-con e-parent\" data-id=\"f724016\" data-element_type=\"container\">\n\t\t\t\t\t<div class=\"e-con-inner\">\n\t\t\t\t<div class=\"elementor-element elementor-element-54ca704 elementor-widget elementor-widget-spacer\" data-id=\"54ca704\" data-element_type=\"widget\" data-widget_type=\"spacer.default\">\n\t\t\t\t<div class=\"elementor-widget-container\">\n\t\t\t\t\t\t\t<div class=\"elementor-spacer\">\n\t\t\t<div class=\"elementor-spacer-inner\"><\/div>\n\t\t<\/div>\n\t\t\t\t\t\t<\/div>\n\t\t\t\t<\/div>\n\t\t\t\t\t<\/div>\n\t\t\t\t<\/div>\n\t\t\t\t<\/div>\n\t\t","protected":false},"excerpt":{"rendered":"<p>\u00c0 propos Skeudenn Bro Roazhon Entente culturelle bretonne du Pays de Rennes L&#8217;association Skeudenn Bro Roazhon s\u2019est donn\u00e9e pour mission de rassembler, d\u2019animer, d\u2019encourager et de susciter toutes les expressions [&hellip;]<\/p>\n","protected":false},"author":1,"featured_media":0,"parent":0,"menu_order":0,"comment_status":"closed","ping_status":"closed","template":"","meta":{"site-sidebar-layout":"no-sidebar","site-content-layout":"","ast-site-content-layout":"full-width-container","site-content-style":"default","site-sidebar-style":"default","ast-global-header-display":"","ast-banner-title-visibility":"","ast-main-header-display":"","ast-hfb-above-header-display":"","ast-hfb-below-header-display":"","ast-hfb-mobile-header-display":"","site-post-title":"disabled","ast-breadcrumbs-content":"","ast-featured-img":"disabled","footer-sml-layout":"","theme-transparent-header-meta":"default","adv-header-id-meta":"","stick-header-meta":"","header-above-stick-meta":"","header-main-stick-meta":"","header-below-stick-meta":"","astra-migrate-meta-layouts":"set","ast-page-background-enabled":"default","ast-page-background-meta":{"desktop":{"background-color":"var(--ast-global-color-5)","background-image":"","background-repeat":"repeat","background-position":"center center","background-size":"auto","background-attachment":"scroll","background-type":"","background-media":"","overlay-type":"","overlay-color":"","overlay-opacity":"","overlay-gradient":""},"tablet":{"background-color":"","background-image":"","background-repeat":"repeat","background-position":"center center","background-size":"auto","background-attachment":"scroll","background-type":"","background-media":"","overlay-type":"","overlay-color":"","overlay-opacity":"","overlay-gradient":""},"mobile":{"background-color":"","background-image":"","background-repeat":"repeat","background-position":"center center","background-size":"auto","background-attachment":"scroll","background-type":"","background-media":"","overlay-type":"","overlay-color":"","overlay-opacity":"","overlay-gradient":""}},"ast-content-background-meta":{"desktop":{"background-color":"var(--ast-global-color-4)","background-image":"","background-repeat":"repeat","background-position":"center center","background-size":"auto","background-attachment":"scroll","background-type":"","background-media":"","overlay-type":"","overlay-color":"","overlay-opacity":"","overlay-gradient":""},"tablet":{"background-color":"var(--ast-global-color-4)","background-image":"","background-repeat":"repeat","background-position":"center center","background-size":"auto","background-attachment":"scroll","background-type":"","background-media":"","overlay-type":"","overlay-color":"","overlay-opacity":"","overlay-gradient":""},"mobile":{"background-color":"var(--ast-global-color-4)","background-image":"","background-repeat":"repeat","background-position":"center center","background-size":"auto","background-attachment":"scroll","background-type":"","background-media":"","overlay-type":"","overlay-color":"","overlay-opacity":"","overlay-gradient":""}},"footnotes":""},"class_list":["post-7969","page","type-page","status-publish","hentry"],"yoast_head":"<!-- This site is optimized with the Yoast SEO plugin v25.3 - https:\/\/yoast.com\/wordpress\/plugins\/seo\/ -->\n<title>Diwar-benn - YAOUANK<\/title>\n<meta name=\"robots\" content=\"index, follow, max-snippet:-1, max-image-preview:large, max-video-preview:-1\" \/>\n<meta property=\"og:locale\" content=\"en_US\" \/>\n<meta property=\"og:type\" content=\"article\" \/>\n<meta property=\"og:title\" content=\"Diwar-benn - YAOUANK\" \/>\n<meta property=\"og:url\" content=\"https:\/\/yaouank.bzh\/br\/diwar-benn\/\" \/>\n<meta property=\"og:site_name\" content=\"YAOUANK\" \/>\n<meta property=\"article:publisher\" content=\"https:\/\/www.facebook.com\/YA0UANK\/?fref=ts\" \/>\n<meta property=\"article:modified_time\" content=\"2025-07-02T07:46:04+00:00\" \/>\n<meta property=\"og:image\" content=\"https:\/\/yaouank.bzh\/wp-content\/uploads\/2021\/11\/LOGO-SKEUDENN_Plan-de-travail-1.png\" \/>\n\t<meta property=\"og:image:width\" content=\"927\" \/>\n\t<meta property=\"og:image:height\" content=\"880\" \/>\n\t<meta property=\"og:image:type\" content=\"image\/png\" \/>\n<meta name=\"twitter:card\" content=\"summary_large_image\" \/>\n<meta name=\"twitter:site\" content=\"@yaouank\" \/>\n<meta name=\"twitter:label1\" content=\"Est. reading time\" \/>\n\t<meta name=\"twitter:data1\" content=\"2 minutes\" \/>\n<script type=\"application\/ld+json\" class=\"yoast-schema-graph\">{\"@context\":\"https:\/\/schema.org\",\"@graph\":[{\"@type\":\"WebPage\",\"@id\":\"https:\/\/yaouank.bzh\/br\/br\/diwar-benn\/\",\"url\":\"https:\/\/yaouank.bzh\/br\/br\/diwar-benn\/\",\"name\":\"\u00c0 propos - Skeudenn Bro Roazhon - YAOUANK\",\"isPartOf\":{\"@id\":\"https:\/\/yaouank.bzh\/#website\"},\"primaryImageOfPage\":{\"@id\":\"https:\/\/yaouank.bzh\/br\/diwar-benn\/#primaryimage\"},\"image\":{\"@id\":\"https:\/\/yaouank.bzh\/br\/diwar-benn\/#primaryimage\"},\"thumbnailUrl\":\"https:\/\/yaouank.bzh\/wp-content\/uploads\/2021\/11\/LOGO-SKEUDENN_Plan-de-travail-1.png\",\"datePublished\":\"2025-06-20T18:23:31+00:00\",\"dateModified\":\"2025-07-02T07:46:04+00:00\",\"breadcrumb\":{\"@id\":\"https:\/\/yaouank.bzh\/br\/diwar-benn\/#breadcrumb\"},\"inLanguage\":\"br\",\"potentialAction\":[{\"@type\":\"ReadAction\",\"target\":[\"https:\/\/yaouank.bzh\/br\/diwar-benn\/\"]}]},{\"@type\":\"ImageObject\",\"inLanguage\":\"br\",\"@id\":\"https:\/\/yaouank.bzh\/br\/diwar-benn\/#primaryimage\",\"url\":\"https:\/\/yaouank.bzh\/wp-content\/uploads\/2021\/11\/LOGO-SKEUDENN_Plan-de-travail-1.png\",\"contentUrl\":\"https:\/\/yaouank.bzh\/wp-content\/uploads\/2021\/11\/LOGO-SKEUDENN_Plan-de-travail-1.png\"},{\"@type\":\"BreadcrumbList\",\"@id\":\"https:\/\/yaouank.bzh\/br\/diwar-benn\/#breadcrumb\",\"itemListElement\":[{\"@type\":\"ListItem\",\"position\":1,\"name\":\"Degemer\",\"item\":\"https:\/\/yaouank.bzh\/\"},{\"@type\":\"ListItem\",\"position\":2,\"name\":\"Diwar-benn\"}]},{\"@type\":\"WebSite\",\"@id\":\"https:\/\/yaouank.bzh\/br\/#website\",\"url\":\"https:\/\/yaouank.bzh\/br\/\",\"name\":\"YAOUANK\",\"description\":\"2025\",\"publisher\":{\"@id\":\"https:\/\/yaouank.bzh\/br\/#organization\"},\"potentialAction\":[{\"@type\":\"SearchAction\",\"target\":{\"@type\":\"EntryPoint\",\"urlTemplate\":\"https:\/\/yaouank.bzh\/br\/?s={search_term_string}\"},\"query-input\":{\"@type\":\"PropertyValueSpecification\",\"valueRequired\":true,\"valueName\":\"search_term_string\"}}],\"inLanguage\":\"br\"},{\"@type\":\"Organization\",\"@id\":\"https:\/\/yaouank.bzh\/br\/#organization\",\"name\":\"YAOUANK\",\"url\":\"https:\/\/yaouank.bzh\/br\/\",\"logo\":{\"@type\":\"ImageObject\",\"inLanguage\":\"br\",\"@id\":\"https:\/\/yaouank.bzh\/br\/#\/schema\/logo\/image\/\",\"url\":\"https:\/\/yaouank.bzh\/wp-content\/uploads\/2024\/09\/Yaouank-TITRE-25.png\",\"contentUrl\":\"https:\/\/yaouank.bzh\/wp-content\/uploads\/2024\/09\/Yaouank-TITRE-25.png\",\"width\":2362,\"height\":1181,\"caption\":\"YAOUANK\"},\"image\":{\"@id\":\"https:\/\/yaouank.bzh\/br\/#\/schema\/logo\/image\/\"},\"sameAs\":[\"https:\/\/www.facebook.com\/YA0UANK\/?fref=ts\",\"https:\/\/x.com\/yaouank\",\"https:\/\/www.instagram.com\/yaouank_\/\"]}]}<\/script>\n<!-- \/ Yoast SEO plugin. -->","yoast_head_json":{"title":"Diwar-benn - YAOUANK","robots":{"index":"index","follow":"follow","max-snippet":"max-snippet:-1","max-image-preview":"max-image-preview:large","max-video-preview":"max-video-preview:-1"},"og_locale":"en_US","og_type":"article","og_title":"Diwar-benn - YAOUANK","og_url":"https:\/\/yaouank.bzh\/br\/diwar-benn\/","og_site_name":"YAOUANK","article_publisher":"https:\/\/www.facebook.com\/YA0UANK\/?fref=ts","article_modified_time":"2025-07-02T07:46:04+00:00","og_image":[{"width":927,"height":880,"url":"https:\/\/yaouank.bzh\/wp-content\/uploads\/2021\/11\/LOGO-SKEUDENN_Plan-de-travail-1.png","type":"image\/png"}],"twitter_card":"summary_large_image","twitter_site":"@yaouank","twitter_misc":{"Est. reading time":"2 minutes"},"schema":{"@context":"https:\/\/schema.org","@graph":[{"@type":"WebPage","@id":"https:\/\/yaouank.bzh\/br\/br\/diwar-benn\/","url":"https:\/\/yaouank.bzh\/br\/br\/diwar-benn\/","name":"\u00c0 propos - Skeudenn Bro Roazhon - YAOUANK","isPartOf":{"@id":"https:\/\/yaouank.bzh\/#website"},"primaryImageOfPage":{"@id":"https:\/\/yaouank.bzh\/br\/diwar-benn\/#primaryimage"},"image":{"@id":"https:\/\/yaouank.bzh\/br\/diwar-benn\/#primaryimage"},"thumbnailUrl":"https:\/\/yaouank.bzh\/wp-content\/uploads\/2021\/11\/LOGO-SKEUDENN_Plan-de-travail-1.png","datePublished":"2025-06-20T18:23:31+00:00","dateModified":"2025-07-02T07:46:04+00:00","breadcrumb":{"@id":"https:\/\/yaouank.bzh\/br\/diwar-benn\/#breadcrumb"},"inLanguage":"br","potentialAction":[{"@type":"ReadAction","target":["https:\/\/yaouank.bzh\/br\/diwar-benn\/"]}]},{"@type":"ImageObject","inLanguage":"br","@id":"https:\/\/yaouank.bzh\/br\/diwar-benn\/#primaryimage","url":"https:\/\/yaouank.bzh\/wp-content\/uploads\/2021\/11\/LOGO-SKEUDENN_Plan-de-travail-1.png","contentUrl":"https:\/\/yaouank.bzh\/wp-content\/uploads\/2021\/11\/LOGO-SKEUDENN_Plan-de-travail-1.png"},{"@type":"BreadcrumbList","@id":"https:\/\/yaouank.bzh\/br\/diwar-benn\/#breadcrumb","itemListElement":[{"@type":"ListItem","position":1,"name":"Degemer","item":"https:\/\/yaouank.bzh\/"},{"@type":"ListItem","position":2,"name":"Diwar-benn"}]},{"@type":"WebSite","@id":"https:\/\/yaouank.bzh\/br\/#website","url":"https:\/\/yaouank.bzh\/br\/","name":"YAOUANK","description":"2025","publisher":{"@id":"https:\/\/yaouank.bzh\/br\/#organization"},"potentialAction":[{"@type":"SearchAction","target":{"@type":"EntryPoint","urlTemplate":"https:\/\/yaouank.bzh\/br\/?s={search_term_string}"},"query-input":{"@type":"PropertyValueSpecification","valueRequired":true,"valueName":"search_term_string"}}],"inLanguage":"br"},{"@type":"Organization","@id":"https:\/\/yaouank.bzh\/br\/#organization","name":"YAOUANK","url":"https:\/\/yaouank.bzh\/br\/","logo":{"@type":"ImageObject","inLanguage":"br","@id":"https:\/\/yaouank.bzh\/br\/#\/schema\/logo\/image\/","url":"https:\/\/yaouank.bzh\/wp-content\/uploads\/2024\/09\/Yaouank-TITRE-25.png","contentUrl":"https:\/\/yaouank.bzh\/wp-content\/uploads\/2024\/09\/Yaouank-TITRE-25.png","width":2362,"height":1181,"caption":"YAOUANK"},"image":{"@id":"https:\/\/yaouank.bzh\/br\/#\/schema\/logo\/image\/"},"sameAs":["https:\/\/www.facebook.com\/YA0UANK\/?fref=ts","https:\/\/x.com\/yaouank","https:\/\/www.instagram.com\/yaouank_\/"]}]}},"_links":{"self":[{"href":"https:\/\/yaouank.bzh\/br\/wp-json\/wp\/v2\/pages\/7969","targetHints":{"allow":["GET"]}}],"collection":[{"href":"https:\/\/yaouank.bzh\/br\/wp-json\/wp\/v2\/pages"}],"about":[{"href":"https:\/\/yaouank.bzh\/br\/wp-json\/wp\/v2\/types\/page"}],"author":[{"embeddable":true,"href":"https:\/\/yaouank.bzh\/br\/wp-json\/wp\/v2\/users\/1"}],"replies":[{"embeddable":true,"href":"https:\/\/yaouank.bzh\/br\/wp-json\/wp\/v2\/comments?post=7969"}],"version-history":[{"count":101,"href":"https:\/\/yaouank.bzh\/br\/wp-json\/wp\/v2\/pages\/7969\/revisions"}],"predecessor-version":[{"id":8919,"href":"https:\/\/yaouank.bzh\/br\/wp-json\/wp\/v2\/pages\/7969\/revisions\/8919"}],"wp:attachment":[{"href":"https:\/\/yaouank.bzh\/br\/wp-json\/wp\/v2\/media?parent=7969"}],"curies":[{"name":"wp","href":"https:\/\/api.w.org\/{rel}","templated":true}]}}