{"id":9023,"date":"2025-07-02T08:00:40","date_gmt":"2025-07-02T07:00:40","guid":{"rendered":"https:\/\/yaouank.bzh\/?page_id=9023"},"modified":"2025-07-03T10:47:16","modified_gmt":"2025-07-03T09:47:16","slug":"cap-kozmik","status":"publish","type":"page","link":"https:\/\/yaouank.bzh\/br\/programmadur\/cap-kozmik\/","title":{"rendered":"MODKOZMIK & BAGAD CAP CAVAL \u2013  CR\u00c9ATION \u201cCAP KOZMIK\u201d"},"content":{"rendered":"\t\t<div data-elementor-type=\"wp-page\" data-elementor-id=\"9023\" class=\"elementor elementor-9023\">\n\t\t\t\t<div class=\"elementor-element elementor-element-c02eeac e-flex e-con-boxed e-con e-parent\" data-id=\"c02eeac\" data-element_type=\"container\">\n\t\t\t\t\t<div class=\"e-con-inner\">\n\t\t<div class=\"elementor-element elementor-element-4690a92 e-con-full e-flex e-con e-child\" data-id=\"4690a92\" data-element_type=\"container\">\n\t\t\t\t<div class=\"elementor-element elementor-element-003994c elementor-widget elementor-widget-image\" data-id=\"003994c\" data-element_type=\"widget\" data-widget_type=\"image.default\">\n\t\t\t\t<div class=\"elementor-widget-container\">\n\t\t\t\t\t\t\t\t\t\t\t\t<figure class=\"wp-caption\">\n\t\t\t\t\t\t\t\t\t\t<img fetchpriority=\"high\" decoding=\"async\" width=\"1500\" height=\"1024\" src=\"https:\/\/yaouank.bzh\/wp-content\/uploads\/2025\/07\/Cap-Cozmik.png\" class=\"attachment-1536x1536 size-1536x1536 wp-image-8999\" alt=\"\" srcset=\"https:\/\/yaouank.bzh\/wp-content\/uploads\/2025\/07\/Cap-Cozmik.png 1500w, https:\/\/yaouank.bzh\/wp-content\/uploads\/2025\/07\/Cap-Cozmik-300x205.png 300w, https:\/\/yaouank.bzh\/wp-content\/uploads\/2025\/07\/Cap-Cozmik-1024x699.png 1024w, https:\/\/yaouank.bzh\/wp-content\/uploads\/2025\/07\/Cap-Cozmik-768x524.png 768w\" sizes=\"(max-width: 1500px) 100vw, 1500px\" \/>\t\t\t\t\t\t\t\t\t\t\t<figcaption class=\"widget-image-caption wp-caption-text\"><\/figcaption>\n\t\t\t\t\t\t\t\t\t\t<\/figure>\n\t\t\t\t\t\t\t\t\t<\/div>\n\t\t\t\t<\/div>\n\t\t\t\t<\/div>\n\t\t<div class=\"elementor-element elementor-element-9016af8 e-con-full e-flex e-con e-child\" data-id=\"9016af8\" data-element_type=\"container\">\n\t\t\t\t<div class=\"elementor-element elementor-element-5ca843d elementor-widget elementor-widget-heading\" data-id=\"5ca843d\" data-element_type=\"widget\" data-widget_type=\"heading.default\">\n\t\t\t\t<div class=\"elementor-widget-container\">\n\t\t\t\t\t<h1 class=\"elementor-heading-title elementor-size-default\">MODKOZMIK &amp; BAGAD CAP CAVAL \u2013  KROUIDIGEZH \u201cCAP KOZMIK\u201d<\/h1>\t\t\t\t<\/div>\n\t\t\t\t<\/div>\n\t\t\t\t<div class=\"elementor-element elementor-element-f2020f5 elementor-widget elementor-widget-text-editor\" data-id=\"f2020f5\" data-element_type=\"widget\" data-widget_type=\"text-editor.default\">\n\t\t\t\t<div class=\"elementor-widget-container\">\n\t\t\t\t\t\t\t\t\t<p>An treid war an douar, ar benn e-touez ar stered. <br \/>Kemeska\u00f1 a ra Bagad Cap Caval e ved gant hini Modkozmik Galactik evit un ta\u00f1va\u00f1 sonerezh splann, leun a nerzh ha startijenn.<\/p><p>Fell a ra d&#8217;an daou strollad lakaat da steredenni\u00f1 tonio\u00f9 gwriziennet mat ha lusket a-vrema\u00f1.<\/p><p>Dibradomp \u2018ta neuze !<\/p>\t\t\t\t\t\t\t\t<\/div>\n\t\t\t\t<\/div>\n\t\t\t\t<\/div>\n\t\t\t\t\t<\/div>\n\t\t\t\t<\/div>\n\t\t<div class=\"elementor-element elementor-element-448c04b3 e-flex e-con-boxed e-con e-parent\" data-id=\"448c04b3\" data-element_type=\"container\">\n\t\t\t\t\t<div class=\"e-con-inner\">\n\t\t\t\t<div class=\"elementor-element elementor-element-5dcb2305 elementor-align-justify elementor-widget__width-inherit elementor-widget elementor-widget-button\" data-id=\"5dcb2305\" data-element_type=\"widget\" data-widget_type=\"button.default\">\n\t\t\t\t<div class=\"elementor-widget-container\">\n\t\t\t\t\t\t\t\t\t<div class=\"elementor-button-wrapper\">\n\t\t\t\t\t<a class=\"elementor-button elementor-button-link elementor-size-sm elementor-animation-shrink\" href=\"https:\/\/yaouank.bzh\/br\/billetterie\/\">\n\t\t\t\t\t\t<span class=\"elementor-button-content-wrapper\">\n\t\t\t\t\t\t\t\t\t<span class=\"elementor-button-text\">Bilhederezh<\/span>\n\t\t\t\t\t<\/span>\n\t\t\t\t\t<\/a>\n\t\t\t\t<\/div>\n\t\t\t\t\t\t\t\t<\/div>\n\t\t\t\t<\/div>\n\t\t\t\t\t<\/div>\n\t\t\t\t<\/div>\n\t\t\t\t<\/div>\n\t\t","protected":false},"excerpt":{"rendered":"<p>MODKOZMIK &amp; BAGAD CAP CAVAL \u2013 CR\u00c9ATION \u201cCAP KOZMIK\u201d Les pieds sur terre, la t\u00eate dans les \u00e9toiles. Le bagad Cap Caval m\u00eale son univers avec celui du groupe Modkozmik [&hellip;]<\/p>\n","protected":false},"author":1,"featured_media":0,"parent":8939,"menu_order":0,"comment_status":"closed","ping_status":"closed","template":"","meta":{"site-sidebar-layout":"no-sidebar","site-content-layout":"","ast-site-content-layout":"full-width-container","site-content-style":"default","site-sidebar-style":"default","ast-global-header-display":"","ast-banner-title-visibility":"","ast-main-header-display":"","ast-hfb-above-header-display":"","ast-hfb-below-header-display":"","ast-hfb-mobile-header-display":"","site-post-title":"disabled","ast-breadcrumbs-content":"","ast-featured-img":"disabled","footer-sml-layout":"","theme-transparent-header-meta":"default","adv-header-id-meta":"","stick-header-meta":"","header-above-stick-meta":"","header-main-stick-meta":"","header-below-stick-meta":"","astra-migrate-meta-layouts":"set","ast-page-background-enabled":"default","ast-page-background-meta":{"desktop":{"background-color":"var(--ast-global-color-5)","background-image":"","background-repeat":"repeat","background-position":"center center","background-size":"auto","background-attachment":"scroll","background-type":"","background-media":"","overlay-type":"","overlay-color":"","overlay-opacity":"","overlay-gradient":""},"tablet":{"background-color":"","background-image":"","background-repeat":"repeat","background-position":"center center","background-size":"auto","background-attachment":"scroll","background-type":"","background-media":"","overlay-type":"","overlay-color":"","overlay-opacity":"","overlay-gradient":""},"mobile":{"background-color":"","background-image":"","background-repeat":"repeat","background-position":"center center","background-size":"auto","background-attachment":"scroll","background-type":"","background-media":"","overlay-type":"","overlay-color":"","overlay-opacity":"","overlay-gradient":""}},"ast-content-background-meta":{"desktop":{"background-color":"var(--ast-global-color-4)","background-image":"","background-repeat":"repeat","background-position":"center center","background-size":"auto","background-attachment":"scroll","background-type":"","background-media":"","overlay-type":"","overlay-color":"","overlay-opacity":"","overlay-gradient":""},"tablet":{"background-color":"var(--ast-global-color-4)","background-image":"","background-repeat":"repeat","background-position":"center center","background-size":"auto","background-attachment":"scroll","background-type":"","background-media":"","overlay-type":"","overlay-color":"","overlay-opacity":"","overlay-gradient":""},"mobile":{"background-color":"var(--ast-global-color-4)","background-image":"","background-repeat":"repeat","background-position":"center center","background-size":"auto","background-attachment":"scroll","background-type":"","background-media":"","overlay-type":"","overlay-color":"","overlay-opacity":"","overlay-gradient":""}},"footnotes":""},"class_list":["post-9023","page","type-page","status-publish","hentry"],"yoast_head":"<!-- This site is optimized with the Yoast SEO plugin v25.3 - https:\/\/yoast.com\/wordpress\/plugins\/seo\/ -->\n<title>MODKOZMIK &amp; BAGAD CAP CAVAL \u2013 CR\u00c9ATION \u201cCAP KOZMIK\u201d - YAOUANK<\/title>\n<meta name=\"description\" content=\"MODKOZMIK &amp; BAGAD CAP CAVAL \u2013 CR\u00c9ATION \u201cCAP KOZMIK\u201d Les pieds sur terre, la t\u00eate dans les \u00e9toiles. Le bagad Cap Caval m\u00eale son univers avec celui du groupe Modkozmik Galactik pour une exp\u00e9rience musicale unique alliant puissance orchestrale et rythmes envo\u00fbtants !Les deux ensembles veulent faire briller un r\u00e9pertoire enracin\u00e9 tout en s\u2019inscrivant dans&hellip;\" \/>\n<meta name=\"robots\" content=\"index, follow, max-snippet:-1, max-image-preview:large, max-video-preview:-1\" \/>\n<link rel=\"canonical\" href=\"http:\/\/MODKOZMIK%20&amp;%20BAGAD%20CAP%20CAVAL%20\u2013%20CR\u00c9ATION%20\u201cCAP%20KOZMIK\u201d%20Les%20pieds%20sur%20terre,%20la%20t\u00eate%20dans%20les%20\u00e9toiles.%20Le%20bagad%20Cap%20Caval%20m\u00eale%20son%20univers%20avec%20celui%20du%20groupe%20Modkozmik%20Galactik%20pour%20une%20exp\u00e9rience%20musicale%20unique%20alliant%20puissance%20orchestrale%20et%20rythmes%20envo\u00fbtants%20!Les%20deux%20ensembles%20veulent%20faire%20briller%20un%20r\u00e9pertoire%20enracin\u00e9%20tout%20en%20s\u2019inscrivant%20dans&hellip;\" \/>\n<meta property=\"og:locale\" content=\"en_US\" \/>\n<meta property=\"og:type\" content=\"article\" \/>\n<meta property=\"og:title\" content=\"MODKOZMIK &amp; BAGAD CAP CAVAL \u2013 CR\u00c9ATION \u201cCAP KOZMIK\u201d - YAOUANK\" \/>\n<meta property=\"og:description\" content=\"MODKOZMIK &amp; BAGAD CAP CAVAL \u2013 CR\u00c9ATION \u201cCAP KOZMIK\u201d Les pieds sur terre, la t\u00eate dans les \u00e9toiles. Le bagad Cap Caval m\u00eale son univers avec celui du groupe Modkozmik Galactik pour une exp\u00e9rience musicale unique alliant puissance orchestrale et rythmes envo\u00fbtants !Les deux ensembles veulent faire briller un r\u00e9pertoire enracin\u00e9 tout en s\u2019inscrivant dans&hellip;\" \/>\n<meta property=\"og:url\" content=\"https:\/\/yaouank.bzh\/br\/programmadur\/cap-kozmik\/\" \/>\n<meta property=\"og:site_name\" content=\"YAOUANK\" \/>\n<meta property=\"article:publisher\" content=\"https:\/\/www.facebook.com\/YA0UANK\/?fref=ts\" \/>\n<meta property=\"article:modified_time\" content=\"2025-07-03T09:47:16+00:00\" \/>\n<meta property=\"og:image\" content=\"https:\/\/yaouank.bzh\/wp-content\/uploads\/2025\/07\/Cap-Cozmik-1024x699.png\" \/>\n\t<meta property=\"og:image:width\" content=\"1024\" \/>\n\t<meta property=\"og:image:height\" content=\"699\" \/>\n\t<meta property=\"og:image:type\" content=\"image\/png\" \/>\n<meta name=\"twitter:card\" content=\"summary_large_image\" \/>\n<meta name=\"twitter:site\" content=\"@yaouank\" \/>\n<meta name=\"twitter:label1\" content=\"Est. reading time\" \/>\n\t<meta name=\"twitter:data1\" content=\"1 minute\" \/>\n<script type=\"application\/ld+json\" class=\"yoast-schema-graph\">{\"@context\":\"https:\/\/schema.org\",\"@graph\":[{\"@type\":\"WebPage\",\"@id\":\"https:\/\/yaouank.bzh\/br\/br\/programmadur\/cap-kozmik\/\",\"url\":\"https:\/\/yaouank.bzh\/br\/br\/programmadur\/cap-kozmik\/\",\"name\":\"MODKOZMIK & BAGAD CAP CAVAL \u2013 CR\u00c9ATION \u201cCAP KOZMIK\u201d - YAOUANK\",\"isPartOf\":{\"@id\":\"https:\/\/yaouank.bzh\/#website\"},\"primaryImageOfPage\":{\"@id\":\"https:\/\/yaouank.bzh\/br\/programmadur\/cap-kozmik\/#primaryimage\"},\"image\":{\"@id\":\"https:\/\/yaouank.bzh\/br\/programmadur\/cap-kozmik\/#primaryimage\"},\"thumbnailUrl\":\"https:\/\/yaouank.bzh\/wp-content\/uploads\/2025\/07\/Cap-Cozmik.png\",\"datePublished\":\"2025-07-02T07:00:40+00:00\",\"dateModified\":\"2025-07-03T09:47:16+00:00\",\"breadcrumb\":{\"@id\":\"https:\/\/yaouank.bzh\/br\/programmadur\/cap-kozmik\/#breadcrumb\"},\"inLanguage\":\"br\",\"potentialAction\":[{\"@type\":\"ReadAction\",\"target\":[\"https:\/\/yaouank.bzh\/br\/programmadur\/cap-kozmik\/\"]}]},{\"@type\":\"ImageObject\",\"inLanguage\":\"br\",\"@id\":\"https:\/\/yaouank.bzh\/br\/programmadur\/cap-kozmik\/#primaryimage\",\"url\":\"https:\/\/yaouank.bzh\/wp-content\/uploads\/2025\/07\/Cap-Cozmik.png\",\"contentUrl\":\"https:\/\/yaouank.bzh\/wp-content\/uploads\/2025\/07\/Cap-Cozmik.png\"},{\"@type\":\"BreadcrumbList\",\"@id\":\"https:\/\/yaouank.bzh\/br\/programmadur\/cap-kozmik\/#breadcrumb\",\"itemListElement\":[{\"@type\":\"ListItem\",\"position\":1,\"name\":\"Degemer\",\"item\":\"https:\/\/yaouank.bzh\/\"},{\"@type\":\"ListItem\",\"position\":2,\"name\":\"Programmadur\",\"item\":\"https:\/\/yaouank.bzh\/programmation\/\"},{\"@type\":\"ListItem\",\"position\":3,\"name\":\"MODKOZMIK & BAGAD CAP CAVAL \u2013 CR\u00c9ATION \u201cCAP KOZMIK\u201d\"}]},{\"@type\":\"WebSite\",\"@id\":\"https:\/\/yaouank.bzh\/br\/#website\",\"url\":\"https:\/\/yaouank.bzh\/br\/\",\"name\":\"YAOUANK\",\"description\":\"2025\",\"publisher\":{\"@id\":\"https:\/\/yaouank.bzh\/br\/#organization\"},\"potentialAction\":[{\"@type\":\"SearchAction\",\"target\":{\"@type\":\"EntryPoint\",\"urlTemplate\":\"https:\/\/yaouank.bzh\/br\/?s={search_term_string}\"},\"query-input\":{\"@type\":\"PropertyValueSpecification\",\"valueRequired\":true,\"valueName\":\"search_term_string\"}}],\"inLanguage\":\"br\"},{\"@type\":\"Organization\",\"@id\":\"https:\/\/yaouank.bzh\/br\/#organization\",\"name\":\"YAOUANK\",\"url\":\"https:\/\/yaouank.bzh\/br\/\",\"logo\":{\"@type\":\"ImageObject\",\"inLanguage\":\"br\",\"@id\":\"https:\/\/yaouank.bzh\/br\/#\/schema\/logo\/image\/\",\"url\":\"https:\/\/yaouank.bzh\/wp-content\/uploads\/2024\/09\/Yaouank-TITRE-25.png\",\"contentUrl\":\"https:\/\/yaouank.bzh\/wp-content\/uploads\/2024\/09\/Yaouank-TITRE-25.png\",\"width\":2362,\"height\":1181,\"caption\":\"YAOUANK\"},\"image\":{\"@id\":\"https:\/\/yaouank.bzh\/br\/#\/schema\/logo\/image\/\"},\"sameAs\":[\"https:\/\/www.facebook.com\/YA0UANK\/?fref=ts\",\"https:\/\/x.com\/yaouank\",\"https:\/\/www.instagram.com\/yaouank_\/\"]}]}<\/script>\n<!-- \/ Yoast SEO plugin. -->","yoast_head_json":{"title":"MODKOZMIK & BAGAD CAP CAVAL \u2013 CR\u00c9ATION \u201cCAP KOZMIK\u201d - YAOUANK","description":"MODKOZMIK &amp; BAGAD CAP CAVAL \u2013 CR\u00c9ATION \u201cCAP KOZMIK\u201d Les pieds sur terre, la t\u00eate dans les \u00e9toiles. Le bagad Cap Caval m\u00eale son univers avec celui du groupe Modkozmik Galactik pour une exp\u00e9rience musicale unique alliant puissance orchestrale et rythmes envo\u00fbtants !Les deux ensembles veulent faire briller un r\u00e9pertoire enracin\u00e9 tout en s\u2019inscrivant dans&hellip;","robots":{"index":"index","follow":"follow","max-snippet":"max-snippet:-1","max-image-preview":"max-image-preview:large","max-video-preview":"max-video-preview:-1"},"canonical":"MODKOZMIK &amp; BAGAD CAP CAVAL \u2013 CR\u00c9ATION \u201cCAP KOZMIK\u201d Les pieds sur terre, la t\u00eate dans les \u00e9toiles. Le bagad Cap Caval m\u00eale son univers avec celui du groupe Modkozmik Galactik pour une exp\u00e9rience musicale unique alliant puissance orchestrale et rythmes envo\u00fbtants !Les deux ensembles veulent faire briller un r\u00e9pertoire enracin\u00e9 tout en s\u2019inscrivant dans&hellip;","og_locale":"en_US","og_type":"article","og_title":"MODKOZMIK & BAGAD CAP CAVAL \u2013 CR\u00c9ATION \u201cCAP KOZMIK\u201d - YAOUANK","og_description":"MODKOZMIK &amp; BAGAD CAP CAVAL \u2013 CR\u00c9ATION \u201cCAP KOZMIK\u201d Les pieds sur terre, la t\u00eate dans les \u00e9toiles. Le bagad Cap Caval m\u00eale son univers avec celui du groupe Modkozmik Galactik pour une exp\u00e9rience musicale unique alliant puissance orchestrale et rythmes envo\u00fbtants !Les deux ensembles veulent faire briller un r\u00e9pertoire enracin\u00e9 tout en s\u2019inscrivant dans&hellip;","og_url":"https:\/\/yaouank.bzh\/br\/programmadur\/cap-kozmik\/","og_site_name":"YAOUANK","article_publisher":"https:\/\/www.facebook.com\/YA0UANK\/?fref=ts","article_modified_time":"2025-07-03T09:47:16+00:00","og_image":[{"width":1024,"height":699,"url":"https:\/\/yaouank.bzh\/wp-content\/uploads\/2025\/07\/Cap-Cozmik-1024x699.png","type":"image\/png"}],"twitter_card":"summary_large_image","twitter_site":"@yaouank","twitter_misc":{"Est. reading time":"1 minute"},"schema":{"@context":"https:\/\/schema.org","@graph":[{"@type":"WebPage","@id":"https:\/\/yaouank.bzh\/br\/br\/programmadur\/cap-kozmik\/","url":"https:\/\/yaouank.bzh\/br\/br\/programmadur\/cap-kozmik\/","name":"MODKOZMIK & BAGAD CAP CAVAL \u2013 CR\u00c9ATION \u201cCAP KOZMIK\u201d - YAOUANK","isPartOf":{"@id":"https:\/\/yaouank.bzh\/#website"},"primaryImageOfPage":{"@id":"https:\/\/yaouank.bzh\/br\/programmadur\/cap-kozmik\/#primaryimage"},"image":{"@id":"https:\/\/yaouank.bzh\/br\/programmadur\/cap-kozmik\/#primaryimage"},"thumbnailUrl":"https:\/\/yaouank.bzh\/wp-content\/uploads\/2025\/07\/Cap-Cozmik.png","datePublished":"2025-07-02T07:00:40+00:00","dateModified":"2025-07-03T09:47:16+00:00","breadcrumb":{"@id":"https:\/\/yaouank.bzh\/br\/programmadur\/cap-kozmik\/#breadcrumb"},"inLanguage":"br","potentialAction":[{"@type":"ReadAction","target":["https:\/\/yaouank.bzh\/br\/programmadur\/cap-kozmik\/"]}]},{"@type":"ImageObject","inLanguage":"br","@id":"https:\/\/yaouank.bzh\/br\/programmadur\/cap-kozmik\/#primaryimage","url":"https:\/\/yaouank.bzh\/wp-content\/uploads\/2025\/07\/Cap-Cozmik.png","contentUrl":"https:\/\/yaouank.bzh\/wp-content\/uploads\/2025\/07\/Cap-Cozmik.png"},{"@type":"BreadcrumbList","@id":"https:\/\/yaouank.bzh\/br\/programmadur\/cap-kozmik\/#breadcrumb","itemListElement":[{"@type":"ListItem","position":1,"name":"Degemer","item":"https:\/\/yaouank.bzh\/"},{"@type":"ListItem","position":2,"name":"Programmadur","item":"https:\/\/yaouank.bzh\/programmation\/"},{"@type":"ListItem","position":3,"name":"MODKOZMIK & BAGAD CAP CAVAL \u2013 CR\u00c9ATION \u201cCAP KOZMIK\u201d"}]},{"@type":"WebSite","@id":"https:\/\/yaouank.bzh\/br\/#website","url":"https:\/\/yaouank.bzh\/br\/","name":"YAOUANK","description":"2025","publisher":{"@id":"https:\/\/yaouank.bzh\/br\/#organization"},"potentialAction":[{"@type":"SearchAction","target":{"@type":"EntryPoint","urlTemplate":"https:\/\/yaouank.bzh\/br\/?s={search_term_string}"},"query-input":{"@type":"PropertyValueSpecification","valueRequired":true,"valueName":"search_term_string"}}],"inLanguage":"br"},{"@type":"Organization","@id":"https:\/\/yaouank.bzh\/br\/#organization","name":"YAOUANK","url":"https:\/\/yaouank.bzh\/br\/","logo":{"@type":"ImageObject","inLanguage":"br","@id":"https:\/\/yaouank.bzh\/br\/#\/schema\/logo\/image\/","url":"https:\/\/yaouank.bzh\/wp-content\/uploads\/2024\/09\/Yaouank-TITRE-25.png","contentUrl":"https:\/\/yaouank.bzh\/wp-content\/uploads\/2024\/09\/Yaouank-TITRE-25.png","width":2362,"height":1181,"caption":"YAOUANK"},"image":{"@id":"https:\/\/yaouank.bzh\/br\/#\/schema\/logo\/image\/"},"sameAs":["https:\/\/www.facebook.com\/YA0UANK\/?fref=ts","https:\/\/x.com\/yaouank","https:\/\/www.instagram.com\/yaouank_\/"]}]}},"_links":{"self":[{"href":"https:\/\/yaouank.bzh\/br\/wp-json\/wp\/v2\/pages\/9023","targetHints":{"allow":["GET"]}}],"collection":[{"href":"https:\/\/yaouank.bzh\/br\/wp-json\/wp\/v2\/pages"}],"about":[{"href":"https:\/\/yaouank.bzh\/br\/wp-json\/wp\/v2\/types\/page"}],"author":[{"embeddable":true,"href":"https:\/\/yaouank.bzh\/br\/wp-json\/wp\/v2\/users\/1"}],"replies":[{"embeddable":true,"href":"https:\/\/yaouank.bzh\/br\/wp-json\/wp\/v2\/comments?post=9023"}],"version-history":[{"count":15,"href":"https:\/\/yaouank.bzh\/br\/wp-json\/wp\/v2\/pages\/9023\/revisions"}],"predecessor-version":[{"id":9323,"href":"https:\/\/yaouank.bzh\/br\/wp-json\/wp\/v2\/pages\/9023\/revisions\/9323"}],"up":[{"embeddable":true,"href":"https:\/\/yaouank.bzh\/br\/wp-json\/wp\/v2\/pages\/8939"}],"wp:attachment":[{"href":"https:\/\/yaouank.bzh\/br\/wp-json\/wp\/v2\/media?parent=9023"}],"curies":[{"name":"wp","href":"https:\/\/api.w.org\/{rel}","templated":true}]}}