{"id":9055,"date":"2025-07-02T08:00:40","date_gmt":"2025-07-02T07:00:40","guid":{"rendered":"https:\/\/yaouank.bzh\/?page_id=9055"},"modified":"2025-07-03T10:48:32","modified_gmt":"2025-07-03T09:48:32","slug":"stong-2","status":"publish","type":"page","link":"https:\/\/yaouank.bzh\/br\/programmadur\/stong-2\/","title":{"rendered":"STONG"},"content":{"rendered":"\t\t<div data-elementor-type=\"wp-page\" data-elementor-id=\"9055\" class=\"elementor elementor-9055\">\n\t\t\t\t<div class=\"elementor-element elementor-element-c02eeac e-flex e-con-boxed e-con e-parent\" data-id=\"c02eeac\" data-element_type=\"container\">\n\t\t\t\t\t<div class=\"e-con-inner\">\n\t\t<div class=\"elementor-element elementor-element-4690a92 e-con-full e-flex e-con e-child\" data-id=\"4690a92\" data-element_type=\"container\">\n\t\t\t\t<div class=\"elementor-element elementor-element-003994c elementor-widget elementor-widget-image\" data-id=\"003994c\" data-element_type=\"widget\" data-widget_type=\"image.default\">\n\t\t\t\t<div class=\"elementor-widget-container\">\n\t\t\t\t\t\t\t\t\t\t\t\t<figure class=\"wp-caption\">\n\t\t\t\t\t\t\t\t\t\t<img fetchpriority=\"high\" decoding=\"async\" width=\"1500\" height=\"1024\" src=\"https:\/\/yaouank.bzh\/wp-content\/uploads\/2025\/07\/Stong.png\" class=\"attachment-1536x1536 size-1536x1536 wp-image-9005\" alt=\"\" srcset=\"https:\/\/yaouank.bzh\/wp-content\/uploads\/2025\/07\/Stong.png 1500w, https:\/\/yaouank.bzh\/wp-content\/uploads\/2025\/07\/Stong-300x205.png 300w, https:\/\/yaouank.bzh\/wp-content\/uploads\/2025\/07\/Stong-1024x699.png 1024w, https:\/\/yaouank.bzh\/wp-content\/uploads\/2025\/07\/Stong-768x524.png 768w\" sizes=\"(max-width: 1500px) 100vw, 1500px\" \/>\t\t\t\t\t\t\t\t\t\t\t<figcaption class=\"widget-image-caption wp-caption-text\"><\/figcaption>\n\t\t\t\t\t\t\t\t\t\t<\/figure>\n\t\t\t\t\t\t\t\t\t<\/div>\n\t\t\t\t<\/div>\n\t\t\t\t<\/div>\n\t\t<div class=\"elementor-element elementor-element-9016af8 e-con-full e-flex e-con e-child\" data-id=\"9016af8\" data-element_type=\"container\">\n\t\t\t\t<div class=\"elementor-element elementor-element-5ca843d elementor-widget elementor-widget-heading\" data-id=\"5ca843d\" data-element_type=\"widget\" data-widget_type=\"heading.default\">\n\t\t\t\t<div class=\"elementor-widget-container\">\n\t\t\t\t\t<h1 class=\"elementor-heading-title elementor-size-default\">STONG<\/h1>\t\t\t\t<\/div>\n\t\t\t\t<\/div>\n\t\t\t\t<div class=\"elementor-element elementor-element-f2020f5 elementor-widget elementor-widget-text-editor\" data-id=\"f2020f5\" data-element_type=\"widget\" data-widget_type=\"text-editor.default\">\n\t\t\t\t<div class=\"elementor-widget-container\">\n\t\t\t\t\t\t\t\t\t<p>Boda\u00f1 a ra Stong tonio\u00f9 kre\u00f1v ar sonerezh hengounel, groove nerzhus sonerezh ar bed, frammo\u00f9 lusket ar sonerezh tredanek hag elektronek.<br \/>A bep seurt, e kan ur sonerezh bev ha hudel, yac&#8217;h ha kanus, a dap ho speredo\u00f9, ha neuze e goursav pep tra ha \u2018n em zieubi\u00f1 a ra dre an da\u00f1s. <\/p>\t\t\t\t\t\t\t\t<\/div>\n\t\t\t\t<\/div>\n\t\t\t\t<\/div>\n\t\t\t\t\t<\/div>\n\t\t\t\t<\/div>\n\t\t<div class=\"elementor-element elementor-element-396de4b6 e-flex e-con-boxed e-con e-parent\" data-id=\"396de4b6\" data-element_type=\"container\">\n\t\t\t\t\t<div class=\"e-con-inner\">\n\t\t\t\t<div class=\"elementor-element elementor-element-1803b5b5 elementor-align-justify elementor-widget__width-inherit elementor-widget elementor-widget-button\" data-id=\"1803b5b5\" data-element_type=\"widget\" data-widget_type=\"button.default\">\n\t\t\t\t<div class=\"elementor-widget-container\">\n\t\t\t\t\t\t\t\t\t<div class=\"elementor-button-wrapper\">\n\t\t\t\t\t<a class=\"elementor-button elementor-button-link elementor-size-sm elementor-animation-shrink\" href=\"https:\/\/yaouank.bzh\/br\/billetterie\/\">\n\t\t\t\t\t\t<span class=\"elementor-button-content-wrapper\">\n\t\t\t\t\t\t\t\t\t<span class=\"elementor-button-text\">Bilhederezh<\/span>\n\t\t\t\t\t<\/span>\n\t\t\t\t\t<\/a>\n\t\t\t\t<\/div>\n\t\t\t\t\t\t\t\t<\/div>\n\t\t\t\t<\/div>\n\t\t\t\t\t<\/div>\n\t\t\t\t<\/div>\n\t\t\t\t<\/div>\n\t\t","protected":false},"excerpt":{"rendered":"<p>STONG STONG r\u00e9unit les m\u00e9lodies ent\u00eatantes de la musique trad, les grooves \u00e9nergisants des musiques du monde, les structures dansantes des musiques \u00e9lectriques et \u00e9lectroniques.Il en sonne une musique vivante [&hellip;]<\/p>\n","protected":false},"author":1,"featured_media":0,"parent":8939,"menu_order":0,"comment_status":"closed","ping_status":"closed","template":"","meta":{"site-sidebar-layout":"no-sidebar","site-content-layout":"","ast-site-content-layout":"full-width-container","site-content-style":"default","site-sidebar-style":"default","ast-global-header-display":"","ast-banner-title-visibility":"","ast-main-header-display":"","ast-hfb-above-header-display":"","ast-hfb-below-header-display":"","ast-hfb-mobile-header-display":"","site-post-title":"disabled","ast-breadcrumbs-content":"","ast-featured-img":"disabled","footer-sml-layout":"","theme-transparent-header-meta":"default","adv-header-id-meta":"","stick-header-meta":"","header-above-stick-meta":"","header-main-stick-meta":"","header-below-stick-meta":"","astra-migrate-meta-layouts":"set","ast-page-background-enabled":"default","ast-page-background-meta":{"desktop":{"background-color":"var(--ast-global-color-5)","background-image":"","background-repeat":"repeat","background-position":"center center","background-size":"auto","background-attachment":"scroll","background-type":"","background-media":"","overlay-type":"","overlay-color":"","overlay-opacity":"","overlay-gradient":""},"tablet":{"background-color":"","background-image":"","background-repeat":"repeat","background-position":"center center","background-size":"auto","background-attachment":"scroll","background-type":"","background-media":"","overlay-type":"","overlay-color":"","overlay-opacity":"","overlay-gradient":""},"mobile":{"background-color":"","background-image":"","background-repeat":"repeat","background-position":"center center","background-size":"auto","background-attachment":"scroll","background-type":"","background-media":"","overlay-type":"","overlay-color":"","overlay-opacity":"","overlay-gradient":""}},"ast-content-background-meta":{"desktop":{"background-color":"var(--ast-global-color-4)","background-image":"","background-repeat":"repeat","background-position":"center center","background-size":"auto","background-attachment":"scroll","background-type":"","background-media":"","overlay-type":"","overlay-color":"","overlay-opacity":"","overlay-gradient":""},"tablet":{"background-color":"var(--ast-global-color-4)","background-image":"","background-repeat":"repeat","background-position":"center center","background-size":"auto","background-attachment":"scroll","background-type":"","background-media":"","overlay-type":"","overlay-color":"","overlay-opacity":"","overlay-gradient":""},"mobile":{"background-color":"var(--ast-global-color-4)","background-image":"","background-repeat":"repeat","background-position":"center center","background-size":"auto","background-attachment":"scroll","background-type":"","background-media":"","overlay-type":"","overlay-color":"","overlay-opacity":"","overlay-gradient":""}},"footnotes":""},"class_list":["post-9055","page","type-page","status-publish","hentry"],"yoast_head":"<!-- This site is optimized with the Yoast SEO plugin v25.3 - https:\/\/yoast.com\/wordpress\/plugins\/seo\/ -->\n<title>STONG - YAOUANK<\/title>\n<meta name=\"description\" content=\"STONG STONG r\u00e9unit les m\u00e9lodies ent\u00eatantes de la musique trad, les grooves \u00e9nergisants des musiques du monde, les structures dansantes des musiques \u00e9lectriques et \u00e9lectroniques.Il en sonne une musique vivante et incantatoire, dynamique et chantante, qui attrape vos \u00e2mes, les met en r\u00e9sonance commune et les soul\u00e8ve, alors le tout s&#039;extasie et se lib\u00e8re par&hellip;\" \/>\n<meta name=\"robots\" content=\"index, follow, max-snippet:-1, max-image-preview:large, max-video-preview:-1\" \/>\n<link rel=\"canonical\" href=\"http:\/\/STONG%20STONG%20r\u00e9unit%20les%20m\u00e9lodies%20ent\u00eatantes%20de%20la%20musique%20trad,%20les%20grooves%20\u00e9nergisants%20des%20musiques%20du%20monde,%20les%20structures%20dansantes%20des%20musiques%20\u00e9lectriques%20et%20\u00e9lectroniques.Il%20en%20sonne%20une%20musique%20vivante%20et%20incantatoire,%20dynamique%20et%20chantante,%20qui%20attrape%20vos%20\u00e2mes,%20les%20met%20en%20r\u00e9sonance%20commune%20et%20les%20soul\u00e8ve,%20alors%20le%20tout%20s'extasie%20et%20se%20lib\u00e8re%20par&hellip;\" \/>\n<meta property=\"og:locale\" content=\"en_US\" \/>\n<meta property=\"og:type\" content=\"article\" \/>\n<meta property=\"og:title\" content=\"STONG - YAOUANK\" \/>\n<meta property=\"og:description\" content=\"STONG STONG r\u00e9unit les m\u00e9lodies ent\u00eatantes de la musique trad, les grooves \u00e9nergisants des musiques du monde, les structures dansantes des musiques \u00e9lectriques et \u00e9lectroniques.Il en sonne une musique vivante et incantatoire, dynamique et chantante, qui attrape vos \u00e2mes, les met en r\u00e9sonance commune et les soul\u00e8ve, alors le tout s&#039;extasie et se lib\u00e8re par&hellip;\" \/>\n<meta property=\"og:url\" content=\"https:\/\/yaouank.bzh\/br\/programmadur\/stong-2\/\" \/>\n<meta property=\"og:site_name\" content=\"YAOUANK\" \/>\n<meta property=\"article:publisher\" content=\"https:\/\/www.facebook.com\/YA0UANK\/?fref=ts\" \/>\n<meta property=\"article:modified_time\" content=\"2025-07-03T09:48:32+00:00\" \/>\n<meta property=\"og:image\" content=\"https:\/\/yaouank.bzh\/wp-content\/uploads\/2025\/07\/Stong.png\" \/>\n\t<meta property=\"og:image:width\" content=\"1500\" \/>\n\t<meta property=\"og:image:height\" content=\"1024\" \/>\n\t<meta property=\"og:image:type\" content=\"image\/png\" \/>\n<meta name=\"twitter:card\" content=\"summary_large_image\" \/>\n<meta name=\"twitter:site\" content=\"@yaouank\" \/>\n<meta name=\"twitter:label1\" content=\"Est. reading time\" \/>\n\t<meta name=\"twitter:data1\" content=\"1 minute\" \/>\n<script type=\"application\/ld+json\" class=\"yoast-schema-graph\">{\"@context\":\"https:\/\/schema.org\",\"@graph\":[{\"@type\":\"WebPage\",\"@id\":\"https:\/\/yaouank.bzh\/br\/br\/programmadur\/stong-2\/\",\"url\":\"https:\/\/yaouank.bzh\/br\/br\/programmadur\/stong-2\/\",\"name\":\"STONG - YAOUANK\",\"isPartOf\":{\"@id\":\"https:\/\/yaouank.bzh\/#website\"},\"primaryImageOfPage\":{\"@id\":\"https:\/\/yaouank.bzh\/br\/programmadur\/stong-2\/#primaryimage\"},\"image\":{\"@id\":\"https:\/\/yaouank.bzh\/br\/programmadur\/stong-2\/#primaryimage\"},\"thumbnailUrl\":\"https:\/\/yaouank.bzh\/wp-content\/uploads\/2025\/07\/Stong.png\",\"datePublished\":\"2025-07-02T07:00:40+00:00\",\"dateModified\":\"2025-07-03T09:48:32+00:00\",\"breadcrumb\":{\"@id\":\"https:\/\/yaouank.bzh\/br\/programmadur\/stong-2\/#breadcrumb\"},\"inLanguage\":\"br\",\"potentialAction\":[{\"@type\":\"ReadAction\",\"target\":[\"https:\/\/yaouank.bzh\/br\/programmadur\/stong-2\/\"]}]},{\"@type\":\"ImageObject\",\"inLanguage\":\"br\",\"@id\":\"https:\/\/yaouank.bzh\/br\/programmadur\/stong-2\/#primaryimage\",\"url\":\"https:\/\/yaouank.bzh\/wp-content\/uploads\/2025\/07\/Stong.png\",\"contentUrl\":\"https:\/\/yaouank.bzh\/wp-content\/uploads\/2025\/07\/Stong.png\"},{\"@type\":\"BreadcrumbList\",\"@id\":\"https:\/\/yaouank.bzh\/br\/programmadur\/stong-2\/#breadcrumb\",\"itemListElement\":[{\"@type\":\"ListItem\",\"position\":1,\"name\":\"Degemer\",\"item\":\"https:\/\/yaouank.bzh\/\"},{\"@type\":\"ListItem\",\"position\":2,\"name\":\"Programmadur\",\"item\":\"https:\/\/yaouank.bzh\/programmation\/\"},{\"@type\":\"ListItem\",\"position\":3,\"name\":\"STONG\"}]},{\"@type\":\"WebSite\",\"@id\":\"https:\/\/yaouank.bzh\/br\/#website\",\"url\":\"https:\/\/yaouank.bzh\/br\/\",\"name\":\"YAOUANK\",\"description\":\"2025\",\"publisher\":{\"@id\":\"https:\/\/yaouank.bzh\/br\/#organization\"},\"potentialAction\":[{\"@type\":\"SearchAction\",\"target\":{\"@type\":\"EntryPoint\",\"urlTemplate\":\"https:\/\/yaouank.bzh\/br\/?s={search_term_string}\"},\"query-input\":{\"@type\":\"PropertyValueSpecification\",\"valueRequired\":true,\"valueName\":\"search_term_string\"}}],\"inLanguage\":\"br\"},{\"@type\":\"Organization\",\"@id\":\"https:\/\/yaouank.bzh\/br\/#organization\",\"name\":\"YAOUANK\",\"url\":\"https:\/\/yaouank.bzh\/br\/\",\"logo\":{\"@type\":\"ImageObject\",\"inLanguage\":\"br\",\"@id\":\"https:\/\/yaouank.bzh\/br\/#\/schema\/logo\/image\/\",\"url\":\"https:\/\/yaouank.bzh\/wp-content\/uploads\/2024\/09\/Yaouank-TITRE-25.png\",\"contentUrl\":\"https:\/\/yaouank.bzh\/wp-content\/uploads\/2024\/09\/Yaouank-TITRE-25.png\",\"width\":2362,\"height\":1181,\"caption\":\"YAOUANK\"},\"image\":{\"@id\":\"https:\/\/yaouank.bzh\/br\/#\/schema\/logo\/image\/\"},\"sameAs\":[\"https:\/\/www.facebook.com\/YA0UANK\/?fref=ts\",\"https:\/\/x.com\/yaouank\",\"https:\/\/www.instagram.com\/yaouank_\/\"]}]}<\/script>\n<!-- \/ Yoast SEO plugin. -->","yoast_head_json":{"title":"STONG - YAOUANK","description":"STONG STONG r\u00e9unit les m\u00e9lodies ent\u00eatantes de la musique trad, les grooves \u00e9nergisants des musiques du monde, les structures dansantes des musiques \u00e9lectriques et \u00e9lectroniques.Il en sonne une musique vivante et incantatoire, dynamique et chantante, qui attrape vos \u00e2mes, les met en r\u00e9sonance commune et les soul\u00e8ve, alors le tout s'extasie et se lib\u00e8re par&hellip;","robots":{"index":"index","follow":"follow","max-snippet":"max-snippet:-1","max-image-preview":"max-image-preview:large","max-video-preview":"max-video-preview:-1"},"canonical":"STONG STONG r\u00e9unit les m\u00e9lodies ent\u00eatantes de la musique trad, les grooves \u00e9nergisants des musiques du monde, les structures dansantes des musiques \u00e9lectriques et \u00e9lectroniques.Il en sonne une musique vivante et incantatoire, dynamique et chantante, qui attrape vos \u00e2mes, les met en r\u00e9sonance commune et les soul\u00e8ve, alors le tout s'extasie et se lib\u00e8re par&hellip;","og_locale":"en_US","og_type":"article","og_title":"STONG - YAOUANK","og_description":"STONG STONG r\u00e9unit les m\u00e9lodies ent\u00eatantes de la musique trad, les grooves \u00e9nergisants des musiques du monde, les structures dansantes des musiques \u00e9lectriques et \u00e9lectroniques.Il en sonne une musique vivante et incantatoire, dynamique et chantante, qui attrape vos \u00e2mes, les met en r\u00e9sonance commune et les soul\u00e8ve, alors le tout s'extasie et se lib\u00e8re par&hellip;","og_url":"https:\/\/yaouank.bzh\/br\/programmadur\/stong-2\/","og_site_name":"YAOUANK","article_publisher":"https:\/\/www.facebook.com\/YA0UANK\/?fref=ts","article_modified_time":"2025-07-03T09:48:32+00:00","og_image":[{"width":1500,"height":1024,"url":"https:\/\/yaouank.bzh\/wp-content\/uploads\/2025\/07\/Stong.png","type":"image\/png"}],"twitter_card":"summary_large_image","twitter_site":"@yaouank","twitter_misc":{"Est. reading time":"1 minute"},"schema":{"@context":"https:\/\/schema.org","@graph":[{"@type":"WebPage","@id":"https:\/\/yaouank.bzh\/br\/br\/programmadur\/stong-2\/","url":"https:\/\/yaouank.bzh\/br\/br\/programmadur\/stong-2\/","name":"STONG - YAOUANK","isPartOf":{"@id":"https:\/\/yaouank.bzh\/#website"},"primaryImageOfPage":{"@id":"https:\/\/yaouank.bzh\/br\/programmadur\/stong-2\/#primaryimage"},"image":{"@id":"https:\/\/yaouank.bzh\/br\/programmadur\/stong-2\/#primaryimage"},"thumbnailUrl":"https:\/\/yaouank.bzh\/wp-content\/uploads\/2025\/07\/Stong.png","datePublished":"2025-07-02T07:00:40+00:00","dateModified":"2025-07-03T09:48:32+00:00","breadcrumb":{"@id":"https:\/\/yaouank.bzh\/br\/programmadur\/stong-2\/#breadcrumb"},"inLanguage":"br","potentialAction":[{"@type":"ReadAction","target":["https:\/\/yaouank.bzh\/br\/programmadur\/stong-2\/"]}]},{"@type":"ImageObject","inLanguage":"br","@id":"https:\/\/yaouank.bzh\/br\/programmadur\/stong-2\/#primaryimage","url":"https:\/\/yaouank.bzh\/wp-content\/uploads\/2025\/07\/Stong.png","contentUrl":"https:\/\/yaouank.bzh\/wp-content\/uploads\/2025\/07\/Stong.png"},{"@type":"BreadcrumbList","@id":"https:\/\/yaouank.bzh\/br\/programmadur\/stong-2\/#breadcrumb","itemListElement":[{"@type":"ListItem","position":1,"name":"Degemer","item":"https:\/\/yaouank.bzh\/"},{"@type":"ListItem","position":2,"name":"Programmadur","item":"https:\/\/yaouank.bzh\/programmation\/"},{"@type":"ListItem","position":3,"name":"STONG"}]},{"@type":"WebSite","@id":"https:\/\/yaouank.bzh\/br\/#website","url":"https:\/\/yaouank.bzh\/br\/","name":"YAOUANK","description":"2025","publisher":{"@id":"https:\/\/yaouank.bzh\/br\/#organization"},"potentialAction":[{"@type":"SearchAction","target":{"@type":"EntryPoint","urlTemplate":"https:\/\/yaouank.bzh\/br\/?s={search_term_string}"},"query-input":{"@type":"PropertyValueSpecification","valueRequired":true,"valueName":"search_term_string"}}],"inLanguage":"br"},{"@type":"Organization","@id":"https:\/\/yaouank.bzh\/br\/#organization","name":"YAOUANK","url":"https:\/\/yaouank.bzh\/br\/","logo":{"@type":"ImageObject","inLanguage":"br","@id":"https:\/\/yaouank.bzh\/br\/#\/schema\/logo\/image\/","url":"https:\/\/yaouank.bzh\/wp-content\/uploads\/2024\/09\/Yaouank-TITRE-25.png","contentUrl":"https:\/\/yaouank.bzh\/wp-content\/uploads\/2024\/09\/Yaouank-TITRE-25.png","width":2362,"height":1181,"caption":"YAOUANK"},"image":{"@id":"https:\/\/yaouank.bzh\/br\/#\/schema\/logo\/image\/"},"sameAs":["https:\/\/www.facebook.com\/YA0UANK\/?fref=ts","https:\/\/x.com\/yaouank","https:\/\/www.instagram.com\/yaouank_\/"]}]}},"_links":{"self":[{"href":"https:\/\/yaouank.bzh\/br\/wp-json\/wp\/v2\/pages\/9055","targetHints":{"allow":["GET"]}}],"collection":[{"href":"https:\/\/yaouank.bzh\/br\/wp-json\/wp\/v2\/pages"}],"about":[{"href":"https:\/\/yaouank.bzh\/br\/wp-json\/wp\/v2\/types\/page"}],"author":[{"embeddable":true,"href":"https:\/\/yaouank.bzh\/br\/wp-json\/wp\/v2\/users\/1"}],"replies":[{"embeddable":true,"href":"https:\/\/yaouank.bzh\/br\/wp-json\/wp\/v2\/comments?post=9055"}],"version-history":[{"count":18,"href":"https:\/\/yaouank.bzh\/br\/wp-json\/wp\/v2\/pages\/9055\/revisions"}],"predecessor-version":[{"id":9329,"href":"https:\/\/yaouank.bzh\/br\/wp-json\/wp\/v2\/pages\/9055\/revisions\/9329"}],"up":[{"embeddable":true,"href":"https:\/\/yaouank.bzh\/br\/wp-json\/wp\/v2\/pages\/8939"}],"wp:attachment":[{"href":"https:\/\/yaouank.bzh\/br\/wp-json\/wp\/v2\/media?parent=9055"}],"curies":[{"name":"wp","href":"https:\/\/api.w.org\/{rel}","templated":true}]}}