{"id":9570,"date":"2025-07-02T08:00:40","date_gmt":"2025-07-02T07:00:40","guid":{"rendered":"https:\/\/yaouank.bzh\/?page_id=9570"},"modified":"2025-10-03T15:01:23","modified_gmt":"2025-10-03T14:01:23","slug":"fest-noz-des-jeunes-talents","status":"publish","type":"page","link":"https:\/\/yaouank.bzh\/br\/programmadur\/fest-noz-des-jeunes-talents\/","title":{"rendered":"Fest-noz des jeunes talents"},"content":{"rendered":"\t\t<div data-elementor-type=\"wp-page\" data-elementor-id=\"9570\" class=\"elementor elementor-9570\">\n\t\t\t\t<div class=\"elementor-element elementor-element-c02eeac e-flex e-con-boxed e-con e-parent\" data-id=\"c02eeac\" data-element_type=\"container\">\n\t\t\t\t\t<div class=\"e-con-inner\">\n\t\t<div class=\"elementor-element elementor-element-4690a92 e-con-full e-flex e-con e-child\" data-id=\"4690a92\" data-element_type=\"container\">\n\t\t\t\t<div class=\"elementor-element elementor-element-003994c elementor-widget elementor-widget-image\" data-id=\"003994c\" data-element_type=\"widget\" data-widget_type=\"image.default\">\n\t\t\t\t<div class=\"elementor-widget-container\">\n\t\t\t\t\t\t\t\t\t\t\t\t<figure class=\"wp-caption\">\n\t\t\t\t\t\t\t\t\t\t<img fetchpriority=\"high\" decoding=\"async\" width=\"1024\" height=\"717\" src=\"https:\/\/yaouank.bzh\/wp-content\/uploads\/2025\/10\/Visuels-site-1-1024x717.png\" class=\"attachment-large size-large wp-image-9827\" alt=\"\" srcset=\"https:\/\/yaouank.bzh\/wp-content\/uploads\/2025\/10\/Visuels-site-1-1024x717.png 1024w, https:\/\/yaouank.bzh\/wp-content\/uploads\/2025\/10\/Visuels-site-1-300x210.png 300w, https:\/\/yaouank.bzh\/wp-content\/uploads\/2025\/10\/Visuels-site-1-768x538.png 768w, https:\/\/yaouank.bzh\/wp-content\/uploads\/2025\/10\/Visuels-site-1.png 1181w\" sizes=\"(max-width: 1024px) 100vw, 1024px\" \/>\t\t\t\t\t\t\t\t\t\t\t<figcaption class=\"widget-image-caption wp-caption-text\"><\/figcaption>\n\t\t\t\t\t\t\t\t\t\t<\/figure>\n\t\t\t\t\t\t\t\t\t<\/div>\n\t\t\t\t<\/div>\n\t\t\t\t<\/div>\n\t\t<div class=\"elementor-element elementor-element-9016af8 e-con-full e-flex e-con e-child\" data-id=\"9016af8\" data-element_type=\"container\">\n\t\t\t\t<div class=\"elementor-element elementor-element-5ca843d elementor-widget elementor-widget-heading\" data-id=\"5ca843d\" data-element_type=\"widget\" data-widget_type=\"heading.default\">\n\t\t\t\t<div class=\"elementor-widget-container\">\n\t\t\t\t\t<h1 class=\"elementor-heading-title elementor-size-default\">FEST-NOZ DES JEUNES TALENTS<\/h1>\t\t\t\t<\/div>\n\t\t\t\t<\/div>\n\t\t\t\t<div class=\"elementor-element elementor-element-f2c2b66 elementor-widget elementor-widget-text-editor\" data-id=\"f2c2b66\" data-element_type=\"widget\" data-widget_type=\"text-editor.default\">\n\t\t\t\t<div class=\"elementor-widget-container\">\n\t\t\t\t\t\t\t\t\t<p>Parquet de Bal, Rennes<br \/>Jeudi 16 octobre 2025 &#8211; 19h30<\/p><p>7 \u20ac<\/p>\t\t\t\t\t\t\t\t<\/div>\n\t\t\t\t<\/div>\n\t\t\t\t<div class=\"elementor-element elementor-element-9c43a43 elementor-widget elementor-widget-text-editor\" data-id=\"9c43a43\" data-element_type=\"widget\" data-widget_type=\"text-editor.default\">\n\t\t\t\t<div class=\"elementor-widget-container\">\n\t\t\t\t\t\t\t\t\t<p>Tremplin dans le Pays Rennais, le fest-noz Jeunes Talents a pour objectif de promouvoir les jeunes groupes de musique traditionnelle et de leur permettre de commencer \u00e0 se faire une place sur les sc\u00e8nes bretonnes. Venez d\u00e9couvrir ces jeunes artistes du r\u00e9pertoire breton !<\/p>\t\t\t\t\t\t\t\t<\/div>\n\t\t\t\t<\/div>\n\t\t\t\t<div class=\"elementor-element elementor-element-08839ba elementor-widget elementor-widget-heading\" data-id=\"08839ba\" data-element_type=\"widget\" data-widget_type=\"heading.default\">\n\t\t\t\t<div class=\"elementor-widget-container\">\n\t\t\t\t\t<h2 class=\"elementor-heading-title elementor-size-default\">Aozerien : Yaouank, Conservatoire de Rennes, Tamm-Kreiz, Cercle celtique de Rennes<\/h2>\t\t\t\t<\/div>\n\t\t\t\t<\/div>\n\t\t\t\t<\/div>\n\t\t\t\t\t<\/div>\n\t\t\t\t<\/div>\n\t\t\t\t<\/div>\n\t\t","protected":false},"excerpt":{"rendered":"<p>FEST-NOZ DES JEUNES TALENTS Parquet de Bal, RennesJeudi 16 octobre 2025 &#8211; 19h30 7 \u20ac Tremplin dans le Pays Rennais, le fest-noz Jeunes Talents a pour objectif de promouvoir les [&hellip;]<\/p>\n","protected":false},"author":1,"featured_media":0,"parent":8939,"menu_order":0,"comment_status":"closed","ping_status":"closed","template":"","meta":{"site-sidebar-layout":"no-sidebar","site-content-layout":"","ast-site-content-layout":"full-width-container","site-content-style":"default","site-sidebar-style":"default","ast-global-header-display":"","ast-banner-title-visibility":"","ast-main-header-display":"","ast-hfb-above-header-display":"","ast-hfb-below-header-display":"","ast-hfb-mobile-header-display":"","site-post-title":"disabled","ast-breadcrumbs-content":"","ast-featured-img":"disabled","footer-sml-layout":"","theme-transparent-header-meta":"default","adv-header-id-meta":"","stick-header-meta":"","header-above-stick-meta":"","header-main-stick-meta":"","header-below-stick-meta":"","astra-migrate-meta-layouts":"set","ast-page-background-enabled":"default","ast-page-background-meta":{"desktop":{"background-color":"var(--ast-global-color-5)","background-image":"","background-repeat":"repeat","background-position":"center center","background-size":"auto","background-attachment":"scroll","background-type":"","background-media":"","overlay-type":"","overlay-color":"","overlay-opacity":"","overlay-gradient":""},"tablet":{"background-color":"","background-image":"","background-repeat":"repeat","background-position":"center center","background-size":"auto","background-attachment":"scroll","background-type":"","background-media":"","overlay-type":"","overlay-color":"","overlay-opacity":"","overlay-gradient":""},"mobile":{"background-color":"","background-image":"","background-repeat":"repeat","background-position":"center center","background-size":"auto","background-attachment":"scroll","background-type":"","background-media":"","overlay-type":"","overlay-color":"","overlay-opacity":"","overlay-gradient":""}},"ast-content-background-meta":{"desktop":{"background-color":"var(--ast-global-color-4)","background-image":"","background-repeat":"repeat","background-position":"center center","background-size":"auto","background-attachment":"scroll","background-type":"","background-media":"","overlay-type":"","overlay-color":"","overlay-opacity":"","overlay-gradient":""},"tablet":{"background-color":"var(--ast-global-color-4)","background-image":"","background-repeat":"repeat","background-position":"center center","background-size":"auto","background-attachment":"scroll","background-type":"","background-media":"","overlay-type":"","overlay-color":"","overlay-opacity":"","overlay-gradient":""},"mobile":{"background-color":"var(--ast-global-color-4)","background-image":"","background-repeat":"repeat","background-position":"center center","background-size":"auto","background-attachment":"scroll","background-type":"","background-media":"","overlay-type":"","overlay-color":"","overlay-opacity":"","overlay-gradient":""}},"footnotes":""},"class_list":["post-9570","page","type-page","status-publish","hentry"],"yoast_head":"<!-- This site is optimized with the Yoast SEO plugin v25.3 - https:\/\/yoast.com\/wordpress\/plugins\/seo\/ -->\n<title>Fest-noz des jeunes talents - YAOUANK<\/title>\n<meta name=\"description\" content=\"FEST-NOZ DES JEUNES TALENTS Parquet de Bal, RennesJeudi 16 octobre 2025 - 19h307 \u20acTremplin dans le Pays Rennais, le fest-noz Jeunes Talents a pour objectif de promouvoir les jeunes groupes de musique traditionnelle et de leur permettre de commencer \u00e0 se faire une place sur les sc\u00e8nes bretonnes. Venez d\u00e9couvrir ces jeunes artistes du r\u00e9pertoire&hellip;\" \/>\n<meta name=\"robots\" content=\"index, follow, max-snippet:-1, max-image-preview:large, max-video-preview:-1\" \/>\n<link rel=\"canonical\" href=\"http:\/\/FEST-NOZ%20DES%20JEUNES%20TALENTS%20Parquet%20de%20Bal,%20RennesJeudi%2016%20octobre%202025%20-%2019h307%20\u20acTremplin%20dans%20le%20Pays%20Rennais,%20le%20fest-noz%20Jeunes%20Talents%20a%20pour%20objectif%20de%20promouvoir%20les%20jeunes%20groupes%20de%20musique%20traditionnelle%20et%20de%20leur%20permettre%20de%20commencer%20\u00e0%20se%20faire%20une%20place%20sur%20les%20sc\u00e8nes%20bretonnes.%20Venez%20d\u00e9couvrir%20ces%20jeunes%20artistes%20du%20r\u00e9pertoire&hellip;\" \/>\n<meta property=\"og:locale\" content=\"en_US\" \/>\n<meta property=\"og:type\" content=\"article\" \/>\n<meta property=\"og:title\" content=\"Fest-noz des jeunes talents - YAOUANK\" \/>\n<meta property=\"og:description\" content=\"FEST-NOZ DES JEUNES TALENTS Parquet de Bal, RennesJeudi 16 octobre 2025 - 19h307 \u20acTremplin dans le Pays Rennais, le fest-noz Jeunes Talents a pour objectif de promouvoir les jeunes groupes de musique traditionnelle et de leur permettre de commencer \u00e0 se faire une place sur les sc\u00e8nes bretonnes. Venez d\u00e9couvrir ces jeunes artistes du r\u00e9pertoire&hellip;\" \/>\n<meta property=\"og:url\" content=\"https:\/\/yaouank.bzh\/br\/programmadur\/fest-noz-des-jeunes-talents\/\" \/>\n<meta property=\"og:site_name\" content=\"YAOUANK\" \/>\n<meta property=\"article:publisher\" content=\"https:\/\/www.facebook.com\/YA0UANK\/?fref=ts\" \/>\n<meta property=\"article:modified_time\" content=\"2025-10-03T14:01:23+00:00\" \/>\n<meta property=\"og:image\" content=\"https:\/\/yaouank.bzh\/wp-content\/uploads\/2025\/10\/Visuels-site-1.png\" \/>\n\t<meta property=\"og:image:width\" content=\"1181\" \/>\n\t<meta property=\"og:image:height\" content=\"827\" \/>\n\t<meta property=\"og:image:type\" content=\"image\/png\" \/>\n<meta name=\"twitter:card\" content=\"summary_large_image\" \/>\n<meta name=\"twitter:site\" content=\"@yaouank\" \/>\n<meta name=\"twitter:label1\" content=\"Est. reading time\" \/>\n\t<meta name=\"twitter:data1\" content=\"1 minute\" \/>\n<script type=\"application\/ld+json\" class=\"yoast-schema-graph\">{\"@context\":\"https:\/\/schema.org\",\"@graph\":[{\"@type\":\"WebPage\",\"@id\":\"https:\/\/yaouank.bzh\/br\/br\/programmadur\/fest-noz-des-jeunes-talents\/\",\"url\":\"https:\/\/yaouank.bzh\/br\/br\/programmadur\/fest-noz-des-jeunes-talents\/\",\"name\":\"Fest-noz des jeunes talents - YAOUANK\",\"isPartOf\":{\"@id\":\"https:\/\/yaouank.bzh\/#website\"},\"primaryImageOfPage\":{\"@id\":\"https:\/\/yaouank.bzh\/br\/programmadur\/fest-noz-des-jeunes-talents\/#primaryimage\"},\"image\":{\"@id\":\"https:\/\/yaouank.bzh\/br\/programmadur\/fest-noz-des-jeunes-talents\/#primaryimage\"},\"thumbnailUrl\":\"https:\/\/yaouank.bzh\/wp-content\/uploads\/2025\/10\/Visuels-site-1-1024x717.png\",\"datePublished\":\"2025-07-02T07:00:40+00:00\",\"dateModified\":\"2025-10-03T14:01:23+00:00\",\"breadcrumb\":{\"@id\":\"https:\/\/yaouank.bzh\/br\/programmadur\/fest-noz-des-jeunes-talents\/#breadcrumb\"},\"inLanguage\":\"br\",\"potentialAction\":[{\"@type\":\"ReadAction\",\"target\":[\"https:\/\/yaouank.bzh\/br\/programmadur\/fest-noz-des-jeunes-talents\/\"]}]},{\"@type\":\"ImageObject\",\"inLanguage\":\"br\",\"@id\":\"https:\/\/yaouank.bzh\/br\/programmadur\/fest-noz-des-jeunes-talents\/#primaryimage\",\"url\":\"https:\/\/yaouank.bzh\/wp-content\/uploads\/2025\/10\/Visuels-site-1-1024x717.png\",\"contentUrl\":\"https:\/\/yaouank.bzh\/wp-content\/uploads\/2025\/10\/Visuels-site-1-1024x717.png\"},{\"@type\":\"BreadcrumbList\",\"@id\":\"https:\/\/yaouank.bzh\/br\/programmadur\/fest-noz-des-jeunes-talents\/#breadcrumb\",\"itemListElement\":[{\"@type\":\"ListItem\",\"position\":1,\"name\":\"Degemer\",\"item\":\"https:\/\/yaouank.bzh\/\"},{\"@type\":\"ListItem\",\"position\":2,\"name\":\"Programmadur\",\"item\":\"https:\/\/yaouank.bzh\/programmation\/\"},{\"@type\":\"ListItem\",\"position\":3,\"name\":\"Fest-noz des jeunes talents\"}]},{\"@type\":\"WebSite\",\"@id\":\"https:\/\/yaouank.bzh\/br\/#website\",\"url\":\"https:\/\/yaouank.bzh\/br\/\",\"name\":\"YAOUANK\",\"description\":\"2025\",\"publisher\":{\"@id\":\"https:\/\/yaouank.bzh\/br\/#organization\"},\"potentialAction\":[{\"@type\":\"SearchAction\",\"target\":{\"@type\":\"EntryPoint\",\"urlTemplate\":\"https:\/\/yaouank.bzh\/br\/?s={search_term_string}\"},\"query-input\":{\"@type\":\"PropertyValueSpecification\",\"valueRequired\":true,\"valueName\":\"search_term_string\"}}],\"inLanguage\":\"br\"},{\"@type\":\"Organization\",\"@id\":\"https:\/\/yaouank.bzh\/br\/#organization\",\"name\":\"YAOUANK\",\"url\":\"https:\/\/yaouank.bzh\/br\/\",\"logo\":{\"@type\":\"ImageObject\",\"inLanguage\":\"br\",\"@id\":\"https:\/\/yaouank.bzh\/br\/#\/schema\/logo\/image\/\",\"url\":\"https:\/\/yaouank.bzh\/wp-content\/uploads\/2024\/09\/Yaouank-TITRE-25.png\",\"contentUrl\":\"https:\/\/yaouank.bzh\/wp-content\/uploads\/2024\/09\/Yaouank-TITRE-25.png\",\"width\":2362,\"height\":1181,\"caption\":\"YAOUANK\"},\"image\":{\"@id\":\"https:\/\/yaouank.bzh\/br\/#\/schema\/logo\/image\/\"},\"sameAs\":[\"https:\/\/www.facebook.com\/YA0UANK\/?fref=ts\",\"https:\/\/x.com\/yaouank\",\"https:\/\/www.instagram.com\/yaouank_\/\"]}]}<\/script>\n<!-- \/ Yoast SEO plugin. -->","yoast_head_json":{"title":"Fest-noz des jeunes talents - YAOUANK","description":"FEST-NOZ DES JEUNES TALENTS Parquet de Bal, RennesJeudi 16 octobre 2025 - 19h307 \u20acTremplin dans le Pays Rennais, le fest-noz Jeunes Talents a pour objectif de promouvoir les jeunes groupes de musique traditionnelle et de leur permettre de commencer \u00e0 se faire une place sur les sc\u00e8nes bretonnes. Venez d\u00e9couvrir ces jeunes artistes du r\u00e9pertoire&hellip;","robots":{"index":"index","follow":"follow","max-snippet":"max-snippet:-1","max-image-preview":"max-image-preview:large","max-video-preview":"max-video-preview:-1"},"canonical":"FEST-NOZ DES JEUNES TALENTS Parquet de Bal, RennesJeudi 16 octobre 2025 - 19h307 \u20acTremplin dans le Pays Rennais, le fest-noz Jeunes Talents a pour objectif de promouvoir les jeunes groupes de musique traditionnelle et de leur permettre de commencer \u00e0 se faire une place sur les sc\u00e8nes bretonnes. Venez d\u00e9couvrir ces jeunes artistes du r\u00e9pertoire&hellip;","og_locale":"en_US","og_type":"article","og_title":"Fest-noz des jeunes talents - YAOUANK","og_description":"FEST-NOZ DES JEUNES TALENTS Parquet de Bal, RennesJeudi 16 octobre 2025 - 19h307 \u20acTremplin dans le Pays Rennais, le fest-noz Jeunes Talents a pour objectif de promouvoir les jeunes groupes de musique traditionnelle et de leur permettre de commencer \u00e0 se faire une place sur les sc\u00e8nes bretonnes. Venez d\u00e9couvrir ces jeunes artistes du r\u00e9pertoire&hellip;","og_url":"https:\/\/yaouank.bzh\/br\/programmadur\/fest-noz-des-jeunes-talents\/","og_site_name":"YAOUANK","article_publisher":"https:\/\/www.facebook.com\/YA0UANK\/?fref=ts","article_modified_time":"2025-10-03T14:01:23+00:00","og_image":[{"width":1181,"height":827,"url":"https:\/\/yaouank.bzh\/wp-content\/uploads\/2025\/10\/Visuels-site-1.png","type":"image\/png"}],"twitter_card":"summary_large_image","twitter_site":"@yaouank","twitter_misc":{"Est. reading time":"1 minute"},"schema":{"@context":"https:\/\/schema.org","@graph":[{"@type":"WebPage","@id":"https:\/\/yaouank.bzh\/br\/br\/programmadur\/fest-noz-des-jeunes-talents\/","url":"https:\/\/yaouank.bzh\/br\/br\/programmadur\/fest-noz-des-jeunes-talents\/","name":"Fest-noz des jeunes talents - YAOUANK","isPartOf":{"@id":"https:\/\/yaouank.bzh\/#website"},"primaryImageOfPage":{"@id":"https:\/\/yaouank.bzh\/br\/programmadur\/fest-noz-des-jeunes-talents\/#primaryimage"},"image":{"@id":"https:\/\/yaouank.bzh\/br\/programmadur\/fest-noz-des-jeunes-talents\/#primaryimage"},"thumbnailUrl":"https:\/\/yaouank.bzh\/wp-content\/uploads\/2025\/10\/Visuels-site-1-1024x717.png","datePublished":"2025-07-02T07:00:40+00:00","dateModified":"2025-10-03T14:01:23+00:00","breadcrumb":{"@id":"https:\/\/yaouank.bzh\/br\/programmadur\/fest-noz-des-jeunes-talents\/#breadcrumb"},"inLanguage":"br","potentialAction":[{"@type":"ReadAction","target":["https:\/\/yaouank.bzh\/br\/programmadur\/fest-noz-des-jeunes-talents\/"]}]},{"@type":"ImageObject","inLanguage":"br","@id":"https:\/\/yaouank.bzh\/br\/programmadur\/fest-noz-des-jeunes-talents\/#primaryimage","url":"https:\/\/yaouank.bzh\/wp-content\/uploads\/2025\/10\/Visuels-site-1-1024x717.png","contentUrl":"https:\/\/yaouank.bzh\/wp-content\/uploads\/2025\/10\/Visuels-site-1-1024x717.png"},{"@type":"BreadcrumbList","@id":"https:\/\/yaouank.bzh\/br\/programmadur\/fest-noz-des-jeunes-talents\/#breadcrumb","itemListElement":[{"@type":"ListItem","position":1,"name":"Degemer","item":"https:\/\/yaouank.bzh\/"},{"@type":"ListItem","position":2,"name":"Programmadur","item":"https:\/\/yaouank.bzh\/programmation\/"},{"@type":"ListItem","position":3,"name":"Fest-noz des jeunes talents"}]},{"@type":"WebSite","@id":"https:\/\/yaouank.bzh\/br\/#website","url":"https:\/\/yaouank.bzh\/br\/","name":"YAOUANK","description":"2025","publisher":{"@id":"https:\/\/yaouank.bzh\/br\/#organization"},"potentialAction":[{"@type":"SearchAction","target":{"@type":"EntryPoint","urlTemplate":"https:\/\/yaouank.bzh\/br\/?s={search_term_string}"},"query-input":{"@type":"PropertyValueSpecification","valueRequired":true,"valueName":"search_term_string"}}],"inLanguage":"br"},{"@type":"Organization","@id":"https:\/\/yaouank.bzh\/br\/#organization","name":"YAOUANK","url":"https:\/\/yaouank.bzh\/br\/","logo":{"@type":"ImageObject","inLanguage":"br","@id":"https:\/\/yaouank.bzh\/br\/#\/schema\/logo\/image\/","url":"https:\/\/yaouank.bzh\/wp-content\/uploads\/2024\/09\/Yaouank-TITRE-25.png","contentUrl":"https:\/\/yaouank.bzh\/wp-content\/uploads\/2024\/09\/Yaouank-TITRE-25.png","width":2362,"height":1181,"caption":"YAOUANK"},"image":{"@id":"https:\/\/yaouank.bzh\/br\/#\/schema\/logo\/image\/"},"sameAs":["https:\/\/www.facebook.com\/YA0UANK\/?fref=ts","https:\/\/x.com\/yaouank","https:\/\/www.instagram.com\/yaouank_\/"]}]}},"_links":{"self":[{"href":"https:\/\/yaouank.bzh\/br\/wp-json\/wp\/v2\/pages\/9570","targetHints":{"allow":["GET"]}}],"collection":[{"href":"https:\/\/yaouank.bzh\/br\/wp-json\/wp\/v2\/pages"}],"about":[{"href":"https:\/\/yaouank.bzh\/br\/wp-json\/wp\/v2\/types\/page"}],"author":[{"embeddable":true,"href":"https:\/\/yaouank.bzh\/br\/wp-json\/wp\/v2\/users\/1"}],"replies":[{"embeddable":true,"href":"https:\/\/yaouank.bzh\/br\/wp-json\/wp\/v2\/comments?post=9570"}],"version-history":[{"count":10,"href":"https:\/\/yaouank.bzh\/br\/wp-json\/wp\/v2\/pages\/9570\/revisions"}],"predecessor-version":[{"id":9830,"href":"https:\/\/yaouank.bzh\/br\/wp-json\/wp\/v2\/pages\/9570\/revisions\/9830"}],"up":[{"embeddable":true,"href":"https:\/\/yaouank.bzh\/br\/wp-json\/wp\/v2\/pages\/8939"}],"wp:attachment":[{"href":"https:\/\/yaouank.bzh\/br\/wp-json\/wp\/v2\/media?parent=9570"}],"curies":[{"name":"wp","href":"https:\/\/api.w.org\/{rel}","templated":true}]}}