{"id":9580,"date":"2025-07-02T08:00:40","date_gmt":"2025-07-02T07:00:40","guid":{"rendered":"https:\/\/yaouank.bzh\/?page_id=9580"},"modified":"2025-10-02T15:46:50","modified_gmt":"2025-10-02T14:46:50","slug":"war-al-leurenn-gant-krismenn","status":"publish","type":"page","link":"https:\/\/yaouank.bzh\/br\/programmadur\/war-al-leurenn-gant-krismenn\/","title":{"rendered":"War al leurenn gant\u2026 Krismenn"},"content":{"rendered":"\t\t<div data-elementor-type=\"wp-page\" data-elementor-id=\"9580\" class=\"elementor elementor-9580\">\n\t\t\t\t<div class=\"elementor-element elementor-element-c02eeac e-flex e-con-boxed e-con e-parent\" data-id=\"c02eeac\" data-element_type=\"container\">\n\t\t\t\t\t<div class=\"e-con-inner\">\n\t\t<div class=\"elementor-element elementor-element-4690a92 e-con-full e-flex e-con e-child\" data-id=\"4690a92\" data-element_type=\"container\">\n\t\t\t\t<div class=\"elementor-element elementor-element-003994c elementor-widget elementor-widget-image\" data-id=\"003994c\" data-element_type=\"widget\" data-widget_type=\"image.default\">\n\t\t\t\t<div class=\"elementor-widget-container\">\n\t\t\t\t\t\t\t\t\t\t\t\t<figure class=\"wp-caption\">\n\t\t\t\t\t\t\t\t\t\t<img fetchpriority=\"high\" decoding=\"async\" width=\"1024\" height=\"717\" src=\"https:\/\/yaouank.bzh\/wp-content\/uploads\/2025\/09\/41-1024x717.png\" class=\"attachment-large size-large wp-image-9702\" alt=\"\" srcset=\"https:\/\/yaouank.bzh\/wp-content\/uploads\/2025\/09\/41-1024x717.png 1024w, https:\/\/yaouank.bzh\/wp-content\/uploads\/2025\/09\/41-300x210.png 300w, https:\/\/yaouank.bzh\/wp-content\/uploads\/2025\/09\/41-768x538.png 768w, https:\/\/yaouank.bzh\/wp-content\/uploads\/2025\/09\/41.png 1181w\" sizes=\"(max-width: 1024px) 100vw, 1024px\" \/>\t\t\t\t\t\t\t\t\t\t\t<figcaption class=\"widget-image-caption wp-caption-text\"><\/figcaption>\n\t\t\t\t\t\t\t\t\t\t<\/figure>\n\t\t\t\t\t\t\t\t\t<\/div>\n\t\t\t\t<\/div>\n\t\t\t\t<\/div>\n\t\t<div class=\"elementor-element elementor-element-9016af8 e-con-full e-flex e-con e-child\" data-id=\"9016af8\" data-element_type=\"container\">\n\t\t\t\t<div class=\"elementor-element elementor-element-5ca843d elementor-widget elementor-widget-heading\" data-id=\"5ca843d\" data-element_type=\"widget\" data-widget_type=\"heading.default\">\n\t\t\t\t<div class=\"elementor-widget-container\">\n\t\t\t\t\t<h1 class=\"elementor-heading-title elementor-size-default\">WAR AL LEURENN GANT\u2026 KRISMENN<\/h1>\t\t\t\t<\/div>\n\t\t\t\t<\/div>\n\t\t\t\t<div class=\"elementor-element elementor-element-f2c2b66 elementor-widget elementor-widget-text-editor\" data-id=\"f2c2b66\" data-element_type=\"widget\" data-widget_type=\"text-editor.default\">\n\t\t\t\t<div class=\"elementor-widget-container\">\n\t\t\t\t\t\t\t\t\t<p>Th\u00e9\u00e2tre de l\u2019ADEC, Rennes<br \/>Samedi 18 octobre 2025 &#8211; 10h-17h<br \/>30\u20ac, 40\u20ac + adh\u00e9sion 18\u20ac<\/p>\t\t\t\t\t\t\t\t<\/div>\n\t\t\t\t<\/div>\n\t\t\t\t<div class=\"elementor-element elementor-element-9c43a43 elementor-widget elementor-widget-text-editor\" data-id=\"9c43a43\" data-element_type=\"widget\" data-widget_type=\"text-editor.default\">\n\t\t\t\t<div class=\"elementor-widget-container\">\n\t\t\t\t\t\t\t\t\t<p>Dans le cadre du festival Yaouank, une journ\u00e9e pour pratiquer la langue bretonne au th\u00e9\u00e2tre et explorer la voix avec Christophe Le Menn, alias Krismenn, en \u00e9cho avec la nouvelle cr\u00e9ation th\u00e9\u00e2trale de la cie Teatr Piba, &#8220;Bastard&#8221;.<br \/>Avec Krismenn, auteur-compositeur-interpr\u00e8te et com\u00e9dien breton, qui rappe et chante en langue bretonne. Il est directeur artistique de Kreiz Breizh Akademi.<\/p>\t\t\t\t\t\t\t\t<\/div>\n\t\t\t\t<\/div>\n\t\t\t\t<div class=\"elementor-element elementor-element-08839ba elementor-widget elementor-widget-heading\" data-id=\"08839ba\" data-element_type=\"widget\" data-widget_type=\"heading.default\">\n\t\t\t\t<div class=\"elementor-widget-container\">\n\t\t\t\t\t<h2 class=\"elementor-heading-title elementor-size-default\">Aozerien : Yaouank, Th\u00e9\u00e2tre de l\u2019ADEC, C\u2019hoariva<\/h2>\t\t\t\t<\/div>\n\t\t\t\t<\/div>\n\t\t\t\t<\/div>\n\t\t\t\t\t<\/div>\n\t\t\t\t<\/div>\n\t\t\t\t<\/div>\n\t\t","protected":false},"excerpt":{"rendered":"<p>WAR AL LEURENN GANT\u2026 KRISMENN Th\u00e9\u00e2tre de l\u2019ADEC, RennesSamedi 18 octobre 2025 &#8211; 10h-17h30\u20ac, 40\u20ac + adh\u00e9sion 18\u20ac Dans le cadre du festival Yaouank, une journ\u00e9e pour pratiquer la langue [&hellip;]<\/p>\n","protected":false},"author":1,"featured_media":0,"parent":8939,"menu_order":0,"comment_status":"closed","ping_status":"closed","template":"","meta":{"site-sidebar-layout":"no-sidebar","site-content-layout":"","ast-site-content-layout":"full-width-container","site-content-style":"default","site-sidebar-style":"default","ast-global-header-display":"","ast-banner-title-visibility":"","ast-main-header-display":"","ast-hfb-above-header-display":"","ast-hfb-below-header-display":"","ast-hfb-mobile-header-display":"","site-post-title":"disabled","ast-breadcrumbs-content":"","ast-featured-img":"disabled","footer-sml-layout":"","theme-transparent-header-meta":"default","adv-header-id-meta":"","stick-header-meta":"","header-above-stick-meta":"","header-main-stick-meta":"","header-below-stick-meta":"","astra-migrate-meta-layouts":"set","ast-page-background-enabled":"default","ast-page-background-meta":{"desktop":{"background-color":"var(--ast-global-color-5)","background-image":"","background-repeat":"repeat","background-position":"center center","background-size":"auto","background-attachment":"scroll","background-type":"","background-media":"","overlay-type":"","overlay-color":"","overlay-opacity":"","overlay-gradient":""},"tablet":{"background-color":"","background-image":"","background-repeat":"repeat","background-position":"center center","background-size":"auto","background-attachment":"scroll","background-type":"","background-media":"","overlay-type":"","overlay-color":"","overlay-opacity":"","overlay-gradient":""},"mobile":{"background-color":"","background-image":"","background-repeat":"repeat","background-position":"center center","background-size":"auto","background-attachment":"scroll","background-type":"","background-media":"","overlay-type":"","overlay-color":"","overlay-opacity":"","overlay-gradient":""}},"ast-content-background-meta":{"desktop":{"background-color":"var(--ast-global-color-4)","background-image":"","background-repeat":"repeat","background-position":"center center","background-size":"auto","background-attachment":"scroll","background-type":"","background-media":"","overlay-type":"","overlay-color":"","overlay-opacity":"","overlay-gradient":""},"tablet":{"background-color":"var(--ast-global-color-4)","background-image":"","background-repeat":"repeat","background-position":"center center","background-size":"auto","background-attachment":"scroll","background-type":"","background-media":"","overlay-type":"","overlay-color":"","overlay-opacity":"","overlay-gradient":""},"mobile":{"background-color":"var(--ast-global-color-4)","background-image":"","background-repeat":"repeat","background-position":"center center","background-size":"auto","background-attachment":"scroll","background-type":"","background-media":"","overlay-type":"","overlay-color":"","overlay-opacity":"","overlay-gradient":""}},"footnotes":""},"class_list":["post-9580","page","type-page","status-publish","hentry"],"yoast_head":"<!-- This site is optimized with the Yoast SEO plugin v25.3 - https:\/\/yoast.com\/wordpress\/plugins\/seo\/ -->\n<title>War al leurenn gant\u2026 Krismenn - YAOUANK<\/title>\n<meta name=\"description\" content=\"WAR AL LEURENN GANT\u2026 KRISMENN Th\u00e9\u00e2tre de l\u2019ADEC, RennesSamedi 18 octobre 2025 - 10h-17h30\u20ac, 40\u20ac + adh\u00e9sion 18\u20acDans le cadre du festival Yaouank, une journ\u00e9e pour pratiquer la langue bretonne au th\u00e9\u00e2tre et explorer la voix avec Christophe Le Menn, alias Krismenn, en \u00e9cho avec la nouvelle cr\u00e9ation th\u00e9\u00e2trale de la cie Teatr Piba, &quot;Bastard&quot;.Avec&hellip;\" \/>\n<meta name=\"robots\" content=\"index, follow, max-snippet:-1, max-image-preview:large, max-video-preview:-1\" \/>\n<link rel=\"canonical\" href=\"http:\/\/WAR%20AL%20LEURENN%20GANT\u2026%20KRISMENN%20Th\u00e9\u00e2tre%20de%20l\u2019ADEC,%20RennesSamedi%2018%20octobre%202025%20-%2010h-17h30\u20ac,%2040\u20ac%20%20%20adh\u00e9sion%2018\u20acDans%20le%20cadre%20du%20festival%20Yaouank,%20une%20journ\u00e9e%20pour%20pratiquer%20la%20langue%20bretonne%20au%20th\u00e9\u00e2tre%20et%20explorer%20la%20voix%20avec%20Christophe%20Le%20Menn,%20alias%20Krismenn,%20en%20\u00e9cho%20avec%20la%20nouvelle%20cr\u00e9ation%20th\u00e9\u00e2trale%20de%20la%20cie%20Teatr%20Piba,%20Bastard.Avec&hellip;\" \/>\n<meta property=\"og:locale\" content=\"en_US\" \/>\n<meta property=\"og:type\" content=\"article\" \/>\n<meta property=\"og:title\" content=\"War al leurenn gant\u2026 Krismenn - YAOUANK\" \/>\n<meta property=\"og:description\" content=\"WAR AL LEURENN GANT\u2026 KRISMENN Th\u00e9\u00e2tre de l\u2019ADEC, RennesSamedi 18 octobre 2025 - 10h-17h30\u20ac, 40\u20ac + adh\u00e9sion 18\u20acDans le cadre du festival Yaouank, une journ\u00e9e pour pratiquer la langue bretonne au th\u00e9\u00e2tre et explorer la voix avec Christophe Le Menn, alias Krismenn, en \u00e9cho avec la nouvelle cr\u00e9ation th\u00e9\u00e2trale de la cie Teatr Piba, &quot;Bastard&quot;.Avec&hellip;\" \/>\n<meta property=\"og:url\" content=\"https:\/\/yaouank.bzh\/br\/programmadur\/war-al-leurenn-gant-krismenn\/\" \/>\n<meta property=\"og:site_name\" content=\"YAOUANK\" \/>\n<meta property=\"article:publisher\" content=\"https:\/\/www.facebook.com\/YA0UANK\/?fref=ts\" \/>\n<meta property=\"article:modified_time\" content=\"2025-10-02T14:46:50+00:00\" \/>\n<meta property=\"og:image\" content=\"https:\/\/yaouank.bzh\/wp-content\/uploads\/2025\/09\/41.png\" \/>\n\t<meta property=\"og:image:width\" content=\"1181\" \/>\n\t<meta property=\"og:image:height\" content=\"827\" \/>\n\t<meta property=\"og:image:type\" content=\"image\/png\" \/>\n<meta name=\"twitter:card\" content=\"summary_large_image\" \/>\n<meta name=\"twitter:site\" content=\"@yaouank\" \/>\n<meta name=\"twitter:label1\" content=\"Est. reading time\" \/>\n\t<meta name=\"twitter:data1\" content=\"1 minute\" \/>\n<script type=\"application\/ld+json\" class=\"yoast-schema-graph\">{\"@context\":\"https:\/\/schema.org\",\"@graph\":[{\"@type\":\"WebPage\",\"@id\":\"https:\/\/yaouank.bzh\/br\/br\/programmadur\/war-al-leurenn-gant-krismenn\/\",\"url\":\"https:\/\/yaouank.bzh\/br\/br\/programmadur\/war-al-leurenn-gant-krismenn\/\",\"name\":\"War al leurenn gant\u2026 Krismenn - YAOUANK\",\"isPartOf\":{\"@id\":\"https:\/\/yaouank.bzh\/#website\"},\"primaryImageOfPage\":{\"@id\":\"https:\/\/yaouank.bzh\/br\/programmadur\/war-al-leurenn-gant-krismenn\/#primaryimage\"},\"image\":{\"@id\":\"https:\/\/yaouank.bzh\/br\/programmadur\/war-al-leurenn-gant-krismenn\/#primaryimage\"},\"thumbnailUrl\":\"https:\/\/yaouank.bzh\/wp-content\/uploads\/2025\/09\/41-1024x717.png\",\"datePublished\":\"2025-07-02T07:00:40+00:00\",\"dateModified\":\"2025-10-02T14:46:50+00:00\",\"breadcrumb\":{\"@id\":\"https:\/\/yaouank.bzh\/br\/programmadur\/war-al-leurenn-gant-krismenn\/#breadcrumb\"},\"inLanguage\":\"br\",\"potentialAction\":[{\"@type\":\"ReadAction\",\"target\":[\"https:\/\/yaouank.bzh\/br\/programmadur\/war-al-leurenn-gant-krismenn\/\"]}]},{\"@type\":\"ImageObject\",\"inLanguage\":\"br\",\"@id\":\"https:\/\/yaouank.bzh\/br\/programmadur\/war-al-leurenn-gant-krismenn\/#primaryimage\",\"url\":\"https:\/\/yaouank.bzh\/wp-content\/uploads\/2025\/09\/41-1024x717.png\",\"contentUrl\":\"https:\/\/yaouank.bzh\/wp-content\/uploads\/2025\/09\/41-1024x717.png\"},{\"@type\":\"BreadcrumbList\",\"@id\":\"https:\/\/yaouank.bzh\/br\/programmadur\/war-al-leurenn-gant-krismenn\/#breadcrumb\",\"itemListElement\":[{\"@type\":\"ListItem\",\"position\":1,\"name\":\"Degemer\",\"item\":\"https:\/\/yaouank.bzh\/\"},{\"@type\":\"ListItem\",\"position\":2,\"name\":\"Programmadur\",\"item\":\"https:\/\/yaouank.bzh\/programmation\/\"},{\"@type\":\"ListItem\",\"position\":3,\"name\":\"War al leurenn gant\u2026 Krismenn\"}]},{\"@type\":\"WebSite\",\"@id\":\"https:\/\/yaouank.bzh\/br\/#website\",\"url\":\"https:\/\/yaouank.bzh\/br\/\",\"name\":\"YAOUANK\",\"description\":\"2025\",\"publisher\":{\"@id\":\"https:\/\/yaouank.bzh\/br\/#organization\"},\"potentialAction\":[{\"@type\":\"SearchAction\",\"target\":{\"@type\":\"EntryPoint\",\"urlTemplate\":\"https:\/\/yaouank.bzh\/br\/?s={search_term_string}\"},\"query-input\":{\"@type\":\"PropertyValueSpecification\",\"valueRequired\":true,\"valueName\":\"search_term_string\"}}],\"inLanguage\":\"br\"},{\"@type\":\"Organization\",\"@id\":\"https:\/\/yaouank.bzh\/br\/#organization\",\"name\":\"YAOUANK\",\"url\":\"https:\/\/yaouank.bzh\/br\/\",\"logo\":{\"@type\":\"ImageObject\",\"inLanguage\":\"br\",\"@id\":\"https:\/\/yaouank.bzh\/br\/#\/schema\/logo\/image\/\",\"url\":\"https:\/\/yaouank.bzh\/wp-content\/uploads\/2024\/09\/Yaouank-TITRE-25.png\",\"contentUrl\":\"https:\/\/yaouank.bzh\/wp-content\/uploads\/2024\/09\/Yaouank-TITRE-25.png\",\"width\":2362,\"height\":1181,\"caption\":\"YAOUANK\"},\"image\":{\"@id\":\"https:\/\/yaouank.bzh\/br\/#\/schema\/logo\/image\/\"},\"sameAs\":[\"https:\/\/www.facebook.com\/YA0UANK\/?fref=ts\",\"https:\/\/x.com\/yaouank\",\"https:\/\/www.instagram.com\/yaouank_\/\"]}]}<\/script>\n<!-- \/ Yoast SEO plugin. -->","yoast_head_json":{"title":"War al leurenn gant\u2026 Krismenn - YAOUANK","description":"WAR AL LEURENN GANT\u2026 KRISMENN Th\u00e9\u00e2tre de l\u2019ADEC, RennesSamedi 18 octobre 2025 - 10h-17h30\u20ac, 40\u20ac + adh\u00e9sion 18\u20acDans le cadre du festival Yaouank, une journ\u00e9e pour pratiquer la langue bretonne au th\u00e9\u00e2tre et explorer la voix avec Christophe Le Menn, alias Krismenn, en \u00e9cho avec la nouvelle cr\u00e9ation th\u00e9\u00e2trale de la cie Teatr Piba, \"Bastard\".Avec&hellip;","robots":{"index":"index","follow":"follow","max-snippet":"max-snippet:-1","max-image-preview":"max-image-preview:large","max-video-preview":"max-video-preview:-1"},"canonical":"WAR AL LEURENN GANT\u2026 KRISMENN Th\u00e9\u00e2tre de l\u2019ADEC, RennesSamedi 18 octobre 2025 - 10h-17h30\u20ac, 40\u20ac   adh\u00e9sion 18\u20acDans le cadre du festival Yaouank, une journ\u00e9e pour pratiquer la langue bretonne au th\u00e9\u00e2tre et explorer la voix avec Christophe Le Menn, alias Krismenn, en \u00e9cho avec la nouvelle cr\u00e9ation th\u00e9\u00e2trale de la cie Teatr Piba, \"Bastard\".Avec&hellip;","og_locale":"en_US","og_type":"article","og_title":"War al leurenn gant\u2026 Krismenn - YAOUANK","og_description":"WAR AL LEURENN GANT\u2026 KRISMENN Th\u00e9\u00e2tre de l\u2019ADEC, RennesSamedi 18 octobre 2025 - 10h-17h30\u20ac, 40\u20ac + adh\u00e9sion 18\u20acDans le cadre du festival Yaouank, une journ\u00e9e pour pratiquer la langue bretonne au th\u00e9\u00e2tre et explorer la voix avec Christophe Le Menn, alias Krismenn, en \u00e9cho avec la nouvelle cr\u00e9ation th\u00e9\u00e2trale de la cie Teatr Piba, \"Bastard\".Avec&hellip;","og_url":"https:\/\/yaouank.bzh\/br\/programmadur\/war-al-leurenn-gant-krismenn\/","og_site_name":"YAOUANK","article_publisher":"https:\/\/www.facebook.com\/YA0UANK\/?fref=ts","article_modified_time":"2025-10-02T14:46:50+00:00","og_image":[{"width":1181,"height":827,"url":"https:\/\/yaouank.bzh\/wp-content\/uploads\/2025\/09\/41.png","type":"image\/png"}],"twitter_card":"summary_large_image","twitter_site":"@yaouank","twitter_misc":{"Est. reading time":"1 minute"},"schema":{"@context":"https:\/\/schema.org","@graph":[{"@type":"WebPage","@id":"https:\/\/yaouank.bzh\/br\/br\/programmadur\/war-al-leurenn-gant-krismenn\/","url":"https:\/\/yaouank.bzh\/br\/br\/programmadur\/war-al-leurenn-gant-krismenn\/","name":"War al leurenn gant\u2026 Krismenn - YAOUANK","isPartOf":{"@id":"https:\/\/yaouank.bzh\/#website"},"primaryImageOfPage":{"@id":"https:\/\/yaouank.bzh\/br\/programmadur\/war-al-leurenn-gant-krismenn\/#primaryimage"},"image":{"@id":"https:\/\/yaouank.bzh\/br\/programmadur\/war-al-leurenn-gant-krismenn\/#primaryimage"},"thumbnailUrl":"https:\/\/yaouank.bzh\/wp-content\/uploads\/2025\/09\/41-1024x717.png","datePublished":"2025-07-02T07:00:40+00:00","dateModified":"2025-10-02T14:46:50+00:00","breadcrumb":{"@id":"https:\/\/yaouank.bzh\/br\/programmadur\/war-al-leurenn-gant-krismenn\/#breadcrumb"},"inLanguage":"br","potentialAction":[{"@type":"ReadAction","target":["https:\/\/yaouank.bzh\/br\/programmadur\/war-al-leurenn-gant-krismenn\/"]}]},{"@type":"ImageObject","inLanguage":"br","@id":"https:\/\/yaouank.bzh\/br\/programmadur\/war-al-leurenn-gant-krismenn\/#primaryimage","url":"https:\/\/yaouank.bzh\/wp-content\/uploads\/2025\/09\/41-1024x717.png","contentUrl":"https:\/\/yaouank.bzh\/wp-content\/uploads\/2025\/09\/41-1024x717.png"},{"@type":"BreadcrumbList","@id":"https:\/\/yaouank.bzh\/br\/programmadur\/war-al-leurenn-gant-krismenn\/#breadcrumb","itemListElement":[{"@type":"ListItem","position":1,"name":"Degemer","item":"https:\/\/yaouank.bzh\/"},{"@type":"ListItem","position":2,"name":"Programmadur","item":"https:\/\/yaouank.bzh\/programmation\/"},{"@type":"ListItem","position":3,"name":"War al leurenn gant\u2026 Krismenn"}]},{"@type":"WebSite","@id":"https:\/\/yaouank.bzh\/br\/#website","url":"https:\/\/yaouank.bzh\/br\/","name":"YAOUANK","description":"2025","publisher":{"@id":"https:\/\/yaouank.bzh\/br\/#organization"},"potentialAction":[{"@type":"SearchAction","target":{"@type":"EntryPoint","urlTemplate":"https:\/\/yaouank.bzh\/br\/?s={search_term_string}"},"query-input":{"@type":"PropertyValueSpecification","valueRequired":true,"valueName":"search_term_string"}}],"inLanguage":"br"},{"@type":"Organization","@id":"https:\/\/yaouank.bzh\/br\/#organization","name":"YAOUANK","url":"https:\/\/yaouank.bzh\/br\/","logo":{"@type":"ImageObject","inLanguage":"br","@id":"https:\/\/yaouank.bzh\/br\/#\/schema\/logo\/image\/","url":"https:\/\/yaouank.bzh\/wp-content\/uploads\/2024\/09\/Yaouank-TITRE-25.png","contentUrl":"https:\/\/yaouank.bzh\/wp-content\/uploads\/2024\/09\/Yaouank-TITRE-25.png","width":2362,"height":1181,"caption":"YAOUANK"},"image":{"@id":"https:\/\/yaouank.bzh\/br\/#\/schema\/logo\/image\/"},"sameAs":["https:\/\/www.facebook.com\/YA0UANK\/?fref=ts","https:\/\/x.com\/yaouank","https:\/\/www.instagram.com\/yaouank_\/"]}]}},"_links":{"self":[{"href":"https:\/\/yaouank.bzh\/br\/wp-json\/wp\/v2\/pages\/9580","targetHints":{"allow":["GET"]}}],"collection":[{"href":"https:\/\/yaouank.bzh\/br\/wp-json\/wp\/v2\/pages"}],"about":[{"href":"https:\/\/yaouank.bzh\/br\/wp-json\/wp\/v2\/types\/page"}],"author":[{"embeddable":true,"href":"https:\/\/yaouank.bzh\/br\/wp-json\/wp\/v2\/users\/1"}],"replies":[{"embeddable":true,"href":"https:\/\/yaouank.bzh\/br\/wp-json\/wp\/v2\/comments?post=9580"}],"version-history":[{"count":7,"href":"https:\/\/yaouank.bzh\/br\/wp-json\/wp\/v2\/pages\/9580\/revisions"}],"predecessor-version":[{"id":9790,"href":"https:\/\/yaouank.bzh\/br\/wp-json\/wp\/v2\/pages\/9580\/revisions\/9790"}],"up":[{"embeddable":true,"href":"https:\/\/yaouank.bzh\/br\/wp-json\/wp\/v2\/pages\/8939"}],"wp:attachment":[{"href":"https:\/\/yaouank.bzh\/br\/wp-json\/wp\/v2\/media?parent=9580"}],"curies":[{"name":"wp","href":"https:\/\/api.w.org\/{rel}","templated":true}]}}