{"id":9809,"date":"2025-06-20T19:23:31","date_gmt":"2025-06-20T18:23:31","guid":{"rendered":"https:\/\/yaouank.bzh\/?page_id=9809"},"modified":"2025-10-15T14:36:06","modified_gmt":"2025-10-15T13:36:06","slug":"infos-pratiques","status":"publish","type":"page","link":"https:\/\/yaouank.bzh\/br\/titourou\/","title":{"rendered":"Titouro\u00f9"},"content":{"rendered":"\t\t<div data-elementor-type=\"wp-page\" data-elementor-id=\"9809\" class=\"elementor elementor-9809\">\n\t\t\t\t<div class=\"elementor-element elementor-element-a6d1b47 e-flex e-con-boxed e-con e-parent\" data-id=\"a6d1b47\" data-element_type=\"container\">\n\t\t\t\t\t<div class=\"e-con-inner\">\n\t\t\t\t<div class=\"elementor-element elementor-element-19ece1b elementor-widget elementor-widget-heading\" data-id=\"19ece1b\" data-element_type=\"widget\" data-widget_type=\"heading.default\">\n\t\t\t\t<div class=\"elementor-widget-container\">\n\t\t\t\t\t<h1 class=\"elementor-heading-title elementor-size-default\">Infos pratiques \u2013 Fest-Noz Yaouank au Libert\u00e9 - 18 octobre 2025<\/h1>\t\t\t\t<\/div>\n\t\t\t\t<\/div>\n\t\t\t\t\t<\/div>\n\t\t\t\t<\/div>\n\t\t<div class=\"elementor-element elementor-element-aa9a6a7 e-flex e-con-boxed e-con e-parent\" data-id=\"aa9a6a7\" data-element_type=\"container\">\n\t\t\t\t\t<div class=\"e-con-inner\">\n\t\t\t\t<div class=\"elementor-element elementor-element-d2460f9 elementor-widget elementor-widget-heading\" data-id=\"d2460f9\" data-element_type=\"widget\" data-widget_type=\"heading.default\">\n\t\t\t\t<div class=\"elementor-widget-container\">\n\t\t\t\t\t<h2 class=\"elementor-heading-title elementor-size-default\">\ud83d\udccd Lieu<\/h2>\t\t\t\t<\/div>\n\t\t\t\t<\/div>\n\t\t\t\t<div class=\"elementor-element elementor-element-0e43d5c elementor-widget elementor-widget-text-editor\" data-id=\"0e43d5c\" data-element_type=\"widget\" data-widget_type=\"text-editor.default\">\n\t\t\t\t<div class=\"elementor-widget-container\">\n\t\t\t\t\t\t\t\t\t<p>Le Fest-Noz de cl\u00f4ture de <b>Yaouank<\/b> se d\u00e9roule au <b>Libert\u00e9<\/b>, en plein c\u0153ur de Rennes, situ\u00e9 \u00e0 proximit\u00e9 imm\u00e9diate de la gare et du m\u00e9tro, avec de nombreux acc\u00e8s en transports en commun et parkings alentour.\u00a0<\/p>\t\t\t\t\t\t\t\t<\/div>\n\t\t\t\t<\/div>\n\t\t\t\t\t<\/div>\n\t\t\t\t<\/div>\n\t\t<div class=\"elementor-element elementor-element-c535443 e-flex e-con-boxed e-con e-parent\" data-id=\"c535443\" data-element_type=\"container\">\n\t\t\t\t\t<div class=\"e-con-inner\">\n\t\t\t\t<div class=\"elementor-element elementor-element-193b854 elementor-widget elementor-widget-heading\" data-id=\"193b854\" data-element_type=\"widget\" data-widget_type=\"heading.default\">\n\t\t\t\t<div class=\"elementor-widget-container\">\n\t\t\t\t\t<h2 class=\"elementor-heading-title elementor-size-default\">\ud83d\udd57 Horaires<\/h2>\t\t\t\t<\/div>\n\t\t\t\t<\/div>\n\t\t\t\t<div class=\"elementor-element elementor-element-3fa452f elementor-widget elementor-widget-text-editor\" data-id=\"3fa452f\" data-element_type=\"widget\" data-widget_type=\"text-editor.default\">\n\t\t\t\t<div class=\"elementor-widget-container\">\n\t\t\t\t\t\t\t\t\t<p><b>Ouverture des portes<\/b> : 15h30<\/p><p><b>D\u00e9but du fest-noz<\/b> : 15h45<br \/><b><\/b><\/p><p><b>Fin <\/b>: 5h15<\/p>\t\t\t\t\t\t\t\t<\/div>\n\t\t\t\t<\/div>\n\t\t\t\t\t<\/div>\n\t\t\t\t<\/div>\n\t\t<div class=\"elementor-element elementor-element-cb79075 e-flex e-con-boxed e-con e-parent\" data-id=\"cb79075\" data-element_type=\"container\">\n\t\t\t\t\t<div class=\"e-con-inner\">\n\t\t\t\t<div class=\"elementor-element elementor-element-5626962 elementor-widget elementor-widget-heading\" data-id=\"5626962\" data-element_type=\"widget\" data-widget_type=\"heading.default\">\n\t\t\t\t<div class=\"elementor-widget-container\">\n\t\t\t\t\t<h2 class=\"elementor-heading-title elementor-size-default\">\ud83c\udf9f Billetterie<\/h2>\t\t\t\t<\/div>\n\t\t\t\t<\/div>\n\t\t\t\t<div class=\"elementor-element elementor-element-3f711b2 elementor-widget elementor-widget-text-editor\" data-id=\"3f711b2\" data-element_type=\"widget\" data-widget_type=\"text-editor.default\">\n\t\t\t\t<div class=\"elementor-widget-container\">\n\t\t\t\t\t\t\t\t\t<ul><li aria-level=\"1\"><b>Pr\u00e9vente<\/b> : en ligne sur <a href=\"https:\/\/yaouank.bzh\/billetterie\/\">yaouank.bzh\/billetterie<\/a> et dans les points de vente habituels<br \/><span style=\"font-size: 10pt;\"><i><i>Billets \u00e9galement en vente dans les r\u00e9seaux Dispobillet (Fnac, G\u00e9ant-Casino, Magasins U, Intermarch\u00e9), TicketMaster (Espaces Culturels Leclerc, Carrefour, Cultura), seetickets.com, Destination Rennes* et le Libert\u00e9*<\/i><\/i><\/span><p><span style=\"font-size: 10pt;\"><i>*Tarif Sortir! disponible uniquement sur ces points de vente<\/i><\/span><\/p><\/li><\/ul><ul><li aria-level=\"1\"><b>Sur place<\/b> : billetterie ouverte \u00e0 l\u2019entr\u00e9e du site. Pour les billets gratuits, merci de s\u2019y pr\u00e9senter \u00e9galement (dans la limite des places disponibles)<\/li><li aria-level=\"1\">Merci de pr\u00e9parer votre billet imprim\u00e9 ou votre e-billet (smartphone) pour un acc\u00e8s plus fluide.<\/li><\/ul>\t\t\t\t\t\t\t\t<\/div>\n\t\t\t\t<\/div>\n\t\t\t\t\t<\/div>\n\t\t\t\t<\/div>\n\t\t<div class=\"elementor-element elementor-element-a599d29 e-flex e-con-boxed e-con e-parent\" data-id=\"a599d29\" data-element_type=\"container\">\n\t\t\t\t\t<div class=\"e-con-inner\">\n\t\t\t\t<div class=\"elementor-element elementor-element-86330c5 elementor-widget elementor-widget-heading\" data-id=\"86330c5\" data-element_type=\"widget\" data-widget_type=\"heading.default\">\n\t\t\t\t<div class=\"elementor-widget-container\">\n\t\t\t\t\t<h2 class=\"elementor-heading-title elementor-size-default\">\ud83d\ude87 Acc\u00e8s &amp; transports<\/h2>\t\t\t\t<\/div>\n\t\t\t\t<\/div>\n\t\t\t\t<div class=\"elementor-element elementor-element-ab31bb8 elementor-widget elementor-widget-text-editor\" data-id=\"ab31bb8\" data-element_type=\"widget\" data-widget_type=\"text-editor.default\">\n\t\t\t\t<div class=\"elementor-widget-container\">\n\t\t\t\t\t\t\t\t\t<h4><b>En m\u00e9tro<\/b><\/h4><ul><li aria-level=\"1\">Ligne A \u2013 station <b>Charles de Gaulle<\/b>, situ\u00e9e juste devant le Libert\u00e9<\/li><li aria-level=\"1\">Informations sur <a href=\"https:\/\/www.star.fr\/\">Star.fr<\/a><\/li><\/ul><h4><b>En bus<\/b><\/h4><ul><li aria-level=\"1\">Arr\u00eat <b>R\u00e9publique<\/b> (lignes principales) \u00e0 5 minutes \u00e0 pied : C2, C3, 53, 55<\/li><li aria-level=\"1\">Nombreuses lignes de nuit \u00e0 disposition : N1, N2, N3, N4, N5<\/li><\/ul><h4><b>En train<\/b><\/h4><ul><li aria-level=\"1\">Gare de Rennes \u00e0 10 minutes \u00e0 pied<\/li><\/ul><h4><b>En v\u00e9lo<\/b><\/h4><ul><li aria-level=\"1\">Stations <b>V\u00e9loStar<\/b> \u00e0 proximit\u00e9 imm\u00e9diate<\/li><\/ul><h4><b>En voiture<\/b><\/h4><ul><li aria-level=\"1\">Parkings souterrains payants \u00e0 proximit\u00e9 : Charles de Gaulle, Colombier<\/li><li aria-level=\"1\">Co-voiturage \u00e0 privil\u00e9gier<\/li><li aria-level=\"1\">Informations sur <a href=\"http:\/\/c-park.fr\" target=\"_blank\" rel=\"noopener\">c-park.fr<\/a><\/li><\/ul><h4><b>Campings-cars\u00a0<\/b><\/h4><ul><li>Informations sur <a href=\"https:\/\/www.tourisme-rennes.com\/infos-pratiques\/camping-car-stationnement\/\" target=\"_blank\" rel=\"noopener\">Destination Rennes<\/a><\/li><\/ul>\t\t\t\t\t\t\t\t<\/div>\n\t\t\t\t<\/div>\n\t\t\t\t\t<\/div>\n\t\t\t\t<\/div>\n\t\t<div class=\"elementor-element elementor-element-62ee567 e-flex e-con-boxed e-con e-parent\" data-id=\"62ee567\" data-element_type=\"container\">\n\t\t\t\t\t<div class=\"e-con-inner\">\n\t\t\t\t<div class=\"elementor-element elementor-element-295ee10 elementor-widget elementor-widget-heading\" data-id=\"295ee10\" data-element_type=\"widget\" data-widget_type=\"heading.default\">\n\t\t\t\t<div class=\"elementor-widget-container\">\n\t\t\t\t\t<h2 class=\"elementor-heading-title elementor-size-default\">\ud83d\udecf\ufe0f H\u00e9bergement<\/h2>\t\t\t\t<\/div>\n\t\t\t\t<\/div>\n\t\t\t\t<div class=\"elementor-element elementor-element-06c14e0 elementor-widget elementor-widget-text-editor\" data-id=\"06c14e0\" data-element_type=\"widget\" data-widget_type=\"text-editor.default\">\n\t\t\t\t<div class=\"elementor-widget-container\">\n\t\t\t\t\t\t\t\t\t<p>Informations sur <a href=\"https:\/\/www.tourisme-rennes.com\/infos-pratiques\/camping-car-stationnement\/\" target=\"_blank\" rel=\"noopener\">Destination Rennes<\/a><\/p>\t\t\t\t\t\t\t\t<\/div>\n\t\t\t\t<\/div>\n\t\t\t\t\t<\/div>\n\t\t\t\t<\/div>\n\t\t<div class=\"elementor-element elementor-element-5bdb5b7 e-flex e-con-boxed e-con e-parent\" data-id=\"5bdb5b7\" data-element_type=\"container\">\n\t\t\t\t\t<div class=\"e-con-inner\">\n\t\t\t\t<div class=\"elementor-element elementor-element-b809aa2 elementor-widget elementor-widget-heading\" data-id=\"b809aa2\" data-element_type=\"widget\" data-widget_type=\"heading.default\">\n\t\t\t\t<div class=\"elementor-widget-container\">\n\t\t\t\t\t<h2 class=\"elementor-heading-title elementor-size-default\">\ud83e\udd64 Sur place<\/h2>\t\t\t\t<\/div>\n\t\t\t\t<\/div>\n\t\t\t\t<div class=\"elementor-element elementor-element-94ec135 elementor-widget elementor-widget-text-editor\" data-id=\"94ec135\" data-element_type=\"widget\" data-widget_type=\"text-editor.default\">\n\t\t\t\t<div class=\"elementor-widget-container\">\n\t\t\t\t\t\t\t\t\t<ul><li aria-level=\"1\"><b>Bars<\/b> : boissons locales, bi\u00e8res bretonnes, softs, bar \u00e0 eau<\/li><li aria-level=\"1\"><b>Restauration<\/b> : cr\u00eapes, galettes et petite restauration disponibles toute la soir\u00e9e.<\/li><\/ul><p><span style=\"color: #bd445b;\">En mangeant sur place, vous soutenez directement l\u2019association et le festival : chaque repas et chaque boisson consomm\u00e9s sont une fa\u00e7on de contribuer \u00e0 la r\u00e9ussite de l\u2019\u00e9v\u00e9nement. Merci de jouer le jeu en ne venant pas avec de la nourriture ext\u00e9rieure !<\/span><\/p><ul><li aria-level=\"1\"><b>Vestiaire<\/b> : dans la limite des places disponibles : 1\u20ac &#8211; v\u00eatements et petits objets, 2\u20ac &#8211; casques, gros sacs \/ valises<\/li><li aria-level=\"1\"><b>Merchandising <\/b>artistes<\/li><li aria-level=\"1\">Stands associations<\/li><\/ul>\t\t\t\t\t\t\t\t<\/div>\n\t\t\t\t<\/div>\n\t\t\t\t\t<\/div>\n\t\t\t\t<\/div>\n\t\t<div class=\"elementor-element elementor-element-fde374e e-flex e-con-boxed e-con e-parent\" data-id=\"fde374e\" data-element_type=\"container\">\n\t\t\t\t\t<div class=\"e-con-inner\">\n\t\t\t\t<div class=\"elementor-element elementor-element-152a391 elementor-widget elementor-widget-heading\" data-id=\"152a391\" data-element_type=\"widget\" data-widget_type=\"heading.default\">\n\t\t\t\t<div class=\"elementor-widget-container\">\n\t\t\t\t\t<h2 class=\"elementor-heading-title elementor-size-default\">\ud83d\udd1e Acc\u00e8s &amp; s\u00e9curit\u00e9<\/h2>\t\t\t\t<\/div>\n\t\t\t\t<\/div>\n\t\t\t\t<div class=\"elementor-element elementor-element-6eab047 elementor-widget elementor-widget-text-editor\" data-id=\"6eab047\" data-element_type=\"widget\" data-widget_type=\"text-editor.default\">\n\t\t\t\t<div class=\"elementor-widget-container\">\n\t\t\t\t\t\t\t\t\t<ul><li aria-level=\"1\"><b>Les mineurs<\/b> <b>de -15 ans<\/b> doivent \u00eatre accompagn\u00e9\u00b7e\u00b7s d\u2019un adulte responsable<br \/><br \/><\/li><li aria-level=\"1\"><b>Contr\u00f4le d\u2019identit\u00e9<\/b> possible \u00e0 l\u2019entr\u00e9e<br \/><br \/><\/li><li aria-level=\"1\">Toute sortie est <b>d\u00e9finitive<\/b><b><br \/><br \/><\/b><\/li><li aria-level=\"1\">Respect des consignes du personnel et des r\u00e8gles de s\u00e9curit\u00e9 en vigueur<\/li><\/ul>\t\t\t\t\t\t\t\t<\/div>\n\t\t\t\t<\/div>\n\t\t\t\t\t<\/div>\n\t\t\t\t<\/div>\n\t\t<div class=\"elementor-element elementor-element-bcc58a2 e-flex e-con-boxed e-con e-parent\" data-id=\"bcc58a2\" data-element_type=\"container\">\n\t\t\t\t\t<div class=\"e-con-inner\">\n\t\t\t\t<div class=\"elementor-element elementor-element-77ab6ed elementor-widget elementor-widget-heading\" data-id=\"77ab6ed\" data-element_type=\"widget\" data-widget_type=\"heading.default\">\n\t\t\t\t<div class=\"elementor-widget-container\">\n\t\t\t\t\t<h2 class=\"elementor-heading-title elementor-size-default\">\ud83e\uddbb Pr\u00e9vention<\/h2>\t\t\t\t<\/div>\n\t\t\t\t<\/div>\n\t\t\t\t<div class=\"elementor-element elementor-element-d8efd25 elementor-widget elementor-widget-text-editor\" data-id=\"d8efd25\" data-element_type=\"widget\" data-widget_type=\"text-editor.default\">\n\t\t\t\t<div class=\"elementor-widget-container\">\n\t\t\t\t\t\t\t\t\t<ul><li aria-level=\"1\"><b>Pr\u00e9v\u2019en Ville\u00a0<\/b><\/li><\/ul><ul><li aria-level=\"1\"><b>Casques et bouchons d\u2019oreilles<\/b><\/li><\/ul><ul><li aria-level=\"1\"><b>Casques <\/b>pour enfants (contre caution)<\/li><\/ul><ul><li aria-level=\"1\"><b>Gilets vibrants et boucles \u00e9lectromagn\u00e9tiques <\/b>\u00e0 disposition (r\u00e9servation \u00e0 <a href=\"mailto:contact@skeudenn.bzh\">contact@skeudenn.bzh<\/a>)<\/li><\/ul><p><b><\/b>Le festival Yaouank a \u00e0 c\u0153ur de traiter ce sujet important en mettant en place une \u00e9quipe d\u00e9di\u00e9e pour rendre l\u2019\u00e9v\u00e9nement plus s\u00fbr ; cette \u00e9quipe m\u00e8nera \u00e9galement une maraude tout au long du festival. Une <b>safe-zone<\/b> sera mise en place pour les personnes victimes et t\u00e9moins de comportements violents, discriminations et \/ ou oppressifs et ayant besoin d\u2019un endroit calme et d\u2019\u00e9coute.\u00a0<\/p><p><span style=\"color: #bd445b;\">Si tu es victime ou t\u00e9moin : tu peux appeler ou envoyer un message \u00e0 Ad\u00e9la\u00efde au <strong>06.49.61.50.35<\/strong> ou demander <strong>ANGELA<\/strong> \u00e0 n&#8217;importe qui de l&#8217;organisation (s\u00e9curit\u00e9, personne avec un t-shirt Yaouank, SNSM, Prev&#8217;en ville).\u00a0<\/span><\/p>\t\t\t\t\t\t\t\t<\/div>\n\t\t\t\t<\/div>\n\t\t\t\t\t<\/div>\n\t\t\t\t<\/div>\n\t\t<div class=\"elementor-element elementor-element-32b8af5 e-flex e-con-boxed e-con e-parent\" data-id=\"32b8af5\" data-element_type=\"container\">\n\t\t\t\t\t<div class=\"e-con-inner\">\n\t\t\t\t<div class=\"elementor-element elementor-element-5e1f33e elementor-widget elementor-widget-heading\" data-id=\"5e1f33e\" data-element_type=\"widget\" data-widget_type=\"heading.default\">\n\t\t\t\t<div class=\"elementor-widget-container\">\n\t\t\t\t\t<h2 class=\"elementor-heading-title elementor-size-default\">\ud83d\udeab Objets interdits<\/h2>\t\t\t\t<\/div>\n\t\t\t\t<\/div>\n\t\t\t\t<div class=\"elementor-element elementor-element-1ac5d61 elementor-widget elementor-widget-text-editor\" data-id=\"1ac5d61\" data-element_type=\"widget\" data-widget_type=\"text-editor.default\">\n\t\t\t\t<div class=\"elementor-widget-container\">\n\t\t\t\t\t\t\t\t\t<p>Liquides explosifs ou inflammables, armes, objets tranchants ou contondants pouvant se r\u00e9v\u00e9ler dangereux, drones, drogues et alcool, nourriture, valises, bouteilles en verre et de plus de 50 cl, cannettes, a\u00e9rosols, fumig\u00e8nes.<\/p>\t\t\t\t\t\t\t\t<\/div>\n\t\t\t\t<\/div>\n\t\t\t\t\t<\/div>\n\t\t\t\t<\/div>\n\t\t\t\t<\/div>\n\t\t","protected":false},"excerpt":{"rendered":"<p>\u00c0 propos Skeudenn Bro Roazhon Entente culturelle bretonne du Pays de Rennes L&#8217;association Skeudenn Bro Roazhon s\u2019est donn\u00e9e pour mission de rassembler, d\u2019animer, d\u2019encourager et de susciter toutes les expressions [&hellip;]<\/p>\n","protected":false},"author":1,"featured_media":0,"parent":0,"menu_order":0,"comment_status":"closed","ping_status":"closed","template":"","meta":{"site-sidebar-layout":"no-sidebar","site-content-layout":"","ast-site-content-layout":"full-width-container","site-content-style":"default","site-sidebar-style":"default","ast-global-header-display":"","ast-banner-title-visibility":"","ast-main-header-display":"","ast-hfb-above-header-display":"","ast-hfb-below-header-display":"","ast-hfb-mobile-header-display":"","site-post-title":"disabled","ast-breadcrumbs-content":"","ast-featured-img":"disabled","footer-sml-layout":"","theme-transparent-header-meta":"default","adv-header-id-meta":"","stick-header-meta":"","header-above-stick-meta":"","header-main-stick-meta":"","header-below-stick-meta":"","astra-migrate-meta-layouts":"set","ast-page-background-enabled":"default","ast-page-background-meta":{"desktop":{"background-color":"var(--ast-global-color-5)","background-image":"","background-repeat":"repeat","background-position":"center center","background-size":"auto","background-attachment":"scroll","background-type":"","background-media":"","overlay-type":"","overlay-color":"","overlay-opacity":"","overlay-gradient":""},"tablet":{"background-color":"","background-image":"","background-repeat":"repeat","background-position":"center center","background-size":"auto","background-attachment":"scroll","background-type":"","background-media":"","overlay-type":"","overlay-color":"","overlay-opacity":"","overlay-gradient":""},"mobile":{"background-color":"","background-image":"","background-repeat":"repeat","background-position":"center center","background-size":"auto","background-attachment":"scroll","background-type":"","background-media":"","overlay-type":"","overlay-color":"","overlay-opacity":"","overlay-gradient":""}},"ast-content-background-meta":{"desktop":{"background-color":"var(--ast-global-color-4)","background-image":"","background-repeat":"repeat","background-position":"center center","background-size":"auto","background-attachment":"scroll","background-type":"","background-media":"","overlay-type":"","overlay-color":"","overlay-opacity":"","overlay-gradient":""},"tablet":{"background-color":"var(--ast-global-color-4)","background-image":"","background-repeat":"repeat","background-position":"center center","background-size":"auto","background-attachment":"scroll","background-type":"","background-media":"","overlay-type":"","overlay-color":"","overlay-opacity":"","overlay-gradient":""},"mobile":{"background-color":"var(--ast-global-color-4)","background-image":"","background-repeat":"repeat","background-position":"center center","background-size":"auto","background-attachment":"scroll","background-type":"","background-media":"","overlay-type":"","overlay-color":"","overlay-opacity":"","overlay-gradient":""}},"footnotes":""},"class_list":["post-9809","page","type-page","status-publish","hentry"],"yoast_head":"<!-- This site is optimized with the Yoast SEO plugin v25.3 - https:\/\/yoast.com\/wordpress\/plugins\/seo\/ -->\n<title>Titouro\u00f9 - YAOUANK<\/title>\n<meta name=\"robots\" content=\"index, follow, max-snippet:-1, max-image-preview:large, max-video-preview:-1\" \/>\n<meta property=\"og:locale\" content=\"en_US\" \/>\n<meta property=\"og:type\" content=\"article\" \/>\n<meta property=\"og:title\" content=\"Titouro\u00f9 - YAOUANK\" \/>\n<meta property=\"og:url\" content=\"https:\/\/yaouank.bzh\/br\/titourou\/\" \/>\n<meta property=\"og:site_name\" content=\"YAOUANK\" \/>\n<meta property=\"article:publisher\" content=\"https:\/\/www.facebook.com\/YA0UANK\/?fref=ts\" \/>\n<meta property=\"article:modified_time\" content=\"2025-10-15T13:36:06+00:00\" \/>\n<meta property=\"og:image\" content=\"https:\/\/yaouank.bzh\/wp-content\/uploads\/2021\/11\/LOGO-SKEUDENN_Plan-de-travail-1.png\" \/>\n<meta name=\"twitter:card\" content=\"summary_large_image\" \/>\n<meta name=\"twitter:site\" content=\"@yaouank\" \/>\n<meta name=\"twitter:label1\" content=\"Est. reading time\" \/>\n\t<meta name=\"twitter:data1\" content=\"5 minutes\" \/>\n<script type=\"application\/ld+json\" class=\"yoast-schema-graph\">{\"@context\":\"https:\/\/schema.org\",\"@graph\":[{\"@type\":\"WebPage\",\"@id\":\"https:\/\/yaouank.bzh\/br\/br\/titourou\/\",\"url\":\"https:\/\/yaouank.bzh\/br\/br\/titourou\/\",\"name\":\"Infos pratiques - YAOUANK\",\"isPartOf\":{\"@id\":\"https:\/\/yaouank.bzh\/#website\"},\"primaryImageOfPage\":{\"@id\":\"https:\/\/yaouank.bzh\/br\/titourou\/#primaryimage\"},\"image\":{\"@id\":\"https:\/\/yaouank.bzh\/br\/titourou\/#primaryimage\"},\"thumbnailUrl\":\"https:\/\/yaouank.bzh\/wp-content\/uploads\/2021\/11\/LOGO-SKEUDENN_Plan-de-travail-1.png\",\"datePublished\":\"2025-06-20T18:23:31+00:00\",\"dateModified\":\"2025-10-15T13:36:06+00:00\",\"breadcrumb\":{\"@id\":\"https:\/\/yaouank.bzh\/br\/titourou\/#breadcrumb\"},\"inLanguage\":\"br\",\"potentialAction\":[{\"@type\":\"ReadAction\",\"target\":[\"https:\/\/yaouank.bzh\/br\/titourou\/\"]}]},{\"@type\":\"ImageObject\",\"inLanguage\":\"br\",\"@id\":\"https:\/\/yaouank.bzh\/br\/titourou\/#primaryimage\",\"url\":\"https:\/\/yaouank.bzh\/wp-content\/uploads\/2021\/11\/LOGO-SKEUDENN_Plan-de-travail-1.png\",\"contentUrl\":\"https:\/\/yaouank.bzh\/wp-content\/uploads\/2021\/11\/LOGO-SKEUDENN_Plan-de-travail-1.png\"},{\"@type\":\"BreadcrumbList\",\"@id\":\"https:\/\/yaouank.bzh\/br\/titourou\/#breadcrumb\",\"itemListElement\":[{\"@type\":\"ListItem\",\"position\":1,\"name\":\"Degemer\",\"item\":\"https:\/\/yaouank.bzh\/\"},{\"@type\":\"ListItem\",\"position\":2,\"name\":\"Titouro\u00f9\"}]},{\"@type\":\"WebSite\",\"@id\":\"https:\/\/yaouank.bzh\/br\/#website\",\"url\":\"https:\/\/yaouank.bzh\/br\/\",\"name\":\"YAOUANK\",\"description\":\"2025\",\"publisher\":{\"@id\":\"https:\/\/yaouank.bzh\/br\/#organization\"},\"potentialAction\":[{\"@type\":\"SearchAction\",\"target\":{\"@type\":\"EntryPoint\",\"urlTemplate\":\"https:\/\/yaouank.bzh\/br\/?s={search_term_string}\"},\"query-input\":{\"@type\":\"PropertyValueSpecification\",\"valueRequired\":true,\"valueName\":\"search_term_string\"}}],\"inLanguage\":\"br\"},{\"@type\":\"Organization\",\"@id\":\"https:\/\/yaouank.bzh\/br\/#organization\",\"name\":\"YAOUANK\",\"url\":\"https:\/\/yaouank.bzh\/br\/\",\"logo\":{\"@type\":\"ImageObject\",\"inLanguage\":\"br\",\"@id\":\"https:\/\/yaouank.bzh\/br\/#\/schema\/logo\/image\/\",\"url\":\"https:\/\/yaouank.bzh\/wp-content\/uploads\/2024\/09\/Yaouank-TITRE-25.png\",\"contentUrl\":\"https:\/\/yaouank.bzh\/wp-content\/uploads\/2024\/09\/Yaouank-TITRE-25.png\",\"width\":2362,\"height\":1181,\"caption\":\"YAOUANK\"},\"image\":{\"@id\":\"https:\/\/yaouank.bzh\/br\/#\/schema\/logo\/image\/\"},\"sameAs\":[\"https:\/\/www.facebook.com\/YA0UANK\/?fref=ts\",\"https:\/\/x.com\/yaouank\",\"https:\/\/www.instagram.com\/yaouank_\/\"]}]}<\/script>\n<!-- \/ Yoast SEO plugin. -->","yoast_head_json":{"title":"Titouro\u00f9 - YAOUANK","robots":{"index":"index","follow":"follow","max-snippet":"max-snippet:-1","max-image-preview":"max-image-preview:large","max-video-preview":"max-video-preview:-1"},"og_locale":"en_US","og_type":"article","og_title":"Titouro\u00f9 - YAOUANK","og_url":"https:\/\/yaouank.bzh\/br\/titourou\/","og_site_name":"YAOUANK","article_publisher":"https:\/\/www.facebook.com\/YA0UANK\/?fref=ts","article_modified_time":"2025-10-15T13:36:06+00:00","og_image":[{"url":"https:\/\/yaouank.bzh\/wp-content\/uploads\/2021\/11\/LOGO-SKEUDENN_Plan-de-travail-1.png","type":"","width":"","height":""}],"twitter_card":"summary_large_image","twitter_site":"@yaouank","twitter_misc":{"Est. reading time":"5 minutes"},"schema":{"@context":"https:\/\/schema.org","@graph":[{"@type":"WebPage","@id":"https:\/\/yaouank.bzh\/br\/br\/titourou\/","url":"https:\/\/yaouank.bzh\/br\/br\/titourou\/","name":"Infos pratiques - YAOUANK","isPartOf":{"@id":"https:\/\/yaouank.bzh\/#website"},"primaryImageOfPage":{"@id":"https:\/\/yaouank.bzh\/br\/titourou\/#primaryimage"},"image":{"@id":"https:\/\/yaouank.bzh\/br\/titourou\/#primaryimage"},"thumbnailUrl":"https:\/\/yaouank.bzh\/wp-content\/uploads\/2021\/11\/LOGO-SKEUDENN_Plan-de-travail-1.png","datePublished":"2025-06-20T18:23:31+00:00","dateModified":"2025-10-15T13:36:06+00:00","breadcrumb":{"@id":"https:\/\/yaouank.bzh\/br\/titourou\/#breadcrumb"},"inLanguage":"br","potentialAction":[{"@type":"ReadAction","target":["https:\/\/yaouank.bzh\/br\/titourou\/"]}]},{"@type":"ImageObject","inLanguage":"br","@id":"https:\/\/yaouank.bzh\/br\/titourou\/#primaryimage","url":"https:\/\/yaouank.bzh\/wp-content\/uploads\/2021\/11\/LOGO-SKEUDENN_Plan-de-travail-1.png","contentUrl":"https:\/\/yaouank.bzh\/wp-content\/uploads\/2021\/11\/LOGO-SKEUDENN_Plan-de-travail-1.png"},{"@type":"BreadcrumbList","@id":"https:\/\/yaouank.bzh\/br\/titourou\/#breadcrumb","itemListElement":[{"@type":"ListItem","position":1,"name":"Degemer","item":"https:\/\/yaouank.bzh\/"},{"@type":"ListItem","position":2,"name":"Titouro\u00f9"}]},{"@type":"WebSite","@id":"https:\/\/yaouank.bzh\/br\/#website","url":"https:\/\/yaouank.bzh\/br\/","name":"YAOUANK","description":"2025","publisher":{"@id":"https:\/\/yaouank.bzh\/br\/#organization"},"potentialAction":[{"@type":"SearchAction","target":{"@type":"EntryPoint","urlTemplate":"https:\/\/yaouank.bzh\/br\/?s={search_term_string}"},"query-input":{"@type":"PropertyValueSpecification","valueRequired":true,"valueName":"search_term_string"}}],"inLanguage":"br"},{"@type":"Organization","@id":"https:\/\/yaouank.bzh\/br\/#organization","name":"YAOUANK","url":"https:\/\/yaouank.bzh\/br\/","logo":{"@type":"ImageObject","inLanguage":"br","@id":"https:\/\/yaouank.bzh\/br\/#\/schema\/logo\/image\/","url":"https:\/\/yaouank.bzh\/wp-content\/uploads\/2024\/09\/Yaouank-TITRE-25.png","contentUrl":"https:\/\/yaouank.bzh\/wp-content\/uploads\/2024\/09\/Yaouank-TITRE-25.png","width":2362,"height":1181,"caption":"YAOUANK"},"image":{"@id":"https:\/\/yaouank.bzh\/br\/#\/schema\/logo\/image\/"},"sameAs":["https:\/\/www.facebook.com\/YA0UANK\/?fref=ts","https:\/\/x.com\/yaouank","https:\/\/www.instagram.com\/yaouank_\/"]}]}},"_links":{"self":[{"href":"https:\/\/yaouank.bzh\/br\/wp-json\/wp\/v2\/pages\/9809","targetHints":{"allow":["GET"]}}],"collection":[{"href":"https:\/\/yaouank.bzh\/br\/wp-json\/wp\/v2\/pages"}],"about":[{"href":"https:\/\/yaouank.bzh\/br\/wp-json\/wp\/v2\/types\/page"}],"author":[{"embeddable":true,"href":"https:\/\/yaouank.bzh\/br\/wp-json\/wp\/v2\/users\/1"}],"replies":[{"embeddable":true,"href":"https:\/\/yaouank.bzh\/br\/wp-json\/wp\/v2\/comments?post=9809"}],"version-history":[{"count":11,"href":"https:\/\/yaouank.bzh\/br\/wp-json\/wp\/v2\/pages\/9809\/revisions"}],"predecessor-version":[{"id":9974,"href":"https:\/\/yaouank.bzh\/br\/wp-json\/wp\/v2\/pages\/9809\/revisions\/9974"}],"wp:attachment":[{"href":"https:\/\/yaouank.bzh\/br\/wp-json\/wp\/v2\/media?parent=9809"}],"curies":[{"name":"wp","href":"https:\/\/api.w.org\/{rel}","templated":true}]}}