{"id":6463,"date":"2021-09-07T09:24:39","date_gmt":"2021-09-07T08:24:39","guid":{"rendered":"https:\/\/yaouank.bzh\/?page_id=6463"},"modified":"2025-07-03T00:30:09","modified_gmt":"2025-07-02T23:30:09","slug":"politique-de-confidentialite","status":"publish","type":"page","link":"https:\/\/yaouank.bzh\/go\/politiqe-de-privezete\/","title":{"rendered":"Politiqe de privezet\u00eb"},"content":{"rendered":"\t\t<div data-elementor-type=\"wp-page\" data-elementor-id=\"6463\" class=\"elementor elementor-6463\">\n\t\t\t\t<div class=\"elementor-element elementor-element-3a845ed e-flex e-con-boxed e-con e-parent\" data-id=\"3a845ed\" data-element_type=\"container\">\n\t\t\t\t\t<div class=\"e-con-inner\">\n\t\t\t\t<div class=\"elementor-element elementor-element-13f4109 elementor-widget__width-inherit elementor-widget elementor-widget-heading\" data-id=\"13f4109\" data-element_type=\"widget\" data-widget_type=\"heading.default\">\n\t\t\t\t<div class=\"elementor-widget-container\">\n\t\t\t\t\t<h1 class=\"elementor-heading-title elementor-size-default\">Politiqe de privezet\u00eb<\/h1>\t\t\t\t<\/div>\n\t\t\t\t<\/div>\n\t\t\t\t\t<\/div>\n\t\t\t\t<\/div>\n\t\t<div class=\"elementor-element elementor-element-9fe76ca e-flex e-con-boxed e-con e-parent\" data-id=\"9fe76ca\" data-element_type=\"container\">\n\t\t\t\t\t<div class=\"e-con-inner\">\n\t\t\t\t<div class=\"elementor-element elementor-element-620b888 elementor-widget elementor-widget-heading\" data-id=\"620b888\" data-element_type=\"widget\" data-widget_type=\"heading.default\">\n\t\t\t\t<div class=\"elementor-widget-container\">\n\t\t\t\t\t<h2 class=\"elementor-heading-title elementor-size-default\">Qhi qe je somes ?<\/h2>\t\t\t\t<\/div>\n\t\t\t\t<\/div>\n\t\t\t\t<div class=\"elementor-element elementor-element-4991cf1 elementor-widget elementor-widget-text-editor\" data-id=\"4991cf1\" data-element_type=\"widget\" data-widget_type=\"text-editor.default\">\n\t\t\t\t<div class=\"elementor-widget-container\">\n\t\t\t\t\t\t\t\t\t<p>L\u2019aderce de n\u00f4tr emplla \u00e9t : <a href=\"https:\/\/yaouank.bzh\">https:\/\/yaouank.bzh<\/a>.<\/p>\t\t\t\t\t\t\t\t<\/div>\n\t\t\t\t<\/div>\n\t\t\t\t<div class=\"elementor-element elementor-element-cff8d09 elementor-widget elementor-widget-heading\" data-id=\"cff8d09\" data-element_type=\"widget\" data-widget_type=\"heading.default\">\n\t\t\t\t<div class=\"elementor-widget-container\">\n\t\t\t\t\t<h2 class=\"elementor-heading-title elementor-size-default\">Mencions<\/h2>\t\t\t\t<\/div>\n\t\t\t\t<\/div>\n\t\t\t\t<div class=\"elementor-element elementor-element-5efdc8e elementor-widget elementor-widget-text-editor\" data-id=\"5efdc8e\" data-element_type=\"widget\" data-widget_type=\"text-editor.default\">\n\t\t\t\t<div class=\"elementor-widget-container\">\n\t\t\t\t\t\t\t\t\t<p>Cant qe vous depouch\u00e9z eune mencion su n\u00f4tr emplla, les aqen\u00fbes merq\u00e9es den n\u00f4tr parch\u00e9e de mencion, v\u00f4tr aderce IP etout e l\u2019ajent d\u2019empllayou de v\u00f4tr naviouer sont rasserr\u00e9es a sour fin de nous a\u00efder a terouer les mencions nuizantes.<\/p><p>Un chan\u00e8 denom\u00eb lev\u00eb dep\u00e9s v\u00f4tr aderce de libou\u00e8te (\u00e7a q\u2019a nom hash etout) peut d\u2019\u00e9tr envay\u00eb ao service Gravatar a acertainer si qe v\u2019empllay\u00e9z le sien-la. Les cllaozes de privezet\u00eb du service Gravatar sont a v\u00f4tr amain il\u00eb : <a href=\"https:\/\/automattic.com\/privacy\/\">https:\/\/automattic.com\/privacy\/<\/a>. Apr\u00e9s d\u2019avair acertain\u00eb v\u00f4tr mencion, v\u00f4tr imaije de perfil sera vayabl par tertout c\u00f4t\u00eb de v\u00f4tr mencion.<\/p>\t\t\t\t\t\t\t\t<\/div>\n\t\t\t\t<\/div>\n\t\t\t\t<div class=\"elementor-element elementor-element-02b9604 elementor-widget elementor-widget-heading\" data-id=\"02b9604\" data-element_type=\"widget\" data-widget_type=\"heading.default\">\n\t\t\t\t<div class=\"elementor-widget-container\">\n\t\t\t\t\t<h2 class=\"elementor-heading-title elementor-size-default\">Medias<\/h2>\t\t\t\t<\/div>\n\t\t\t\t<\/div>\n\t\t\t\t<div class=\"elementor-element elementor-element-ecac592 elementor-widget elementor-widget-text-editor\" data-id=\"ecac592\" data-element_type=\"widget\" data-widget_type=\"text-editor.default\">\n\t\t\t\t<div class=\"elementor-widget-container\">\n\t\t\t\t\t\t\t\t\t<p>Si qe vous paiss\u00e9z des imaijes su l\u2019emplla, je vous consaillons de ne pouint paisser des imaijes q\u2019ont des aqen\u00fbe EXIF de ghiments GPS. Les siens qi vizitent v\u00f4tr emplla peuvent telecherjer e tirer des aqen\u00fbes de le\u00fb ded\u2019o les imaijes-la.<\/p>\t\t\t\t\t\t\t\t<\/div>\n\t\t\t\t<\/div>\n\t\t\t\t<div class=\"elementor-element elementor-element-e877014 elementor-widget elementor-widget-heading\" data-id=\"e877014\" data-element_type=\"widget\" data-widget_type=\"heading.default\">\n\t\t\t\t<div class=\"elementor-widget-container\">\n\t\t\t\t\t<h2 class=\"elementor-heading-title elementor-size-default\">Fllates<\/h2>\t\t\t\t<\/div>\n\t\t\t\t<\/div>\n\t\t\t\t<div class=\"elementor-element elementor-element-dbe85a0 elementor-widget elementor-widget-text-editor\" data-id=\"dbe85a0\" data-element_type=\"widget\" data-widget_type=\"text-editor.default\">\n\t\t\t\t<div class=\"elementor-widget-container\">\n\t\t\t\t\t\t\t\t\t<p>Si qe vous depouch\u00e9z eune mencion su n\u00f4tr emplla, en vous perp\u00f4zera d\u2019enguerner v\u00f4tr nom, v\u00f4tr aderce de libou\u00e8te e emplla den les fllates. \u00c7a q\u2019\u00e9t pouint ren qe pour qe \u00e7a vous seje d\u2019amain, a sour fin qe vous n\u2019ari\u00e9z pouint a ecri les ghiments-la d\u2019ertour si qe vous depouch\u00e9z eune aotr mencion pus tard. Les fllates-la sont tolie ao bout d\u2019eune an\u00e9e de temp.<\/p><p>Si qe vous vous terou\u00e9z su la paije d\u2019about\u00e9e, un fllate pour un temp sera f\u00e8t a sour fin d\u2019avizer si qe v\u00f4tr naviouer done sen assent \u00e9s fllates. N\u2019i a pouint aoqheune aqen\u00fbe personale en deden e i sera toli tout sou cant qe v\u00f4tr naviouer sera from\u00eb.<\/p><p>Cant qe vous abouter\u00e9z a l\u2019emplla, je mettrons a jouer qheuqes fllates a enguerner v\u00f4s ghiments d\u2019about\u00e9e e v\u00f4s regllaijes d\u2019ecran. Un fllate d\u2019about\u00e9e joue pour un coupl de jous, un fllate d\u2019opcion d\u2019ecran joue pour eune an\u00e9e de temp. Si qe vous tiq\u00e9z \u00ab S\u2019ermembrer de mai \u00bb, v\u00f4tr fllate d\u2019about\u00e9e sera pargard\u00eb durant un coupl de semaines. Si qe vous d\u00e9bout\u00e9z de v\u00f4tr conte, le fllate d\u2019about\u00e9e sera toli.<\/p><p>Come vous chanj\u00e9z ou baniss\u00e9z un messaije, un fllate de pus \u00e9t enguern\u00eb den v\u00f4tr naviouer. N\u2019i a pouint aoqheune aqen\u00fbe personale den le fllate-la. Il amontere ren qe l\u2019ID de la banie qe v\u2019av\u00e9z chanj\u00e9e. Il \u00e9t toli ao bout d\u2019eune journ\u00e9e de temp. <\/p>\t\t\t\t\t\t\t\t<\/div>\n\t\t\t\t<\/div>\n\t\t\t\t<div class=\"elementor-element elementor-element-ad1d0c3 elementor-widget elementor-widget-heading\" data-id=\"ad1d0c3\" data-element_type=\"widget\" data-widget_type=\"heading.default\">\n\t\t\t\t<div class=\"elementor-widget-container\">\n\t\t\t\t\t<h2 class=\"elementor-heading-title elementor-size-default\">Cai embarq\u00eb dep\u00e9s d\u2019aotrs empllas<\/h2>\t\t\t\t<\/div>\n\t\t\t\t<\/div>\n\t\t\t\t<div class=\"elementor-element elementor-element-f49fce7 elementor-widget elementor-widget-text-editor\" data-id=\"f49fce7\" data-element_type=\"widget\" data-widget_type=\"text-editor.default\">\n\t\t\t\t<div class=\"elementor-widget-container\">\n\t\t\t\t\t\t\t\t\t<p>Les articls de l\u2019emplla-la peuvent avair de cai encorpor\u00eb en deden (come \u00e7a seraet des videyos, des imaijes, des articls,&#8230;). Le cai encorpor\u00eb dep\u00e9s d\u2019aotrs empllas se tient parai come si qe le vizitou y\u2019alaet su l\u2019aotr emplla-la.<\/p><p>Les empllas de taile-la pouraent rasserrer des aqen\u00fbes raport a vous, empllayer des fllates, embarqer d\u2019aotr afutiaos pour sieuvr, sieuvr v\u00f4s enterje\u00fbs o le cai embarq\u00eb si qe v\u2019av\u00e9z un conte about\u00eb a lous emplla de taile.<\/p>\t\t\t\t\t\t\t\t<\/div>\n\t\t\t\t<\/div>\n\t\t\t\t<div class=\"elementor-element elementor-element-3aa51d8 elementor-widget elementor-widget-heading\" data-id=\"3aa51d8\" data-element_type=\"widget\" data-widget_type=\"heading.default\">\n\t\t\t\t<div class=\"elementor-widget-container\">\n\t\t\t\t\t<h2 class=\"elementor-heading-title elementor-size-default\">Empllayer e redoner v\u00f4s aqen\u00fbes personales<\/h2>\t\t\t\t<\/div>\n\t\t\t\t<\/div>\n\t\t\t\t<div class=\"elementor-element elementor-element-2b3a670 elementor-widget elementor-widget-text-editor\" data-id=\"2b3a670\" data-element_type=\"widget\" data-widget_type=\"text-editor.default\">\n\t\t\t\t<div class=\"elementor-widget-container\">\n\t\t\t\t\t\t\t\t\t<p>Si qe vous demand\u00e9z qe v\u00f4tr mot de p\u00e2sse seje reminz d\u2019orine, v\u00f4tr aderce IP sera encorpor\u00e9e den le limessaije de reminze d\u2019orine.<\/p>\t\t\t\t\t\t\t\t<\/div>\n\t\t\t\t<\/div>\n\t\t\t\t<div class=\"elementor-element elementor-element-c72d644 elementor-widget elementor-widget-heading\" data-id=\"c72d644\" data-element_type=\"widget\" data-widget_type=\"heading.default\">\n\t\t\t\t<div class=\"elementor-widget-container\">\n\t\t\t\t\t<h2 class=\"elementor-heading-title elementor-size-default\">Comben de temp qe les aqen\u00fbes sont gard\u00e9es a nijot<\/h2>\t\t\t\t<\/div>\n\t\t\t\t<\/div>\n\t\t\t\t<div class=\"elementor-element elementor-element-e7d8c83 elementor-widget elementor-widget-text-editor\" data-id=\"e7d8c83\" data-element_type=\"widget\" data-widget_type=\"text-editor.default\">\n\t\t\t\t<div class=\"elementor-widget-container\">\n\t\t\t\t\t\t\t\t\t<p>Si qe vous depouch\u00e9z eune mencion, la mencion e ses meta-aqen\u00fbes sont pargard\u00e9e sans bourne de temp. \u00c7a met en biao d\u2019erqen\u00e9tr e d\u2019assenti de reng les mencions a sieudr put\u00f4t qe de les l\u00e9sser den l\u2019afilonj\u00e9e d\u2019alement\u00e9zon.<\/p><p>Pour les contes qi s\u2019enlistent su n\u00f4tr emplla (den le c\u00e2s-la), je gardons a nijot les aqen\u00fbes personales qi n-n \u00e9t mencion den lous perfil. Tous les contes peuvent vaer, changer ou ben toli lous ghiments personaos a lous bada (p\u00e2ss\u00eb lous mot de filomie). Les jirous de l\u2019emplla peuvent vaer e changer les ghiments-la etout.<\/p>\t\t\t\t\t\t\t\t<\/div>\n\t\t\t\t<\/div>\n\t\t\t\t<div class=\"elementor-element elementor-element-25127d6 elementor-widget elementor-widget-heading\" data-id=\"25127d6\" data-element_type=\"widget\" data-widget_type=\"heading.default\">\n\t\t\t\t<div class=\"elementor-widget-container\">\n\t\t\t\t\t<h2 class=\"elementor-heading-title elementor-size-default\">Les droits que vous avez sur vos donn\u00e9es<\/h2>\t\t\t\t<\/div>\n\t\t\t\t<\/div>\n\t\t\t\t<div class=\"elementor-element elementor-element-bea5434 elementor-widget elementor-widget-text-editor\" data-id=\"bea5434\" data-element_type=\"widget\" data-widget_type=\"text-editor.default\">\n\t\t\t\t<div class=\"elementor-widget-container\">\n\t\t\t\t\t\t\t\t\t<p>Si vous avez un compte ou si vous avez laiss\u00e9 des commentaires sur le site, vous pouvez demander \u00e0 recevoir un fichier contenant toutes les donn\u00e9es personnelles que nous poss\u00e9dons \u00e0 votre sujet, incluant celles que vous nous avez fournies. Vous pouvez \u00e9galement demander la suppression des donn\u00e9es personnelles vous concernant. Cela ne prend pas en compte les donn\u00e9es stock\u00e9es \u00e0 des fins administratives, l\u00e9gales ou pour des raisons de s\u00e9curit\u00e9.<\/p>\t\t\t\t\t\t\t\t<\/div>\n\t\t\t\t<\/div>\n\t\t\t\t<div class=\"elementor-element elementor-element-b55ed8d elementor-widget elementor-widget-heading\" data-id=\"b55ed8d\" data-element_type=\"widget\" data-widget_type=\"heading.default\">\n\t\t\t\t<div class=\"elementor-widget-container\">\n\t\t\t\t\t<h2 class=\"elementor-heading-title elementor-size-default\">Transmission de vos donn\u00e9es personnelles<\/h2>\t\t\t\t<\/div>\n\t\t\t\t<\/div>\n\t\t\t\t<div class=\"elementor-element elementor-element-61c84f3 elementor-widget elementor-widget-text-editor\" data-id=\"61c84f3\" data-element_type=\"widget\" data-widget_type=\"text-editor.default\">\n\t\t\t\t<div class=\"elementor-widget-container\">\n\t\t\t\t\t\t\t\t\t<p>Les commentaires des visiteurs peuvent \u00eatre v\u00e9rifi\u00e9s \u00e0 l\u2019aide d\u2019un service automatis\u00e9 de d\u00e9tection des commentaires ind\u00e9sirables.<\/p>\t\t\t\t\t\t\t\t<\/div>\n\t\t\t\t<\/div>\n\t\t\t\t\t<\/div>\n\t\t\t\t<\/div>\n\t\t\t\t<\/div>\n\t\t","protected":false},"excerpt":{"rendered":"<p>Politique de confidentialit\u00e9 Qui sommes-nous ? L\u2019adresse de notre site est\u00a0: https:\/\/yaouank.bzh. Commentaires Quand vous laissez un commentaire sur notre site, les donn\u00e9es inscrites dans le formulaire de commentaire, mais [&hellip;]<\/p>\n","protected":false},"author":1,"featured_media":0,"parent":0,"menu_order":0,"comment_status":"closed","ping_status":"closed","template":"","meta":{"site-sidebar-layout":"default","site-content-layout":"","ast-site-content-layout":"","site-content-style":"default","site-sidebar-style":"default","ast-global-header-display":"","ast-banner-title-visibility":"","ast-main-header-display":"","ast-hfb-above-header-display":"","ast-hfb-below-header-display":"","ast-hfb-mobile-header-display":"","site-post-title":"","ast-breadcrumbs-content":"","ast-featured-img":"","footer-sml-layout":"","theme-transparent-header-meta":"","adv-header-id-meta":"","stick-header-meta":"","header-above-stick-meta":"","header-main-stick-meta":"","header-below-stick-meta":"","astra-migrate-meta-layouts":"default","ast-page-background-enabled":"default","ast-page-background-meta":{"desktop":{"background-color":"var(--ast-global-color-5)","background-image":"","background-repeat":"repeat","background-position":"center center","background-size":"auto","background-attachment":"scroll","background-type":"","background-media":"","overlay-type":"","overlay-color":"","overlay-opacity":"","overlay-gradient":""},"tablet":{"background-color":"","background-image":"","background-repeat":"repeat","background-position":"center center","background-size":"auto","background-attachment":"scroll","background-type":"","background-media":"","overlay-type":"","overlay-color":"","overlay-opacity":"","overlay-gradient":""},"mobile":{"background-color":"","background-image":"","background-repeat":"repeat","background-position":"center center","background-size":"auto","background-attachment":"scroll","background-type":"","background-media":"","overlay-type":"","overlay-color":"","overlay-opacity":"","overlay-gradient":""}},"ast-content-background-meta":{"desktop":{"background-color":"var(--ast-global-color-4)","background-image":"","background-repeat":"repeat","background-position":"center center","background-size":"auto","background-attachment":"scroll","background-type":"","background-media":"","overlay-type":"","overlay-color":"","overlay-opacity":"","overlay-gradient":""},"tablet":{"background-color":"var(--ast-global-color-4)","background-image":"","background-repeat":"repeat","background-position":"center center","background-size":"auto","background-attachment":"scroll","background-type":"","background-media":"","overlay-type":"","overlay-color":"","overlay-opacity":"","overlay-gradient":""},"mobile":{"background-color":"var(--ast-global-color-4)","background-image":"","background-repeat":"repeat","background-position":"center center","background-size":"auto","background-attachment":"scroll","background-type":"","background-media":"","overlay-type":"","overlay-color":"","overlay-opacity":"","overlay-gradient":""}},"footnotes":""},"class_list":["post-6463","page","type-page","status-publish","hentry"],"yoast_head":"<!-- This site is optimized with the Yoast SEO plugin v25.3 - https:\/\/yoast.com\/wordpress\/plugins\/seo\/ -->\n<title>Politiqe de privezet\u00eb - YAOUANK<\/title>\n<meta name=\"robots\" content=\"index, follow, max-snippet:-1, max-image-preview:large, max-video-preview:-1\" \/>\n<meta property=\"og:locale\" content=\"en_US\" \/>\n<meta property=\"og:type\" content=\"article\" \/>\n<meta property=\"og:title\" content=\"Politiqe de privezet\u00eb - YAOUANK\" \/>\n<meta property=\"og:url\" content=\"https:\/\/yaouank.bzh\/go\/politiqe-de-privezete\/\" \/>\n<meta property=\"og:site_name\" content=\"YAOUANK\" \/>\n<meta property=\"article:publisher\" content=\"https:\/\/www.facebook.com\/YA0UANK\/?fref=ts\" \/>\n<meta property=\"article:modified_time\" content=\"2025-07-02T23:30:09+00:00\" \/>\n<meta name=\"twitter:card\" content=\"summary_large_image\" \/>\n<meta name=\"twitter:site\" content=\"@yaouank\" \/>\n<meta name=\"twitter:label1\" content=\"Est. reading time\" \/>\n\t<meta name=\"twitter:data1\" content=\"4 minutes\" \/>\n<script type=\"application\/ld+json\" class=\"yoast-schema-graph\">{\"@context\":\"https:\/\/schema.org\",\"@graph\":[{\"@type\":\"WebPage\",\"@id\":\"https:\/\/yaouank.bzh\/go\/go\/politiqe-de-privezete\/\",\"url\":\"https:\/\/yaouank.bzh\/go\/go\/politiqe-de-privezete\/\",\"name\":\"Politique de confidentialit\u00e9 - YAOUANK\",\"isPartOf\":{\"@id\":\"https:\/\/yaouank.bzh\/#website\"},\"datePublished\":\"2021-09-07T08:24:39+00:00\",\"dateModified\":\"2025-07-02T23:30:09+00:00\",\"breadcrumb\":{\"@id\":\"https:\/\/yaouank.bzh\/go\/politiqe-de-privezete\/#breadcrumb\"},\"inLanguage\":\"go-FR\",\"potentialAction\":[{\"@type\":\"ReadAction\",\"target\":[\"https:\/\/yaouank.bzh\/go\/politiqe-de-privezete\/\"]}]},{\"@type\":\"BreadcrumbList\",\"@id\":\"https:\/\/yaouank.bzh\/go\/politiqe-de-privezete\/#breadcrumb\",\"itemListElement\":[{\"@type\":\"ListItem\",\"position\":1,\"name\":\"Erceperie\",\"item\":\"https:\/\/yaouank.bzh\/\"},{\"@type\":\"ListItem\",\"position\":2,\"name\":\"Politiqe de privezet\u00eb\"}]},{\"@type\":\"WebSite\",\"@id\":\"https:\/\/yaouank.bzh\/go\/#website\",\"url\":\"https:\/\/yaouank.bzh\/go\/\",\"name\":\"YAOUANK\",\"description\":\"2025\",\"publisher\":{\"@id\":\"https:\/\/yaouank.bzh\/go\/#organization\"},\"potentialAction\":[{\"@type\":\"SearchAction\",\"target\":{\"@type\":\"EntryPoint\",\"urlTemplate\":\"https:\/\/yaouank.bzh\/go\/?s={search_term_string}\"},\"query-input\":{\"@type\":\"PropertyValueSpecification\",\"valueRequired\":true,\"valueName\":\"search_term_string\"}}],\"inLanguage\":\"go-FR\"},{\"@type\":\"Organization\",\"@id\":\"https:\/\/yaouank.bzh\/go\/#organization\",\"name\":\"YAOUANK\",\"url\":\"https:\/\/yaouank.bzh\/go\/\",\"logo\":{\"@type\":\"ImageObject\",\"inLanguage\":\"go-FR\",\"@id\":\"https:\/\/yaouank.bzh\/go\/#\/schema\/logo\/image\/\",\"url\":\"https:\/\/yaouank.bzh\/wp-content\/uploads\/2024\/09\/Yaouank-TITRE-25.png\",\"contentUrl\":\"https:\/\/yaouank.bzh\/wp-content\/uploads\/2024\/09\/Yaouank-TITRE-25.png\",\"width\":2362,\"height\":1181,\"caption\":\"YAOUANK\"},\"image\":{\"@id\":\"https:\/\/yaouank.bzh\/go\/#\/schema\/logo\/image\/\"},\"sameAs\":[\"https:\/\/www.facebook.com\/YA0UANK\/?fref=ts\",\"https:\/\/x.com\/yaouank\",\"https:\/\/www.instagram.com\/yaouank_\/\"]}]}<\/script>\n<!-- \/ Yoast SEO plugin. -->","yoast_head_json":{"title":"Politiqe de privezet\u00eb - YAOUANK","robots":{"index":"index","follow":"follow","max-snippet":"max-snippet:-1","max-image-preview":"max-image-preview:large","max-video-preview":"max-video-preview:-1"},"og_locale":"en_US","og_type":"article","og_title":"Politiqe de privezet\u00eb - YAOUANK","og_url":"https:\/\/yaouank.bzh\/go\/politiqe-de-privezete\/","og_site_name":"YAOUANK","article_publisher":"https:\/\/www.facebook.com\/YA0UANK\/?fref=ts","article_modified_time":"2025-07-02T23:30:09+00:00","twitter_card":"summary_large_image","twitter_site":"@yaouank","twitter_misc":{"Est. reading time":"4 minutes"},"schema":{"@context":"https:\/\/schema.org","@graph":[{"@type":"WebPage","@id":"https:\/\/yaouank.bzh\/go\/go\/politiqe-de-privezete\/","url":"https:\/\/yaouank.bzh\/go\/go\/politiqe-de-privezete\/","name":"Politique de confidentialit\u00e9 - YAOUANK","isPartOf":{"@id":"https:\/\/yaouank.bzh\/#website"},"datePublished":"2021-09-07T08:24:39+00:00","dateModified":"2025-07-02T23:30:09+00:00","breadcrumb":{"@id":"https:\/\/yaouank.bzh\/go\/politiqe-de-privezete\/#breadcrumb"},"inLanguage":"go-FR","potentialAction":[{"@type":"ReadAction","target":["https:\/\/yaouank.bzh\/go\/politiqe-de-privezete\/"]}]},{"@type":"BreadcrumbList","@id":"https:\/\/yaouank.bzh\/go\/politiqe-de-privezete\/#breadcrumb","itemListElement":[{"@type":"ListItem","position":1,"name":"Erceperie","item":"https:\/\/yaouank.bzh\/"},{"@type":"ListItem","position":2,"name":"Politiqe de privezet\u00eb"}]},{"@type":"WebSite","@id":"https:\/\/yaouank.bzh\/go\/#website","url":"https:\/\/yaouank.bzh\/go\/","name":"YAOUANK","description":"2025","publisher":{"@id":"https:\/\/yaouank.bzh\/go\/#organization"},"potentialAction":[{"@type":"SearchAction","target":{"@type":"EntryPoint","urlTemplate":"https:\/\/yaouank.bzh\/go\/?s={search_term_string}"},"query-input":{"@type":"PropertyValueSpecification","valueRequired":true,"valueName":"search_term_string"}}],"inLanguage":"go-FR"},{"@type":"Organization","@id":"https:\/\/yaouank.bzh\/go\/#organization","name":"YAOUANK","url":"https:\/\/yaouank.bzh\/go\/","logo":{"@type":"ImageObject","inLanguage":"go-FR","@id":"https:\/\/yaouank.bzh\/go\/#\/schema\/logo\/image\/","url":"https:\/\/yaouank.bzh\/wp-content\/uploads\/2024\/09\/Yaouank-TITRE-25.png","contentUrl":"https:\/\/yaouank.bzh\/wp-content\/uploads\/2024\/09\/Yaouank-TITRE-25.png","width":2362,"height":1181,"caption":"YAOUANK"},"image":{"@id":"https:\/\/yaouank.bzh\/go\/#\/schema\/logo\/image\/"},"sameAs":["https:\/\/www.facebook.com\/YA0UANK\/?fref=ts","https:\/\/x.com\/yaouank","https:\/\/www.instagram.com\/yaouank_\/"]}]}},"_links":{"self":[{"href":"https:\/\/yaouank.bzh\/go\/wp-json\/wp\/v2\/pages\/6463","targetHints":{"allow":["GET"]}}],"collection":[{"href":"https:\/\/yaouank.bzh\/go\/wp-json\/wp\/v2\/pages"}],"about":[{"href":"https:\/\/yaouank.bzh\/go\/wp-json\/wp\/v2\/types\/page"}],"author":[{"embeddable":true,"href":"https:\/\/yaouank.bzh\/go\/wp-json\/wp\/v2\/users\/1"}],"replies":[{"embeddable":true,"href":"https:\/\/yaouank.bzh\/go\/wp-json\/wp\/v2\/comments?post=6463"}],"version-history":[{"count":43,"href":"https:\/\/yaouank.bzh\/go\/wp-json\/wp\/v2\/pages\/6463\/revisions"}],"predecessor-version":[{"id":9220,"href":"https:\/\/yaouank.bzh\/go\/wp-json\/wp\/v2\/pages\/6463\/revisions\/9220"}],"wp:attachment":[{"href":"https:\/\/yaouank.bzh\/go\/wp-json\/wp\/v2\/media?parent=6463"}],"curies":[{"name":"wp","href":"https:\/\/api.w.org\/{rel}","templated":true}]}}