{"id":7961,"date":"2025-06-20T19:21:30","date_gmt":"2025-06-20T18:21:30","guid":{"rendered":"https:\/\/yaouank.bzh\/?page_id=7961"},"modified":"2025-09-19T15:22:54","modified_gmt":"2025-09-19T14:22:54","slug":"billetterie","status":"publish","type":"page","link":"https:\/\/yaouank.bzh\/go\/tiqheteriy\/","title":{"rendered":"Tiqheteriy"},"content":{"rendered":"\t\t<div data-elementor-type=\"wp-page\" data-elementor-id=\"7961\" class=\"elementor elementor-7961\">\n\t\t\t\t<div class=\"elementor-element elementor-element-698405b e-flex e-con-boxed e-con e-parent\" data-id=\"698405b\" data-element_type=\"container\" data-settings=\"{&quot;background_background&quot;:&quot;classic&quot;}\">\n\t\t\t\t\t<div class=\"e-con-inner\">\n\t\t<div class=\"elementor-element elementor-element-121d05a e-con-full e-flex e-con e-child\" data-id=\"121d05a\" data-element_type=\"container\">\n\t\t\t\t<div class=\"elementor-element elementor-element-07bc4f1 elementor-widget elementor-widget-heading\" data-id=\"07bc4f1\" data-element_type=\"widget\" data-widget_type=\"heading.default\">\n\t\t\t\t<div class=\"elementor-widget-container\">\n\t\t\t\t\t<h1 class=\"elementor-heading-title elementor-size-default\">Tiqheteriy<\/h1>\t\t\t\t<\/div>\n\t\t\t\t<\/div>\n\t\t\t\t<div class=\"elementor-element elementor-element-8cbeb70 elementor-widget elementor-widget-heading\" data-id=\"8cbeb70\" data-element_type=\"widget\" data-widget_type=\"heading.default\">\n\t\t\t\t<div class=\"elementor-widget-container\">\n\t\t\t\t\t<h3 class=\"elementor-heading-title elementor-size-default\">Samedi 18 mou\u00e9z d'otobr 2025 <br>Fest-noz ao Libert\u00eb<\/h3>\t\t\t\t<\/div>\n\t\t\t\t<\/div>\n\t\t\t\t<div class=\"elementor-element elementor-element-9df36f6 elementor-widget__width-inherit elementor-widget elementor-widget-html\" data-id=\"9df36f6\" data-element_type=\"widget\" data-widget_type=\"html.default\">\n\t\t\t\t<div class=\"elementor-widget-container\">\n\t\t\t\t\t<a title=\"Vente de billets en ligne\" href=\"https:\/\/www.billetweb.fr\/shop.php?event=yaouank-2025\"  class=\"shop_frame\"  target=\"_blank\"  data-src=\"https:\/\/www.billetweb.fr\/shop.php?event=yaouank-2025\"  data-max-width=\"100%\"  data-initial-height=\"600\" data-scrolling=\"no\"  data-id=\"yaouank-2025\"  data-resize=\"1\">Vente de billets en ligne<\/a><script type=\"text\/javascript\" src=\"https:\/\/www.billetweb.fr\/js\/export.js\"><\/script>\n<\/div>\n\t\t\t\t<\/div>\n\t\t\t\t<\/div>\n\t\t<div class=\"elementor-element elementor-element-367387e e-con-full e-flex e-con e-child\" data-id=\"367387e\" data-element_type=\"container\" data-settings=\"{&quot;background_background&quot;:&quot;classic&quot;}\">\n\t\t\t\t<div class=\"elementor-element elementor-element-9e2eca3 elementor-widget elementor-widget-heading\" data-id=\"9e2eca3\" data-element_type=\"widget\" data-widget_type=\"heading.default\">\n\t\t\t\t<div class=\"elementor-widget-container\">\n\t\t\t\t\t<h2 class=\"elementor-heading-title elementor-size-default\">Co\u00fbtaijes<\/h2>\t\t\t\t<\/div>\n\t\t\t\t<\/div>\n\t\t<div class=\"elementor-element elementor-element-6d6d1cf e-flex e-con-boxed e-con e-child\" data-id=\"6d6d1cf\" data-element_type=\"container\">\n\t\t\t\t\t<div class=\"e-con-inner\">\n\t\t<div class=\"elementor-element elementor-element-6d3069b e-con-full e-flex e-con e-child\" data-id=\"6d3069b\" data-element_type=\"container\" data-settings=\"{&quot;background_background&quot;:&quot;classic&quot;}\">\n\t\t\t\t<div class=\"elementor-element elementor-element-7fb489b elementor-widget elementor-widget-heading\" data-id=\"7fb489b\" data-element_type=\"widget\" data-widget_type=\"heading.default\">\n\t\t\t\t<div class=\"elementor-widget-container\">\n\t\t\t\t\t<h2 class=\"elementor-heading-title elementor-size-default\">Early bird<\/h2>\t\t\t\t<\/div>\n\t\t\t\t<\/div>\n\t\t\t\t<div class=\"elementor-element elementor-element-32fdd44 elementor-widget elementor-widget-text-editor\" data-id=\"32fdd44\" data-element_type=\"widget\" data-widget_type=\"text-editor.default\">\n\t\t\t\t<div class=\"elementor-widget-container\">\n\t\t\t\t\t\t\t\t\t<p style=\"text-align: center;\"><strong>Pour le 1000 de permi\u00e9rs tiqhets<\/strong><\/p>\t\t\t\t\t\t\t\t<\/div>\n\t\t\t\t<\/div>\n\t\t\t\t<div class=\"elementor-element elementor-element-51c5d54 elementor-widget elementor-widget-text-editor\" data-id=\"51c5d54\" data-element_type=\"widget\" data-widget_type=\"text-editor.default\">\n\t\t\t\t<div class=\"elementor-widget-container\">\n\t\t\t\t\t\t\t\t\t<p style=\"text-align: center;\"><span style=\"font-size: 36pt;\"><strong>27 \u20ac<\/strong><\/span><\/p><p style=\"text-align: center;\"><em>+ co\u00fbtaije de lou\u00e9e<\/em><\/p>\t\t\t\t\t\t\t\t<\/div>\n\t\t\t\t<\/div>\n\t\t\t\t<\/div>\n\t\t<div class=\"elementor-element elementor-element-3d8e690 e-con-full e-flex e-con e-child\" data-id=\"3d8e690\" data-element_type=\"container\" data-settings=\"{&quot;background_background&quot;:&quot;classic&quot;}\">\n\t\t\t\t<div class=\"elementor-element elementor-element-4ef64d2 elementor-widget elementor-widget-heading\" data-id=\"4ef64d2\" data-element_type=\"widget\" data-widget_type=\"heading.default\">\n\t\t\t\t<div class=\"elementor-widget-container\">\n\t\t\t\t\t<h2 class=\"elementor-heading-title elementor-size-default\">Prime-ven\u00e7on<\/h2>\t\t\t\t<\/div>\n\t\t\t\t<\/div>\n\t\t\t\t<div class=\"elementor-element elementor-element-8f6e2ce elementor-widget elementor-widget-text-editor\" data-id=\"8f6e2ce\" data-element_type=\"widget\" data-widget_type=\"text-editor.default\">\n\t\t\t\t<div class=\"elementor-widget-container\">\n\t\t\t\t\t\t\t\t\t<p style=\"text-align: center;\"><span style=\"font-size: 36pt;\"><strong>29 \u20ac<\/strong><\/span><\/p><p style=\"text-align: center;\"><em>+ co\u00fbtaije de lou\u00e9e<\/em><\/p>\t\t\t\t\t\t\t\t<\/div>\n\t\t\t\t<\/div>\n\t\t\t\t<\/div>\n\t\t<div class=\"elementor-element elementor-element-a889078 e-con-full e-flex e-con e-child\" data-id=\"a889078\" data-element_type=\"container\" data-settings=\"{&quot;background_background&quot;:&quot;classic&quot;}\">\n\t\t\t\t<div class=\"elementor-element elementor-element-90fc259 elementor-widget elementor-widget-heading\" data-id=\"90fc259\" data-element_type=\"widget\" data-widget_type=\"heading.default\">\n\t\t\t\t<div class=\"elementor-widget-container\">\n\t\t\t\t\t<h2 class=\"elementor-heading-title elementor-size-default\">Carte \u201cSortir !\u201d<\/h2>\t\t\t\t<\/div>\n\t\t\t\t<\/div>\n\t\t\t\t<div class=\"elementor-element elementor-element-fac7cb4 elementor-widget__width-inherit elementor-widget elementor-widget-text-editor\" data-id=\"fac7cb4\" data-element_type=\"widget\" data-widget_type=\"text-editor.default\">\n\t\t\t\t<div class=\"elementor-widget-container\">\n\t\t\t\t\t\t\t\t\t<p style=\"text-align: center;\"><strong>A vendr su la taile par <a href=\"https:\/\/www.tourisme-rennes.com\/sortir\/fest-noz-yaouank-au-liberte\/\" target=\"_blank\" rel=\"noopener\">Destination Rennes<\/a><\/strong><\/p><p style=\"text-align: center;\"><strong>A vendr \u00e9s ghuchets de l\u2019\u00d4t\u00eb \u00e9s Tourists e du Libert\u00eb<\/strong> (<em>+ co\u00fbtaije de lou\u00e9e<\/em>)<\/p>\t\t\t\t\t\t\t\t<\/div>\n\t\t\t\t<\/div>\n\t\t\t\t<div class=\"elementor-element elementor-element-5b9ce64 elementor-widget elementor-widget-text-editor\" data-id=\"5b9ce64\" data-element_type=\"widget\" data-widget_type=\"text-editor.default\">\n\t\t\t\t<div class=\"elementor-widget-container\">\n\t\t\t\t\t\t\t\t\t<p style=\"text-align: center;\"><span style=\"font-size: 36pt;\"><strong>13,5 \u20ac<\/strong><\/span><\/p>\t\t\t\t\t\t\t\t<\/div>\n\t\t\t\t<\/div>\n\t\t\t\t<\/div>\n\t\t<div class=\"elementor-element elementor-element-a3fbb15 e-con-full e-flex e-con e-child\" data-id=\"a3fbb15\" data-element_type=\"container\" data-settings=\"{&quot;background_background&quot;:&quot;classic&quot;}\">\n\t\t\t\t<div class=\"elementor-element elementor-element-66bf247 elementor-widget elementor-widget-heading\" data-id=\"66bf247\" data-element_type=\"widget\" data-widget_type=\"heading.default\">\n\t\t\t\t<div class=\"elementor-widget-container\">\n\t\t\t\t\t<h2 class=\"elementor-heading-title elementor-size-default\">Su pllace<\/h2>\t\t\t\t<\/div>\n\t\t\t\t<\/div>\n\t\t\t\t<div class=\"elementor-element elementor-element-eb17afb elementor-widget elementor-widget-text-editor\" data-id=\"eb17afb\" data-element_type=\"widget\" data-widget_type=\"text-editor.default\">\n\t\t\t\t<div class=\"elementor-widget-container\">\n\t\t\t\t\t\t\t\t\t<p style=\"text-align: center;\"><strong>A-revaer o le nombr qe n-i a, tant q&#8217;i n-n a<\/strong><\/p>\t\t\t\t\t\t\t\t<\/div>\n\t\t\t\t<\/div>\n\t\t\t\t<div class=\"elementor-element elementor-element-425effa elementor-widget elementor-widget-text-editor\" data-id=\"425effa\" data-element_type=\"widget\" data-widget_type=\"text-editor.default\">\n\t\t\t\t<div class=\"elementor-widget-container\">\n\t\t\t\t\t\t\t\t\t<p style=\"text-align: center;\"><span style=\"font-size: 36pt;\"><strong>31 \u20ac<\/strong><\/span><\/p>\t\t\t\t\t\t\t\t<\/div>\n\t\t\t\t<\/div>\n\t\t\t\t<\/div>\n\t\t<div class=\"elementor-element elementor-element-faa181f e-con-full e-flex e-con e-child\" data-id=\"faa181f\" data-element_type=\"container\" data-settings=\"{&quot;background_background&quot;:&quot;classic&quot;}\">\n\t\t\t\t<div class=\"elementor-element elementor-element-efb921e elementor-widget elementor-widget-heading\" data-id=\"efb921e\" data-element_type=\"widget\" data-widget_type=\"heading.default\">\n\t\t\t\t<div class=\"elementor-widget-container\">\n\t\t\t\t\t<h2 class=\"elementor-heading-title elementor-size-default\">Su pllace <br> (- 18 ans d'\u00e2je)<\/h2>\t\t\t\t<\/div>\n\t\t\t\t<\/div>\n\t\t\t\t<div class=\"elementor-element elementor-element-f86da3b elementor-widget elementor-widget-text-editor\" data-id=\"f86da3b\" data-element_type=\"widget\" data-widget_type=\"text-editor.default\">\n\t\t\t\t<div class=\"elementor-widget-container\">\n\t\t\t\t\t\t\t\t\t<p style=\"text-align: center;\"><strong>Avant 9o ao sair &#8211; A-revaer o le nombr qe n-i a, tant q&#8217;i n-n a<\/strong><\/p>\t\t\t\t\t\t\t\t<\/div>\n\t\t\t\t<\/div>\n\t\t\t\t<div class=\"elementor-element elementor-element-00d7dc8 elementor-widget elementor-widget-text-editor\" data-id=\"00d7dc8\" data-element_type=\"widget\" data-widget_type=\"text-editor.default\">\n\t\t\t\t<div class=\"elementor-widget-container\">\n\t\t\t\t\t\t\t\t\t<p style=\"text-align: center;\"><span style=\"font-size: 36pt;\"><strong>Pour de ren<\/strong><\/span><\/p>\t\t\t\t\t\t\t\t<\/div>\n\t\t\t\t<\/div>\n\t\t\t\t<\/div>\n\t\t<div class=\"elementor-element elementor-element-9058b97 e-con-full e-flex e-con e-child\" data-id=\"9058b97\" data-element_type=\"container\" data-settings=\"{&quot;background_background&quot;:&quot;classic&quot;}\">\n\t\t\t\t<div class=\"elementor-element elementor-element-1ef4f09 elementor-widget elementor-widget-heading\" data-id=\"1ef4f09\" data-element_type=\"widget\" data-widget_type=\"heading.default\">\n\t\t\t\t<div class=\"elementor-widget-container\">\n\t\t\t\t\t<h2 class=\"elementor-heading-title elementor-size-default\">Acompagnou\u00b7ere PSH<\/h2>\t\t\t\t<\/div>\n\t\t\t\t<\/div>\n\t\t\t\t<div class=\"elementor-element elementor-element-d373621 elementor-widget elementor-widget-text-editor\" data-id=\"d373621\" data-element_type=\"widget\" data-widget_type=\"text-editor.default\">\n\t\t\t\t<div class=\"elementor-widget-container\">\n\t\t\t\t\t\t\t\t\t<p style=\"text-align: center;\"><strong>Condicions par limessaije : <a href=\"mailto:contact@skeudenn.bzh\">contact@skeudenn.bzh<\/a><\/strong><\/p>\t\t\t\t\t\t\t\t<\/div>\n\t\t\t\t<\/div>\n\t\t\t\t<div class=\"elementor-element elementor-element-03744f7 elementor-widget elementor-widget-text-editor\" data-id=\"03744f7\" data-element_type=\"widget\" data-widget_type=\"text-editor.default\">\n\t\t\t\t<div class=\"elementor-widget-container\">\n\t\t\t\t\t\t\t\t\t<p style=\"text-align: center;\"><span style=\"font-size: 36pt;\"><strong>Pour de ren<\/strong><\/span><\/p>\t\t\t\t\t\t\t\t<\/div>\n\t\t\t\t<\/div>\n\t\t\t\t<\/div>\n\t\t\t\t\t<\/div>\n\t\t\t\t<\/div>\n\t\t\t\t<\/div>\n\t\t\t\t<\/div>\n\t\t\t\t\t<\/div>\n\t\t\t\t<\/div>\n\t\t<div class=\"elementor-element elementor-element-962b186 e-flex e-con-boxed e-con e-parent\" data-id=\"962b186\" data-element_type=\"container\">\n\t\t\t\t\t<div class=\"e-con-inner\">\n\t\t\t\t<div class=\"elementor-element elementor-element-1f28b7b elementor-widget elementor-widget-spacer\" data-id=\"1f28b7b\" data-element_type=\"widget\" data-widget_type=\"spacer.default\">\n\t\t\t\t<div class=\"elementor-widget-container\">\n\t\t\t\t\t\t\t<div class=\"elementor-spacer\">\n\t\t\t<div class=\"elementor-spacer-inner\"><\/div>\n\t\t<\/div>\n\t\t\t\t\t\t<\/div>\n\t\t\t\t<\/div>\n\t\t\t\t\t<\/div>\n\t\t\t\t<\/div>\n\t\t\t\t<\/div>\n\t\t","protected":false},"excerpt":{"rendered":"<p>Billetterie Samedi 18 octobre 2025 Fest-noz au Libert\u00e9 Vente de billets en ligne Tarifs Early bird Pour les 1000 premiers billets 27 \u20ac + frais de location \u00c9PUIS\u00c9 Pr\u00e9vente 29 [&hellip;]<\/p>\n","protected":false},"author":1,"featured_media":0,"parent":0,"menu_order":0,"comment_status":"closed","ping_status":"closed","template":"","meta":{"site-sidebar-layout":"no-sidebar","site-content-layout":"","ast-site-content-layout":"full-width-container","site-content-style":"default","site-sidebar-style":"default","ast-global-header-display":"","ast-banner-title-visibility":"","ast-main-header-display":"","ast-hfb-above-header-display":"","ast-hfb-below-header-display":"","ast-hfb-mobile-header-display":"","site-post-title":"disabled","ast-breadcrumbs-content":"","ast-featured-img":"disabled","footer-sml-layout":"","theme-transparent-header-meta":"default","adv-header-id-meta":"","stick-header-meta":"","header-above-stick-meta":"","header-main-stick-meta":"","header-below-stick-meta":"","astra-migrate-meta-layouts":"set","ast-page-background-enabled":"default","ast-page-background-meta":{"desktop":{"background-color":"var(--ast-global-color-5)","background-image":"","background-repeat":"repeat","background-position":"center center","background-size":"auto","background-attachment":"scroll","background-type":"","background-media":"","overlay-type":"","overlay-color":"","overlay-opacity":"","overlay-gradient":""},"tablet":{"background-color":"","background-image":"","background-repeat":"repeat","background-position":"center center","background-size":"auto","background-attachment":"scroll","background-type":"","background-media":"","overlay-type":"","overlay-color":"","overlay-opacity":"","overlay-gradient":""},"mobile":{"background-color":"","background-image":"","background-repeat":"repeat","background-position":"center center","background-size":"auto","background-attachment":"scroll","background-type":"","background-media":"","overlay-type":"","overlay-color":"","overlay-opacity":"","overlay-gradient":""}},"ast-content-background-meta":{"desktop":{"background-color":"var(--ast-global-color-4)","background-image":"","background-repeat":"repeat","background-position":"center center","background-size":"auto","background-attachment":"scroll","background-type":"","background-media":"","overlay-type":"","overlay-color":"","overlay-opacity":"","overlay-gradient":""},"tablet":{"background-color":"var(--ast-global-color-4)","background-image":"","background-repeat":"repeat","background-position":"center center","background-size":"auto","background-attachment":"scroll","background-type":"","background-media":"","overlay-type":"","overlay-color":"","overlay-opacity":"","overlay-gradient":""},"mobile":{"background-color":"var(--ast-global-color-4)","background-image":"","background-repeat":"repeat","background-position":"center center","background-size":"auto","background-attachment":"scroll","background-type":"","background-media":"","overlay-type":"","overlay-color":"","overlay-opacity":"","overlay-gradient":""}},"footnotes":""},"class_list":["post-7961","page","type-page","status-publish","hentry"],"yoast_head":"<!-- This site is optimized with the Yoast SEO plugin v25.3 - https:\/\/yoast.com\/wordpress\/plugins\/seo\/ -->\n<title>Tiqheteriy - YAOUANK<\/title>\n<meta name=\"robots\" content=\"index, follow, max-snippet:-1, max-image-preview:large, max-video-preview:-1\" \/>\n<meta property=\"og:locale\" content=\"en_US\" \/>\n<meta property=\"og:type\" content=\"article\" \/>\n<meta property=\"og:title\" content=\"Tiqheteriy - YAOUANK\" \/>\n<meta property=\"og:url\" content=\"https:\/\/yaouank.bzh\/go\/tiqheteriy\/\" \/>\n<meta property=\"og:site_name\" content=\"YAOUANK\" \/>\n<meta property=\"article:publisher\" content=\"https:\/\/www.facebook.com\/YA0UANK\/?fref=ts\" \/>\n<meta property=\"article:modified_time\" content=\"2025-09-19T14:22:54+00:00\" \/>\n<meta name=\"twitter:card\" content=\"summary_large_image\" \/>\n<meta name=\"twitter:site\" content=\"@yaouank\" \/>\n<meta name=\"twitter:label1\" content=\"Est. reading time\" \/>\n\t<meta name=\"twitter:data1\" content=\"1 minute\" \/>\n<script type=\"application\/ld+json\" class=\"yoast-schema-graph\">{\"@context\":\"https:\/\/schema.org\",\"@graph\":[{\"@type\":\"WebPage\",\"@id\":\"https:\/\/yaouank.bzh\/go\/go\/tiqheteriy\/\",\"url\":\"https:\/\/yaouank.bzh\/go\/go\/tiqheteriy\/\",\"name\":\"Billetterie - YAOUANK\",\"isPartOf\":{\"@id\":\"https:\/\/yaouank.bzh\/#website\"},\"datePublished\":\"2025-06-20T18:21:30+00:00\",\"dateModified\":\"2025-09-19T14:22:54+00:00\",\"breadcrumb\":{\"@id\":\"https:\/\/yaouank.bzh\/go\/tiqheteriy\/#breadcrumb\"},\"inLanguage\":\"go-FR\",\"potentialAction\":[{\"@type\":\"ReadAction\",\"target\":[\"https:\/\/yaouank.bzh\/go\/tiqheteriy\/\"]}]},{\"@type\":\"BreadcrumbList\",\"@id\":\"https:\/\/yaouank.bzh\/go\/tiqheteriy\/#breadcrumb\",\"itemListElement\":[{\"@type\":\"ListItem\",\"position\":1,\"name\":\"Erceperie\",\"item\":\"https:\/\/yaouank.bzh\/\"},{\"@type\":\"ListItem\",\"position\":2,\"name\":\"Tiqheteriy\"}]},{\"@type\":\"WebSite\",\"@id\":\"https:\/\/yaouank.bzh\/go\/#website\",\"url\":\"https:\/\/yaouank.bzh\/go\/\",\"name\":\"YAOUANK\",\"description\":\"2025\",\"publisher\":{\"@id\":\"https:\/\/yaouank.bzh\/go\/#organization\"},\"potentialAction\":[{\"@type\":\"SearchAction\",\"target\":{\"@type\":\"EntryPoint\",\"urlTemplate\":\"https:\/\/yaouank.bzh\/go\/?s={search_term_string}\"},\"query-input\":{\"@type\":\"PropertyValueSpecification\",\"valueRequired\":true,\"valueName\":\"search_term_string\"}}],\"inLanguage\":\"go-FR\"},{\"@type\":\"Organization\",\"@id\":\"https:\/\/yaouank.bzh\/go\/#organization\",\"name\":\"YAOUANK\",\"url\":\"https:\/\/yaouank.bzh\/go\/\",\"logo\":{\"@type\":\"ImageObject\",\"inLanguage\":\"go-FR\",\"@id\":\"https:\/\/yaouank.bzh\/go\/#\/schema\/logo\/image\/\",\"url\":\"https:\/\/yaouank.bzh\/wp-content\/uploads\/2024\/09\/Yaouank-TITRE-25.png\",\"contentUrl\":\"https:\/\/yaouank.bzh\/wp-content\/uploads\/2024\/09\/Yaouank-TITRE-25.png\",\"width\":2362,\"height\":1181,\"caption\":\"YAOUANK\"},\"image\":{\"@id\":\"https:\/\/yaouank.bzh\/go\/#\/schema\/logo\/image\/\"},\"sameAs\":[\"https:\/\/www.facebook.com\/YA0UANK\/?fref=ts\",\"https:\/\/x.com\/yaouank\",\"https:\/\/www.instagram.com\/yaouank_\/\"]}]}<\/script>\n<!-- \/ Yoast SEO plugin. -->","yoast_head_json":{"title":"Tiqheteriy - YAOUANK","robots":{"index":"index","follow":"follow","max-snippet":"max-snippet:-1","max-image-preview":"max-image-preview:large","max-video-preview":"max-video-preview:-1"},"og_locale":"en_US","og_type":"article","og_title":"Tiqheteriy - YAOUANK","og_url":"https:\/\/yaouank.bzh\/go\/tiqheteriy\/","og_site_name":"YAOUANK","article_publisher":"https:\/\/www.facebook.com\/YA0UANK\/?fref=ts","article_modified_time":"2025-09-19T14:22:54+00:00","twitter_card":"summary_large_image","twitter_site":"@yaouank","twitter_misc":{"Est. reading time":"1 minute"},"schema":{"@context":"https:\/\/schema.org","@graph":[{"@type":"WebPage","@id":"https:\/\/yaouank.bzh\/go\/go\/tiqheteriy\/","url":"https:\/\/yaouank.bzh\/go\/go\/tiqheteriy\/","name":"Billetterie - YAOUANK","isPartOf":{"@id":"https:\/\/yaouank.bzh\/#website"},"datePublished":"2025-06-20T18:21:30+00:00","dateModified":"2025-09-19T14:22:54+00:00","breadcrumb":{"@id":"https:\/\/yaouank.bzh\/go\/tiqheteriy\/#breadcrumb"},"inLanguage":"go-FR","potentialAction":[{"@type":"ReadAction","target":["https:\/\/yaouank.bzh\/go\/tiqheteriy\/"]}]},{"@type":"BreadcrumbList","@id":"https:\/\/yaouank.bzh\/go\/tiqheteriy\/#breadcrumb","itemListElement":[{"@type":"ListItem","position":1,"name":"Erceperie","item":"https:\/\/yaouank.bzh\/"},{"@type":"ListItem","position":2,"name":"Tiqheteriy"}]},{"@type":"WebSite","@id":"https:\/\/yaouank.bzh\/go\/#website","url":"https:\/\/yaouank.bzh\/go\/","name":"YAOUANK","description":"2025","publisher":{"@id":"https:\/\/yaouank.bzh\/go\/#organization"},"potentialAction":[{"@type":"SearchAction","target":{"@type":"EntryPoint","urlTemplate":"https:\/\/yaouank.bzh\/go\/?s={search_term_string}"},"query-input":{"@type":"PropertyValueSpecification","valueRequired":true,"valueName":"search_term_string"}}],"inLanguage":"go-FR"},{"@type":"Organization","@id":"https:\/\/yaouank.bzh\/go\/#organization","name":"YAOUANK","url":"https:\/\/yaouank.bzh\/go\/","logo":{"@type":"ImageObject","inLanguage":"go-FR","@id":"https:\/\/yaouank.bzh\/go\/#\/schema\/logo\/image\/","url":"https:\/\/yaouank.bzh\/wp-content\/uploads\/2024\/09\/Yaouank-TITRE-25.png","contentUrl":"https:\/\/yaouank.bzh\/wp-content\/uploads\/2024\/09\/Yaouank-TITRE-25.png","width":2362,"height":1181,"caption":"YAOUANK"},"image":{"@id":"https:\/\/yaouank.bzh\/go\/#\/schema\/logo\/image\/"},"sameAs":["https:\/\/www.facebook.com\/YA0UANK\/?fref=ts","https:\/\/x.com\/yaouank","https:\/\/www.instagram.com\/yaouank_\/"]}]}},"_links":{"self":[{"href":"https:\/\/yaouank.bzh\/go\/wp-json\/wp\/v2\/pages\/7961","targetHints":{"allow":["GET"]}}],"collection":[{"href":"https:\/\/yaouank.bzh\/go\/wp-json\/wp\/v2\/pages"}],"about":[{"href":"https:\/\/yaouank.bzh\/go\/wp-json\/wp\/v2\/types\/page"}],"author":[{"embeddable":true,"href":"https:\/\/yaouank.bzh\/go\/wp-json\/wp\/v2\/users\/1"}],"replies":[{"embeddable":true,"href":"https:\/\/yaouank.bzh\/go\/wp-json\/wp\/v2\/comments?post=7961"}],"version-history":[{"count":177,"href":"https:\/\/yaouank.bzh\/go\/wp-json\/wp\/v2\/pages\/7961\/revisions"}],"predecessor-version":[{"id":9645,"href":"https:\/\/yaouank.bzh\/go\/wp-json\/wp\/v2\/pages\/7961\/revisions\/9645"}],"wp:attachment":[{"href":"https:\/\/yaouank.bzh\/go\/wp-json\/wp\/v2\/media?parent=7961"}],"curies":[{"name":"wp","href":"https:\/\/api.w.org\/{rel}","templated":true}]}}