{"id":7969,"date":"2025-06-20T19:23:31","date_gmt":"2025-06-20T18:23:31","guid":{"rendered":"https:\/\/yaouank.bzh\/?page_id=7969"},"modified":"2025-07-02T08:46:04","modified_gmt":"2025-07-02T07:46:04","slug":"a-propos","status":"publish","type":"page","link":"https:\/\/yaouank.bzh\/go\/ao-sujit\/","title":{"rendered":"Ao sujit"},"content":{"rendered":"\t\t<div data-elementor-type=\"wp-page\" data-elementor-id=\"7969\" class=\"elementor elementor-7969\">\n\t\t\t\t<div class=\"elementor-element elementor-element-a6d1b47 e-flex e-con-boxed e-con e-parent\" data-id=\"a6d1b47\" data-element_type=\"container\">\n\t\t\t\t\t<div class=\"e-con-inner\">\n\t\t\t\t<div class=\"elementor-element elementor-element-19ece1b elementor-widget elementor-widget-heading\" data-id=\"19ece1b\" data-element_type=\"widget\" data-widget_type=\"heading.default\">\n\t\t\t\t<div class=\"elementor-widget-container\">\n\t\t\t\t\t<h1 class=\"elementor-heading-title elementor-size-default\">Ao sujit<\/h1>\t\t\t\t<\/div>\n\t\t\t\t<\/div>\n\t\t\t\t<div class=\"elementor-element elementor-element-d2460f9 elementor-widget elementor-widget-heading\" data-id=\"d2460f9\" data-element_type=\"widget\" data-widget_type=\"heading.default\">\n\t\t\t\t<div class=\"elementor-widget-container\">\n\t\t\t\t\t<h2 class=\"elementor-heading-title elementor-size-default\">Skeudenn Bro Roazhon<\/h2>\t\t\t\t<\/div>\n\t\t\t\t<\/div>\n\t\t\t\t\t<\/div>\n\t\t\t\t<\/div>\n\t\t<div class=\"elementor-element elementor-element-16d6041 e-flex e-con-boxed e-con e-parent\" data-id=\"16d6041\" data-element_type=\"container\">\n\t\t\t\t\t<div class=\"e-con-inner\">\n\t\t\t\t<div class=\"elementor-element elementor-element-4c002c2 elementor-widget elementor-widget-spacer\" data-id=\"4c002c2\" data-element_type=\"widget\" data-widget_type=\"spacer.default\">\n\t\t\t\t<div class=\"elementor-widget-container\">\n\t\t\t\t\t\t\t<div class=\"elementor-spacer\">\n\t\t\t<div class=\"elementor-spacer-inner\"><\/div>\n\t\t<\/div>\n\t\t\t\t\t\t<\/div>\n\t\t\t\t<\/div>\n\t\t\t\t\t<\/div>\n\t\t\t\t<\/div>\n\t\t<div class=\"elementor-element elementor-element-b6554a4 e-flex e-con-boxed e-con e-parent\" data-id=\"b6554a4\" data-element_type=\"container\">\n\t\t\t\t\t<div class=\"e-con-inner\">\n\t\t\t\t<div class=\"elementor-element elementor-element-17ed2ab elementor-widget elementor-widget-heading\" data-id=\"17ed2ab\" data-element_type=\"widget\" data-widget_type=\"heading.default\">\n\t\t\t\t<div class=\"elementor-widget-container\">\n\t\t\t\t\t<h3 class=\"elementor-heading-title elementor-size-default\">Assenterie qhulturale bertone du Payiz de Rene<\/h3>\t\t\t\t<\/div>\n\t\t\t\t<\/div>\n\t\t\t\t\t<\/div>\n\t\t\t\t<\/div>\n\t\t<div class=\"elementor-element elementor-element-aa9a6a7 e-flex e-con-boxed e-con e-parent\" data-id=\"aa9a6a7\" data-element_type=\"container\">\n\t\t\t\t\t<div class=\"e-con-inner\">\n\t\t\t\t<div class=\"elementor-element elementor-element-0e43d5c elementor-widget elementor-widget-text-editor\" data-id=\"0e43d5c\" data-element_type=\"widget\" data-widget_type=\"text-editor.default\">\n\t\t\t\t<div class=\"elementor-widget-container\">\n\t\t\t\t\t\t\t\t\t<p>La <strong>consorterie Skeudenn Bro Roazhon<\/strong> a come cherje de raguerouer, d\u2019animer, d\u2019acouraijer e d\u2019oriner toutes les menieres de dire la richesse e l\u2019alivet\u00eb de la qhulture bertone den le payiz de Rene. Sen aboutement \u00e9t d\u2019amarer, parlever, envalourer e erdoner eune qhulture bertone d\u2019orine e riche.<\/p><p>Ded\u2019o ses <strong>52 consorteries<\/strong>, come ale agroue pus de <strong>4000 sou\u00e9ti\u00e9rs<\/strong>, ale alie qheuqes miles de monde o ses alivet\u00ebs e les sienes des consorteries qi n-en sont sou\u00e9tieres.\u00a0<\/p><p>L\u2019assenterie, q\u2019\u00e9t un emouvouer qhultura du payiz de Rene, mene long l\u2019an\u00e9e des arivas de la vie qhulturale ren\u00e9ze q\u2019en ne peut d\u00e9qen\u00e9tr : les feder\u00e2illes Yaouank, les Meqerdis du Thabor, le mou\u00e9z du berton e du galo, la F\u00e9te de la Bert\u00e8gn, \u2026 E p\u00e9s le riguedaod en etr\u00e2rie o les Tomb\u00e9es de la nuit etout, come les soneries en etr\u00e2rie o les Cll\u00f4z Librs, les riguedaods de po\u00fbssous o Kejadenn, Sup\u00e9lec, l\u2019Agro, Rock\u2019n Solex, \u2026<\/p>\t\t\t\t\t\t\t\t<\/div>\n\t\t\t\t<\/div>\n\t\t\t\t\t<\/div>\n\t\t\t\t<\/div>\n\t\t<div class=\"elementor-element elementor-element-d8d89ad e-flex e-con-boxed e-con e-parent\" data-id=\"d8d89ad\" data-element_type=\"container\">\n\t\t\t\t\t<div class=\"e-con-inner\">\n\t\t\t\t<div class=\"elementor-element elementor-element-c15a1b8 elementor-widget elementor-widget-spacer\" data-id=\"c15a1b8\" data-element_type=\"widget\" data-widget_type=\"spacer.default\">\n\t\t\t\t<div class=\"elementor-widget-container\">\n\t\t\t\t\t\t\t<div class=\"elementor-spacer\">\n\t\t\t<div class=\"elementor-spacer-inner\"><\/div>\n\t\t<\/div>\n\t\t\t\t\t\t<\/div>\n\t\t\t\t<\/div>\n\t\t\t\t<div class=\"elementor-element elementor-element-4c09c52 elementor-widget elementor-widget-text-editor\" data-id=\"4c09c52\" data-element_type=\"widget\" data-widget_type=\"text-editor.default\">\n\t\t\t\t<div class=\"elementor-widget-container\">\n\t\t\t\t\t\t\t\t\t<p><span style=\"font-size: 18pt;\">&#8220;Le patrimouene \u00e9t l\u2019\u00e9rie de d\u2019aotrfai qe je portons aqhit de yelle \u00e9s jous d\u2019anet e qe j\u2019erdonons \u00e9s rengs d\u2019\u00e2je a viendr. N\u00f4tr patrimouene qhultura e natura \u00e9t un pur de vie e d\u2019inspir\u00e9zon pouint terchanjabl.&#8221;<\/span><\/p><p>Articl 1 du convenant d\u2019aherderie a l\u2019UNESCO, parassenti par la France en 1975.<\/p>\t\t\t\t\t\t\t\t<\/div>\n\t\t\t\t<\/div>\n\t\t\t\t\t<\/div>\n\t\t\t\t<\/div>\n\t\t<div class=\"elementor-element elementor-element-a82dc14 e-flex e-con-boxed e-con e-parent\" data-id=\"a82dc14\" data-element_type=\"container\">\n\t\t\t\t\t<div class=\"e-con-inner\">\n\t\t\t\t<div class=\"elementor-element elementor-element-2a034e5 elementor-widget elementor-widget-spacer\" data-id=\"2a034e5\" data-element_type=\"widget\" data-widget_type=\"spacer.default\">\n\t\t\t\t<div class=\"elementor-widget-container\">\n\t\t\t\t\t\t\t<div class=\"elementor-spacer\">\n\t\t\t<div class=\"elementor-spacer-inner\"><\/div>\n\t\t<\/div>\n\t\t\t\t\t\t<\/div>\n\t\t\t\t<\/div>\n\t\t\t\t\t<\/div>\n\t\t\t\t<\/div>\n\t\t<div class=\"elementor-element elementor-element-f183e33 e-flex e-con-boxed e-con e-parent\" data-id=\"f183e33\" data-element_type=\"container\">\n\t\t\t\t\t<div class=\"e-con-inner\">\n\t\t\t\t<div class=\"elementor-element elementor-element-8689f94 elementor-widget elementor-widget-spacer\" data-id=\"8689f94\" data-element_type=\"widget\" data-widget_type=\"spacer.default\">\n\t\t\t\t<div class=\"elementor-widget-container\">\n\t\t\t\t\t\t\t<div class=\"elementor-spacer\">\n\t\t\t<div class=\"elementor-spacer-inner\"><\/div>\n\t\t<\/div>\n\t\t\t\t\t\t<\/div>\n\t\t\t\t<\/div>\n\t\t\t\t\t<\/div>\n\t\t\t\t<\/div>\n\t\t<div class=\"elementor-element elementor-element-f73634b e-flex e-con-boxed e-con e-parent\" data-id=\"f73634b\" data-element_type=\"container\">\n\t\t\t\t\t<div class=\"e-con-inner\">\n\t\t<div class=\"elementor-element elementor-element-5a6adeb e-con-full e-flex e-con e-child\" data-id=\"5a6adeb\" data-element_type=\"container\">\n\t\t\t\t<div class=\"elementor-element elementor-element-52dc8bf elementor-widget elementor-widget-image\" data-id=\"52dc8bf\" data-element_type=\"widget\" data-widget_type=\"image.default\">\n\t\t\t\t<div class=\"elementor-widget-container\">\n\t\t\t\t\t\t\t\t\t\t\t\t\t\t\t\t<a href=\"https:\/\/skeudenn.bzh\/\" target=\"_blank\">\n\t\t\t\t\t\t\t<img fetchpriority=\"high\" decoding=\"async\" width=\"927\" height=\"880\" src=\"https:\/\/yaouank.bzh\/wp-content\/uploads\/2021\/11\/LOGO-SKEUDENN_Plan-de-travail-1.png\" class=\"attachment-large size-large wp-image-6738\" alt=\"\" srcset=\"https:\/\/yaouank.bzh\/wp-content\/uploads\/2021\/11\/LOGO-SKEUDENN_Plan-de-travail-1.png 927w, https:\/\/yaouank.bzh\/wp-content\/uploads\/2021\/11\/LOGO-SKEUDENN_Plan-de-travail-1-300x285.png 300w, https:\/\/yaouank.bzh\/wp-content\/uploads\/2021\/11\/LOGO-SKEUDENN_Plan-de-travail-1-768x729.png 768w\" sizes=\"(max-width: 927px) 100vw, 927px\" \/>\t\t\t\t\t\t\t\t<\/a>\n\t\t\t\t\t\t\t\t\t\t\t\t\t\t\t<\/div>\n\t\t\t\t<\/div>\n\t\t\t\t<\/div>\n\t\t<div class=\"elementor-element elementor-element-b9e6ede e-con-full e-flex e-con e-child\" data-id=\"b9e6ede\" data-element_type=\"container\">\n\t\t\t\t<div class=\"elementor-element elementor-element-bb895b5 elementor-widget elementor-widget-text-editor\" data-id=\"bb895b5\" data-element_type=\"widget\" data-widget_type=\"text-editor.default\">\n\t\t\t\t<div class=\"elementor-widget-container\">\n\t\t\t\t\t\t\t\t\t<p><strong>Skeudenn Bro Roazhon<\/strong><br \/><strong> 29B <\/strong><strong>straed an Doneli\u00e8re<\/strong><br \/><strong> 35000 Roazhon<\/strong><\/p><p><strong>02 99 30 06 87<\/strong><\/p><p><a href=\"https:\/\/skeudenn.bzh\/\" target=\"_blank\" rel=\"noopener\">Empll\u00e2 de Skeudenn Bro Roazhon<\/a><\/p>\t\t\t\t\t\t\t\t<\/div>\n\t\t\t\t<\/div>\n\t\t\t\t<div class=\"elementor-element elementor-element-48235b6 elementor-widget elementor-widget-text-editor\" data-id=\"48235b6\" data-element_type=\"widget\" data-widget_type=\"text-editor.default\">\n\t\t\t\t<div class=\"elementor-widget-container\">\n\t\t\t\t\t\t\t\t\t<p>du lundi diq&#8217;ao venderdi &#8211;\u00a0 9o30 ao matin \/ 1o00 la v\u00e9pr\u00e9e \u2013 2o00 \/ 05o30 la v\u00e9pr\u00e9e<\/p>\t\t\t\t\t\t\t\t<\/div>\n\t\t\t\t<\/div>\n\t\t\t\t<\/div>\n\t\t\t\t\t<\/div>\n\t\t\t\t<\/div>\n\t\t<div class=\"elementor-element elementor-element-f724016 e-flex e-con-boxed e-con e-parent\" data-id=\"f724016\" data-element_type=\"container\">\n\t\t\t\t\t<div class=\"e-con-inner\">\n\t\t\t\t<div class=\"elementor-element elementor-element-54ca704 elementor-widget elementor-widget-spacer\" data-id=\"54ca704\" data-element_type=\"widget\" data-widget_type=\"spacer.default\">\n\t\t\t\t<div class=\"elementor-widget-container\">\n\t\t\t\t\t\t\t<div class=\"elementor-spacer\">\n\t\t\t<div class=\"elementor-spacer-inner\"><\/div>\n\t\t<\/div>\n\t\t\t\t\t\t<\/div>\n\t\t\t\t<\/div>\n\t\t\t\t\t<\/div>\n\t\t\t\t<\/div>\n\t\t\t\t<\/div>\n\t\t","protected":false},"excerpt":{"rendered":"<p>\u00c0 propos Skeudenn Bro Roazhon Entente culturelle bretonne du Pays de Rennes L&#8217;association Skeudenn Bro Roazhon s\u2019est donn\u00e9e pour mission de rassembler, d\u2019animer, d\u2019encourager et de susciter toutes les expressions [&hellip;]<\/p>\n","protected":false},"author":1,"featured_media":0,"parent":0,"menu_order":0,"comment_status":"closed","ping_status":"closed","template":"","meta":{"site-sidebar-layout":"no-sidebar","site-content-layout":"","ast-site-content-layout":"full-width-container","site-content-style":"default","site-sidebar-style":"default","ast-global-header-display":"","ast-banner-title-visibility":"","ast-main-header-display":"","ast-hfb-above-header-display":"","ast-hfb-below-header-display":"","ast-hfb-mobile-header-display":"","site-post-title":"disabled","ast-breadcrumbs-content":"","ast-featured-img":"disabled","footer-sml-layout":"","theme-transparent-header-meta":"default","adv-header-id-meta":"","stick-header-meta":"","header-above-stick-meta":"","header-main-stick-meta":"","header-below-stick-meta":"","astra-migrate-meta-layouts":"set","ast-page-background-enabled":"default","ast-page-background-meta":{"desktop":{"background-color":"var(--ast-global-color-5)","background-image":"","background-repeat":"repeat","background-position":"center center","background-size":"auto","background-attachment":"scroll","background-type":"","background-media":"","overlay-type":"","overlay-color":"","overlay-opacity":"","overlay-gradient":""},"tablet":{"background-color":"","background-image":"","background-repeat":"repeat","background-position":"center center","background-size":"auto","background-attachment":"scroll","background-type":"","background-media":"","overlay-type":"","overlay-color":"","overlay-opacity":"","overlay-gradient":""},"mobile":{"background-color":"","background-image":"","background-repeat":"repeat","background-position":"center center","background-size":"auto","background-attachment":"scroll","background-type":"","background-media":"","overlay-type":"","overlay-color":"","overlay-opacity":"","overlay-gradient":""}},"ast-content-background-meta":{"desktop":{"background-color":"var(--ast-global-color-4)","background-image":"","background-repeat":"repeat","background-position":"center center","background-size":"auto","background-attachment":"scroll","background-type":"","background-media":"","overlay-type":"","overlay-color":"","overlay-opacity":"","overlay-gradient":""},"tablet":{"background-color":"var(--ast-global-color-4)","background-image":"","background-repeat":"repeat","background-position":"center center","background-size":"auto","background-attachment":"scroll","background-type":"","background-media":"","overlay-type":"","overlay-color":"","overlay-opacity":"","overlay-gradient":""},"mobile":{"background-color":"var(--ast-global-color-4)","background-image":"","background-repeat":"repeat","background-position":"center center","background-size":"auto","background-attachment":"scroll","background-type":"","background-media":"","overlay-type":"","overlay-color":"","overlay-opacity":"","overlay-gradient":""}},"footnotes":""},"class_list":["post-7969","page","type-page","status-publish","hentry"],"yoast_head":"<!-- This site is optimized with the Yoast SEO plugin v25.3 - https:\/\/yoast.com\/wordpress\/plugins\/seo\/ -->\n<title>Ao sujit - YAOUANK<\/title>\n<meta name=\"robots\" content=\"index, follow, max-snippet:-1, max-image-preview:large, max-video-preview:-1\" \/>\n<meta property=\"og:locale\" content=\"en_US\" \/>\n<meta property=\"og:type\" content=\"article\" \/>\n<meta property=\"og:title\" content=\"Ao sujit - YAOUANK\" \/>\n<meta property=\"og:url\" content=\"https:\/\/yaouank.bzh\/go\/ao-sujit\/\" \/>\n<meta property=\"og:site_name\" content=\"YAOUANK\" \/>\n<meta property=\"article:publisher\" content=\"https:\/\/www.facebook.com\/YA0UANK\/?fref=ts\" \/>\n<meta property=\"article:modified_time\" content=\"2025-07-02T07:46:04+00:00\" \/>\n<meta property=\"og:image\" content=\"https:\/\/yaouank.bzh\/wp-content\/uploads\/2021\/11\/LOGO-SKEUDENN_Plan-de-travail-1.png\" \/>\n\t<meta property=\"og:image:width\" content=\"927\" \/>\n\t<meta property=\"og:image:height\" content=\"880\" \/>\n\t<meta property=\"og:image:type\" content=\"image\/png\" \/>\n<meta name=\"twitter:card\" content=\"summary_large_image\" \/>\n<meta name=\"twitter:site\" content=\"@yaouank\" \/>\n<meta name=\"twitter:label1\" content=\"Est. reading time\" \/>\n\t<meta name=\"twitter:data1\" content=\"2 minutes\" \/>\n<script type=\"application\/ld+json\" class=\"yoast-schema-graph\">{\"@context\":\"https:\/\/schema.org\",\"@graph\":[{\"@type\":\"WebPage\",\"@id\":\"https:\/\/yaouank.bzh\/go\/go\/ao-sujit\/\",\"url\":\"https:\/\/yaouank.bzh\/go\/go\/ao-sujit\/\",\"name\":\"\u00c0 propos - Skeudenn Bro Roazhon - YAOUANK\",\"isPartOf\":{\"@id\":\"https:\/\/yaouank.bzh\/#website\"},\"primaryImageOfPage\":{\"@id\":\"https:\/\/yaouank.bzh\/go\/ao-sujit\/#primaryimage\"},\"image\":{\"@id\":\"https:\/\/yaouank.bzh\/go\/ao-sujit\/#primaryimage\"},\"thumbnailUrl\":\"https:\/\/yaouank.bzh\/wp-content\/uploads\/2021\/11\/LOGO-SKEUDENN_Plan-de-travail-1.png\",\"datePublished\":\"2025-06-20T18:23:31+00:00\",\"dateModified\":\"2025-07-02T07:46:04+00:00\",\"breadcrumb\":{\"@id\":\"https:\/\/yaouank.bzh\/go\/ao-sujit\/#breadcrumb\"},\"inLanguage\":\"go-FR\",\"potentialAction\":[{\"@type\":\"ReadAction\",\"target\":[\"https:\/\/yaouank.bzh\/go\/ao-sujit\/\"]}]},{\"@type\":\"ImageObject\",\"inLanguage\":\"go-FR\",\"@id\":\"https:\/\/yaouank.bzh\/go\/ao-sujit\/#primaryimage\",\"url\":\"https:\/\/yaouank.bzh\/wp-content\/uploads\/2021\/11\/LOGO-SKEUDENN_Plan-de-travail-1.png\",\"contentUrl\":\"https:\/\/yaouank.bzh\/wp-content\/uploads\/2021\/11\/LOGO-SKEUDENN_Plan-de-travail-1.png\"},{\"@type\":\"BreadcrumbList\",\"@id\":\"https:\/\/yaouank.bzh\/go\/ao-sujit\/#breadcrumb\",\"itemListElement\":[{\"@type\":\"ListItem\",\"position\":1,\"name\":\"Erceperie\",\"item\":\"https:\/\/yaouank.bzh\/\"},{\"@type\":\"ListItem\",\"position\":2,\"name\":\"Ao sujit\"}]},{\"@type\":\"WebSite\",\"@id\":\"https:\/\/yaouank.bzh\/go\/#website\",\"url\":\"https:\/\/yaouank.bzh\/go\/\",\"name\":\"YAOUANK\",\"description\":\"2025\",\"publisher\":{\"@id\":\"https:\/\/yaouank.bzh\/go\/#organization\"},\"potentialAction\":[{\"@type\":\"SearchAction\",\"target\":{\"@type\":\"EntryPoint\",\"urlTemplate\":\"https:\/\/yaouank.bzh\/go\/?s={search_term_string}\"},\"query-input\":{\"@type\":\"PropertyValueSpecification\",\"valueRequired\":true,\"valueName\":\"search_term_string\"}}],\"inLanguage\":\"go-FR\"},{\"@type\":\"Organization\",\"@id\":\"https:\/\/yaouank.bzh\/go\/#organization\",\"name\":\"YAOUANK\",\"url\":\"https:\/\/yaouank.bzh\/go\/\",\"logo\":{\"@type\":\"ImageObject\",\"inLanguage\":\"go-FR\",\"@id\":\"https:\/\/yaouank.bzh\/go\/#\/schema\/logo\/image\/\",\"url\":\"https:\/\/yaouank.bzh\/wp-content\/uploads\/2024\/09\/Yaouank-TITRE-25.png\",\"contentUrl\":\"https:\/\/yaouank.bzh\/wp-content\/uploads\/2024\/09\/Yaouank-TITRE-25.png\",\"width\":2362,\"height\":1181,\"caption\":\"YAOUANK\"},\"image\":{\"@id\":\"https:\/\/yaouank.bzh\/go\/#\/schema\/logo\/image\/\"},\"sameAs\":[\"https:\/\/www.facebook.com\/YA0UANK\/?fref=ts\",\"https:\/\/x.com\/yaouank\",\"https:\/\/www.instagram.com\/yaouank_\/\"]}]}<\/script>\n<!-- \/ Yoast SEO plugin. -->","yoast_head_json":{"title":"Ao sujit - YAOUANK","robots":{"index":"index","follow":"follow","max-snippet":"max-snippet:-1","max-image-preview":"max-image-preview:large","max-video-preview":"max-video-preview:-1"},"og_locale":"en_US","og_type":"article","og_title":"Ao sujit - YAOUANK","og_url":"https:\/\/yaouank.bzh\/go\/ao-sujit\/","og_site_name":"YAOUANK","article_publisher":"https:\/\/www.facebook.com\/YA0UANK\/?fref=ts","article_modified_time":"2025-07-02T07:46:04+00:00","og_image":[{"width":927,"height":880,"url":"https:\/\/yaouank.bzh\/wp-content\/uploads\/2021\/11\/LOGO-SKEUDENN_Plan-de-travail-1.png","type":"image\/png"}],"twitter_card":"summary_large_image","twitter_site":"@yaouank","twitter_misc":{"Est. reading time":"2 minutes"},"schema":{"@context":"https:\/\/schema.org","@graph":[{"@type":"WebPage","@id":"https:\/\/yaouank.bzh\/go\/go\/ao-sujit\/","url":"https:\/\/yaouank.bzh\/go\/go\/ao-sujit\/","name":"\u00c0 propos - Skeudenn Bro Roazhon - YAOUANK","isPartOf":{"@id":"https:\/\/yaouank.bzh\/#website"},"primaryImageOfPage":{"@id":"https:\/\/yaouank.bzh\/go\/ao-sujit\/#primaryimage"},"image":{"@id":"https:\/\/yaouank.bzh\/go\/ao-sujit\/#primaryimage"},"thumbnailUrl":"https:\/\/yaouank.bzh\/wp-content\/uploads\/2021\/11\/LOGO-SKEUDENN_Plan-de-travail-1.png","datePublished":"2025-06-20T18:23:31+00:00","dateModified":"2025-07-02T07:46:04+00:00","breadcrumb":{"@id":"https:\/\/yaouank.bzh\/go\/ao-sujit\/#breadcrumb"},"inLanguage":"go-FR","potentialAction":[{"@type":"ReadAction","target":["https:\/\/yaouank.bzh\/go\/ao-sujit\/"]}]},{"@type":"ImageObject","inLanguage":"go-FR","@id":"https:\/\/yaouank.bzh\/go\/ao-sujit\/#primaryimage","url":"https:\/\/yaouank.bzh\/wp-content\/uploads\/2021\/11\/LOGO-SKEUDENN_Plan-de-travail-1.png","contentUrl":"https:\/\/yaouank.bzh\/wp-content\/uploads\/2021\/11\/LOGO-SKEUDENN_Plan-de-travail-1.png"},{"@type":"BreadcrumbList","@id":"https:\/\/yaouank.bzh\/go\/ao-sujit\/#breadcrumb","itemListElement":[{"@type":"ListItem","position":1,"name":"Erceperie","item":"https:\/\/yaouank.bzh\/"},{"@type":"ListItem","position":2,"name":"Ao sujit"}]},{"@type":"WebSite","@id":"https:\/\/yaouank.bzh\/go\/#website","url":"https:\/\/yaouank.bzh\/go\/","name":"YAOUANK","description":"2025","publisher":{"@id":"https:\/\/yaouank.bzh\/go\/#organization"},"potentialAction":[{"@type":"SearchAction","target":{"@type":"EntryPoint","urlTemplate":"https:\/\/yaouank.bzh\/go\/?s={search_term_string}"},"query-input":{"@type":"PropertyValueSpecification","valueRequired":true,"valueName":"search_term_string"}}],"inLanguage":"go-FR"},{"@type":"Organization","@id":"https:\/\/yaouank.bzh\/go\/#organization","name":"YAOUANK","url":"https:\/\/yaouank.bzh\/go\/","logo":{"@type":"ImageObject","inLanguage":"go-FR","@id":"https:\/\/yaouank.bzh\/go\/#\/schema\/logo\/image\/","url":"https:\/\/yaouank.bzh\/wp-content\/uploads\/2024\/09\/Yaouank-TITRE-25.png","contentUrl":"https:\/\/yaouank.bzh\/wp-content\/uploads\/2024\/09\/Yaouank-TITRE-25.png","width":2362,"height":1181,"caption":"YAOUANK"},"image":{"@id":"https:\/\/yaouank.bzh\/go\/#\/schema\/logo\/image\/"},"sameAs":["https:\/\/www.facebook.com\/YA0UANK\/?fref=ts","https:\/\/x.com\/yaouank","https:\/\/www.instagram.com\/yaouank_\/"]}]}},"_links":{"self":[{"href":"https:\/\/yaouank.bzh\/go\/wp-json\/wp\/v2\/pages\/7969","targetHints":{"allow":["GET"]}}],"collection":[{"href":"https:\/\/yaouank.bzh\/go\/wp-json\/wp\/v2\/pages"}],"about":[{"href":"https:\/\/yaouank.bzh\/go\/wp-json\/wp\/v2\/types\/page"}],"author":[{"embeddable":true,"href":"https:\/\/yaouank.bzh\/go\/wp-json\/wp\/v2\/users\/1"}],"replies":[{"embeddable":true,"href":"https:\/\/yaouank.bzh\/go\/wp-json\/wp\/v2\/comments?post=7969"}],"version-history":[{"count":101,"href":"https:\/\/yaouank.bzh\/go\/wp-json\/wp\/v2\/pages\/7969\/revisions"}],"predecessor-version":[{"id":8919,"href":"https:\/\/yaouank.bzh\/go\/wp-json\/wp\/v2\/pages\/7969\/revisions\/8919"}],"wp:attachment":[{"href":"https:\/\/yaouank.bzh\/go\/wp-json\/wp\/v2\/media?parent=7969"}],"curies":[{"name":"wp","href":"https:\/\/api.w.org\/{rel}","templated":true}]}}