{"id":9071,"date":"2025-07-02T08:00:40","date_gmt":"2025-07-02T07:00:40","guid":{"rendered":"https:\/\/yaouank.bzh\/?page_id=9071"},"modified":"2025-07-03T10:45:08","modified_gmt":"2025-07-03T09:45:08","slug":"enneade-2","status":"publish","type":"page","link":"https:\/\/yaouank.bzh\/go\/programerie\/enneade-2\/","title":{"rendered":"ENNEADE"},"content":{"rendered":"\t\t<div data-elementor-type=\"wp-page\" data-elementor-id=\"9071\" class=\"elementor elementor-9071\">\n\t\t\t\t<div class=\"elementor-element elementor-element-c02eeac e-flex e-con-boxed e-con e-parent\" data-id=\"c02eeac\" data-element_type=\"container\">\n\t\t\t\t\t<div class=\"e-con-inner\">\n\t\t<div class=\"elementor-element elementor-element-4690a92 e-con-full e-flex e-con e-child\" data-id=\"4690a92\" data-element_type=\"container\">\n\t\t\t\t<div class=\"elementor-element elementor-element-003994c elementor-widget elementor-widget-image\" data-id=\"003994c\" data-element_type=\"widget\" data-widget_type=\"image.default\">\n\t\t\t\t<div class=\"elementor-widget-container\">\n\t\t\t\t\t\t\t\t\t\t\t\t<figure class=\"wp-caption\">\n\t\t\t\t\t\t\t\t\t\t<img fetchpriority=\"high\" decoding=\"async\" width=\"1500\" height=\"1024\" src=\"https:\/\/yaouank.bzh\/wp-content\/uploads\/2025\/07\/Enneade.png\" class=\"attachment-1536x1536 size-1536x1536 wp-image-9000\" alt=\"\" srcset=\"https:\/\/yaouank.bzh\/wp-content\/uploads\/2025\/07\/Enneade.png 1500w, https:\/\/yaouank.bzh\/wp-content\/uploads\/2025\/07\/Enneade-300x205.png 300w, https:\/\/yaouank.bzh\/wp-content\/uploads\/2025\/07\/Enneade-1024x699.png 1024w, https:\/\/yaouank.bzh\/wp-content\/uploads\/2025\/07\/Enneade-768x524.png 768w\" sizes=\"(max-width: 1500px) 100vw, 1500px\" \/>\t\t\t\t\t\t\t\t\t\t\t<figcaption class=\"widget-image-caption wp-caption-text\"><\/figcaption>\n\t\t\t\t\t\t\t\t\t\t<\/figure>\n\t\t\t\t\t\t\t\t\t<\/div>\n\t\t\t\t<\/div>\n\t\t\t\t<\/div>\n\t\t<div class=\"elementor-element elementor-element-9016af8 e-con-full e-flex e-con e-child\" data-id=\"9016af8\" data-element_type=\"container\">\n\t\t\t\t<div class=\"elementor-element elementor-element-5ca843d elementor-widget elementor-widget-heading\" data-id=\"5ca843d\" data-element_type=\"widget\" data-widget_type=\"heading.default\">\n\t\t\t\t<div class=\"elementor-widget-container\">\n\t\t\t\t\t<h1 class=\"elementor-heading-title elementor-size-default\">ENNEADE<\/h1>\t\t\t\t<\/div>\n\t\t\t\t<\/div>\n\t\t\t\t<div class=\"elementor-element elementor-element-f2020f5 elementor-widget elementor-widget-text-editor\" data-id=\"f2020f5\" data-element_type=\"widget\" data-widget_type=\"text-editor.default\">\n\t\t\t\t<div class=\"elementor-widget-container\">\n\t\t\t\t\t\t\t\t\t<p>Geb, Shou, Nephtys, Seth, Nout, Tefnout, Osiris, Isis et Atoum. Neuf divinit\u00e9s \u00e9gyptiennes qui r\u00e9unissent et incarnent les forces fondamentales de l\u2019univers. Neuf voix singuli\u00e8res.<br \/>Cinq violons, des voix qui aiment s&#8217;entrem\u00ealer. C&#8217;est tout ce dont elles ont besoin pour faire danser. Une foule, en rond, qui saura les \u00e9couter ne sera pas d\u00e9\u00e7ue de cette association.<\/p><p>Laissez vous porter par l&#8217;Enneade d\u2019H\u00e9liopolis.<\/p>\t\t\t\t\t\t\t\t<\/div>\n\t\t\t\t<\/div>\n\t\t\t\t<\/div>\n\t\t\t\t\t<\/div>\n\t\t\t\t<\/div>\n\t\t<div class=\"elementor-element elementor-element-42b408f1 e-flex e-con-boxed e-con e-parent\" data-id=\"42b408f1\" data-element_type=\"container\">\n\t\t\t\t\t<div class=\"e-con-inner\">\n\t\t\t\t<div class=\"elementor-element elementor-element-7a220a6d elementor-align-justify elementor-widget__width-inherit elementor-widget elementor-widget-button\" data-id=\"7a220a6d\" data-element_type=\"widget\" data-widget_type=\"button.default\">\n\t\t\t\t<div class=\"elementor-widget-container\">\n\t\t\t\t\t\t\t\t\t<div class=\"elementor-button-wrapper\">\n\t\t\t\t\t<a class=\"elementor-button elementor-button-link elementor-size-sm elementor-animation-shrink\" href=\"https:\/\/yaouank.bzh\/go\/billetterie\/\">\n\t\t\t\t\t\t<span class=\"elementor-button-content-wrapper\">\n\t\t\t\t\t\t\t\t\t<span class=\"elementor-button-text\">Tiqheteriy<\/span>\n\t\t\t\t\t<\/span>\n\t\t\t\t\t<\/a>\n\t\t\t\t<\/div>\n\t\t\t\t\t\t\t\t<\/div>\n\t\t\t\t<\/div>\n\t\t\t\t\t<\/div>\n\t\t\t\t<\/div>\n\t\t\t\t<\/div>\n\t\t","protected":false},"excerpt":{"rendered":"<p>ENNEADE Geb, Shou, Nephtys, Seth, Nout, Tefnout, Osiris, Isis et Atoum. Neuf divinit\u00e9s \u00e9gyptiennes qui r\u00e9unissent et incarnent les forces fondamentales de l\u2019univers. Neuf voix singuli\u00e8res.Cinq violons, des voix qui [&hellip;]<\/p>\n","protected":false},"author":1,"featured_media":0,"parent":8939,"menu_order":0,"comment_status":"closed","ping_status":"closed","template":"","meta":{"site-sidebar-layout":"no-sidebar","site-content-layout":"","ast-site-content-layout":"full-width-container","site-content-style":"default","site-sidebar-style":"default","ast-global-header-display":"","ast-banner-title-visibility":"","ast-main-header-display":"","ast-hfb-above-header-display":"","ast-hfb-below-header-display":"","ast-hfb-mobile-header-display":"","site-post-title":"disabled","ast-breadcrumbs-content":"","ast-featured-img":"disabled","footer-sml-layout":"","theme-transparent-header-meta":"default","adv-header-id-meta":"","stick-header-meta":"","header-above-stick-meta":"","header-main-stick-meta":"","header-below-stick-meta":"","astra-migrate-meta-layouts":"set","ast-page-background-enabled":"default","ast-page-background-meta":{"desktop":{"background-color":"var(--ast-global-color-5)","background-image":"","background-repeat":"repeat","background-position":"center center","background-size":"auto","background-attachment":"scroll","background-type":"","background-media":"","overlay-type":"","overlay-color":"","overlay-opacity":"","overlay-gradient":""},"tablet":{"background-color":"","background-image":"","background-repeat":"repeat","background-position":"center center","background-size":"auto","background-attachment":"scroll","background-type":"","background-media":"","overlay-type":"","overlay-color":"","overlay-opacity":"","overlay-gradient":""},"mobile":{"background-color":"","background-image":"","background-repeat":"repeat","background-position":"center center","background-size":"auto","background-attachment":"scroll","background-type":"","background-media":"","overlay-type":"","overlay-color":"","overlay-opacity":"","overlay-gradient":""}},"ast-content-background-meta":{"desktop":{"background-color":"var(--ast-global-color-4)","background-image":"","background-repeat":"repeat","background-position":"center center","background-size":"auto","background-attachment":"scroll","background-type":"","background-media":"","overlay-type":"","overlay-color":"","overlay-opacity":"","overlay-gradient":""},"tablet":{"background-color":"var(--ast-global-color-4)","background-image":"","background-repeat":"repeat","background-position":"center center","background-size":"auto","background-attachment":"scroll","background-type":"","background-media":"","overlay-type":"","overlay-color":"","overlay-opacity":"","overlay-gradient":""},"mobile":{"background-color":"var(--ast-global-color-4)","background-image":"","background-repeat":"repeat","background-position":"center center","background-size":"auto","background-attachment":"scroll","background-type":"","background-media":"","overlay-type":"","overlay-color":"","overlay-opacity":"","overlay-gradient":""}},"footnotes":""},"class_list":["post-9071","page","type-page","status-publish","hentry"],"yoast_head":"<!-- This site is optimized with the Yoast SEO plugin v25.3 - https:\/\/yoast.com\/wordpress\/plugins\/seo\/ -->\n<title>ENNEADE - YAOUANK<\/title>\n<meta name=\"description\" content=\"ENNEADE Geb, Shou, Nephtys, Seth, Nout, Tefnout, Osiris, Isis et Atoum. Neuf divinit\u00e9s \u00e9gyptiennes qui r\u00e9unissent et incarnent les forces fondamentales de l\u2019univers. Neuf voix singuli\u00e8res.Cinq violons, des voix qui aiment s&#039;entrem\u00ealer. C&#039;est tout ce dont elles ont besoin pour faire danser. Une foule, en rond, qui saura les \u00e9couter ne sera pas d\u00e9\u00e7ue de&hellip;\" \/>\n<meta name=\"robots\" content=\"index, follow, max-snippet:-1, max-image-preview:large, max-video-preview:-1\" \/>\n<link rel=\"canonical\" href=\"http:\/\/ENNEADE%20Geb,%20Shou,%20Nephtys,%20Seth,%20Nout,%20Tefnout,%20Osiris,%20Isis%20et%20Atoum.%20Neuf%20divinit\u00e9s%20\u00e9gyptiennes%20qui%20r\u00e9unissent%20et%20incarnent%20les%20forces%20fondamentales%20de%20l\u2019univers.%20Neuf%20voix%20singuli\u00e8res.Cinq%20violons,%20des%20voix%20qui%20aiment%20s'entrem\u00ealer.%20C'est%20tout%20ce%20dont%20elles%20ont%20besoin%20pour%20faire%20danser.%20Une%20foule,%20en%20rond,%20qui%20saura%20les%20\u00e9couter%20ne%20sera%20pas%20d\u00e9\u00e7ue%20de&hellip;\" \/>\n<meta property=\"og:locale\" content=\"en_US\" \/>\n<meta property=\"og:type\" content=\"article\" \/>\n<meta property=\"og:title\" content=\"ENNEADE - YAOUANK\" \/>\n<meta property=\"og:description\" content=\"ENNEADE Geb, Shou, Nephtys, Seth, Nout, Tefnout, Osiris, Isis et Atoum. Neuf divinit\u00e9s \u00e9gyptiennes qui r\u00e9unissent et incarnent les forces fondamentales de l\u2019univers. Neuf voix singuli\u00e8res.Cinq violons, des voix qui aiment s&#039;entrem\u00ealer. C&#039;est tout ce dont elles ont besoin pour faire danser. Une foule, en rond, qui saura les \u00e9couter ne sera pas d\u00e9\u00e7ue de&hellip;\" \/>\n<meta property=\"og:url\" content=\"https:\/\/yaouank.bzh\/go\/programerie\/enneade-2\/\" \/>\n<meta property=\"og:site_name\" content=\"YAOUANK\" \/>\n<meta property=\"article:publisher\" content=\"https:\/\/www.facebook.com\/YA0UANK\/?fref=ts\" \/>\n<meta property=\"article:modified_time\" content=\"2025-07-03T09:45:08+00:00\" \/>\n<meta property=\"og:image\" content=\"https:\/\/yaouank.bzh\/wp-content\/uploads\/2025\/07\/Enneade.png\" \/>\n\t<meta property=\"og:image:width\" content=\"1500\" \/>\n\t<meta property=\"og:image:height\" content=\"1024\" \/>\n\t<meta property=\"og:image:type\" content=\"image\/png\" \/>\n<meta name=\"twitter:card\" content=\"summary_large_image\" \/>\n<meta name=\"twitter:site\" content=\"@yaouank\" \/>\n<script type=\"application\/ld+json\" class=\"yoast-schema-graph\">{\"@context\":\"https:\/\/schema.org\",\"@graph\":[{\"@type\":\"WebPage\",\"@id\":\"https:\/\/yaouank.bzh\/go\/go\/programerie\/enneade-2\/\",\"url\":\"https:\/\/yaouank.bzh\/go\/go\/programerie\/enneade-2\/\",\"name\":\"ENNEADE - YAOUANK\",\"isPartOf\":{\"@id\":\"https:\/\/yaouank.bzh\/#website\"},\"primaryImageOfPage\":{\"@id\":\"https:\/\/yaouank.bzh\/go\/programerie\/enneade-2\/#primaryimage\"},\"image\":{\"@id\":\"https:\/\/yaouank.bzh\/go\/programerie\/enneade-2\/#primaryimage\"},\"thumbnailUrl\":\"https:\/\/yaouank.bzh\/wp-content\/uploads\/2025\/07\/Enneade.png\",\"datePublished\":\"2025-07-02T07:00:40+00:00\",\"dateModified\":\"2025-07-03T09:45:08+00:00\",\"breadcrumb\":{\"@id\":\"https:\/\/yaouank.bzh\/go\/programerie\/enneade-2\/#breadcrumb\"},\"inLanguage\":\"go-FR\",\"potentialAction\":[{\"@type\":\"ReadAction\",\"target\":[\"https:\/\/yaouank.bzh\/go\/programerie\/enneade-2\/\"]}]},{\"@type\":\"ImageObject\",\"inLanguage\":\"go-FR\",\"@id\":\"https:\/\/yaouank.bzh\/go\/programerie\/enneade-2\/#primaryimage\",\"url\":\"https:\/\/yaouank.bzh\/wp-content\/uploads\/2025\/07\/Enneade.png\",\"contentUrl\":\"https:\/\/yaouank.bzh\/wp-content\/uploads\/2025\/07\/Enneade.png\"},{\"@type\":\"BreadcrumbList\",\"@id\":\"https:\/\/yaouank.bzh\/go\/programerie\/enneade-2\/#breadcrumb\",\"itemListElement\":[{\"@type\":\"ListItem\",\"position\":1,\"name\":\"Erceperie\",\"item\":\"https:\/\/yaouank.bzh\/\"},{\"@type\":\"ListItem\",\"position\":2,\"name\":\"Programerie\",\"item\":\"https:\/\/yaouank.bzh\/programmation\/\"},{\"@type\":\"ListItem\",\"position\":3,\"name\":\"ENNEADE\"}]},{\"@type\":\"WebSite\",\"@id\":\"https:\/\/yaouank.bzh\/go\/#website\",\"url\":\"https:\/\/yaouank.bzh\/go\/\",\"name\":\"YAOUANK\",\"description\":\"2025\",\"publisher\":{\"@id\":\"https:\/\/yaouank.bzh\/go\/#organization\"},\"potentialAction\":[{\"@type\":\"SearchAction\",\"target\":{\"@type\":\"EntryPoint\",\"urlTemplate\":\"https:\/\/yaouank.bzh\/go\/?s={search_term_string}\"},\"query-input\":{\"@type\":\"PropertyValueSpecification\",\"valueRequired\":true,\"valueName\":\"search_term_string\"}}],\"inLanguage\":\"go-FR\"},{\"@type\":\"Organization\",\"@id\":\"https:\/\/yaouank.bzh\/go\/#organization\",\"name\":\"YAOUANK\",\"url\":\"https:\/\/yaouank.bzh\/go\/\",\"logo\":{\"@type\":\"ImageObject\",\"inLanguage\":\"go-FR\",\"@id\":\"https:\/\/yaouank.bzh\/go\/#\/schema\/logo\/image\/\",\"url\":\"https:\/\/yaouank.bzh\/wp-content\/uploads\/2024\/09\/Yaouank-TITRE-25.png\",\"contentUrl\":\"https:\/\/yaouank.bzh\/wp-content\/uploads\/2024\/09\/Yaouank-TITRE-25.png\",\"width\":2362,\"height\":1181,\"caption\":\"YAOUANK\"},\"image\":{\"@id\":\"https:\/\/yaouank.bzh\/go\/#\/schema\/logo\/image\/\"},\"sameAs\":[\"https:\/\/www.facebook.com\/YA0UANK\/?fref=ts\",\"https:\/\/x.com\/yaouank\",\"https:\/\/www.instagram.com\/yaouank_\/\"]}]}<\/script>\n<!-- \/ Yoast SEO plugin. -->","yoast_head_json":{"title":"ENNEADE - YAOUANK","description":"ENNEADE Geb, Shou, Nephtys, Seth, Nout, Tefnout, Osiris, Isis et Atoum. Neuf divinit\u00e9s \u00e9gyptiennes qui r\u00e9unissent et incarnent les forces fondamentales de l\u2019univers. Neuf voix singuli\u00e8res.Cinq violons, des voix qui aiment s'entrem\u00ealer. C'est tout ce dont elles ont besoin pour faire danser. Une foule, en rond, qui saura les \u00e9couter ne sera pas d\u00e9\u00e7ue de&hellip;","robots":{"index":"index","follow":"follow","max-snippet":"max-snippet:-1","max-image-preview":"max-image-preview:large","max-video-preview":"max-video-preview:-1"},"canonical":"ENNEADE Geb, Shou, Nephtys, Seth, Nout, Tefnout, Osiris, Isis et Atoum. Neuf divinit\u00e9s \u00e9gyptiennes qui r\u00e9unissent et incarnent les forces fondamentales de l\u2019univers. Neuf voix singuli\u00e8res.Cinq violons, des voix qui aiment s'entrem\u00ealer. C'est tout ce dont elles ont besoin pour faire danser. Une foule, en rond, qui saura les \u00e9couter ne sera pas d\u00e9\u00e7ue de&hellip;","og_locale":"en_US","og_type":"article","og_title":"ENNEADE - YAOUANK","og_description":"ENNEADE Geb, Shou, Nephtys, Seth, Nout, Tefnout, Osiris, Isis et Atoum. Neuf divinit\u00e9s \u00e9gyptiennes qui r\u00e9unissent et incarnent les forces fondamentales de l\u2019univers. Neuf voix singuli\u00e8res.Cinq violons, des voix qui aiment s'entrem\u00ealer. C'est tout ce dont elles ont besoin pour faire danser. Une foule, en rond, qui saura les \u00e9couter ne sera pas d\u00e9\u00e7ue de&hellip;","og_url":"https:\/\/yaouank.bzh\/go\/programerie\/enneade-2\/","og_site_name":"YAOUANK","article_publisher":"https:\/\/www.facebook.com\/YA0UANK\/?fref=ts","article_modified_time":"2025-07-03T09:45:08+00:00","og_image":[{"width":1500,"height":1024,"url":"https:\/\/yaouank.bzh\/wp-content\/uploads\/2025\/07\/Enneade.png","type":"image\/png"}],"twitter_card":"summary_large_image","twitter_site":"@yaouank","schema":{"@context":"https:\/\/schema.org","@graph":[{"@type":"WebPage","@id":"https:\/\/yaouank.bzh\/go\/go\/programerie\/enneade-2\/","url":"https:\/\/yaouank.bzh\/go\/go\/programerie\/enneade-2\/","name":"ENNEADE - YAOUANK","isPartOf":{"@id":"https:\/\/yaouank.bzh\/#website"},"primaryImageOfPage":{"@id":"https:\/\/yaouank.bzh\/go\/programerie\/enneade-2\/#primaryimage"},"image":{"@id":"https:\/\/yaouank.bzh\/go\/programerie\/enneade-2\/#primaryimage"},"thumbnailUrl":"https:\/\/yaouank.bzh\/wp-content\/uploads\/2025\/07\/Enneade.png","datePublished":"2025-07-02T07:00:40+00:00","dateModified":"2025-07-03T09:45:08+00:00","breadcrumb":{"@id":"https:\/\/yaouank.bzh\/go\/programerie\/enneade-2\/#breadcrumb"},"inLanguage":"go-FR","potentialAction":[{"@type":"ReadAction","target":["https:\/\/yaouank.bzh\/go\/programerie\/enneade-2\/"]}]},{"@type":"ImageObject","inLanguage":"go-FR","@id":"https:\/\/yaouank.bzh\/go\/programerie\/enneade-2\/#primaryimage","url":"https:\/\/yaouank.bzh\/wp-content\/uploads\/2025\/07\/Enneade.png","contentUrl":"https:\/\/yaouank.bzh\/wp-content\/uploads\/2025\/07\/Enneade.png"},{"@type":"BreadcrumbList","@id":"https:\/\/yaouank.bzh\/go\/programerie\/enneade-2\/#breadcrumb","itemListElement":[{"@type":"ListItem","position":1,"name":"Erceperie","item":"https:\/\/yaouank.bzh\/"},{"@type":"ListItem","position":2,"name":"Programerie","item":"https:\/\/yaouank.bzh\/programmation\/"},{"@type":"ListItem","position":3,"name":"ENNEADE"}]},{"@type":"WebSite","@id":"https:\/\/yaouank.bzh\/go\/#website","url":"https:\/\/yaouank.bzh\/go\/","name":"YAOUANK","description":"2025","publisher":{"@id":"https:\/\/yaouank.bzh\/go\/#organization"},"potentialAction":[{"@type":"SearchAction","target":{"@type":"EntryPoint","urlTemplate":"https:\/\/yaouank.bzh\/go\/?s={search_term_string}"},"query-input":{"@type":"PropertyValueSpecification","valueRequired":true,"valueName":"search_term_string"}}],"inLanguage":"go-FR"},{"@type":"Organization","@id":"https:\/\/yaouank.bzh\/go\/#organization","name":"YAOUANK","url":"https:\/\/yaouank.bzh\/go\/","logo":{"@type":"ImageObject","inLanguage":"go-FR","@id":"https:\/\/yaouank.bzh\/go\/#\/schema\/logo\/image\/","url":"https:\/\/yaouank.bzh\/wp-content\/uploads\/2024\/09\/Yaouank-TITRE-25.png","contentUrl":"https:\/\/yaouank.bzh\/wp-content\/uploads\/2024\/09\/Yaouank-TITRE-25.png","width":2362,"height":1181,"caption":"YAOUANK"},"image":{"@id":"https:\/\/yaouank.bzh\/go\/#\/schema\/logo\/image\/"},"sameAs":["https:\/\/www.facebook.com\/YA0UANK\/?fref=ts","https:\/\/x.com\/yaouank","https:\/\/www.instagram.com\/yaouank_\/"]}]}},"_links":{"self":[{"href":"https:\/\/yaouank.bzh\/go\/wp-json\/wp\/v2\/pages\/9071","targetHints":{"allow":["GET"]}}],"collection":[{"href":"https:\/\/yaouank.bzh\/go\/wp-json\/wp\/v2\/pages"}],"about":[{"href":"https:\/\/yaouank.bzh\/go\/wp-json\/wp\/v2\/types\/page"}],"author":[{"embeddable":true,"href":"https:\/\/yaouank.bzh\/go\/wp-json\/wp\/v2\/users\/1"}],"replies":[{"embeddable":true,"href":"https:\/\/yaouank.bzh\/go\/wp-json\/wp\/v2\/comments?post=9071"}],"version-history":[{"count":15,"href":"https:\/\/yaouank.bzh\/go\/wp-json\/wp\/v2\/pages\/9071\/revisions"}],"predecessor-version":[{"id":9314,"href":"https:\/\/yaouank.bzh\/go\/wp-json\/wp\/v2\/pages\/9071\/revisions\/9314"}],"up":[{"embeddable":true,"href":"https:\/\/yaouank.bzh\/go\/wp-json\/wp\/v2\/pages\/8939"}],"wp:attachment":[{"href":"https:\/\/yaouank.bzh\/go\/wp-json\/wp\/v2\/media?parent=9071"}],"curies":[{"name":"wp","href":"https:\/\/api.w.org\/{rel}","templated":true}]}}