{"id":9077,"date":"2025-07-02T08:00:40","date_gmt":"2025-07-02T07:00:40","guid":{"rendered":"https:\/\/yaouank.bzh\/?page_id=9077"},"modified":"2025-07-03T10:50:59","modified_gmt":"2025-07-03T09:50:59","slug":"youpe-2","status":"publish","type":"page","link":"https:\/\/yaouank.bzh\/go\/programerie\/youpe-2\/","title":{"rendered":"YOUP\u00cb"},"content":{"rendered":"\t\t<div data-elementor-type=\"wp-page\" data-elementor-id=\"9077\" class=\"elementor elementor-9077\">\n\t\t\t\t<div class=\"elementor-element elementor-element-c02eeac e-flex e-con-boxed e-con e-parent\" data-id=\"c02eeac\" data-element_type=\"container\">\n\t\t\t\t\t<div class=\"e-con-inner\">\n\t\t<div class=\"elementor-element elementor-element-4690a92 e-con-full e-flex e-con e-child\" data-id=\"4690a92\" data-element_type=\"container\">\n\t\t\t\t<div class=\"elementor-element elementor-element-003994c elementor-widget elementor-widget-image\" data-id=\"003994c\" data-element_type=\"widget\" data-widget_type=\"image.default\">\n\t\t\t\t<div class=\"elementor-widget-container\">\n\t\t\t\t\t\t\t\t\t\t\t\t<figure class=\"wp-caption\">\n\t\t\t\t\t\t\t\t\t\t<img fetchpriority=\"high\" decoding=\"async\" width=\"1024\" height=\"699\" src=\"https:\/\/yaouank.bzh\/wp-content\/uploads\/2025\/07\/Youpe-1024x699.png\" class=\"attachment-large size-large wp-image-9008\" alt=\"\" srcset=\"https:\/\/yaouank.bzh\/wp-content\/uploads\/2025\/07\/Youpe-1024x699.png 1024w, https:\/\/yaouank.bzh\/wp-content\/uploads\/2025\/07\/Youpe-300x205.png 300w, https:\/\/yaouank.bzh\/wp-content\/uploads\/2025\/07\/Youpe-768x524.png 768w, https:\/\/yaouank.bzh\/wp-content\/uploads\/2025\/07\/Youpe.png 1500w\" sizes=\"(max-width: 1024px) 100vw, 1024px\" \/>\t\t\t\t\t\t\t\t\t\t\t<figcaption class=\"widget-image-caption wp-caption-text\"><\/figcaption>\n\t\t\t\t\t\t\t\t\t\t<\/figure>\n\t\t\t\t\t\t\t\t\t<\/div>\n\t\t\t\t<\/div>\n\t\t\t\t<\/div>\n\t\t<div class=\"elementor-element elementor-element-9016af8 e-con-full e-flex e-con e-child\" data-id=\"9016af8\" data-element_type=\"container\">\n\t\t\t\t<div class=\"elementor-element elementor-element-5ca843d elementor-widget elementor-widget-heading\" data-id=\"5ca843d\" data-element_type=\"widget\" data-widget_type=\"heading.default\">\n\t\t\t\t<div class=\"elementor-widget-container\">\n\t\t\t\t\t<h1 class=\"elementor-heading-title elementor-size-default\">YOUP\u00cb<\/h1>\t\t\t\t<\/div>\n\t\t\t\t<\/div>\n\t\t\t\t<div class=\"elementor-element elementor-element-f2020f5 elementor-widget elementor-widget-text-editor\" data-id=\"f2020f5\" data-element_type=\"widget\" data-widget_type=\"text-editor.default\">\n\t\t\t\t<div class=\"elementor-widget-container\">\n\t\t\t\t\t\t\t\t\t<p>Groupe gagnant du Trio Libre (Freiz Noz, Plougastell)<\/p><p>Youp\u00eb a plusieurs significations en<br \/>gallo, dont \u00ab pousser des cris de joie \u00bb ou bien \u00ab appeler \u00bb \/ \u00ab h\u00e9ler \u00bb.<br \/>Youp\u00eb sonne pour nous comme un appel \u00e0 la danse, \u00e0 l\u2019expression des corps et des voix, \u00e0 travers des textes traditionnels qui racontent des femmes fortes et <br \/>parfois dr\u00f4les.<\/p>\t\t\t\t\t\t\t\t<\/div>\n\t\t\t\t<\/div>\n\t\t\t\t<\/div>\n\t\t\t\t\t<\/div>\n\t\t\t\t<\/div>\n\t\t<div class=\"elementor-element elementor-element-12e89b3b e-flex e-con-boxed e-con e-parent\" data-id=\"12e89b3b\" data-element_type=\"container\">\n\t\t\t\t\t<div class=\"e-con-inner\">\n\t\t\t\t<div class=\"elementor-element elementor-element-c6ed016 elementor-align-justify elementor-widget__width-inherit elementor-widget elementor-widget-button\" data-id=\"c6ed016\" data-element_type=\"widget\" data-widget_type=\"button.default\">\n\t\t\t\t<div class=\"elementor-widget-container\">\n\t\t\t\t\t\t\t\t\t<div class=\"elementor-button-wrapper\">\n\t\t\t\t\t<a class=\"elementor-button elementor-button-link elementor-size-sm elementor-animation-shrink\" href=\"https:\/\/yaouank.bzh\/go\/billetterie\/\">\n\t\t\t\t\t\t<span class=\"elementor-button-content-wrapper\">\n\t\t\t\t\t\t\t\t\t<span class=\"elementor-button-text\">Tiqheteriy<\/span>\n\t\t\t\t\t<\/span>\n\t\t\t\t\t<\/a>\n\t\t\t\t<\/div>\n\t\t\t\t\t\t\t\t<\/div>\n\t\t\t\t<\/div>\n\t\t\t\t\t<\/div>\n\t\t\t\t<\/div>\n\t\t\t\t<\/div>\n\t\t","protected":false},"excerpt":{"rendered":"<p>YOUP\u00cb Groupe gagnant du Trio Libre (Freiz Noz, Plougastell) Youp\u00eb a plusieurs significations engallo, dont \u00ab pousser des cris de joie \u00bb ou bien \u00ab appeler \u00bb \/ \u00ab h\u00e9ler [&hellip;]<\/p>\n","protected":false},"author":1,"featured_media":0,"parent":8939,"menu_order":0,"comment_status":"closed","ping_status":"closed","template":"","meta":{"site-sidebar-layout":"no-sidebar","site-content-layout":"","ast-site-content-layout":"full-width-container","site-content-style":"default","site-sidebar-style":"default","ast-global-header-display":"","ast-banner-title-visibility":"","ast-main-header-display":"","ast-hfb-above-header-display":"","ast-hfb-below-header-display":"","ast-hfb-mobile-header-display":"","site-post-title":"disabled","ast-breadcrumbs-content":"","ast-featured-img":"disabled","footer-sml-layout":"","theme-transparent-header-meta":"default","adv-header-id-meta":"","stick-header-meta":"","header-above-stick-meta":"","header-main-stick-meta":"","header-below-stick-meta":"","astra-migrate-meta-layouts":"set","ast-page-background-enabled":"default","ast-page-background-meta":{"desktop":{"background-color":"var(--ast-global-color-5)","background-image":"","background-repeat":"repeat","background-position":"center center","background-size":"auto","background-attachment":"scroll","background-type":"","background-media":"","overlay-type":"","overlay-color":"","overlay-opacity":"","overlay-gradient":""},"tablet":{"background-color":"","background-image":"","background-repeat":"repeat","background-position":"center center","background-size":"auto","background-attachment":"scroll","background-type":"","background-media":"","overlay-type":"","overlay-color":"","overlay-opacity":"","overlay-gradient":""},"mobile":{"background-color":"","background-image":"","background-repeat":"repeat","background-position":"center center","background-size":"auto","background-attachment":"scroll","background-type":"","background-media":"","overlay-type":"","overlay-color":"","overlay-opacity":"","overlay-gradient":""}},"ast-content-background-meta":{"desktop":{"background-color":"var(--ast-global-color-4)","background-image":"","background-repeat":"repeat","background-position":"center center","background-size":"auto","background-attachment":"scroll","background-type":"","background-media":"","overlay-type":"","overlay-color":"","overlay-opacity":"","overlay-gradient":""},"tablet":{"background-color":"var(--ast-global-color-4)","background-image":"","background-repeat":"repeat","background-position":"center center","background-size":"auto","background-attachment":"scroll","background-type":"","background-media":"","overlay-type":"","overlay-color":"","overlay-opacity":"","overlay-gradient":""},"mobile":{"background-color":"var(--ast-global-color-4)","background-image":"","background-repeat":"repeat","background-position":"center center","background-size":"auto","background-attachment":"scroll","background-type":"","background-media":"","overlay-type":"","overlay-color":"","overlay-opacity":"","overlay-gradient":""}},"footnotes":""},"class_list":["post-9077","page","type-page","status-publish","hentry"],"yoast_head":"<!-- This site is optimized with the Yoast SEO plugin v25.3 - https:\/\/yoast.com\/wordpress\/plugins\/seo\/ -->\n<title>YOUP\u00cb - YAOUANK<\/title>\n<meta name=\"description\" content=\"YOUP\u00cb Groupe gagnant du Trio Libre (Freiz Noz, Plougastell)Youp\u00eb a plusieurs significations engallo, dont \u00ab pousser des cris de joie \u00bb ou bien \u00ab appeler \u00bb \/ \u00ab h\u00e9ler \u00bb.Youp\u00eb sonne pour nous comme un appel \u00e0 la danse, \u00e0 l\u2019expression des corps et des voix, \u00e0 travers des textes traditionnels qui racontent des femmes&hellip;\" \/>\n<meta name=\"robots\" content=\"index, follow, max-snippet:-1, max-image-preview:large, max-video-preview:-1\" \/>\n<link rel=\"canonical\" href=\"http:\/\/YOUP\u00cb%20Groupe%20gagnant%20du%20Trio%20Libre%20(Freiz%20Noz,%20Plougastell)Youp\u00eb%20a%20plusieurs%20significations%20engallo,%20dont%20\u00ab%20pousser%20des%20cris%20de%20joie%20\u00bb%20ou%20bien%20\u00ab%20appeler%20\u00bb%20\/%20\u00ab%20h\u00e9ler%20\u00bb.Youp\u00eb%20sonne%20pour%20nous%20comme%20un%20appel%20\u00e0%20la%20danse,%20\u00e0%20l\u2019expression%20des%20corps%20et%20des%20voix,%20\u00e0%20travers%20des%20textes%20traditionnels%20qui%20racontent%20des%20femmes&hellip;\" \/>\n<meta property=\"og:locale\" content=\"en_US\" \/>\n<meta property=\"og:type\" content=\"article\" \/>\n<meta property=\"og:title\" content=\"YOUP\u00cb - YAOUANK\" \/>\n<meta property=\"og:description\" content=\"YOUP\u00cb Groupe gagnant du Trio Libre (Freiz Noz, Plougastell)Youp\u00eb a plusieurs significations engallo, dont \u00ab pousser des cris de joie \u00bb ou bien \u00ab appeler \u00bb \/ \u00ab h\u00e9ler \u00bb.Youp\u00eb sonne pour nous comme un appel \u00e0 la danse, \u00e0 l\u2019expression des corps et des voix, \u00e0 travers des textes traditionnels qui racontent des femmes&hellip;\" \/>\n<meta property=\"og:url\" content=\"https:\/\/yaouank.bzh\/go\/programerie\/youpe-2\/\" \/>\n<meta property=\"og:site_name\" content=\"YAOUANK\" \/>\n<meta property=\"article:publisher\" content=\"https:\/\/www.facebook.com\/YA0UANK\/?fref=ts\" \/>\n<meta property=\"article:modified_time\" content=\"2025-07-03T09:50:59+00:00\" \/>\n<meta property=\"og:image\" content=\"https:\/\/yaouank.bzh\/wp-content\/uploads\/2025\/07\/Youpe.png\" \/>\n\t<meta property=\"og:image:width\" content=\"1500\" \/>\n\t<meta property=\"og:image:height\" content=\"1024\" \/>\n\t<meta property=\"og:image:type\" content=\"image\/png\" \/>\n<meta name=\"twitter:card\" content=\"summary_large_image\" \/>\n<meta name=\"twitter:site\" content=\"@yaouank\" \/>\n<meta name=\"twitter:label1\" content=\"Est. reading time\" \/>\n\t<meta name=\"twitter:data1\" content=\"1 minute\" \/>\n<script type=\"application\/ld+json\" class=\"yoast-schema-graph\">{\"@context\":\"https:\/\/schema.org\",\"@graph\":[{\"@type\":\"WebPage\",\"@id\":\"https:\/\/yaouank.bzh\/go\/go\/programerie\/youpe-2\/\",\"url\":\"https:\/\/yaouank.bzh\/go\/go\/programerie\/youpe-2\/\",\"name\":\"YOUP\u00cb - YAOUANK\",\"isPartOf\":{\"@id\":\"https:\/\/yaouank.bzh\/#website\"},\"primaryImageOfPage\":{\"@id\":\"https:\/\/yaouank.bzh\/go\/programerie\/youpe-2\/#primaryimage\"},\"image\":{\"@id\":\"https:\/\/yaouank.bzh\/go\/programerie\/youpe-2\/#primaryimage\"},\"thumbnailUrl\":\"https:\/\/yaouank.bzh\/wp-content\/uploads\/2025\/07\/Youpe-1024x699.png\",\"datePublished\":\"2025-07-02T07:00:40+00:00\",\"dateModified\":\"2025-07-03T09:50:59+00:00\",\"breadcrumb\":{\"@id\":\"https:\/\/yaouank.bzh\/go\/programerie\/youpe-2\/#breadcrumb\"},\"inLanguage\":\"go-FR\",\"potentialAction\":[{\"@type\":\"ReadAction\",\"target\":[\"https:\/\/yaouank.bzh\/go\/programerie\/youpe-2\/\"]}]},{\"@type\":\"ImageObject\",\"inLanguage\":\"go-FR\",\"@id\":\"https:\/\/yaouank.bzh\/go\/programerie\/youpe-2\/#primaryimage\",\"url\":\"https:\/\/yaouank.bzh\/wp-content\/uploads\/2025\/07\/Youpe-1024x699.png\",\"contentUrl\":\"https:\/\/yaouank.bzh\/wp-content\/uploads\/2025\/07\/Youpe-1024x699.png\"},{\"@type\":\"BreadcrumbList\",\"@id\":\"https:\/\/yaouank.bzh\/go\/programerie\/youpe-2\/#breadcrumb\",\"itemListElement\":[{\"@type\":\"ListItem\",\"position\":1,\"name\":\"Erceperie\",\"item\":\"https:\/\/yaouank.bzh\/\"},{\"@type\":\"ListItem\",\"position\":2,\"name\":\"Programerie\",\"item\":\"https:\/\/yaouank.bzh\/programmation\/\"},{\"@type\":\"ListItem\",\"position\":3,\"name\":\"YOUP\u00cb\"}]},{\"@type\":\"WebSite\",\"@id\":\"https:\/\/yaouank.bzh\/go\/#website\",\"url\":\"https:\/\/yaouank.bzh\/go\/\",\"name\":\"YAOUANK\",\"description\":\"2025\",\"publisher\":{\"@id\":\"https:\/\/yaouank.bzh\/go\/#organization\"},\"potentialAction\":[{\"@type\":\"SearchAction\",\"target\":{\"@type\":\"EntryPoint\",\"urlTemplate\":\"https:\/\/yaouank.bzh\/go\/?s={search_term_string}\"},\"query-input\":{\"@type\":\"PropertyValueSpecification\",\"valueRequired\":true,\"valueName\":\"search_term_string\"}}],\"inLanguage\":\"go-FR\"},{\"@type\":\"Organization\",\"@id\":\"https:\/\/yaouank.bzh\/go\/#organization\",\"name\":\"YAOUANK\",\"url\":\"https:\/\/yaouank.bzh\/go\/\",\"logo\":{\"@type\":\"ImageObject\",\"inLanguage\":\"go-FR\",\"@id\":\"https:\/\/yaouank.bzh\/go\/#\/schema\/logo\/image\/\",\"url\":\"https:\/\/yaouank.bzh\/wp-content\/uploads\/2024\/09\/Yaouank-TITRE-25.png\",\"contentUrl\":\"https:\/\/yaouank.bzh\/wp-content\/uploads\/2024\/09\/Yaouank-TITRE-25.png\",\"width\":2362,\"height\":1181,\"caption\":\"YAOUANK\"},\"image\":{\"@id\":\"https:\/\/yaouank.bzh\/go\/#\/schema\/logo\/image\/\"},\"sameAs\":[\"https:\/\/www.facebook.com\/YA0UANK\/?fref=ts\",\"https:\/\/x.com\/yaouank\",\"https:\/\/www.instagram.com\/yaouank_\/\"]}]}<\/script>\n<!-- \/ Yoast SEO plugin. -->","yoast_head_json":{"title":"YOUP\u00cb - YAOUANK","description":"YOUP\u00cb Groupe gagnant du Trio Libre (Freiz Noz, Plougastell)Youp\u00eb a plusieurs significations engallo, dont \u00ab pousser des cris de joie \u00bb ou bien \u00ab appeler \u00bb \/ \u00ab h\u00e9ler \u00bb.Youp\u00eb sonne pour nous comme un appel \u00e0 la danse, \u00e0 l\u2019expression des corps et des voix, \u00e0 travers des textes traditionnels qui racontent des femmes&hellip;","robots":{"index":"index","follow":"follow","max-snippet":"max-snippet:-1","max-image-preview":"max-image-preview:large","max-video-preview":"max-video-preview:-1"},"canonical":"YOUP\u00cb Groupe gagnant du Trio Libre (Freiz Noz, Plougastell)Youp\u00eb a plusieurs significations engallo, dont \u00ab pousser des cris de joie \u00bb ou bien \u00ab appeler \u00bb \/ \u00ab h\u00e9ler \u00bb.Youp\u00eb sonne pour nous comme un appel \u00e0 la danse, \u00e0 l\u2019expression des corps et des voix, \u00e0 travers des textes traditionnels qui racontent des femmes&hellip;","og_locale":"en_US","og_type":"article","og_title":"YOUP\u00cb - YAOUANK","og_description":"YOUP\u00cb Groupe gagnant du Trio Libre (Freiz Noz, Plougastell)Youp\u00eb a plusieurs significations engallo, dont \u00ab pousser des cris de joie \u00bb ou bien \u00ab appeler \u00bb \/ \u00ab h\u00e9ler \u00bb.Youp\u00eb sonne pour nous comme un appel \u00e0 la danse, \u00e0 l\u2019expression des corps et des voix, \u00e0 travers des textes traditionnels qui racontent des femmes&hellip;","og_url":"https:\/\/yaouank.bzh\/go\/programerie\/youpe-2\/","og_site_name":"YAOUANK","article_publisher":"https:\/\/www.facebook.com\/YA0UANK\/?fref=ts","article_modified_time":"2025-07-03T09:50:59+00:00","og_image":[{"width":1500,"height":1024,"url":"https:\/\/yaouank.bzh\/wp-content\/uploads\/2025\/07\/Youpe.png","type":"image\/png"}],"twitter_card":"summary_large_image","twitter_site":"@yaouank","twitter_misc":{"Est. reading time":"1 minute"},"schema":{"@context":"https:\/\/schema.org","@graph":[{"@type":"WebPage","@id":"https:\/\/yaouank.bzh\/go\/go\/programerie\/youpe-2\/","url":"https:\/\/yaouank.bzh\/go\/go\/programerie\/youpe-2\/","name":"YOUP\u00cb - YAOUANK","isPartOf":{"@id":"https:\/\/yaouank.bzh\/#website"},"primaryImageOfPage":{"@id":"https:\/\/yaouank.bzh\/go\/programerie\/youpe-2\/#primaryimage"},"image":{"@id":"https:\/\/yaouank.bzh\/go\/programerie\/youpe-2\/#primaryimage"},"thumbnailUrl":"https:\/\/yaouank.bzh\/wp-content\/uploads\/2025\/07\/Youpe-1024x699.png","datePublished":"2025-07-02T07:00:40+00:00","dateModified":"2025-07-03T09:50:59+00:00","breadcrumb":{"@id":"https:\/\/yaouank.bzh\/go\/programerie\/youpe-2\/#breadcrumb"},"inLanguage":"go-FR","potentialAction":[{"@type":"ReadAction","target":["https:\/\/yaouank.bzh\/go\/programerie\/youpe-2\/"]}]},{"@type":"ImageObject","inLanguage":"go-FR","@id":"https:\/\/yaouank.bzh\/go\/programerie\/youpe-2\/#primaryimage","url":"https:\/\/yaouank.bzh\/wp-content\/uploads\/2025\/07\/Youpe-1024x699.png","contentUrl":"https:\/\/yaouank.bzh\/wp-content\/uploads\/2025\/07\/Youpe-1024x699.png"},{"@type":"BreadcrumbList","@id":"https:\/\/yaouank.bzh\/go\/programerie\/youpe-2\/#breadcrumb","itemListElement":[{"@type":"ListItem","position":1,"name":"Erceperie","item":"https:\/\/yaouank.bzh\/"},{"@type":"ListItem","position":2,"name":"Programerie","item":"https:\/\/yaouank.bzh\/programmation\/"},{"@type":"ListItem","position":3,"name":"YOUP\u00cb"}]},{"@type":"WebSite","@id":"https:\/\/yaouank.bzh\/go\/#website","url":"https:\/\/yaouank.bzh\/go\/","name":"YAOUANK","description":"2025","publisher":{"@id":"https:\/\/yaouank.bzh\/go\/#organization"},"potentialAction":[{"@type":"SearchAction","target":{"@type":"EntryPoint","urlTemplate":"https:\/\/yaouank.bzh\/go\/?s={search_term_string}"},"query-input":{"@type":"PropertyValueSpecification","valueRequired":true,"valueName":"search_term_string"}}],"inLanguage":"go-FR"},{"@type":"Organization","@id":"https:\/\/yaouank.bzh\/go\/#organization","name":"YAOUANK","url":"https:\/\/yaouank.bzh\/go\/","logo":{"@type":"ImageObject","inLanguage":"go-FR","@id":"https:\/\/yaouank.bzh\/go\/#\/schema\/logo\/image\/","url":"https:\/\/yaouank.bzh\/wp-content\/uploads\/2024\/09\/Yaouank-TITRE-25.png","contentUrl":"https:\/\/yaouank.bzh\/wp-content\/uploads\/2024\/09\/Yaouank-TITRE-25.png","width":2362,"height":1181,"caption":"YAOUANK"},"image":{"@id":"https:\/\/yaouank.bzh\/go\/#\/schema\/logo\/image\/"},"sameAs":["https:\/\/www.facebook.com\/YA0UANK\/?fref=ts","https:\/\/x.com\/yaouank","https:\/\/www.instagram.com\/yaouank_\/"]}]}},"_links":{"self":[{"href":"https:\/\/yaouank.bzh\/go\/wp-json\/wp\/v2\/pages\/9077","targetHints":{"allow":["GET"]}}],"collection":[{"href":"https:\/\/yaouank.bzh\/go\/wp-json\/wp\/v2\/pages"}],"about":[{"href":"https:\/\/yaouank.bzh\/go\/wp-json\/wp\/v2\/types\/page"}],"author":[{"embeddable":true,"href":"https:\/\/yaouank.bzh\/go\/wp-json\/wp\/v2\/users\/1"}],"replies":[{"embeddable":true,"href":"https:\/\/yaouank.bzh\/go\/wp-json\/wp\/v2\/comments?post=9077"}],"version-history":[{"count":8,"href":"https:\/\/yaouank.bzh\/go\/wp-json\/wp\/v2\/pages\/9077\/revisions"}],"predecessor-version":[{"id":9338,"href":"https:\/\/yaouank.bzh\/go\/wp-json\/wp\/v2\/pages\/9077\/revisions\/9338"}],"up":[{"embeddable":true,"href":"https:\/\/yaouank.bzh\/go\/wp-json\/wp\/v2\/pages\/8939"}],"wp:attachment":[{"href":"https:\/\/yaouank.bzh\/go\/wp-json\/wp\/v2\/media?parent=9077"}],"curies":[{"name":"wp","href":"https:\/\/api.w.org\/{rel}","templated":true}]}}