{"id":9083,"date":"2025-07-02T08:00:40","date_gmt":"2025-07-02T07:00:40","guid":{"rendered":"https:\/\/yaouank.bzh\/?page_id=9083"},"modified":"2025-07-03T10:45:46","modified_gmt":"2025-07-03T09:45:46","slug":"le-pottier-l-haridon","status":"publish","type":"page","link":"https:\/\/yaouank.bzh\/go\/programerie\/le-pottier-l-haridon\/","title":{"rendered":"LE POTTIER \/ L\u2019HARIDON"},"content":{"rendered":"\t\t<div data-elementor-type=\"wp-page\" data-elementor-id=\"9083\" class=\"elementor elementor-9083\">\n\t\t\t\t<div class=\"elementor-element elementor-element-c02eeac e-flex e-con-boxed e-con e-parent\" data-id=\"c02eeac\" data-element_type=\"container\">\n\t\t\t\t\t<div class=\"e-con-inner\">\n\t\t<div class=\"elementor-element elementor-element-4690a92 e-con-full e-flex e-con e-child\" data-id=\"4690a92\" data-element_type=\"container\">\n\t\t\t\t<div class=\"elementor-element elementor-element-003994c elementor-widget elementor-widget-image\" data-id=\"003994c\" data-element_type=\"widget\" data-widget_type=\"image.default\">\n\t\t\t\t<div class=\"elementor-widget-container\">\n\t\t\t\t\t\t\t\t\t\t\t\t<figure class=\"wp-caption\">\n\t\t\t\t\t\t\t\t\t\t<img fetchpriority=\"high\" decoding=\"async\" width=\"1500\" height=\"1024\" src=\"https:\/\/yaouank.bzh\/wp-content\/uploads\/2025\/07\/Le-Pottier-L_Haridon-\u00a9-Eric-Legret.png\" class=\"attachment-1536x1536 size-1536x1536 wp-image-9001\" alt=\"\" srcset=\"https:\/\/yaouank.bzh\/wp-content\/uploads\/2025\/07\/Le-Pottier-L_Haridon-\u00a9-Eric-Legret.png 1500w, https:\/\/yaouank.bzh\/wp-content\/uploads\/2025\/07\/Le-Pottier-L_Haridon-\u00a9-Eric-Legret-300x205.png 300w, https:\/\/yaouank.bzh\/wp-content\/uploads\/2025\/07\/Le-Pottier-L_Haridon-\u00a9-Eric-Legret-1024x699.png 1024w, https:\/\/yaouank.bzh\/wp-content\/uploads\/2025\/07\/Le-Pottier-L_Haridon-\u00a9-Eric-Legret-768x524.png 768w\" sizes=\"(max-width: 1500px) 100vw, 1500px\" \/>\t\t\t\t\t\t\t\t\t\t\t<figcaption class=\"widget-image-caption wp-caption-text\">\u00a9 Eric Legret<\/figcaption>\n\t\t\t\t\t\t\t\t\t\t<\/figure>\n\t\t\t\t\t\t\t\t\t<\/div>\n\t\t\t\t<\/div>\n\t\t\t\t<\/div>\n\t\t<div class=\"elementor-element elementor-element-9016af8 e-con-full e-flex e-con e-child\" data-id=\"9016af8\" data-element_type=\"container\">\n\t\t\t\t<div class=\"elementor-element elementor-element-5ca843d elementor-widget elementor-widget-heading\" data-id=\"5ca843d\" data-element_type=\"widget\" data-widget_type=\"heading.default\">\n\t\t\t\t<div class=\"elementor-widget-container\">\n\t\t\t\t\t<h1 class=\"elementor-heading-title elementor-size-default\">LE POTTIER \/ L\u2019HARIDON<\/h1>\t\t\t\t<\/div>\n\t\t\t\t<\/div>\n\t\t\t\t<div class=\"elementor-element elementor-element-f2020f5 elementor-widget elementor-widget-text-editor\" data-id=\"f2020f5\" data-element_type=\"widget\" data-widget_type=\"text-editor.default\">\n\t\t\t\t<div class=\"elementor-widget-container\">\n\t\t\t\t\t\t\t\t\t<p>Le duo form\u00e9 par Floriane le Pottier (violon) et Yann-Ewen L&#8217;Haridon (saxophone soprano, chant) est une rencontre musicale qui vous transportera dans l&#8217;univers de la musique bretonne \u00e0 danser !<\/p><p>Les deux musiciens aiment manier les unissons, contrepoints et bourdons rythmiques tout en fusionnant subtilement les timbres du violon et du saxophone.<\/p><p>Un son nouveau telle une m\u00e9lodie qui se d\u00e9cortique, se dissout, puis se r\u00e9g\u00e9n\u00e8re sous une forme<br \/>diff\u00e9rente.<\/p>\t\t\t\t\t\t\t\t<\/div>\n\t\t\t\t<\/div>\n\t\t\t\t<\/div>\n\t\t\t\t\t<\/div>\n\t\t\t\t<\/div>\n\t\t<div class=\"elementor-element elementor-element-4a1d3604 e-flex e-con-boxed e-con e-parent\" data-id=\"4a1d3604\" data-element_type=\"container\">\n\t\t\t\t\t<div class=\"e-con-inner\">\n\t\t\t\t<div class=\"elementor-element elementor-element-248427ab elementor-align-justify elementor-widget__width-inherit elementor-widget elementor-widget-button\" data-id=\"248427ab\" data-element_type=\"widget\" data-widget_type=\"button.default\">\n\t\t\t\t<div class=\"elementor-widget-container\">\n\t\t\t\t\t\t\t\t\t<div class=\"elementor-button-wrapper\">\n\t\t\t\t\t<a class=\"elementor-button elementor-button-link elementor-size-sm elementor-animation-shrink\" href=\"https:\/\/yaouank.bzh\/go\/billetterie\/\">\n\t\t\t\t\t\t<span class=\"elementor-button-content-wrapper\">\n\t\t\t\t\t\t\t\t\t<span class=\"elementor-button-text\">Tiqheteriy<\/span>\n\t\t\t\t\t<\/span>\n\t\t\t\t\t<\/a>\n\t\t\t\t<\/div>\n\t\t\t\t\t\t\t\t<\/div>\n\t\t\t\t<\/div>\n\t\t\t\t\t<\/div>\n\t\t\t\t<\/div>\n\t\t\t\t<\/div>\n\t\t","protected":false},"excerpt":{"rendered":"<p>\u00a9 Eric Legret LE POTTIER \/ L\u2019HARIDON Le duo form\u00e9 par Floriane le Pottier (violon) et Yann-Ewen L&#8217;Haridon (saxophone soprano, chant) est une rencontre musicale qui vous transportera dans l&#8217;univers [&hellip;]<\/p>\n","protected":false},"author":1,"featured_media":0,"parent":8939,"menu_order":0,"comment_status":"closed","ping_status":"closed","template":"","meta":{"site-sidebar-layout":"no-sidebar","site-content-layout":"","ast-site-content-layout":"full-width-container","site-content-style":"default","site-sidebar-style":"default","ast-global-header-display":"","ast-banner-title-visibility":"","ast-main-header-display":"","ast-hfb-above-header-display":"","ast-hfb-below-header-display":"","ast-hfb-mobile-header-display":"","site-post-title":"disabled","ast-breadcrumbs-content":"","ast-featured-img":"disabled","footer-sml-layout":"","theme-transparent-header-meta":"default","adv-header-id-meta":"","stick-header-meta":"","header-above-stick-meta":"","header-main-stick-meta":"","header-below-stick-meta":"","astra-migrate-meta-layouts":"set","ast-page-background-enabled":"default","ast-page-background-meta":{"desktop":{"background-color":"var(--ast-global-color-5)","background-image":"","background-repeat":"repeat","background-position":"center center","background-size":"auto","background-attachment":"scroll","background-type":"","background-media":"","overlay-type":"","overlay-color":"","overlay-opacity":"","overlay-gradient":""},"tablet":{"background-color":"","background-image":"","background-repeat":"repeat","background-position":"center center","background-size":"auto","background-attachment":"scroll","background-type":"","background-media":"","overlay-type":"","overlay-color":"","overlay-opacity":"","overlay-gradient":""},"mobile":{"background-color":"","background-image":"","background-repeat":"repeat","background-position":"center center","background-size":"auto","background-attachment":"scroll","background-type":"","background-media":"","overlay-type":"","overlay-color":"","overlay-opacity":"","overlay-gradient":""}},"ast-content-background-meta":{"desktop":{"background-color":"var(--ast-global-color-4)","background-image":"","background-repeat":"repeat","background-position":"center center","background-size":"auto","background-attachment":"scroll","background-type":"","background-media":"","overlay-type":"","overlay-color":"","overlay-opacity":"","overlay-gradient":""},"tablet":{"background-color":"var(--ast-global-color-4)","background-image":"","background-repeat":"repeat","background-position":"center center","background-size":"auto","background-attachment":"scroll","background-type":"","background-media":"","overlay-type":"","overlay-color":"","overlay-opacity":"","overlay-gradient":""},"mobile":{"background-color":"var(--ast-global-color-4)","background-image":"","background-repeat":"repeat","background-position":"center center","background-size":"auto","background-attachment":"scroll","background-type":"","background-media":"","overlay-type":"","overlay-color":"","overlay-opacity":"","overlay-gradient":""}},"footnotes":""},"class_list":["post-9083","page","type-page","status-publish","hentry"],"yoast_head":"<!-- This site is optimized with the Yoast SEO plugin v25.3 - https:\/\/yoast.com\/wordpress\/plugins\/seo\/ -->\n<title>LE POTTIER \/ L\u2019HARIDON - YAOUANK<\/title>\n<meta name=\"description\" content=\"\u00a9 Eric Legret LE POTTIER \/ L\u2019HARIDON Le duo form\u00e9 par Floriane le Pottier (violon) et Yann-Ewen L&#039;Haridon (saxophone soprano, chant) est une rencontre musicale qui vous transportera dans l&#039;univers de la musique bretonne \u00e0 danser !Les deux musiciens aiment manier les unissons, contrepoints et bourdons rythmiques tout en fusionnant subtilement les timbres du violon&hellip;\" \/>\n<meta name=\"robots\" content=\"index, follow, max-snippet:-1, max-image-preview:large, max-video-preview:-1\" \/>\n<link rel=\"canonical\" href=\"http:\/\/\u00a9%20Eric%20Legret%20LE%20POTTIER%20\/%20L\u2019HARIDON%20Le%20duo%20form\u00e9%20par%20Floriane%20le%20Pottier%20(violon)%20et%20Yann-Ewen%20L'Haridon%20(saxophone%20soprano,%20chant)%20est%20une%20rencontre%20musicale%20qui%20vous%20transportera%20dans%20l'univers%20de%20la%20musique%20bretonne%20\u00e0%20danser%20!Les%20deux%20musiciens%20aiment%20manier%20les%20unissons,%20contrepoints%20et%20bourdons%20rythmiques%20tout%20en%20fusionnant%20subtilement%20les%20timbres%20du%20violon&hellip;\" \/>\n<meta property=\"og:locale\" content=\"en_US\" \/>\n<meta property=\"og:type\" content=\"article\" \/>\n<meta property=\"og:title\" content=\"LE POTTIER \/ L\u2019HARIDON - YAOUANK\" \/>\n<meta property=\"og:description\" content=\"\u00a9 Eric Legret LE POTTIER \/ L\u2019HARIDON Le duo form\u00e9 par Floriane le Pottier (violon) et Yann-Ewen L&#039;Haridon (saxophone soprano, chant) est une rencontre musicale qui vous transportera dans l&#039;univers de la musique bretonne \u00e0 danser !Les deux musiciens aiment manier les unissons, contrepoints et bourdons rythmiques tout en fusionnant subtilement les timbres du violon&hellip;\" \/>\n<meta property=\"og:url\" content=\"https:\/\/yaouank.bzh\/go\/programerie\/le-pottier-l-haridon\/\" \/>\n<meta property=\"og:site_name\" content=\"YAOUANK\" \/>\n<meta property=\"article:publisher\" content=\"https:\/\/www.facebook.com\/YA0UANK\/?fref=ts\" \/>\n<meta property=\"article:modified_time\" content=\"2025-07-03T09:45:46+00:00\" \/>\n<meta name=\"twitter:card\" content=\"summary_large_image\" \/>\n<meta name=\"twitter:site\" content=\"@yaouank\" \/>\n<meta name=\"twitter:label1\" content=\"Est. reading time\" \/>\n\t<meta name=\"twitter:data1\" content=\"1 minute\" \/>\n<script type=\"application\/ld+json\" class=\"yoast-schema-graph\">{\"@context\":\"https:\/\/schema.org\",\"@graph\":[{\"@type\":\"WebPage\",\"@id\":\"https:\/\/yaouank.bzh\/go\/go\/programerie\/le-pottier-l-haridon\/\",\"url\":\"https:\/\/yaouank.bzh\/go\/go\/programerie\/le-pottier-l-haridon\/\",\"name\":\"LE POTTIER \/ L\u2019HARIDON - YAOUANK\",\"isPartOf\":{\"@id\":\"https:\/\/yaouank.bzh\/#website\"},\"datePublished\":\"2025-07-02T07:00:40+00:00\",\"dateModified\":\"2025-07-03T09:45:46+00:00\",\"breadcrumb\":{\"@id\":\"https:\/\/yaouank.bzh\/go\/programerie\/le-pottier-l-haridon\/#breadcrumb\"},\"inLanguage\":\"go-FR\",\"potentialAction\":[{\"@type\":\"ReadAction\",\"target\":[\"https:\/\/yaouank.bzh\/go\/programerie\/le-pottier-l-haridon\/\"]}]},{\"@type\":\"BreadcrumbList\",\"@id\":\"https:\/\/yaouank.bzh\/go\/programerie\/le-pottier-l-haridon\/#breadcrumb\",\"itemListElement\":[{\"@type\":\"ListItem\",\"position\":1,\"name\":\"Erceperie\",\"item\":\"https:\/\/yaouank.bzh\/\"},{\"@type\":\"ListItem\",\"position\":2,\"name\":\"Programerie\",\"item\":\"https:\/\/yaouank.bzh\/programmation\/\"},{\"@type\":\"ListItem\",\"position\":3,\"name\":\"LE POTTIER \/ L\u2019HARIDON\"}]},{\"@type\":\"WebSite\",\"@id\":\"https:\/\/yaouank.bzh\/go\/#website\",\"url\":\"https:\/\/yaouank.bzh\/go\/\",\"name\":\"YAOUANK\",\"description\":\"2025\",\"publisher\":{\"@id\":\"https:\/\/yaouank.bzh\/go\/#organization\"},\"potentialAction\":[{\"@type\":\"SearchAction\",\"target\":{\"@type\":\"EntryPoint\",\"urlTemplate\":\"https:\/\/yaouank.bzh\/go\/?s={search_term_string}\"},\"query-input\":{\"@type\":\"PropertyValueSpecification\",\"valueRequired\":true,\"valueName\":\"search_term_string\"}}],\"inLanguage\":\"go-FR\"},{\"@type\":\"Organization\",\"@id\":\"https:\/\/yaouank.bzh\/go\/#organization\",\"name\":\"YAOUANK\",\"url\":\"https:\/\/yaouank.bzh\/go\/\",\"logo\":{\"@type\":\"ImageObject\",\"inLanguage\":\"go-FR\",\"@id\":\"https:\/\/yaouank.bzh\/go\/#\/schema\/logo\/image\/\",\"url\":\"https:\/\/yaouank.bzh\/wp-content\/uploads\/2024\/09\/Yaouank-TITRE-25.png\",\"contentUrl\":\"https:\/\/yaouank.bzh\/wp-content\/uploads\/2024\/09\/Yaouank-TITRE-25.png\",\"width\":2362,\"height\":1181,\"caption\":\"YAOUANK\"},\"image\":{\"@id\":\"https:\/\/yaouank.bzh\/go\/#\/schema\/logo\/image\/\"},\"sameAs\":[\"https:\/\/www.facebook.com\/YA0UANK\/?fref=ts\",\"https:\/\/x.com\/yaouank\",\"https:\/\/www.instagram.com\/yaouank_\/\"]}]}<\/script>\n<!-- \/ Yoast SEO plugin. -->","yoast_head_json":{"title":"LE POTTIER \/ L\u2019HARIDON - YAOUANK","description":"\u00a9 Eric Legret LE POTTIER \/ L\u2019HARIDON Le duo form\u00e9 par Floriane le Pottier (violon) et Yann-Ewen L'Haridon (saxophone soprano, chant) est une rencontre musicale qui vous transportera dans l'univers de la musique bretonne \u00e0 danser !Les deux musiciens aiment manier les unissons, contrepoints et bourdons rythmiques tout en fusionnant subtilement les timbres du violon&hellip;","robots":{"index":"index","follow":"follow","max-snippet":"max-snippet:-1","max-image-preview":"max-image-preview:large","max-video-preview":"max-video-preview:-1"},"canonical":"\u00a9 Eric Legret LE POTTIER \/ L\u2019HARIDON Le duo form\u00e9 par Floriane le Pottier (violon) et Yann-Ewen L'Haridon (saxophone soprano, chant) est une rencontre musicale qui vous transportera dans l'univers de la musique bretonne \u00e0 danser !Les deux musiciens aiment manier les unissons, contrepoints et bourdons rythmiques tout en fusionnant subtilement les timbres du violon&hellip;","og_locale":"en_US","og_type":"article","og_title":"LE POTTIER \/ L\u2019HARIDON - YAOUANK","og_description":"\u00a9 Eric Legret LE POTTIER \/ L\u2019HARIDON Le duo form\u00e9 par Floriane le Pottier (violon) et Yann-Ewen L'Haridon (saxophone soprano, chant) est une rencontre musicale qui vous transportera dans l'univers de la musique bretonne \u00e0 danser !Les deux musiciens aiment manier les unissons, contrepoints et bourdons rythmiques tout en fusionnant subtilement les timbres du violon&hellip;","og_url":"https:\/\/yaouank.bzh\/go\/programerie\/le-pottier-l-haridon\/","og_site_name":"YAOUANK","article_publisher":"https:\/\/www.facebook.com\/YA0UANK\/?fref=ts","article_modified_time":"2025-07-03T09:45:46+00:00","twitter_card":"summary_large_image","twitter_site":"@yaouank","twitter_misc":{"Est. reading time":"1 minute"},"schema":{"@context":"https:\/\/schema.org","@graph":[{"@type":"WebPage","@id":"https:\/\/yaouank.bzh\/go\/go\/programerie\/le-pottier-l-haridon\/","url":"https:\/\/yaouank.bzh\/go\/go\/programerie\/le-pottier-l-haridon\/","name":"LE POTTIER \/ L\u2019HARIDON - YAOUANK","isPartOf":{"@id":"https:\/\/yaouank.bzh\/#website"},"datePublished":"2025-07-02T07:00:40+00:00","dateModified":"2025-07-03T09:45:46+00:00","breadcrumb":{"@id":"https:\/\/yaouank.bzh\/go\/programerie\/le-pottier-l-haridon\/#breadcrumb"},"inLanguage":"go-FR","potentialAction":[{"@type":"ReadAction","target":["https:\/\/yaouank.bzh\/go\/programerie\/le-pottier-l-haridon\/"]}]},{"@type":"BreadcrumbList","@id":"https:\/\/yaouank.bzh\/go\/programerie\/le-pottier-l-haridon\/#breadcrumb","itemListElement":[{"@type":"ListItem","position":1,"name":"Erceperie","item":"https:\/\/yaouank.bzh\/"},{"@type":"ListItem","position":2,"name":"Programerie","item":"https:\/\/yaouank.bzh\/programmation\/"},{"@type":"ListItem","position":3,"name":"LE POTTIER \/ L\u2019HARIDON"}]},{"@type":"WebSite","@id":"https:\/\/yaouank.bzh\/go\/#website","url":"https:\/\/yaouank.bzh\/go\/","name":"YAOUANK","description":"2025","publisher":{"@id":"https:\/\/yaouank.bzh\/go\/#organization"},"potentialAction":[{"@type":"SearchAction","target":{"@type":"EntryPoint","urlTemplate":"https:\/\/yaouank.bzh\/go\/?s={search_term_string}"},"query-input":{"@type":"PropertyValueSpecification","valueRequired":true,"valueName":"search_term_string"}}],"inLanguage":"go-FR"},{"@type":"Organization","@id":"https:\/\/yaouank.bzh\/go\/#organization","name":"YAOUANK","url":"https:\/\/yaouank.bzh\/go\/","logo":{"@type":"ImageObject","inLanguage":"go-FR","@id":"https:\/\/yaouank.bzh\/go\/#\/schema\/logo\/image\/","url":"https:\/\/yaouank.bzh\/wp-content\/uploads\/2024\/09\/Yaouank-TITRE-25.png","contentUrl":"https:\/\/yaouank.bzh\/wp-content\/uploads\/2024\/09\/Yaouank-TITRE-25.png","width":2362,"height":1181,"caption":"YAOUANK"},"image":{"@id":"https:\/\/yaouank.bzh\/go\/#\/schema\/logo\/image\/"},"sameAs":["https:\/\/www.facebook.com\/YA0UANK\/?fref=ts","https:\/\/x.com\/yaouank","https:\/\/www.instagram.com\/yaouank_\/"]}]}},"_links":{"self":[{"href":"https:\/\/yaouank.bzh\/go\/wp-json\/wp\/v2\/pages\/9083","targetHints":{"allow":["GET"]}}],"collection":[{"href":"https:\/\/yaouank.bzh\/go\/wp-json\/wp\/v2\/pages"}],"about":[{"href":"https:\/\/yaouank.bzh\/go\/wp-json\/wp\/v2\/types\/page"}],"author":[{"embeddable":true,"href":"https:\/\/yaouank.bzh\/go\/wp-json\/wp\/v2\/users\/1"}],"replies":[{"embeddable":true,"href":"https:\/\/yaouank.bzh\/go\/wp-json\/wp\/v2\/comments?post=9083"}],"version-history":[{"count":12,"href":"https:\/\/yaouank.bzh\/go\/wp-json\/wp\/v2\/pages\/9083\/revisions"}],"predecessor-version":[{"id":9317,"href":"https:\/\/yaouank.bzh\/go\/wp-json\/wp\/v2\/pages\/9083\/revisions\/9317"}],"up":[{"embeddable":true,"href":"https:\/\/yaouank.bzh\/go\/wp-json\/wp\/v2\/pages\/8939"}],"wp:attachment":[{"href":"https:\/\/yaouank.bzh\/go\/wp-json\/wp\/v2\/media?parent=9083"}],"curies":[{"name":"wp","href":"https:\/\/api.w.org\/{rel}","templated":true}]}}