{"id":9089,"date":"2025-07-02T08:00:40","date_gmt":"2025-07-02T07:00:40","guid":{"rendered":"https:\/\/yaouank.bzh\/?page_id=9089"},"modified":"2025-07-03T10:45:00","modified_gmt":"2025-07-03T09:45:00","slug":"gloubyboulgah-2","status":"publish","type":"page","link":"https:\/\/yaouank.bzh\/go\/programerie\/gloubyboulgah-2\/","title":{"rendered":"GLOUBYBOULGAH"},"content":{"rendered":"\t\t<div data-elementor-type=\"wp-page\" data-elementor-id=\"9089\" class=\"elementor elementor-9089\">\n\t\t\t\t<div class=\"elementor-element elementor-element-c02eeac e-flex e-con-boxed e-con e-parent\" data-id=\"c02eeac\" data-element_type=\"container\">\n\t\t\t\t\t<div class=\"e-con-inner\">\n\t\t<div class=\"elementor-element elementor-element-4690a92 e-con-full e-flex e-con e-child\" data-id=\"4690a92\" data-element_type=\"container\">\n\t\t\t\t<div class=\"elementor-element elementor-element-003994c elementor-widget elementor-widget-image\" data-id=\"003994c\" data-element_type=\"widget\" data-widget_type=\"image.default\">\n\t\t\t\t<div class=\"elementor-widget-container\">\n\t\t\t\t\t\t\t\t\t\t\t\t<figure class=\"wp-caption\">\n\t\t\t\t\t\t\t\t\t\t<img fetchpriority=\"high\" decoding=\"async\" width=\"1500\" height=\"1024\" src=\"https:\/\/yaouank.bzh\/wp-content\/uploads\/2025\/07\/Myriam-Jegat.png\" class=\"attachment-1536x1536 size-1536x1536 wp-image-9003\" alt=\"\" srcset=\"https:\/\/yaouank.bzh\/wp-content\/uploads\/2025\/07\/Myriam-Jegat.png 1500w, https:\/\/yaouank.bzh\/wp-content\/uploads\/2025\/07\/Myriam-Jegat-300x205.png 300w, https:\/\/yaouank.bzh\/wp-content\/uploads\/2025\/07\/Myriam-Jegat-1024x699.png 1024w, https:\/\/yaouank.bzh\/wp-content\/uploads\/2025\/07\/Myriam-Jegat-768x524.png 768w\" sizes=\"(max-width: 1500px) 100vw, 1500px\" \/>\t\t\t\t\t\t\t\t\t\t\t<figcaption class=\"widget-image-caption wp-caption-text\"><\/figcaption>\n\t\t\t\t\t\t\t\t\t\t<\/figure>\n\t\t\t\t\t\t\t\t\t<\/div>\n\t\t\t\t<\/div>\n\t\t\t\t<\/div>\n\t\t<div class=\"elementor-element elementor-element-9016af8 e-con-full e-flex e-con e-child\" data-id=\"9016af8\" data-element_type=\"container\">\n\t\t\t\t<div class=\"elementor-element elementor-element-5ca843d elementor-widget elementor-widget-heading\" data-id=\"5ca843d\" data-element_type=\"widget\" data-widget_type=\"heading.default\">\n\t\t\t\t<div class=\"elementor-widget-container\">\n\t\t\t\t\t<h1 class=\"elementor-heading-title elementor-size-default\">GLOUBYBOULGAH<\/h1>\t\t\t\t<\/div>\n\t\t\t\t<\/div>\n\t\t\t\t<div class=\"elementor-element elementor-element-f2020f5 elementor-widget elementor-widget-text-editor\" data-id=\"f2020f5\" data-element_type=\"widget\" data-widget_type=\"text-editor.default\">\n\t\t\t\t<div class=\"elementor-widget-container\">\n\t\t\t\t\t\t\t\t\t<p>Groupe gagnant Tremplin Morgane (F\u00eate de la Bretagne, Ty Anna, Rennes)<\/p><p>Dans un grand saladier, vous m\u00e9langez un violon grill\u00e9, un baryton rap\u00e9, un accord\u00e9on chromatique \u00e9cras\u00e9, une clarinette tr\u00e8s forte et des voix crues mais ti\u00e8des, c&#8217;est tr\u00e8s important ! <br \/>Vous pouvez ajouter quelques notes qui frottent ou un peu de folies polyphoniques.\u00a0<\/p><p>\u00c0 table et bon app\u00e9tit pour d\u00e9guster&#8230; Gloubyboulgah !<\/p>\t\t\t\t\t\t\t\t<\/div>\n\t\t\t\t<\/div>\n\t\t\t\t<\/div>\n\t\t\t\t\t<\/div>\n\t\t\t\t<\/div>\n\t\t<div class=\"elementor-element elementor-element-2c59c1a1 e-flex e-con-boxed e-con e-parent\" data-id=\"2c59c1a1\" data-element_type=\"container\">\n\t\t\t\t\t<div class=\"e-con-inner\">\n\t\t\t\t<div class=\"elementor-element elementor-element-588adc9f elementor-align-justify elementor-widget__width-inherit elementor-widget elementor-widget-button\" data-id=\"588adc9f\" data-element_type=\"widget\" data-widget_type=\"button.default\">\n\t\t\t\t<div class=\"elementor-widget-container\">\n\t\t\t\t\t\t\t\t\t<div class=\"elementor-button-wrapper\">\n\t\t\t\t\t<a class=\"elementor-button elementor-button-link elementor-size-sm elementor-animation-shrink\" href=\"https:\/\/yaouank.bzh\/go\/billetterie\/\">\n\t\t\t\t\t\t<span class=\"elementor-button-content-wrapper\">\n\t\t\t\t\t\t\t\t\t<span class=\"elementor-button-text\">Tiqheteriy<\/span>\n\t\t\t\t\t<\/span>\n\t\t\t\t\t<\/a>\n\t\t\t\t<\/div>\n\t\t\t\t\t\t\t\t<\/div>\n\t\t\t\t<\/div>\n\t\t\t\t\t<\/div>\n\t\t\t\t<\/div>\n\t\t\t\t<\/div>\n\t\t","protected":false},"excerpt":{"rendered":"<p>GLOUBYBOULGAH Groupe gagnant Tremplin Morgane (F\u00eate de la Bretagne, Ty Anna, Rennes) Dans un grand saladier, vous m\u00e9langez un violon grill\u00e9, un baryton rap\u00e9, un accord\u00e9on chromatique \u00e9cras\u00e9, une clarinette [&hellip;]<\/p>\n","protected":false},"author":1,"featured_media":0,"parent":8939,"menu_order":0,"comment_status":"closed","ping_status":"closed","template":"","meta":{"site-sidebar-layout":"no-sidebar","site-content-layout":"","ast-site-content-layout":"full-width-container","site-content-style":"default","site-sidebar-style":"default","ast-global-header-display":"","ast-banner-title-visibility":"","ast-main-header-display":"","ast-hfb-above-header-display":"","ast-hfb-below-header-display":"","ast-hfb-mobile-header-display":"","site-post-title":"disabled","ast-breadcrumbs-content":"","ast-featured-img":"disabled","footer-sml-layout":"","theme-transparent-header-meta":"default","adv-header-id-meta":"","stick-header-meta":"","header-above-stick-meta":"","header-main-stick-meta":"","header-below-stick-meta":"","astra-migrate-meta-layouts":"set","ast-page-background-enabled":"default","ast-page-background-meta":{"desktop":{"background-color":"var(--ast-global-color-5)","background-image":"","background-repeat":"repeat","background-position":"center center","background-size":"auto","background-attachment":"scroll","background-type":"","background-media":"","overlay-type":"","overlay-color":"","overlay-opacity":"","overlay-gradient":""},"tablet":{"background-color":"","background-image":"","background-repeat":"repeat","background-position":"center center","background-size":"auto","background-attachment":"scroll","background-type":"","background-media":"","overlay-type":"","overlay-color":"","overlay-opacity":"","overlay-gradient":""},"mobile":{"background-color":"","background-image":"","background-repeat":"repeat","background-position":"center center","background-size":"auto","background-attachment":"scroll","background-type":"","background-media":"","overlay-type":"","overlay-color":"","overlay-opacity":"","overlay-gradient":""}},"ast-content-background-meta":{"desktop":{"background-color":"var(--ast-global-color-4)","background-image":"","background-repeat":"repeat","background-position":"center center","background-size":"auto","background-attachment":"scroll","background-type":"","background-media":"","overlay-type":"","overlay-color":"","overlay-opacity":"","overlay-gradient":""},"tablet":{"background-color":"var(--ast-global-color-4)","background-image":"","background-repeat":"repeat","background-position":"center center","background-size":"auto","background-attachment":"scroll","background-type":"","background-media":"","overlay-type":"","overlay-color":"","overlay-opacity":"","overlay-gradient":""},"mobile":{"background-color":"var(--ast-global-color-4)","background-image":"","background-repeat":"repeat","background-position":"center center","background-size":"auto","background-attachment":"scroll","background-type":"","background-media":"","overlay-type":"","overlay-color":"","overlay-opacity":"","overlay-gradient":""}},"footnotes":""},"class_list":["post-9089","page","type-page","status-publish","hentry"],"yoast_head":"<!-- This site is optimized with the Yoast SEO plugin v25.3 - https:\/\/yoast.com\/wordpress\/plugins\/seo\/ -->\n<title>GLOUBYBOULGAH - YAOUANK<\/title>\n<meta name=\"description\" content=\"GLOUBYBOULGAH Groupe gagnant Tremplin Morgane (F\u00eate de la Bretagne, Ty Anna, Rennes)Dans un grand saladier, vous m\u00e9langez un violon grill\u00e9, un baryton rap\u00e9, un accord\u00e9on chromatique \u00e9cras\u00e9, une clarinette tr\u00e8s forte et des voix crues mais ti\u00e8des, c&#039;est tr\u00e8s important ! Vous pouvez ajouter quelques notes qui frottent ou un peu de folies polyphoniques.\u00a0\u00c0 table&hellip;\" \/>\n<meta name=\"robots\" content=\"index, follow, max-snippet:-1, max-image-preview:large, max-video-preview:-1\" \/>\n<link rel=\"canonical\" href=\"http:\/\/GLOUBYBOULGAH%20Groupe%20gagnant%20Tremplin%20Morgane%20(F\u00eate%20de%20la%20Bretagne,%20Ty%20Anna,%20Rennes)Dans%20un%20grand%20saladier,%20vous%20m\u00e9langez%20un%20violon%20grill\u00e9,%20un%20baryton%20rap\u00e9,%20un%20accord\u00e9on%20chromatique%20\u00e9cras\u00e9,%20une%20clarinette%20tr\u00e8s%20forte%20et%20des%20voix%20crues%20mais%20ti\u00e8des,%20c'est%20tr\u00e8s%20important%20!%20Vous%20pouvez%20ajouter%20quelques%20notes%20qui%20frottent%20ou%20un%20peu%20de%20folies%20polyphoniques.\u00a0\u00c0%20table&hellip;\" \/>\n<meta property=\"og:locale\" content=\"en_US\" \/>\n<meta property=\"og:type\" content=\"article\" \/>\n<meta property=\"og:title\" content=\"GLOUBYBOULGAH - YAOUANK\" \/>\n<meta property=\"og:description\" content=\"GLOUBYBOULGAH Groupe gagnant Tremplin Morgane (F\u00eate de la Bretagne, Ty Anna, Rennes)Dans un grand saladier, vous m\u00e9langez un violon grill\u00e9, un baryton rap\u00e9, un accord\u00e9on chromatique \u00e9cras\u00e9, une clarinette tr\u00e8s forte et des voix crues mais ti\u00e8des, c&#039;est tr\u00e8s important ! Vous pouvez ajouter quelques notes qui frottent ou un peu de folies polyphoniques.\u00a0\u00c0 table&hellip;\" \/>\n<meta property=\"og:url\" content=\"https:\/\/yaouank.bzh\/go\/programerie\/gloubyboulgah-2\/\" \/>\n<meta property=\"og:site_name\" content=\"YAOUANK\" \/>\n<meta property=\"article:publisher\" content=\"https:\/\/www.facebook.com\/YA0UANK\/?fref=ts\" \/>\n<meta property=\"article:modified_time\" content=\"2025-07-03T09:45:00+00:00\" \/>\n<meta property=\"og:image\" content=\"https:\/\/yaouank.bzh\/wp-content\/uploads\/2025\/07\/Myriam-Jegat.png\" \/>\n\t<meta property=\"og:image:width\" content=\"1500\" \/>\n\t<meta property=\"og:image:height\" content=\"1024\" \/>\n\t<meta property=\"og:image:type\" content=\"image\/png\" \/>\n<meta name=\"twitter:card\" content=\"summary_large_image\" \/>\n<meta name=\"twitter:site\" content=\"@yaouank\" \/>\n<meta name=\"twitter:label1\" content=\"Est. reading time\" \/>\n\t<meta name=\"twitter:data1\" content=\"1 minute\" \/>\n<script type=\"application\/ld+json\" class=\"yoast-schema-graph\">{\"@context\":\"https:\/\/schema.org\",\"@graph\":[{\"@type\":\"WebPage\",\"@id\":\"https:\/\/yaouank.bzh\/go\/go\/programerie\/gloubyboulgah-2\/\",\"url\":\"https:\/\/yaouank.bzh\/go\/go\/programerie\/gloubyboulgah-2\/\",\"name\":\"GLOUBYBOULGAH - YAOUANK\",\"isPartOf\":{\"@id\":\"https:\/\/yaouank.bzh\/#website\"},\"primaryImageOfPage\":{\"@id\":\"https:\/\/yaouank.bzh\/go\/programerie\/gloubyboulgah-2\/#primaryimage\"},\"image\":{\"@id\":\"https:\/\/yaouank.bzh\/go\/programerie\/gloubyboulgah-2\/#primaryimage\"},\"thumbnailUrl\":\"https:\/\/yaouank.bzh\/wp-content\/uploads\/2025\/07\/Myriam-Jegat.png\",\"datePublished\":\"2025-07-02T07:00:40+00:00\",\"dateModified\":\"2025-07-03T09:45:00+00:00\",\"breadcrumb\":{\"@id\":\"https:\/\/yaouank.bzh\/go\/programerie\/gloubyboulgah-2\/#breadcrumb\"},\"inLanguage\":\"go-FR\",\"potentialAction\":[{\"@type\":\"ReadAction\",\"target\":[\"https:\/\/yaouank.bzh\/go\/programerie\/gloubyboulgah-2\/\"]}]},{\"@type\":\"ImageObject\",\"inLanguage\":\"go-FR\",\"@id\":\"https:\/\/yaouank.bzh\/go\/programerie\/gloubyboulgah-2\/#primaryimage\",\"url\":\"https:\/\/yaouank.bzh\/wp-content\/uploads\/2025\/07\/Myriam-Jegat.png\",\"contentUrl\":\"https:\/\/yaouank.bzh\/wp-content\/uploads\/2025\/07\/Myriam-Jegat.png\"},{\"@type\":\"BreadcrumbList\",\"@id\":\"https:\/\/yaouank.bzh\/go\/programerie\/gloubyboulgah-2\/#breadcrumb\",\"itemListElement\":[{\"@type\":\"ListItem\",\"position\":1,\"name\":\"Erceperie\",\"item\":\"https:\/\/yaouank.bzh\/\"},{\"@type\":\"ListItem\",\"position\":2,\"name\":\"Programerie\",\"item\":\"https:\/\/yaouank.bzh\/programmation\/\"},{\"@type\":\"ListItem\",\"position\":3,\"name\":\"GLOUBYBOULGAH\"}]},{\"@type\":\"WebSite\",\"@id\":\"https:\/\/yaouank.bzh\/go\/#website\",\"url\":\"https:\/\/yaouank.bzh\/go\/\",\"name\":\"YAOUANK\",\"description\":\"2025\",\"publisher\":{\"@id\":\"https:\/\/yaouank.bzh\/go\/#organization\"},\"potentialAction\":[{\"@type\":\"SearchAction\",\"target\":{\"@type\":\"EntryPoint\",\"urlTemplate\":\"https:\/\/yaouank.bzh\/go\/?s={search_term_string}\"},\"query-input\":{\"@type\":\"PropertyValueSpecification\",\"valueRequired\":true,\"valueName\":\"search_term_string\"}}],\"inLanguage\":\"go-FR\"},{\"@type\":\"Organization\",\"@id\":\"https:\/\/yaouank.bzh\/go\/#organization\",\"name\":\"YAOUANK\",\"url\":\"https:\/\/yaouank.bzh\/go\/\",\"logo\":{\"@type\":\"ImageObject\",\"inLanguage\":\"go-FR\",\"@id\":\"https:\/\/yaouank.bzh\/go\/#\/schema\/logo\/image\/\",\"url\":\"https:\/\/yaouank.bzh\/wp-content\/uploads\/2024\/09\/Yaouank-TITRE-25.png\",\"contentUrl\":\"https:\/\/yaouank.bzh\/wp-content\/uploads\/2024\/09\/Yaouank-TITRE-25.png\",\"width\":2362,\"height\":1181,\"caption\":\"YAOUANK\"},\"image\":{\"@id\":\"https:\/\/yaouank.bzh\/go\/#\/schema\/logo\/image\/\"},\"sameAs\":[\"https:\/\/www.facebook.com\/YA0UANK\/?fref=ts\",\"https:\/\/x.com\/yaouank\",\"https:\/\/www.instagram.com\/yaouank_\/\"]}]}<\/script>\n<!-- \/ Yoast SEO plugin. -->","yoast_head_json":{"title":"GLOUBYBOULGAH - YAOUANK","description":"GLOUBYBOULGAH Groupe gagnant Tremplin Morgane (F\u00eate de la Bretagne, Ty Anna, Rennes)Dans un grand saladier, vous m\u00e9langez un violon grill\u00e9, un baryton rap\u00e9, un accord\u00e9on chromatique \u00e9cras\u00e9, une clarinette tr\u00e8s forte et des voix crues mais ti\u00e8des, c'est tr\u00e8s important ! Vous pouvez ajouter quelques notes qui frottent ou un peu de folies polyphoniques.\u00a0\u00c0 table&hellip;","robots":{"index":"index","follow":"follow","max-snippet":"max-snippet:-1","max-image-preview":"max-image-preview:large","max-video-preview":"max-video-preview:-1"},"canonical":"GLOUBYBOULGAH Groupe gagnant Tremplin Morgane (F\u00eate de la Bretagne, Ty Anna, Rennes)Dans un grand saladier, vous m\u00e9langez un violon grill\u00e9, un baryton rap\u00e9, un accord\u00e9on chromatique \u00e9cras\u00e9, une clarinette tr\u00e8s forte et des voix crues mais ti\u00e8des, c'est tr\u00e8s important ! Vous pouvez ajouter quelques notes qui frottent ou un peu de folies polyphoniques.\u00a0\u00c0 table&hellip;","og_locale":"en_US","og_type":"article","og_title":"GLOUBYBOULGAH - YAOUANK","og_description":"GLOUBYBOULGAH Groupe gagnant Tremplin Morgane (F\u00eate de la Bretagne, Ty Anna, Rennes)Dans un grand saladier, vous m\u00e9langez un violon grill\u00e9, un baryton rap\u00e9, un accord\u00e9on chromatique \u00e9cras\u00e9, une clarinette tr\u00e8s forte et des voix crues mais ti\u00e8des, c'est tr\u00e8s important ! Vous pouvez ajouter quelques notes qui frottent ou un peu de folies polyphoniques.\u00a0\u00c0 table&hellip;","og_url":"https:\/\/yaouank.bzh\/go\/programerie\/gloubyboulgah-2\/","og_site_name":"YAOUANK","article_publisher":"https:\/\/www.facebook.com\/YA0UANK\/?fref=ts","article_modified_time":"2025-07-03T09:45:00+00:00","og_image":[{"width":1500,"height":1024,"url":"https:\/\/yaouank.bzh\/wp-content\/uploads\/2025\/07\/Myriam-Jegat.png","type":"image\/png"}],"twitter_card":"summary_large_image","twitter_site":"@yaouank","twitter_misc":{"Est. reading time":"1 minute"},"schema":{"@context":"https:\/\/schema.org","@graph":[{"@type":"WebPage","@id":"https:\/\/yaouank.bzh\/go\/go\/programerie\/gloubyboulgah-2\/","url":"https:\/\/yaouank.bzh\/go\/go\/programerie\/gloubyboulgah-2\/","name":"GLOUBYBOULGAH - YAOUANK","isPartOf":{"@id":"https:\/\/yaouank.bzh\/#website"},"primaryImageOfPage":{"@id":"https:\/\/yaouank.bzh\/go\/programerie\/gloubyboulgah-2\/#primaryimage"},"image":{"@id":"https:\/\/yaouank.bzh\/go\/programerie\/gloubyboulgah-2\/#primaryimage"},"thumbnailUrl":"https:\/\/yaouank.bzh\/wp-content\/uploads\/2025\/07\/Myriam-Jegat.png","datePublished":"2025-07-02T07:00:40+00:00","dateModified":"2025-07-03T09:45:00+00:00","breadcrumb":{"@id":"https:\/\/yaouank.bzh\/go\/programerie\/gloubyboulgah-2\/#breadcrumb"},"inLanguage":"go-FR","potentialAction":[{"@type":"ReadAction","target":["https:\/\/yaouank.bzh\/go\/programerie\/gloubyboulgah-2\/"]}]},{"@type":"ImageObject","inLanguage":"go-FR","@id":"https:\/\/yaouank.bzh\/go\/programerie\/gloubyboulgah-2\/#primaryimage","url":"https:\/\/yaouank.bzh\/wp-content\/uploads\/2025\/07\/Myriam-Jegat.png","contentUrl":"https:\/\/yaouank.bzh\/wp-content\/uploads\/2025\/07\/Myriam-Jegat.png"},{"@type":"BreadcrumbList","@id":"https:\/\/yaouank.bzh\/go\/programerie\/gloubyboulgah-2\/#breadcrumb","itemListElement":[{"@type":"ListItem","position":1,"name":"Erceperie","item":"https:\/\/yaouank.bzh\/"},{"@type":"ListItem","position":2,"name":"Programerie","item":"https:\/\/yaouank.bzh\/programmation\/"},{"@type":"ListItem","position":3,"name":"GLOUBYBOULGAH"}]},{"@type":"WebSite","@id":"https:\/\/yaouank.bzh\/go\/#website","url":"https:\/\/yaouank.bzh\/go\/","name":"YAOUANK","description":"2025","publisher":{"@id":"https:\/\/yaouank.bzh\/go\/#organization"},"potentialAction":[{"@type":"SearchAction","target":{"@type":"EntryPoint","urlTemplate":"https:\/\/yaouank.bzh\/go\/?s={search_term_string}"},"query-input":{"@type":"PropertyValueSpecification","valueRequired":true,"valueName":"search_term_string"}}],"inLanguage":"go-FR"},{"@type":"Organization","@id":"https:\/\/yaouank.bzh\/go\/#organization","name":"YAOUANK","url":"https:\/\/yaouank.bzh\/go\/","logo":{"@type":"ImageObject","inLanguage":"go-FR","@id":"https:\/\/yaouank.bzh\/go\/#\/schema\/logo\/image\/","url":"https:\/\/yaouank.bzh\/wp-content\/uploads\/2024\/09\/Yaouank-TITRE-25.png","contentUrl":"https:\/\/yaouank.bzh\/wp-content\/uploads\/2024\/09\/Yaouank-TITRE-25.png","width":2362,"height":1181,"caption":"YAOUANK"},"image":{"@id":"https:\/\/yaouank.bzh\/go\/#\/schema\/logo\/image\/"},"sameAs":["https:\/\/www.facebook.com\/YA0UANK\/?fref=ts","https:\/\/x.com\/yaouank","https:\/\/www.instagram.com\/yaouank_\/"]}]}},"_links":{"self":[{"href":"https:\/\/yaouank.bzh\/go\/wp-json\/wp\/v2\/pages\/9089","targetHints":{"allow":["GET"]}}],"collection":[{"href":"https:\/\/yaouank.bzh\/go\/wp-json\/wp\/v2\/pages"}],"about":[{"href":"https:\/\/yaouank.bzh\/go\/wp-json\/wp\/v2\/types\/page"}],"author":[{"embeddable":true,"href":"https:\/\/yaouank.bzh\/go\/wp-json\/wp\/v2\/users\/1"}],"replies":[{"embeddable":true,"href":"https:\/\/yaouank.bzh\/go\/wp-json\/wp\/v2\/comments?post=9089"}],"version-history":[{"count":29,"href":"https:\/\/yaouank.bzh\/go\/wp-json\/wp\/v2\/pages\/9089\/revisions"}],"predecessor-version":[{"id":9311,"href":"https:\/\/yaouank.bzh\/go\/wp-json\/wp\/v2\/pages\/9089\/revisions\/9311"}],"up":[{"embeddable":true,"href":"https:\/\/yaouank.bzh\/go\/wp-json\/wp\/v2\/pages\/8939"}],"wp:attachment":[{"href":"https:\/\/yaouank.bzh\/go\/wp-json\/wp\/v2\/media?parent=9089"}],"curies":[{"name":"wp","href":"https:\/\/api.w.org\/{rel}","templated":true}]}}