{"id":9481,"date":"2025-07-02T08:00:40","date_gmt":"2025-07-02T07:00:40","guid":{"rendered":"https:\/\/yaouank.bzh\/?page_id=9481"},"modified":"2025-10-02T15:39:54","modified_gmt":"2025-10-02T14:39:54","slug":"tremplin-coat-albret","status":"publish","type":"page","link":"https:\/\/yaouank.bzh\/go\/programerie\/tremplin-coat-albret\/","title":{"rendered":"Tremplin Coat Albret"},"content":{"rendered":"\t\t<div data-elementor-type=\"wp-page\" data-elementor-id=\"9481\" class=\"elementor elementor-9481\">\n\t\t\t\t<div class=\"elementor-element elementor-element-c02eeac e-flex e-con-boxed e-con e-parent\" data-id=\"c02eeac\" data-element_type=\"container\">\n\t\t\t\t\t<div class=\"e-con-inner\">\n\t\t<div class=\"elementor-element elementor-element-4690a92 e-con-full e-flex e-con e-child\" data-id=\"4690a92\" data-element_type=\"container\">\n\t\t\t\t<div class=\"elementor-element elementor-element-003994c elementor-widget elementor-widget-image\" data-id=\"003994c\" data-element_type=\"widget\" data-widget_type=\"image.default\">\n\t\t\t\t<div class=\"elementor-widget-container\">\n\t\t\t\t\t\t\t\t\t\t\t\t<figure class=\"wp-caption\">\n\t\t\t\t\t\t\t\t\t\t<img fetchpriority=\"high\" decoding=\"async\" width=\"1024\" height=\"717\" src=\"https:\/\/yaouank.bzh\/wp-content\/uploads\/2025\/09\/25-1024x717.png\" class=\"attachment-large size-large wp-image-9686\" alt=\"\" srcset=\"https:\/\/yaouank.bzh\/wp-content\/uploads\/2025\/09\/25-1024x717.png 1024w, https:\/\/yaouank.bzh\/wp-content\/uploads\/2025\/09\/25-300x210.png 300w, https:\/\/yaouank.bzh\/wp-content\/uploads\/2025\/09\/25-768x538.png 768w, https:\/\/yaouank.bzh\/wp-content\/uploads\/2025\/09\/25.png 1181w\" sizes=\"(max-width: 1024px) 100vw, 1024px\" \/>\t\t\t\t\t\t\t\t\t\t\t<figcaption class=\"widget-image-caption wp-caption-text\"><\/figcaption>\n\t\t\t\t\t\t\t\t\t\t<\/figure>\n\t\t\t\t\t\t\t\t\t<\/div>\n\t\t\t\t<\/div>\n\t\t\t\t<\/div>\n\t\t<div class=\"elementor-element elementor-element-9016af8 e-con-full e-flex e-con e-child\" data-id=\"9016af8\" data-element_type=\"container\">\n\t\t\t\t<div class=\"elementor-element elementor-element-5ca843d elementor-widget elementor-widget-heading\" data-id=\"5ca843d\" data-element_type=\"widget\" data-widget_type=\"heading.default\">\n\t\t\t\t<div class=\"elementor-widget-container\">\n\t\t\t\t\t<h1 class=\"elementor-heading-title elementor-size-default\">TREMPLIN COAT ALBRET<\/h1>\t\t\t\t<\/div>\n\t\t\t\t<\/div>\n\t\t\t\t<div class=\"elementor-element elementor-element-f2c2b66 elementor-widget elementor-widget-text-editor\" data-id=\"f2c2b66\" data-element_type=\"widget\" data-widget_type=\"text-editor.default\">\n\t\t\t\t<div class=\"elementor-widget-container\">\n\t\t\t\t\t\t\t\t\t<p>Parc du Thabor, Rennes<\/p><p>Samedi 4 octobre 2025 &#8211; 14h30<\/p><p>Gratuit<\/p>\t\t\t\t\t\t\t\t<\/div>\n\t\t\t\t<\/div>\n\t\t\t\t<div class=\"elementor-element elementor-element-9c43a43 elementor-widget elementor-widget-text-editor\" data-id=\"9c43a43\" data-element_type=\"widget\" data-widget_type=\"text-editor.default\">\n\t\t\t\t<div class=\"elementor-widget-container\">\n\t\t\t\t\t\t\t\t\t<p>Le tremplin des accord\u00e9onistes revient au Grand Soufflet. Que vous soyez accord\u00e9oniste diatonique, chromatique touches boutons, touches pianos concertina, la sc\u00e8ne est \u00e0 vous.<\/p><p>Il vous faudra pr\u00e9senter deux suites d\u2019air inspir\u00e9es des musiques traditionnelles, d\u2019une dur\u00e9e totale de 10 minutes (les 2 cumul\u00e9es). Le chant est autoris\u00e9.<\/p><p>\u00a0<\/p><p>Le\u00b7a laur\u00e9at\u00b7e aura le plaisir de jouer \u00e0 Yaouank et au Grand Soufflet 2026.<\/p><p>\u00a0<\/p><p>Concours avec sonorisation d&#8217;ambiance. Si vous avez des effets sur l&#8217;accord\u00e9on, merci de pr\u00e9ciser quels types et avec quel micro.<\/p><p>\u00a0<\/p><p>\u00c0 gagner :<\/p><p>Le gagnant repartira avec son poids en cidre ou en jus de pomme et une invitation \u00e0 jouer au festival Yaouank et au Grand Soufflet en 2026.<\/p><p>Tous les participant\u00b7e\u00b7s repartiront avec une bouteille de jus de pomme et cidre, ainsi que des disques d&#8217;artistes de la programmation.<\/p>\t\t\t\t\t\t\t\t<\/div>\n\t\t\t\t<\/div>\n\t\t\t\t<div class=\"elementor-element elementor-element-08839ba elementor-widget elementor-widget-heading\" data-id=\"08839ba\" data-element_type=\"widget\" data-widget_type=\"heading.default\">\n\t\t\t\t<div class=\"elementor-widget-container\">\n\t\t\t\t\t<h2 class=\"elementor-heading-title elementor-size-default\">Menous : Yaouank, Grand Soufflet, Coat Albret<\/h2>\t\t\t\t<\/div>\n\t\t\t\t<\/div>\n\t\t\t\t<\/div>\n\t\t\t\t\t<\/div>\n\t\t\t\t<\/div>\n\t\t\t\t<\/div>\n\t\t","protected":false},"excerpt":{"rendered":"<p>TREMPLIN COAT ALBRET Parc du Thabor, Rennes Samedi 4 octobre 2025 &#8211; 14h30 Gratuit Le tremplin des accord\u00e9onistes revient au Grand Soufflet. Que vous soyez accord\u00e9oniste diatonique, chromatique touches boutons, [&hellip;]<\/p>\n","protected":false},"author":1,"featured_media":0,"parent":8939,"menu_order":0,"comment_status":"closed","ping_status":"closed","template":"","meta":{"site-sidebar-layout":"no-sidebar","site-content-layout":"","ast-site-content-layout":"full-width-container","site-content-style":"default","site-sidebar-style":"default","ast-global-header-display":"","ast-banner-title-visibility":"","ast-main-header-display":"","ast-hfb-above-header-display":"","ast-hfb-below-header-display":"","ast-hfb-mobile-header-display":"","site-post-title":"disabled","ast-breadcrumbs-content":"","ast-featured-img":"disabled","footer-sml-layout":"","theme-transparent-header-meta":"default","adv-header-id-meta":"","stick-header-meta":"","header-above-stick-meta":"","header-main-stick-meta":"","header-below-stick-meta":"","astra-migrate-meta-layouts":"set","ast-page-background-enabled":"default","ast-page-background-meta":{"desktop":{"background-color":"var(--ast-global-color-5)","background-image":"","background-repeat":"repeat","background-position":"center center","background-size":"auto","background-attachment":"scroll","background-type":"","background-media":"","overlay-type":"","overlay-color":"","overlay-opacity":"","overlay-gradient":""},"tablet":{"background-color":"","background-image":"","background-repeat":"repeat","background-position":"center center","background-size":"auto","background-attachment":"scroll","background-type":"","background-media":"","overlay-type":"","overlay-color":"","overlay-opacity":"","overlay-gradient":""},"mobile":{"background-color":"","background-image":"","background-repeat":"repeat","background-position":"center center","background-size":"auto","background-attachment":"scroll","background-type":"","background-media":"","overlay-type":"","overlay-color":"","overlay-opacity":"","overlay-gradient":""}},"ast-content-background-meta":{"desktop":{"background-color":"var(--ast-global-color-4)","background-image":"","background-repeat":"repeat","background-position":"center center","background-size":"auto","background-attachment":"scroll","background-type":"","background-media":"","overlay-type":"","overlay-color":"","overlay-opacity":"","overlay-gradient":""},"tablet":{"background-color":"var(--ast-global-color-4)","background-image":"","background-repeat":"repeat","background-position":"center center","background-size":"auto","background-attachment":"scroll","background-type":"","background-media":"","overlay-type":"","overlay-color":"","overlay-opacity":"","overlay-gradient":""},"mobile":{"background-color":"var(--ast-global-color-4)","background-image":"","background-repeat":"repeat","background-position":"center center","background-size":"auto","background-attachment":"scroll","background-type":"","background-media":"","overlay-type":"","overlay-color":"","overlay-opacity":"","overlay-gradient":""}},"footnotes":""},"class_list":["post-9481","page","type-page","status-publish","hentry"],"yoast_head":"<!-- This site is optimized with the Yoast SEO plugin v25.3 - https:\/\/yoast.com\/wordpress\/plugins\/seo\/ -->\n<title>Tremplin Coat Albret - YAOUANK<\/title>\n<meta name=\"description\" content=\"TREMPLIN COAT ALBRET Parc du Thabor, RennesSamedi 4 octobre 2025 - 14h30GratuitLe tremplin des accord\u00e9onistes revient au Grand Soufflet. Que vous soyez accord\u00e9oniste diatonique, chromatique touches boutons, touches pianos concertina, la sc\u00e8ne est \u00e0 vous.Il vous faudra pr\u00e9senter deux suites d\u2019air inspir\u00e9es des musiques traditionnelles, d\u2019une dur\u00e9e totale de 10 minutes (les 2 cumul\u00e9es). Le&hellip;\" \/>\n<meta name=\"robots\" content=\"index, follow, max-snippet:-1, max-image-preview:large, max-video-preview:-1\" \/>\n<link rel=\"canonical\" href=\"http:\/\/TREMPLIN%20COAT%20ALBRET%20Parc%20du%20Thabor,%20RennesSamedi%204%20octobre%202025%20-%2014h30GratuitLe%20tremplin%20des%20accord\u00e9onistes%20revient%20au%20Grand%20Soufflet.%20Que%20vous%20soyez%20accord\u00e9oniste%20diatonique,%20chromatique%20touches%20boutons,%20touches%20pianos%20concertina,%20la%20sc\u00e8ne%20est%20\u00e0%20vous.Il%20vous%20faudra%20pr\u00e9senter%20deux%20suites%20d\u2019air%20inspir\u00e9es%20des%20musiques%20traditionnelles,%20d\u2019une%20dur\u00e9e%20totale%20de%2010%20minutes%20(les%202%20cumul\u00e9es).%20Le&hellip;\" \/>\n<meta property=\"og:locale\" content=\"en_US\" \/>\n<meta property=\"og:type\" content=\"article\" \/>\n<meta property=\"og:title\" content=\"Tremplin Coat Albret - YAOUANK\" \/>\n<meta property=\"og:description\" content=\"TREMPLIN COAT ALBRET Parc du Thabor, RennesSamedi 4 octobre 2025 - 14h30GratuitLe tremplin des accord\u00e9onistes revient au Grand Soufflet. Que vous soyez accord\u00e9oniste diatonique, chromatique touches boutons, touches pianos concertina, la sc\u00e8ne est \u00e0 vous.Il vous faudra pr\u00e9senter deux suites d\u2019air inspir\u00e9es des musiques traditionnelles, d\u2019une dur\u00e9e totale de 10 minutes (les 2 cumul\u00e9es). Le&hellip;\" \/>\n<meta property=\"og:url\" content=\"https:\/\/yaouank.bzh\/go\/programerie\/tremplin-coat-albret\/\" \/>\n<meta property=\"og:site_name\" content=\"YAOUANK\" \/>\n<meta property=\"article:publisher\" content=\"https:\/\/www.facebook.com\/YA0UANK\/?fref=ts\" \/>\n<meta property=\"article:modified_time\" content=\"2025-10-02T14:39:54+00:00\" \/>\n<meta property=\"og:image\" content=\"https:\/\/yaouank.bzh\/wp-content\/uploads\/2025\/09\/25.png\" \/>\n\t<meta property=\"og:image:width\" content=\"1181\" \/>\n\t<meta property=\"og:image:height\" content=\"827\" \/>\n\t<meta property=\"og:image:type\" content=\"image\/png\" \/>\n<meta name=\"twitter:card\" content=\"summary_large_image\" \/>\n<meta name=\"twitter:site\" content=\"@yaouank\" \/>\n<meta name=\"twitter:label1\" content=\"Est. reading time\" \/>\n\t<meta name=\"twitter:data1\" content=\"1 minute\" \/>\n<script type=\"application\/ld+json\" class=\"yoast-schema-graph\">{\"@context\":\"https:\/\/schema.org\",\"@graph\":[{\"@type\":\"WebPage\",\"@id\":\"https:\/\/yaouank.bzh\/go\/go\/programerie\/tremplin-coat-albret\/\",\"url\":\"https:\/\/yaouank.bzh\/go\/go\/programerie\/tremplin-coat-albret\/\",\"name\":\"Tremplin Coat Albret - YAOUANK\",\"isPartOf\":{\"@id\":\"https:\/\/yaouank.bzh\/#website\"},\"primaryImageOfPage\":{\"@id\":\"https:\/\/yaouank.bzh\/go\/programerie\/tremplin-coat-albret\/#primaryimage\"},\"image\":{\"@id\":\"https:\/\/yaouank.bzh\/go\/programerie\/tremplin-coat-albret\/#primaryimage\"},\"thumbnailUrl\":\"https:\/\/yaouank.bzh\/wp-content\/uploads\/2025\/09\/25-1024x717.png\",\"datePublished\":\"2025-07-02T07:00:40+00:00\",\"dateModified\":\"2025-10-02T14:39:54+00:00\",\"breadcrumb\":{\"@id\":\"https:\/\/yaouank.bzh\/go\/programerie\/tremplin-coat-albret\/#breadcrumb\"},\"inLanguage\":\"go-FR\",\"potentialAction\":[{\"@type\":\"ReadAction\",\"target\":[\"https:\/\/yaouank.bzh\/go\/programerie\/tremplin-coat-albret\/\"]}]},{\"@type\":\"ImageObject\",\"inLanguage\":\"go-FR\",\"@id\":\"https:\/\/yaouank.bzh\/go\/programerie\/tremplin-coat-albret\/#primaryimage\",\"url\":\"https:\/\/yaouank.bzh\/wp-content\/uploads\/2025\/09\/25-1024x717.png\",\"contentUrl\":\"https:\/\/yaouank.bzh\/wp-content\/uploads\/2025\/09\/25-1024x717.png\"},{\"@type\":\"BreadcrumbList\",\"@id\":\"https:\/\/yaouank.bzh\/go\/programerie\/tremplin-coat-albret\/#breadcrumb\",\"itemListElement\":[{\"@type\":\"ListItem\",\"position\":1,\"name\":\"Erceperie\",\"item\":\"https:\/\/yaouank.bzh\/\"},{\"@type\":\"ListItem\",\"position\":2,\"name\":\"Programerie\",\"item\":\"https:\/\/yaouank.bzh\/programmation\/\"},{\"@type\":\"ListItem\",\"position\":3,\"name\":\"Tremplin Coat Albret\"}]},{\"@type\":\"WebSite\",\"@id\":\"https:\/\/yaouank.bzh\/go\/#website\",\"url\":\"https:\/\/yaouank.bzh\/go\/\",\"name\":\"YAOUANK\",\"description\":\"2025\",\"publisher\":{\"@id\":\"https:\/\/yaouank.bzh\/go\/#organization\"},\"potentialAction\":[{\"@type\":\"SearchAction\",\"target\":{\"@type\":\"EntryPoint\",\"urlTemplate\":\"https:\/\/yaouank.bzh\/go\/?s={search_term_string}\"},\"query-input\":{\"@type\":\"PropertyValueSpecification\",\"valueRequired\":true,\"valueName\":\"search_term_string\"}}],\"inLanguage\":\"go-FR\"},{\"@type\":\"Organization\",\"@id\":\"https:\/\/yaouank.bzh\/go\/#organization\",\"name\":\"YAOUANK\",\"url\":\"https:\/\/yaouank.bzh\/go\/\",\"logo\":{\"@type\":\"ImageObject\",\"inLanguage\":\"go-FR\",\"@id\":\"https:\/\/yaouank.bzh\/go\/#\/schema\/logo\/image\/\",\"url\":\"https:\/\/yaouank.bzh\/wp-content\/uploads\/2024\/09\/Yaouank-TITRE-25.png\",\"contentUrl\":\"https:\/\/yaouank.bzh\/wp-content\/uploads\/2024\/09\/Yaouank-TITRE-25.png\",\"width\":2362,\"height\":1181,\"caption\":\"YAOUANK\"},\"image\":{\"@id\":\"https:\/\/yaouank.bzh\/go\/#\/schema\/logo\/image\/\"},\"sameAs\":[\"https:\/\/www.facebook.com\/YA0UANK\/?fref=ts\",\"https:\/\/x.com\/yaouank\",\"https:\/\/www.instagram.com\/yaouank_\/\"]}]}<\/script>\n<!-- \/ Yoast SEO plugin. -->","yoast_head_json":{"title":"Tremplin Coat Albret - YAOUANK","description":"TREMPLIN COAT ALBRET Parc du Thabor, RennesSamedi 4 octobre 2025 - 14h30GratuitLe tremplin des accord\u00e9onistes revient au Grand Soufflet. Que vous soyez accord\u00e9oniste diatonique, chromatique touches boutons, touches pianos concertina, la sc\u00e8ne est \u00e0 vous.Il vous faudra pr\u00e9senter deux suites d\u2019air inspir\u00e9es des musiques traditionnelles, d\u2019une dur\u00e9e totale de 10 minutes (les 2 cumul\u00e9es). Le&hellip;","robots":{"index":"index","follow":"follow","max-snippet":"max-snippet:-1","max-image-preview":"max-image-preview:large","max-video-preview":"max-video-preview:-1"},"canonical":"TREMPLIN COAT ALBRET Parc du Thabor, RennesSamedi 4 octobre 2025 - 14h30GratuitLe tremplin des accord\u00e9onistes revient au Grand Soufflet. Que vous soyez accord\u00e9oniste diatonique, chromatique touches boutons, touches pianos concertina, la sc\u00e8ne est \u00e0 vous.Il vous faudra pr\u00e9senter deux suites d\u2019air inspir\u00e9es des musiques traditionnelles, d\u2019une dur\u00e9e totale de 10 minutes (les 2 cumul\u00e9es). Le&hellip;","og_locale":"en_US","og_type":"article","og_title":"Tremplin Coat Albret - YAOUANK","og_description":"TREMPLIN COAT ALBRET Parc du Thabor, RennesSamedi 4 octobre 2025 - 14h30GratuitLe tremplin des accord\u00e9onistes revient au Grand Soufflet. Que vous soyez accord\u00e9oniste diatonique, chromatique touches boutons, touches pianos concertina, la sc\u00e8ne est \u00e0 vous.Il vous faudra pr\u00e9senter deux suites d\u2019air inspir\u00e9es des musiques traditionnelles, d\u2019une dur\u00e9e totale de 10 minutes (les 2 cumul\u00e9es). Le&hellip;","og_url":"https:\/\/yaouank.bzh\/go\/programerie\/tremplin-coat-albret\/","og_site_name":"YAOUANK","article_publisher":"https:\/\/www.facebook.com\/YA0UANK\/?fref=ts","article_modified_time":"2025-10-02T14:39:54+00:00","og_image":[{"width":1181,"height":827,"url":"https:\/\/yaouank.bzh\/wp-content\/uploads\/2025\/09\/25.png","type":"image\/png"}],"twitter_card":"summary_large_image","twitter_site":"@yaouank","twitter_misc":{"Est. reading time":"1 minute"},"schema":{"@context":"https:\/\/schema.org","@graph":[{"@type":"WebPage","@id":"https:\/\/yaouank.bzh\/go\/go\/programerie\/tremplin-coat-albret\/","url":"https:\/\/yaouank.bzh\/go\/go\/programerie\/tremplin-coat-albret\/","name":"Tremplin Coat Albret - YAOUANK","isPartOf":{"@id":"https:\/\/yaouank.bzh\/#website"},"primaryImageOfPage":{"@id":"https:\/\/yaouank.bzh\/go\/programerie\/tremplin-coat-albret\/#primaryimage"},"image":{"@id":"https:\/\/yaouank.bzh\/go\/programerie\/tremplin-coat-albret\/#primaryimage"},"thumbnailUrl":"https:\/\/yaouank.bzh\/wp-content\/uploads\/2025\/09\/25-1024x717.png","datePublished":"2025-07-02T07:00:40+00:00","dateModified":"2025-10-02T14:39:54+00:00","breadcrumb":{"@id":"https:\/\/yaouank.bzh\/go\/programerie\/tremplin-coat-albret\/#breadcrumb"},"inLanguage":"go-FR","potentialAction":[{"@type":"ReadAction","target":["https:\/\/yaouank.bzh\/go\/programerie\/tremplin-coat-albret\/"]}]},{"@type":"ImageObject","inLanguage":"go-FR","@id":"https:\/\/yaouank.bzh\/go\/programerie\/tremplin-coat-albret\/#primaryimage","url":"https:\/\/yaouank.bzh\/wp-content\/uploads\/2025\/09\/25-1024x717.png","contentUrl":"https:\/\/yaouank.bzh\/wp-content\/uploads\/2025\/09\/25-1024x717.png"},{"@type":"BreadcrumbList","@id":"https:\/\/yaouank.bzh\/go\/programerie\/tremplin-coat-albret\/#breadcrumb","itemListElement":[{"@type":"ListItem","position":1,"name":"Erceperie","item":"https:\/\/yaouank.bzh\/"},{"@type":"ListItem","position":2,"name":"Programerie","item":"https:\/\/yaouank.bzh\/programmation\/"},{"@type":"ListItem","position":3,"name":"Tremplin Coat Albret"}]},{"@type":"WebSite","@id":"https:\/\/yaouank.bzh\/go\/#website","url":"https:\/\/yaouank.bzh\/go\/","name":"YAOUANK","description":"2025","publisher":{"@id":"https:\/\/yaouank.bzh\/go\/#organization"},"potentialAction":[{"@type":"SearchAction","target":{"@type":"EntryPoint","urlTemplate":"https:\/\/yaouank.bzh\/go\/?s={search_term_string}"},"query-input":{"@type":"PropertyValueSpecification","valueRequired":true,"valueName":"search_term_string"}}],"inLanguage":"go-FR"},{"@type":"Organization","@id":"https:\/\/yaouank.bzh\/go\/#organization","name":"YAOUANK","url":"https:\/\/yaouank.bzh\/go\/","logo":{"@type":"ImageObject","inLanguage":"go-FR","@id":"https:\/\/yaouank.bzh\/go\/#\/schema\/logo\/image\/","url":"https:\/\/yaouank.bzh\/wp-content\/uploads\/2024\/09\/Yaouank-TITRE-25.png","contentUrl":"https:\/\/yaouank.bzh\/wp-content\/uploads\/2024\/09\/Yaouank-TITRE-25.png","width":2362,"height":1181,"caption":"YAOUANK"},"image":{"@id":"https:\/\/yaouank.bzh\/go\/#\/schema\/logo\/image\/"},"sameAs":["https:\/\/www.facebook.com\/YA0UANK\/?fref=ts","https:\/\/x.com\/yaouank","https:\/\/www.instagram.com\/yaouank_\/"]}]}},"_links":{"self":[{"href":"https:\/\/yaouank.bzh\/go\/wp-json\/wp\/v2\/pages\/9481","targetHints":{"allow":["GET"]}}],"collection":[{"href":"https:\/\/yaouank.bzh\/go\/wp-json\/wp\/v2\/pages"}],"about":[{"href":"https:\/\/yaouank.bzh\/go\/wp-json\/wp\/v2\/types\/page"}],"author":[{"embeddable":true,"href":"https:\/\/yaouank.bzh\/go\/wp-json\/wp\/v2\/users\/1"}],"replies":[{"embeddable":true,"href":"https:\/\/yaouank.bzh\/go\/wp-json\/wp\/v2\/comments?post=9481"}],"version-history":[{"count":17,"href":"https:\/\/yaouank.bzh\/go\/wp-json\/wp\/v2\/pages\/9481\/revisions"}],"predecessor-version":[{"id":9745,"href":"https:\/\/yaouank.bzh\/go\/wp-json\/wp\/v2\/pages\/9481\/revisions\/9745"}],"up":[{"embeddable":true,"href":"https:\/\/yaouank.bzh\/go\/wp-json\/wp\/v2\/pages\/8939"}],"wp:attachment":[{"href":"https:\/\/yaouank.bzh\/go\/wp-json\/wp\/v2\/media?parent=9481"}],"curies":[{"name":"wp","href":"https:\/\/api.w.org\/{rel}","templated":true}]}}