{"id":9528,"date":"2025-07-02T08:00:40","date_gmt":"2025-07-02T07:00:40","guid":{"rendered":"https:\/\/yaouank.bzh\/?page_id=9528"},"modified":"2025-10-02T15:42:51","modified_gmt":"2025-10-02T14:42:51","slug":"soiree-bretonne-10-oct","status":"publish","type":"page","link":"https:\/\/yaouank.bzh\/go\/programerie\/soiree-bretonne-10-oct\/","title":{"rendered":"Soir\u00e9e bretonne 10 octobre"},"content":{"rendered":"\t\t<div data-elementor-type=\"wp-page\" data-elementor-id=\"9528\" class=\"elementor elementor-9528\">\n\t\t\t\t<div class=\"elementor-element elementor-element-c02eeac e-flex e-con-boxed e-con e-parent\" data-id=\"c02eeac\" data-element_type=\"container\">\n\t\t\t\t\t<div class=\"e-con-inner\">\n\t\t<div class=\"elementor-element elementor-element-4690a92 e-con-full e-flex e-con e-child\" data-id=\"4690a92\" data-element_type=\"container\">\n\t\t\t\t<div class=\"elementor-element elementor-element-003994c elementor-widget elementor-widget-image\" data-id=\"003994c\" data-element_type=\"widget\" data-widget_type=\"image.default\">\n\t\t\t\t<div class=\"elementor-widget-container\">\n\t\t\t\t\t\t\t\t\t\t\t\t<figure class=\"wp-caption\">\n\t\t\t\t\t\t\t\t\t\t<img fetchpriority=\"high\" decoding=\"async\" width=\"1024\" height=\"717\" src=\"https:\/\/yaouank.bzh\/wp-content\/uploads\/2025\/09\/31-1024x717.png\" class=\"attachment-large size-large wp-image-9692\" alt=\"\" srcset=\"https:\/\/yaouank.bzh\/wp-content\/uploads\/2025\/09\/31-1024x717.png 1024w, https:\/\/yaouank.bzh\/wp-content\/uploads\/2025\/09\/31-300x210.png 300w, https:\/\/yaouank.bzh\/wp-content\/uploads\/2025\/09\/31-768x538.png 768w, https:\/\/yaouank.bzh\/wp-content\/uploads\/2025\/09\/31.png 1181w\" sizes=\"(max-width: 1024px) 100vw, 1024px\" \/>\t\t\t\t\t\t\t\t\t\t\t<figcaption class=\"widget-image-caption wp-caption-text\"><\/figcaption>\n\t\t\t\t\t\t\t\t\t\t<\/figure>\n\t\t\t\t\t\t\t\t\t<\/div>\n\t\t\t\t<\/div>\n\t\t\t\t<\/div>\n\t\t<div class=\"elementor-element elementor-element-9016af8 e-con-full e-flex e-con e-child\" data-id=\"9016af8\" data-element_type=\"container\">\n\t\t\t\t<div class=\"elementor-element elementor-element-5ca843d elementor-widget elementor-widget-heading\" data-id=\"5ca843d\" data-element_type=\"widget\" data-widget_type=\"heading.default\">\n\t\t\t\t<div class=\"elementor-widget-container\">\n\t\t\t\t\t<h1 class=\"elementor-heading-title elementor-size-default\">SOIR\u00c9E BRETONNE<\/h1>\t\t\t\t<\/div>\n\t\t\t\t<\/div>\n\t\t\t\t<div class=\"elementor-element elementor-element-f2c2b66 elementor-widget elementor-widget-text-editor\" data-id=\"f2c2b66\" data-element_type=\"widget\" data-widget_type=\"text-editor.default\">\n\t\t\t\t<div class=\"elementor-widget-container\">\n\t\t\t\t\t\t\t\t\t<p>\u00c9cole Saint-Jean Bosco, Rennes<\/p><p>Vendredi 10 octobre 2025<\/p>\t\t\t\t\t\t\t\t<\/div>\n\t\t\t\t<\/div>\n\t\t\t\t<div class=\"elementor-element elementor-element-9c43a43 elementor-widget elementor-widget-text-editor\" data-id=\"9c43a43\" data-element_type=\"widget\" data-widget_type=\"text-editor.default\">\n\t\t\t\t<div class=\"elementor-widget-container\">\n\t\t\t\t\t\t\t\t\t<p>Le Cercle Celtique de Rennes animera la rencontre avec des danses traditionnelles accessibles \u00e0 tous, des jeux bretons pour petits et grands, ainsi que des chants qui feront r\u00e9sonner l\u2019esprit festif de la Bretagne. Un moment convivial et interg\u00e9n\u00e9rationnel pour d\u00e9couvrir, s\u2019initier ou simplement partager le plaisir de la musique et des traditions bretonnes.<\/p>\t\t\t\t\t\t\t\t<\/div>\n\t\t\t\t<\/div>\n\t\t\t\t<div class=\"elementor-element elementor-element-08839ba elementor-widget elementor-widget-heading\" data-id=\"08839ba\" data-element_type=\"widget\" data-widget_type=\"heading.default\">\n\t\t\t\t<div class=\"elementor-widget-container\">\n\t\t\t\t\t<h2 class=\"elementor-heading-title elementor-size-default\">Menous : Divaskell Breizh, l\u2019APEL, l\u2019\u00e9cole Saint-Jean Bosco, les \u00e9l\u00e8ves de la fili\u00e8re bilingue<\/h2>\t\t\t\t<\/div>\n\t\t\t\t<\/div>\n\t\t\t\t<\/div>\n\t\t\t\t\t<\/div>\n\t\t\t\t<\/div>\n\t\t\t\t<\/div>\n\t\t","protected":false},"excerpt":{"rendered":"<p>SOIR\u00c9E BRETONNE \u00c9cole Saint-Jean Bosco, Rennes Vendredi 10 octobre 2025 Le Cercle Celtique de Rennes animera la rencontre avec des danses traditionnelles accessibles \u00e0 tous, des jeux bretons pour petits [&hellip;]<\/p>\n","protected":false},"author":1,"featured_media":0,"parent":8939,"menu_order":0,"comment_status":"closed","ping_status":"closed","template":"","meta":{"site-sidebar-layout":"no-sidebar","site-content-layout":"","ast-site-content-layout":"full-width-container","site-content-style":"default","site-sidebar-style":"default","ast-global-header-display":"","ast-banner-title-visibility":"","ast-main-header-display":"","ast-hfb-above-header-display":"","ast-hfb-below-header-display":"","ast-hfb-mobile-header-display":"","site-post-title":"disabled","ast-breadcrumbs-content":"","ast-featured-img":"disabled","footer-sml-layout":"","theme-transparent-header-meta":"default","adv-header-id-meta":"","stick-header-meta":"","header-above-stick-meta":"","header-main-stick-meta":"","header-below-stick-meta":"","astra-migrate-meta-layouts":"set","ast-page-background-enabled":"default","ast-page-background-meta":{"desktop":{"background-color":"var(--ast-global-color-5)","background-image":"","background-repeat":"repeat","background-position":"center center","background-size":"auto","background-attachment":"scroll","background-type":"","background-media":"","overlay-type":"","overlay-color":"","overlay-opacity":"","overlay-gradient":""},"tablet":{"background-color":"","background-image":"","background-repeat":"repeat","background-position":"center center","background-size":"auto","background-attachment":"scroll","background-type":"","background-media":"","overlay-type":"","overlay-color":"","overlay-opacity":"","overlay-gradient":""},"mobile":{"background-color":"","background-image":"","background-repeat":"repeat","background-position":"center center","background-size":"auto","background-attachment":"scroll","background-type":"","background-media":"","overlay-type":"","overlay-color":"","overlay-opacity":"","overlay-gradient":""}},"ast-content-background-meta":{"desktop":{"background-color":"var(--ast-global-color-4)","background-image":"","background-repeat":"repeat","background-position":"center center","background-size":"auto","background-attachment":"scroll","background-type":"","background-media":"","overlay-type":"","overlay-color":"","overlay-opacity":"","overlay-gradient":""},"tablet":{"background-color":"var(--ast-global-color-4)","background-image":"","background-repeat":"repeat","background-position":"center center","background-size":"auto","background-attachment":"scroll","background-type":"","background-media":"","overlay-type":"","overlay-color":"","overlay-opacity":"","overlay-gradient":""},"mobile":{"background-color":"var(--ast-global-color-4)","background-image":"","background-repeat":"repeat","background-position":"center center","background-size":"auto","background-attachment":"scroll","background-type":"","background-media":"","overlay-type":"","overlay-color":"","overlay-opacity":"","overlay-gradient":""}},"footnotes":""},"class_list":["post-9528","page","type-page","status-publish","hentry"],"yoast_head":"<!-- This site is optimized with the Yoast SEO plugin v25.3 - https:\/\/yoast.com\/wordpress\/plugins\/seo\/ -->\n<title>Soir\u00e9e bretonne 10 octobre - YAOUANK<\/title>\n<meta name=\"description\" content=\"SOIR\u00c9E BRETONNE \u00c9cole Saint-Jean Bosco, RennesVendredi 10 octobre 2025Le Cercle Celtique de Rennes animera la rencontre avec des danses traditionnelles accessibles \u00e0 tous, des jeux bretons pour petits et grands, ainsi que des chants qui feront r\u00e9sonner l\u2019esprit festif de la Bretagne. Un moment convivial et interg\u00e9n\u00e9rationnel pour d\u00e9couvrir, s\u2019initier ou simplement partager le plaisir&hellip;\" \/>\n<meta name=\"robots\" content=\"index, follow, max-snippet:-1, max-image-preview:large, max-video-preview:-1\" \/>\n<link rel=\"canonical\" href=\"http:\/\/SOIR\u00c9E%20BRETONNE%20\u00c9cole%20Saint-Jean%20Bosco,%20RennesVendredi%2010%20octobre%202025Le%20Cercle%20Celtique%20de%20Rennes%20animera%20la%20rencontre%20avec%20des%20danses%20traditionnelles%20accessibles%20\u00e0%20tous,%20des%20jeux%20bretons%20pour%20petits%20et%20grands,%20ainsi%20que%20des%20chants%20qui%20feront%20r\u00e9sonner%20l\u2019esprit%20festif%20de%20la%20Bretagne.%20Un%20moment%20convivial%20et%20interg\u00e9n\u00e9rationnel%20pour%20d\u00e9couvrir,%20s\u2019initier%20ou%20simplement%20partager%20le%20plaisir&hellip;\" \/>\n<meta property=\"og:locale\" content=\"en_US\" \/>\n<meta property=\"og:type\" content=\"article\" \/>\n<meta property=\"og:title\" content=\"Soir\u00e9e bretonne 10 octobre - YAOUANK\" \/>\n<meta property=\"og:description\" content=\"SOIR\u00c9E BRETONNE \u00c9cole Saint-Jean Bosco, RennesVendredi 10 octobre 2025Le Cercle Celtique de Rennes animera la rencontre avec des danses traditionnelles accessibles \u00e0 tous, des jeux bretons pour petits et grands, ainsi que des chants qui feront r\u00e9sonner l\u2019esprit festif de la Bretagne. Un moment convivial et interg\u00e9n\u00e9rationnel pour d\u00e9couvrir, s\u2019initier ou simplement partager le plaisir&hellip;\" \/>\n<meta property=\"og:url\" content=\"https:\/\/yaouank.bzh\/go\/programerie\/soiree-bretonne-10-oct\/\" \/>\n<meta property=\"og:site_name\" content=\"YAOUANK\" \/>\n<meta property=\"article:publisher\" content=\"https:\/\/www.facebook.com\/YA0UANK\/?fref=ts\" \/>\n<meta property=\"article:modified_time\" content=\"2025-10-02T14:42:51+00:00\" \/>\n<meta property=\"og:image\" content=\"https:\/\/yaouank.bzh\/wp-content\/uploads\/2025\/09\/31.png\" \/>\n\t<meta property=\"og:image:width\" content=\"1181\" \/>\n\t<meta property=\"og:image:height\" content=\"827\" \/>\n\t<meta property=\"og:image:type\" content=\"image\/png\" \/>\n<meta name=\"twitter:card\" content=\"summary_large_image\" \/>\n<meta name=\"twitter:site\" content=\"@yaouank\" \/>\n<meta name=\"twitter:label1\" content=\"Est. reading time\" \/>\n\t<meta name=\"twitter:data1\" content=\"1 minute\" \/>\n<script type=\"application\/ld+json\" class=\"yoast-schema-graph\">{\"@context\":\"https:\/\/schema.org\",\"@graph\":[{\"@type\":\"WebPage\",\"@id\":\"https:\/\/yaouank.bzh\/go\/go\/programerie\/soiree-bretonne-10-oct\/\",\"url\":\"https:\/\/yaouank.bzh\/go\/go\/programerie\/soiree-bretonne-10-oct\/\",\"name\":\"Soir\u00e9e bretonne 10 octobre - YAOUANK\",\"isPartOf\":{\"@id\":\"https:\/\/yaouank.bzh\/#website\"},\"primaryImageOfPage\":{\"@id\":\"https:\/\/yaouank.bzh\/go\/programerie\/soiree-bretonne-10-oct\/#primaryimage\"},\"image\":{\"@id\":\"https:\/\/yaouank.bzh\/go\/programerie\/soiree-bretonne-10-oct\/#primaryimage\"},\"thumbnailUrl\":\"https:\/\/yaouank.bzh\/wp-content\/uploads\/2025\/09\/31-1024x717.png\",\"datePublished\":\"2025-07-02T07:00:40+00:00\",\"dateModified\":\"2025-10-02T14:42:51+00:00\",\"breadcrumb\":{\"@id\":\"https:\/\/yaouank.bzh\/go\/programerie\/soiree-bretonne-10-oct\/#breadcrumb\"},\"inLanguage\":\"go-FR\",\"potentialAction\":[{\"@type\":\"ReadAction\",\"target\":[\"https:\/\/yaouank.bzh\/go\/programerie\/soiree-bretonne-10-oct\/\"]}]},{\"@type\":\"ImageObject\",\"inLanguage\":\"go-FR\",\"@id\":\"https:\/\/yaouank.bzh\/go\/programerie\/soiree-bretonne-10-oct\/#primaryimage\",\"url\":\"https:\/\/yaouank.bzh\/wp-content\/uploads\/2025\/09\/31-1024x717.png\",\"contentUrl\":\"https:\/\/yaouank.bzh\/wp-content\/uploads\/2025\/09\/31-1024x717.png\"},{\"@type\":\"BreadcrumbList\",\"@id\":\"https:\/\/yaouank.bzh\/go\/programerie\/soiree-bretonne-10-oct\/#breadcrumb\",\"itemListElement\":[{\"@type\":\"ListItem\",\"position\":1,\"name\":\"Erceperie\",\"item\":\"https:\/\/yaouank.bzh\/\"},{\"@type\":\"ListItem\",\"position\":2,\"name\":\"Programerie\",\"item\":\"https:\/\/yaouank.bzh\/programmation\/\"},{\"@type\":\"ListItem\",\"position\":3,\"name\":\"Soir\u00e9e bretonne 10 octobre\"}]},{\"@type\":\"WebSite\",\"@id\":\"https:\/\/yaouank.bzh\/go\/#website\",\"url\":\"https:\/\/yaouank.bzh\/go\/\",\"name\":\"YAOUANK\",\"description\":\"2025\",\"publisher\":{\"@id\":\"https:\/\/yaouank.bzh\/go\/#organization\"},\"potentialAction\":[{\"@type\":\"SearchAction\",\"target\":{\"@type\":\"EntryPoint\",\"urlTemplate\":\"https:\/\/yaouank.bzh\/go\/?s={search_term_string}\"},\"query-input\":{\"@type\":\"PropertyValueSpecification\",\"valueRequired\":true,\"valueName\":\"search_term_string\"}}],\"inLanguage\":\"go-FR\"},{\"@type\":\"Organization\",\"@id\":\"https:\/\/yaouank.bzh\/go\/#organization\",\"name\":\"YAOUANK\",\"url\":\"https:\/\/yaouank.bzh\/go\/\",\"logo\":{\"@type\":\"ImageObject\",\"inLanguage\":\"go-FR\",\"@id\":\"https:\/\/yaouank.bzh\/go\/#\/schema\/logo\/image\/\",\"url\":\"https:\/\/yaouank.bzh\/wp-content\/uploads\/2024\/09\/Yaouank-TITRE-25.png\",\"contentUrl\":\"https:\/\/yaouank.bzh\/wp-content\/uploads\/2024\/09\/Yaouank-TITRE-25.png\",\"width\":2362,\"height\":1181,\"caption\":\"YAOUANK\"},\"image\":{\"@id\":\"https:\/\/yaouank.bzh\/go\/#\/schema\/logo\/image\/\"},\"sameAs\":[\"https:\/\/www.facebook.com\/YA0UANK\/?fref=ts\",\"https:\/\/x.com\/yaouank\",\"https:\/\/www.instagram.com\/yaouank_\/\"]}]}<\/script>\n<!-- \/ Yoast SEO plugin. -->","yoast_head_json":{"title":"Soir\u00e9e bretonne 10 octobre - YAOUANK","description":"SOIR\u00c9E BRETONNE \u00c9cole Saint-Jean Bosco, RennesVendredi 10 octobre 2025Le Cercle Celtique de Rennes animera la rencontre avec des danses traditionnelles accessibles \u00e0 tous, des jeux bretons pour petits et grands, ainsi que des chants qui feront r\u00e9sonner l\u2019esprit festif de la Bretagne. Un moment convivial et interg\u00e9n\u00e9rationnel pour d\u00e9couvrir, s\u2019initier ou simplement partager le plaisir&hellip;","robots":{"index":"index","follow":"follow","max-snippet":"max-snippet:-1","max-image-preview":"max-image-preview:large","max-video-preview":"max-video-preview:-1"},"canonical":"SOIR\u00c9E BRETONNE \u00c9cole Saint-Jean Bosco, RennesVendredi 10 octobre 2025Le Cercle Celtique de Rennes animera la rencontre avec des danses traditionnelles accessibles \u00e0 tous, des jeux bretons pour petits et grands, ainsi que des chants qui feront r\u00e9sonner l\u2019esprit festif de la Bretagne. Un moment convivial et interg\u00e9n\u00e9rationnel pour d\u00e9couvrir, s\u2019initier ou simplement partager le plaisir&hellip;","og_locale":"en_US","og_type":"article","og_title":"Soir\u00e9e bretonne 10 octobre - YAOUANK","og_description":"SOIR\u00c9E BRETONNE \u00c9cole Saint-Jean Bosco, RennesVendredi 10 octobre 2025Le Cercle Celtique de Rennes animera la rencontre avec des danses traditionnelles accessibles \u00e0 tous, des jeux bretons pour petits et grands, ainsi que des chants qui feront r\u00e9sonner l\u2019esprit festif de la Bretagne. Un moment convivial et interg\u00e9n\u00e9rationnel pour d\u00e9couvrir, s\u2019initier ou simplement partager le plaisir&hellip;","og_url":"https:\/\/yaouank.bzh\/go\/programerie\/soiree-bretonne-10-oct\/","og_site_name":"YAOUANK","article_publisher":"https:\/\/www.facebook.com\/YA0UANK\/?fref=ts","article_modified_time":"2025-10-02T14:42:51+00:00","og_image":[{"width":1181,"height":827,"url":"https:\/\/yaouank.bzh\/wp-content\/uploads\/2025\/09\/31.png","type":"image\/png"}],"twitter_card":"summary_large_image","twitter_site":"@yaouank","twitter_misc":{"Est. reading time":"1 minute"},"schema":{"@context":"https:\/\/schema.org","@graph":[{"@type":"WebPage","@id":"https:\/\/yaouank.bzh\/go\/go\/programerie\/soiree-bretonne-10-oct\/","url":"https:\/\/yaouank.bzh\/go\/go\/programerie\/soiree-bretonne-10-oct\/","name":"Soir\u00e9e bretonne 10 octobre - YAOUANK","isPartOf":{"@id":"https:\/\/yaouank.bzh\/#website"},"primaryImageOfPage":{"@id":"https:\/\/yaouank.bzh\/go\/programerie\/soiree-bretonne-10-oct\/#primaryimage"},"image":{"@id":"https:\/\/yaouank.bzh\/go\/programerie\/soiree-bretonne-10-oct\/#primaryimage"},"thumbnailUrl":"https:\/\/yaouank.bzh\/wp-content\/uploads\/2025\/09\/31-1024x717.png","datePublished":"2025-07-02T07:00:40+00:00","dateModified":"2025-10-02T14:42:51+00:00","breadcrumb":{"@id":"https:\/\/yaouank.bzh\/go\/programerie\/soiree-bretonne-10-oct\/#breadcrumb"},"inLanguage":"go-FR","potentialAction":[{"@type":"ReadAction","target":["https:\/\/yaouank.bzh\/go\/programerie\/soiree-bretonne-10-oct\/"]}]},{"@type":"ImageObject","inLanguage":"go-FR","@id":"https:\/\/yaouank.bzh\/go\/programerie\/soiree-bretonne-10-oct\/#primaryimage","url":"https:\/\/yaouank.bzh\/wp-content\/uploads\/2025\/09\/31-1024x717.png","contentUrl":"https:\/\/yaouank.bzh\/wp-content\/uploads\/2025\/09\/31-1024x717.png"},{"@type":"BreadcrumbList","@id":"https:\/\/yaouank.bzh\/go\/programerie\/soiree-bretonne-10-oct\/#breadcrumb","itemListElement":[{"@type":"ListItem","position":1,"name":"Erceperie","item":"https:\/\/yaouank.bzh\/"},{"@type":"ListItem","position":2,"name":"Programerie","item":"https:\/\/yaouank.bzh\/programmation\/"},{"@type":"ListItem","position":3,"name":"Soir\u00e9e bretonne 10 octobre"}]},{"@type":"WebSite","@id":"https:\/\/yaouank.bzh\/go\/#website","url":"https:\/\/yaouank.bzh\/go\/","name":"YAOUANK","description":"2025","publisher":{"@id":"https:\/\/yaouank.bzh\/go\/#organization"},"potentialAction":[{"@type":"SearchAction","target":{"@type":"EntryPoint","urlTemplate":"https:\/\/yaouank.bzh\/go\/?s={search_term_string}"},"query-input":{"@type":"PropertyValueSpecification","valueRequired":true,"valueName":"search_term_string"}}],"inLanguage":"go-FR"},{"@type":"Organization","@id":"https:\/\/yaouank.bzh\/go\/#organization","name":"YAOUANK","url":"https:\/\/yaouank.bzh\/go\/","logo":{"@type":"ImageObject","inLanguage":"go-FR","@id":"https:\/\/yaouank.bzh\/go\/#\/schema\/logo\/image\/","url":"https:\/\/yaouank.bzh\/wp-content\/uploads\/2024\/09\/Yaouank-TITRE-25.png","contentUrl":"https:\/\/yaouank.bzh\/wp-content\/uploads\/2024\/09\/Yaouank-TITRE-25.png","width":2362,"height":1181,"caption":"YAOUANK"},"image":{"@id":"https:\/\/yaouank.bzh\/go\/#\/schema\/logo\/image\/"},"sameAs":["https:\/\/www.facebook.com\/YA0UANK\/?fref=ts","https:\/\/x.com\/yaouank","https:\/\/www.instagram.com\/yaouank_\/"]}]}},"_links":{"self":[{"href":"https:\/\/yaouank.bzh\/go\/wp-json\/wp\/v2\/pages\/9528","targetHints":{"allow":["GET"]}}],"collection":[{"href":"https:\/\/yaouank.bzh\/go\/wp-json\/wp\/v2\/pages"}],"about":[{"href":"https:\/\/yaouank.bzh\/go\/wp-json\/wp\/v2\/types\/page"}],"author":[{"embeddable":true,"href":"https:\/\/yaouank.bzh\/go\/wp-json\/wp\/v2\/users\/1"}],"replies":[{"embeddable":true,"href":"https:\/\/yaouank.bzh\/go\/wp-json\/wp\/v2\/comments?post=9528"}],"version-history":[{"count":7,"href":"https:\/\/yaouank.bzh\/go\/wp-json\/wp\/v2\/pages\/9528\/revisions"}],"predecessor-version":[{"id":9760,"href":"https:\/\/yaouank.bzh\/go\/wp-json\/wp\/v2\/pages\/9528\/revisions\/9760"}],"up":[{"embeddable":true,"href":"https:\/\/yaouank.bzh\/go\/wp-json\/wp\/v2\/pages\/8939"}],"wp:attachment":[{"href":"https:\/\/yaouank.bzh\/go\/wp-json\/wp\/v2\/media?parent=9528"}],"curies":[{"name":"wp","href":"https:\/\/api.w.org\/{rel}","templated":true}]}}